{"id":8730,"date":"2022-06-13T09:43:39","date_gmt":"2022-06-13T09:43:39","guid":{"rendered":"https:\/\/www.casaarena.eu\/producte\/frigo-classique\/"},"modified":"2022-06-21T11:39:41","modified_gmt":"2022-06-21T11:39:41","slug":"frigo-classique","status":"publish","type":"product","link":"https:\/\/casaarena.eu\/fr\/producte\/frigo-classique\/","title":{"rendered":"Frigo classique"},"content":{"rendered":"<p><!-- VideographyWP Plugin Message: Automatic video embedding prevented by plugin options. --><br \/>\nLe frigo classique comprend les produits suivants:<\/p>\n<ul>\n<li>Lait demi-\u00e9cr\u00e9m\u00e9 1L<\/li>\n<li>Caf\u00e9\/th\u00e9<\/li>\n<li>Du sucre<\/li>\n<li>Huile d\u2019olive extra vierge 250 ml<\/li>\n<li>Pain de campagne<\/li>\n<li>Tomates<\/li>\n<li>\u0152ufs (6 unit\u00e9s)<\/li>\n<li>4 yaourts nature sucr\u00e9s<\/li>\n<li>Fruits de saison (5 unit\u00e9s)<\/li>\n<li>2,5L eau min\u00e9rale Font Vella<\/li>\n<\/ul>\n","protected":false},"excerpt":{"rendered":"<p>Le frigo classique comprend les produits suivants:<br \/>\nLait demi-\u00e9cr\u00e9m\u00e9 1L, Caf\u00e9\/th\u00e9, Du sucre, Huile d\u2019olive extra vierge 250 ml, Pain de campagne, Tomates, \u0152ufs (6 unit\u00e9s), 4 yaourts nature sucr\u00e9s, Fruits de saison (5 unit\u00e9s), 2,5L eau min\u00e9rale Font Vella.<\/p>\n","protected":false},"featured_media":4962,"template":"","meta":{"_acf_changed":false,"inline_featured_image":false},"product_brand":[],"product_cat":[333,335],"product_tag":[],"class_list":{"0":"post-8730","1":"product","2":"type-product","3":"status-publish","4":"has-post-thumbnail","6":"product_cat-apartment-services","7":"product_cat-service-frigo-rempli","9":"first","10":"instock","11":"virtual","12":"taxable","13":"purchasable","14":"product-type-simple"},"acf":[],"yoast_head":"<!-- This site is optimized with the Yoast SEO plugin v27.5 - https:\/\/yoast.com\/product\/yoast-seo-wordpress\/ -->\n<title>Frigo classique - Casa arena<\/title>\n<meta name=\"robots\" content=\"index, follow, max-snippet:-1, max-image-preview:large, max-video-preview:-1\" \/>\n<link rel=\"canonical\" href=\"https:\/\/casaarena.eu\/producte\/primera-compra-nevera-basica\/\" \/>\n<meta property=\"og:locale\" content=\"fr_FR\" \/>\n<meta property=\"og:type\" content=\"article\" \/>\n<meta property=\"og:title\" content=\"Frigo classique - Casa arena\" \/>\n<meta property=\"og:description\" content=\"Le frigo classique comprend les produits suivants: Lait demi-\u00e9cr\u00e9m\u00e9 1L, Caf\u00e9\/th\u00e9, Du sucre, Huile d\u2019olive extra vierge 250 ml, Pain de campagne, Tomates, \u0152ufs (6 unit\u00e9s), 4 yaourts nature sucr\u00e9s, Fruits de saison (5 unit\u00e9s), 2,5L eau min\u00e9rale Font Vella.\" \/>\n<meta property=\"og:url\" content=\"https:\/\/casaarena.eu\/producte\/primera-compra-nevera-basica\/\" \/>\n<meta property=\"og:site_name\" content=\"Casa arena\" \/>\n<meta property=\"article:modified_time\" content=\"2022-06-21T11:39:41+00:00\" \/>\n<meta property=\"og:image\" content=\"https:\/\/casaarena.eu\/wp-content\/uploads\/2021\/07\/AdobeStock_51661852-scaled.jpeg\" \/>\n\t<meta property=\"og:image:width\" content=\"2560\" \/>\n\t<meta property=\"og:image:height\" content=\"1580\" \/>\n\t<meta property=\"og:image:type\" content=\"image\/jpeg\" \/>\n<meta name=\"twitter:card\" content=\"summary_large_image\" \/>\n<script type=\"application\/ld+json\" class=\"yoast-schema-graph\">{\"@context\":\"https:\\\/\\\/schema.org\",\"@graph\":[{\"@type\":\"WebPage\",\"@id\":\"https:\\\/\\\/casaarena.eu\\\/producte\\\/primera-compra-nevera-basica\\\/\",\"url\":\"https:\\\/\\\/casaarena.eu\\\/producte\\\/primera-compra-nevera-basica\\\/\",\"name\":\"Frigo classique - Casa arena\",\"isPartOf\":{\"@id\":\"https:\\\/\\\/casaarena.eu\\\/es\\\/#website\"},\"primaryImageOfPage\":{\"@id\":\"https:\\\/\\\/casaarena.eu\\\/producte\\\/primera-compra-nevera-basica\\\/#primaryimage\"},\"image\":{\"@id\":\"https:\\\/\\\/casaarena.eu\\\/producte\\\/primera-compra-nevera-basica\\\/#primaryimage\"},\"thumbnailUrl\":\"https:\\\/\\\/casaarena.eu\\\/wp-content\\\/uploads\\\/2021\\\/07\\\/AdobeStock_51661852-scaled.jpeg\",\"datePublished\":\"2022-06-13T09:43:39+00:00\",\"dateModified\":\"2022-06-21T11:39:41+00:00\",\"breadcrumb\":{\"@id\":\"https:\\\/\\\/casaarena.eu\\\/producte\\\/primera-compra-nevera-basica\\\/#breadcrumb\"},\"inLanguage\":\"fr-FR\",\"potentialAction\":[{\"@type\":\"ReadAction\",\"target\":[\"https:\\\/\\\/casaarena.eu\\\/producte\\\/primera-compra-nevera-basica\\\/\"]}]},{\"@type\":\"ImageObject\",\"inLanguage\":\"fr-FR\",\"@id\":\"https:\\\/\\\/casaarena.eu\\\/producte\\\/primera-compra-nevera-basica\\\/#primaryimage\",\"url\":\"https:\\\/\\\/casaarena.eu\\\/wp-content\\\/uploads\\\/2021\\\/07\\\/AdobeStock_51661852-scaled.jpeg\",\"contentUrl\":\"https:\\\/\\\/casaarena.eu\\\/wp-content\\\/uploads\\\/2021\\\/07\\\/AdobeStock_51661852-scaled.jpeg\",\"width\":2560,\"height\":1580,\"caption\":\"Assorted grocery products including vegetables fruits wine bread dairy and meat isolated on white\"},{\"@type\":\"BreadcrumbList\",\"@id\":\"https:\\\/\\\/casaarena.eu\\\/producte\\\/primera-compra-nevera-basica\\\/#breadcrumb\",\"itemListElement\":[{\"@type\":\"ListItem\",\"position\":1,\"name\":\"Portada\",\"item\":\"https:\\\/\\\/casaarena.eu\\\/\"},{\"@type\":\"ListItem\",\"position\":2,\"name\":\"Products\",\"item\":\"https:\\\/\\\/casaarena.eu\\\/en\\\/shop\\\/\"},{\"@type\":\"ListItem\",\"position\":3,\"name\":\"Frigo classique\"}]},{\"@type\":\"WebSite\",\"@id\":\"https:\\\/\\\/casaarena.eu\\\/es\\\/#website\",\"url\":\"https:\\\/\\\/casaarena.eu\\\/es\\\/\",\"name\":\"Casa arena\",\"description\":\"Casa Arena Wordpress Site\",\"publisher\":{\"@id\":\"https:\\\/\\\/casaarena.eu\\\/es\\\/#organization\"},\"potentialAction\":[{\"@type\":\"SearchAction\",\"target\":{\"@type\":\"EntryPoint\",\"urlTemplate\":\"https:\\\/\\\/casaarena.eu\\\/es\\\/?s={search_term_string}\"},\"query-input\":{\"@type\":\"PropertyValueSpecification\",\"valueRequired\":true,\"valueName\":\"search_term_string\"}}],\"inLanguage\":\"fr-FR\"},{\"@type\":\"Organization\",\"@id\":\"https:\\\/\\\/casaarena.eu\\\/es\\\/#organization\",\"name\":\"Casa arena\",\"url\":\"https:\\\/\\\/casaarena.eu\\\/es\\\/\",\"logo\":{\"@type\":\"ImageObject\",\"inLanguage\":\"fr-FR\",\"@id\":\"https:\\\/\\\/casaarena.eu\\\/es\\\/#\\\/schema\\\/logo\\\/image\\\/\",\"url\":\"https:\\\/\\\/casaarena.eu\\\/wp-content\\\/uploads\\\/2020\\\/06\\\/cropped-CasaArena_Logotip_Web-2.png\",\"contentUrl\":\"https:\\\/\\\/casaarena.eu\\\/wp-content\\\/uploads\\\/2020\\\/06\\\/cropped-CasaArena_Logotip_Web-2.png\",\"width\":997,\"height\":613,\"caption\":\"Casa arena\"},\"image\":{\"@id\":\"https:\\\/\\\/casaarena.eu\\\/es\\\/#\\\/schema\\\/logo\\\/image\\\/\"},\"sameAs\":[\"https:\\\/\\\/www.instagram.com\\\/casaarena_eu\\\/\"]}]}<\/script>\n<!-- \/ Yoast SEO plugin. -->","yoast_head_json":{"title":"Frigo classique - Casa arena","robots":{"index":"index","follow":"follow","max-snippet":"max-snippet:-1","max-image-preview":"max-image-preview:large","max-video-preview":"max-video-preview:-1"},"canonical":"https:\/\/casaarena.eu\/producte\/primera-compra-nevera-basica\/","og_locale":"fr_FR","og_type":"article","og_title":"Frigo classique - Casa arena","og_description":"Le frigo classique comprend les produits suivants: Lait demi-\u00e9cr\u00e9m\u00e9 1L, Caf\u00e9\/th\u00e9, Du sucre, Huile d\u2019olive extra vierge 250 ml, Pain de campagne, Tomates, \u0152ufs (6 unit\u00e9s), 4 yaourts nature sucr\u00e9s, Fruits de saison (5 unit\u00e9s), 2,5L eau min\u00e9rale Font Vella.","og_url":"https:\/\/casaarena.eu\/producte\/primera-compra-nevera-basica\/","og_site_name":"Casa arena","article_modified_time":"2022-06-21T11:39:41+00:00","og_image":[{"width":2560,"height":1580,"url":"https:\/\/casaarena.eu\/wp-content\/uploads\/2021\/07\/AdobeStock_51661852-scaled.jpeg","type":"image\/jpeg"}],"twitter_card":"summary_large_image","schema":{"@context":"https:\/\/schema.org","@graph":[{"@type":"WebPage","@id":"https:\/\/casaarena.eu\/producte\/primera-compra-nevera-basica\/","url":"https:\/\/casaarena.eu\/producte\/primera-compra-nevera-basica\/","name":"Frigo classique - Casa arena","isPartOf":{"@id":"https:\/\/casaarena.eu\/es\/#website"},"primaryImageOfPage":{"@id":"https:\/\/casaarena.eu\/producte\/primera-compra-nevera-basica\/#primaryimage"},"image":{"@id":"https:\/\/casaarena.eu\/producte\/primera-compra-nevera-basica\/#primaryimage"},"thumbnailUrl":"https:\/\/casaarena.eu\/wp-content\/uploads\/2021\/07\/AdobeStock_51661852-scaled.jpeg","datePublished":"2022-06-13T09:43:39+00:00","dateModified":"2022-06-21T11:39:41+00:00","breadcrumb":{"@id":"https:\/\/casaarena.eu\/producte\/primera-compra-nevera-basica\/#breadcrumb"},"inLanguage":"fr-FR","potentialAction":[{"@type":"ReadAction","target":["https:\/\/casaarena.eu\/producte\/primera-compra-nevera-basica\/"]}]},{"@type":"ImageObject","inLanguage":"fr-FR","@id":"https:\/\/casaarena.eu\/producte\/primera-compra-nevera-basica\/#primaryimage","url":"https:\/\/casaarena.eu\/wp-content\/uploads\/2021\/07\/AdobeStock_51661852-scaled.jpeg","contentUrl":"https:\/\/casaarena.eu\/wp-content\/uploads\/2021\/07\/AdobeStock_51661852-scaled.jpeg","width":2560,"height":1580,"caption":"Assorted grocery products including vegetables fruits wine bread dairy and meat isolated on white"},{"@type":"BreadcrumbList","@id":"https:\/\/casaarena.eu\/producte\/primera-compra-nevera-basica\/#breadcrumb","itemListElement":[{"@type":"ListItem","position":1,"name":"Portada","item":"https:\/\/casaarena.eu\/"},{"@type":"ListItem","position":2,"name":"Products","item":"https:\/\/casaarena.eu\/en\/shop\/"},{"@type":"ListItem","position":3,"name":"Frigo classique"}]},{"@type":"WebSite","@id":"https:\/\/casaarena.eu\/es\/#website","url":"https:\/\/casaarena.eu\/es\/","name":"Casa arena","description":"Casa Arena Wordpress Site","publisher":{"@id":"https:\/\/casaarena.eu\/es\/#organization"},"potentialAction":[{"@type":"SearchAction","target":{"@type":"EntryPoint","urlTemplate":"https:\/\/casaarena.eu\/es\/?s={search_term_string}"},"query-input":{"@type":"PropertyValueSpecification","valueRequired":true,"valueName":"search_term_string"}}],"inLanguage":"fr-FR"},{"@type":"Organization","@id":"https:\/\/casaarena.eu\/es\/#organization","name":"Casa arena","url":"https:\/\/casaarena.eu\/es\/","logo":{"@type":"ImageObject","inLanguage":"fr-FR","@id":"https:\/\/casaarena.eu\/es\/#\/schema\/logo\/image\/","url":"https:\/\/casaarena.eu\/wp-content\/uploads\/2020\/06\/cropped-CasaArena_Logotip_Web-2.png","contentUrl":"https:\/\/casaarena.eu\/wp-content\/uploads\/2020\/06\/cropped-CasaArena_Logotip_Web-2.png","width":997,"height":613,"caption":"Casa arena"},"image":{"@id":"https:\/\/casaarena.eu\/es\/#\/schema\/logo\/image\/"},"sameAs":["https:\/\/www.instagram.com\/casaarena_eu\/"]}]}},"_links":{"self":[{"href":"https:\/\/casaarena.eu\/fr\/wp-json\/wp\/v2\/product\/8730","targetHints":{"allow":["GET"]}}],"collection":[{"href":"https:\/\/casaarena.eu\/fr\/wp-json\/wp\/v2\/product"}],"about":[{"href":"https:\/\/casaarena.eu\/fr\/wp-json\/wp\/v2\/types\/product"}],"wp:featuredmedia":[{"embeddable":true,"href":"https:\/\/casaarena.eu\/fr\/wp-json\/wp\/v2\/media\/4962"}],"wp:attachment":[{"href":"https:\/\/casaarena.eu\/fr\/wp-json\/wp\/v2\/media?parent=8730"}],"wp:term":[{"taxonomy":"product_brand","embeddable":true,"href":"https:\/\/casaarena.eu\/fr\/wp-json\/wp\/v2\/product_brand?post=8730"},{"taxonomy":"product_cat","embeddable":true,"href":"https:\/\/casaarena.eu\/fr\/wp-json\/wp\/v2\/product_cat?post=8730"},{"taxonomy":"product_tag","embeddable":true,"href":"https:\/\/casaarena.eu\/fr\/wp-json\/wp\/v2\/product_tag?post=8730"}],"curies":[{"name":"wp","href":"https:\/\/api.w.org\/{rel}","templated":true}]}}