{"id":8724,"date":"2022-06-13T08:54:46","date_gmt":"2022-06-13T08:54:46","guid":{"rendered":"https:\/\/www.casaarena.eu\/producte\/kit-bebe\/"},"modified":"2022-06-13T09:23:43","modified_gmt":"2022-06-13T09:23:43","slug":"kit-bebe","status":"publish","type":"product","link":"https:\/\/casaarena.eu\/fr\/producte\/kit-bebe\/","title":{"rendered":"Kit b\u00e9b\u00e9"},"content":{"rendered":"<p><!-- VideographyWP Plugin Message: Automatic video embedding prevented by plugin options. --><br \/>\n<b>Casa Arena<\/b>\u00a0met \u00e0 la disposition de ses clients le\u00a0<b>Kit b\u00e9b\u00e9<\/b>\u00a0, con\u00e7u pour les enfants.<\/p>\n<p><strong>Le kit b\u00e9b\u00e9 comprend:<\/strong> une couverture en mousseline, une baignoire b\u00e9b\u00e9 Munchkin, un lit nomade, un coussin hypoallerg\u00e9nique pour b\u00e9b\u00e9, des tasses, assiettes et bols en bambou \u00e9cologique, une chaise haute, un port Babybjorn, un shampooing et gel douche b\u00e9b\u00e9 Coselva.<\/p>\n<h5R\u00e9servez le <b>Kit b\u00e9b\u00e9<\/b> pour seulement 40\u20ac<\/h5>\n","protected":false},"excerpt":{"rendered":"<p>Casa Arena met \u00e0 la disposition de ses clients le kit b\u00e9b\u00e9, con\u00e7u pour les enfants.<\/p>\n<p><strong>Le kit b\u00e9b\u00e9 comprend ce qui suit: <\/strong>couverture en coton, baignoire, lit b\u00e9b\u00e9, verres, assiettes et couverts en bambou \u00e9cologique, chaise haute.<\/p>\n","protected":false},"featured_media":6844,"template":"","meta":{"_acf_changed":false,"inline_featured_image":false},"product_brand":[],"product_cat":[333],"product_tag":[],"class_list":{"0":"post-8724","1":"product","2":"type-product","3":"status-publish","4":"has-post-thumbnail","6":"product_cat-apartment-services","8":"first","9":"instock","10":"virtual","11":"taxable","12":"purchasable","13":"product-type-simple"},"acf":[],"yoast_head":"<!-- This site is optimized with the Yoast SEO plugin v27.5 - https:\/\/yoast.com\/product\/yoast-seo-wordpress\/ -->\n<title>Kit b\u00e9b\u00e9 - Casa arena<\/title>\n<meta name=\"robots\" content=\"index, follow, max-snippet:-1, max-image-preview:large, max-video-preview:-1\" \/>\n<link rel=\"canonical\" href=\"https:\/\/casaarena.eu\/producte\/kit-nado\/\" \/>\n<meta property=\"og:locale\" content=\"fr_FR\" \/>\n<meta property=\"og:type\" content=\"article\" \/>\n<meta property=\"og:title\" content=\"Kit b\u00e9b\u00e9 - Casa arena\" \/>\n<meta property=\"og:description\" content=\"Casa Arena met \u00e0 la disposition de ses clients le kit b\u00e9b\u00e9, con\u00e7u pour les enfants.  Le kit b\u00e9b\u00e9 comprend ce qui suit: couverture en coton, baignoire, lit b\u00e9b\u00e9, verres, assiettes et couverts en bambou \u00e9cologique, chaise haute.\" \/>\n<meta property=\"og:url\" content=\"https:\/\/casaarena.eu\/producte\/kit-nado\/\" \/>\n<meta property=\"og:site_name\" content=\"Casa arena\" \/>\n<meta property=\"article:modified_time\" content=\"2022-06-13T09:23:43+00:00\" \/>\n<meta property=\"og:image\" content=\"https:\/\/casaarena.eu\/wp-content\/uploads\/2020\/11\/people-1839564_1920.jpg\" \/>\n\t<meta property=\"og:image:width\" content=\"1920\" \/>\n\t<meta property=\"og:image:height\" content=\"1280\" \/>\n\t<meta property=\"og:image:type\" content=\"image\/jpeg\" \/>\n<meta name=\"twitter:card\" content=\"summary_large_image\" \/>\n<script type=\"application\/ld+json\" class=\"yoast-schema-graph\">{\"@context\":\"https:\\\/\\\/schema.org\",\"@graph\":[{\"@type\":\"WebPage\",\"@id\":\"https:\\\/\\\/casaarena.eu\\\/producte\\\/kit-nado\\\/\",\"url\":\"https:\\\/\\\/casaarena.eu\\\/producte\\\/kit-nado\\\/\",\"name\":\"Kit b\u00e9b\u00e9 - Casa arena\",\"isPartOf\":{\"@id\":\"https:\\\/\\\/casaarena.eu\\\/es\\\/#website\"},\"primaryImageOfPage\":{\"@id\":\"https:\\\/\\\/casaarena.eu\\\/producte\\\/kit-nado\\\/#primaryimage\"},\"image\":{\"@id\":\"https:\\\/\\\/casaarena.eu\\\/producte\\\/kit-nado\\\/#primaryimage\"},\"thumbnailUrl\":\"https:\\\/\\\/casaarena.eu\\\/wp-content\\\/uploads\\\/2020\\\/11\\\/people-1839564_1920.jpg\",\"datePublished\":\"2022-06-13T08:54:46+00:00\",\"dateModified\":\"2022-06-13T09:23:43+00:00\",\"breadcrumb\":{\"@id\":\"https:\\\/\\\/casaarena.eu\\\/producte\\\/kit-nado\\\/#breadcrumb\"},\"inLanguage\":\"fr-FR\",\"potentialAction\":[{\"@type\":\"ReadAction\",\"target\":[\"https:\\\/\\\/casaarena.eu\\\/producte\\\/kit-nado\\\/\"]}]},{\"@type\":\"ImageObject\",\"inLanguage\":\"fr-FR\",\"@id\":\"https:\\\/\\\/casaarena.eu\\\/producte\\\/kit-nado\\\/#primaryimage\",\"url\":\"https:\\\/\\\/casaarena.eu\\\/wp-content\\\/uploads\\\/2020\\\/11\\\/people-1839564_1920.jpg\",\"contentUrl\":\"https:\\\/\\\/casaarena.eu\\\/wp-content\\\/uploads\\\/2020\\\/11\\\/people-1839564_1920.jpg\",\"width\":1920,\"height\":1280},{\"@type\":\"BreadcrumbList\",\"@id\":\"https:\\\/\\\/casaarena.eu\\\/producte\\\/kit-nado\\\/#breadcrumb\",\"itemListElement\":[{\"@type\":\"ListItem\",\"position\":1,\"name\":\"Portada\",\"item\":\"https:\\\/\\\/casaarena.eu\\\/\"},{\"@type\":\"ListItem\",\"position\":2,\"name\":\"Products\",\"item\":\"https:\\\/\\\/casaarena.eu\\\/en\\\/shop\\\/\"},{\"@type\":\"ListItem\",\"position\":3,\"name\":\"Kit b\u00e9b\u00e9\"}]},{\"@type\":\"WebSite\",\"@id\":\"https:\\\/\\\/casaarena.eu\\\/es\\\/#website\",\"url\":\"https:\\\/\\\/casaarena.eu\\\/es\\\/\",\"name\":\"Casa arena\",\"description\":\"Casa Arena Wordpress Site\",\"publisher\":{\"@id\":\"https:\\\/\\\/casaarena.eu\\\/es\\\/#organization\"},\"potentialAction\":[{\"@type\":\"SearchAction\",\"target\":{\"@type\":\"EntryPoint\",\"urlTemplate\":\"https:\\\/\\\/casaarena.eu\\\/es\\\/?s={search_term_string}\"},\"query-input\":{\"@type\":\"PropertyValueSpecification\",\"valueRequired\":true,\"valueName\":\"search_term_string\"}}],\"inLanguage\":\"fr-FR\"},{\"@type\":\"Organization\",\"@id\":\"https:\\\/\\\/casaarena.eu\\\/es\\\/#organization\",\"name\":\"Casa arena\",\"url\":\"https:\\\/\\\/casaarena.eu\\\/es\\\/\",\"logo\":{\"@type\":\"ImageObject\",\"inLanguage\":\"fr-FR\",\"@id\":\"https:\\\/\\\/casaarena.eu\\\/es\\\/#\\\/schema\\\/logo\\\/image\\\/\",\"url\":\"https:\\\/\\\/casaarena.eu\\\/wp-content\\\/uploads\\\/2020\\\/06\\\/cropped-CasaArena_Logotip_Web-2.png\",\"contentUrl\":\"https:\\\/\\\/casaarena.eu\\\/wp-content\\\/uploads\\\/2020\\\/06\\\/cropped-CasaArena_Logotip_Web-2.png\",\"width\":997,\"height\":613,\"caption\":\"Casa arena\"},\"image\":{\"@id\":\"https:\\\/\\\/casaarena.eu\\\/es\\\/#\\\/schema\\\/logo\\\/image\\\/\"},\"sameAs\":[\"https:\\\/\\\/www.instagram.com\\\/casaarena_eu\\\/\"]}]}<\/script>\n<!-- \/ Yoast SEO plugin. -->","yoast_head_json":{"title":"Kit b\u00e9b\u00e9 - Casa arena","robots":{"index":"index","follow":"follow","max-snippet":"max-snippet:-1","max-image-preview":"max-image-preview:large","max-video-preview":"max-video-preview:-1"},"canonical":"https:\/\/casaarena.eu\/producte\/kit-nado\/","og_locale":"fr_FR","og_type":"article","og_title":"Kit b\u00e9b\u00e9 - Casa arena","og_description":"Casa Arena met \u00e0 la disposition de ses clients le kit b\u00e9b\u00e9, con\u00e7u pour les enfants.  Le kit b\u00e9b\u00e9 comprend ce qui suit: couverture en coton, baignoire, lit b\u00e9b\u00e9, verres, assiettes et couverts en bambou \u00e9cologique, chaise haute.","og_url":"https:\/\/casaarena.eu\/producte\/kit-nado\/","og_site_name":"Casa arena","article_modified_time":"2022-06-13T09:23:43+00:00","og_image":[{"width":1920,"height":1280,"url":"https:\/\/casaarena.eu\/wp-content\/uploads\/2020\/11\/people-1839564_1920.jpg","type":"image\/jpeg"}],"twitter_card":"summary_large_image","schema":{"@context":"https:\/\/schema.org","@graph":[{"@type":"WebPage","@id":"https:\/\/casaarena.eu\/producte\/kit-nado\/","url":"https:\/\/casaarena.eu\/producte\/kit-nado\/","name":"Kit b\u00e9b\u00e9 - Casa arena","isPartOf":{"@id":"https:\/\/casaarena.eu\/es\/#website"},"primaryImageOfPage":{"@id":"https:\/\/casaarena.eu\/producte\/kit-nado\/#primaryimage"},"image":{"@id":"https:\/\/casaarena.eu\/producte\/kit-nado\/#primaryimage"},"thumbnailUrl":"https:\/\/casaarena.eu\/wp-content\/uploads\/2020\/11\/people-1839564_1920.jpg","datePublished":"2022-06-13T08:54:46+00:00","dateModified":"2022-06-13T09:23:43+00:00","breadcrumb":{"@id":"https:\/\/casaarena.eu\/producte\/kit-nado\/#breadcrumb"},"inLanguage":"fr-FR","potentialAction":[{"@type":"ReadAction","target":["https:\/\/casaarena.eu\/producte\/kit-nado\/"]}]},{"@type":"ImageObject","inLanguage":"fr-FR","@id":"https:\/\/casaarena.eu\/producte\/kit-nado\/#primaryimage","url":"https:\/\/casaarena.eu\/wp-content\/uploads\/2020\/11\/people-1839564_1920.jpg","contentUrl":"https:\/\/casaarena.eu\/wp-content\/uploads\/2020\/11\/people-1839564_1920.jpg","width":1920,"height":1280},{"@type":"BreadcrumbList","@id":"https:\/\/casaarena.eu\/producte\/kit-nado\/#breadcrumb","itemListElement":[{"@type":"ListItem","position":1,"name":"Portada","item":"https:\/\/casaarena.eu\/"},{"@type":"ListItem","position":2,"name":"Products","item":"https:\/\/casaarena.eu\/en\/shop\/"},{"@type":"ListItem","position":3,"name":"Kit b\u00e9b\u00e9"}]},{"@type":"WebSite","@id":"https:\/\/casaarena.eu\/es\/#website","url":"https:\/\/casaarena.eu\/es\/","name":"Casa arena","description":"Casa Arena Wordpress Site","publisher":{"@id":"https:\/\/casaarena.eu\/es\/#organization"},"potentialAction":[{"@type":"SearchAction","target":{"@type":"EntryPoint","urlTemplate":"https:\/\/casaarena.eu\/es\/?s={search_term_string}"},"query-input":{"@type":"PropertyValueSpecification","valueRequired":true,"valueName":"search_term_string"}}],"inLanguage":"fr-FR"},{"@type":"Organization","@id":"https:\/\/casaarena.eu\/es\/#organization","name":"Casa arena","url":"https:\/\/casaarena.eu\/es\/","logo":{"@type":"ImageObject","inLanguage":"fr-FR","@id":"https:\/\/casaarena.eu\/es\/#\/schema\/logo\/image\/","url":"https:\/\/casaarena.eu\/wp-content\/uploads\/2020\/06\/cropped-CasaArena_Logotip_Web-2.png","contentUrl":"https:\/\/casaarena.eu\/wp-content\/uploads\/2020\/06\/cropped-CasaArena_Logotip_Web-2.png","width":997,"height":613,"caption":"Casa arena"},"image":{"@id":"https:\/\/casaarena.eu\/es\/#\/schema\/logo\/image\/"},"sameAs":["https:\/\/www.instagram.com\/casaarena_eu\/"]}]}},"_links":{"self":[{"href":"https:\/\/casaarena.eu\/fr\/wp-json\/wp\/v2\/product\/8724","targetHints":{"allow":["GET"]}}],"collection":[{"href":"https:\/\/casaarena.eu\/fr\/wp-json\/wp\/v2\/product"}],"about":[{"href":"https:\/\/casaarena.eu\/fr\/wp-json\/wp\/v2\/types\/product"}],"wp:featuredmedia":[{"embeddable":true,"href":"https:\/\/casaarena.eu\/fr\/wp-json\/wp\/v2\/media\/6844"}],"wp:attachment":[{"href":"https:\/\/casaarena.eu\/fr\/wp-json\/wp\/v2\/media?parent=8724"}],"wp:term":[{"taxonomy":"product_brand","embeddable":true,"href":"https:\/\/casaarena.eu\/fr\/wp-json\/wp\/v2\/product_brand?post=8724"},{"taxonomy":"product_cat","embeddable":true,"href":"https:\/\/casaarena.eu\/fr\/wp-json\/wp\/v2\/product_cat?post=8724"},{"taxonomy":"product_tag","embeddable":true,"href":"https:\/\/casaarena.eu\/fr\/wp-json\/wp\/v2\/product_tag?post=8724"}],"curies":[{"name":"wp","href":"https:\/\/api.w.org\/{rel}","templated":true}]}}