{"id":7043,"date":"2021-07-21T12:59:03","date_gmt":"2021-11-17T15:33:27","guid":{"rendered":"https:\/\/www.casaarena.eu\/producte\/shampooing-pour-enfants\/"},"modified":"2021-11-29T08:25:16","modified_gmt":"2021-11-29T08:25:16","slug":"shampooing-pour-enfants","status":"publish","type":"product","link":"https:\/\/casaarena.eu\/fr\/producte\/shampooing-pour-enfants\/","title":{"rendered":"Shampooing pour enfants"},"content":{"rendered":"<p><!-- VideographyWP Plugin Message: Automatic video embedding prevented by plugin options. --><br \/>\nShampooing riche en ingr\u00e9dients v\u00e9g\u00e9taux, qui nettoie en douceur sans agresser le cuir chevelu, m\u00eame lorsqu\u2019il est utilis\u00e9 fr\u00e9quemment. Les propri\u00e9t\u00e9s \u00e9mollientes et hydratantes de l\u2019huile d\u2019olive lui conf\u00e8rent douceur et brillance.\u00a0Les propri\u00e9t\u00e9s apaisantes et adoucissantes de la camomille et de la mauve la rendent adapt\u00e9e aux enfants.<\/p>\n<p>100\u00a0ml<\/p>\n","protected":false},"excerpt":{"rendered":"<p>Shampooing riche en ingr\u00e9dients v\u00e9g\u00e9taux, qui nettoie en douceur sans agresser le cuir chevelu, m\u00eame lorsqu\u2019il est utilis\u00e9 fr\u00e9quemment. Les propri\u00e9t\u00e9s apaisantes et adoucissantes de la camomille et de la mauve la rendent adapt\u00e9e aux enfants.<\/p>\n","protected":false},"featured_media":6135,"template":"","meta":{"_acf_changed":false,"inline_featured_image":false},"product_brand":[],"product_cat":[305],"product_tag":[],"class_list":{"0":"post-7043","1":"product","2":"type-product","3":"status-publish","4":"has-post-thumbnail","6":"product_cat-productes-casa-arena-fr","8":"first","9":"instock","10":"taxable","11":"shipping-taxable","12":"purchasable","13":"product-type-simple"},"acf":[],"yoast_head":"<!-- This site is optimized with the Yoast SEO plugin v27.5 - https:\/\/yoast.com\/product\/yoast-seo-wordpress\/ -->\n<title>Shampooing pour enfants - Casa arena<\/title>\n<meta name=\"robots\" content=\"index, follow, max-snippet:-1, max-image-preview:large, max-video-preview:-1\" \/>\n<link rel=\"canonical\" href=\"https:\/\/casaarena.eu\/producte\/xampu-mainada\/\" \/>\n<meta property=\"og:locale\" content=\"fr_FR\" \/>\n<meta property=\"og:type\" content=\"article\" \/>\n<meta property=\"og:title\" content=\"Shampooing pour enfants - Casa arena\" \/>\n<meta property=\"og:description\" content=\"Shampooing riche en ingr\u00e9dients v\u00e9g\u00e9taux, qui nettoie en douceur sans agresser le cuir chevelu, m\u00eame lorsqu\u2019il est utilis\u00e9 fr\u00e9quemment. Les propri\u00e9t\u00e9s apaisantes et adoucissantes de la camomille et de la mauve la rendent adapt\u00e9e aux enfants.\" \/>\n<meta property=\"og:url\" content=\"https:\/\/casaarena.eu\/producte\/xampu-mainada\/\" \/>\n<meta property=\"og:site_name\" content=\"Casa arena\" \/>\n<meta property=\"article:modified_time\" content=\"2021-11-29T08:25:16+00:00\" \/>\n<meta property=\"og:image\" content=\"https:\/\/casaarena.eu\/wp-content\/uploads\/2021\/07\/CA21-9438-banyo-2.jpg\" \/>\n\t<meta property=\"og:image:width\" content=\"1080\" \/>\n\t<meta property=\"og:image:height\" content=\"1620\" \/>\n\t<meta property=\"og:image:type\" content=\"image\/jpeg\" \/>\n<meta name=\"twitter:card\" content=\"summary_large_image\" \/>\n<script type=\"application\/ld+json\" class=\"yoast-schema-graph\">{\"@context\":\"https:\\\/\\\/schema.org\",\"@graph\":[{\"@type\":\"WebPage\",\"@id\":\"https:\\\/\\\/casaarena.eu\\\/producte\\\/xampu-mainada\\\/\",\"url\":\"https:\\\/\\\/casaarena.eu\\\/producte\\\/xampu-mainada\\\/\",\"name\":\"Shampooing pour enfants - Casa arena\",\"isPartOf\":{\"@id\":\"https:\\\/\\\/casaarena.eu\\\/es\\\/#website\"},\"primaryImageOfPage\":{\"@id\":\"https:\\\/\\\/casaarena.eu\\\/producte\\\/xampu-mainada\\\/#primaryimage\"},\"image\":{\"@id\":\"https:\\\/\\\/casaarena.eu\\\/producte\\\/xampu-mainada\\\/#primaryimage\"},\"thumbnailUrl\":\"https:\\\/\\\/casaarena.eu\\\/wp-content\\\/uploads\\\/2021\\\/07\\\/CA21-9438-banyo-2.jpg\",\"datePublished\":\"2021-11-17T15:33:27+00:00\",\"dateModified\":\"2021-11-29T08:25:16+00:00\",\"breadcrumb\":{\"@id\":\"https:\\\/\\\/casaarena.eu\\\/producte\\\/xampu-mainada\\\/#breadcrumb\"},\"inLanguage\":\"fr-FR\",\"potentialAction\":[{\"@type\":\"ReadAction\",\"target\":[\"https:\\\/\\\/casaarena.eu\\\/producte\\\/xampu-mainada\\\/\"]}]},{\"@type\":\"ImageObject\",\"inLanguage\":\"fr-FR\",\"@id\":\"https:\\\/\\\/casaarena.eu\\\/producte\\\/xampu-mainada\\\/#primaryimage\",\"url\":\"https:\\\/\\\/casaarena.eu\\\/wp-content\\\/uploads\\\/2021\\\/07\\\/CA21-9438-banyo-2.jpg\",\"contentUrl\":\"https:\\\/\\\/casaarena.eu\\\/wp-content\\\/uploads\\\/2021\\\/07\\\/CA21-9438-banyo-2.jpg\",\"width\":1080,\"height\":1620},{\"@type\":\"BreadcrumbList\",\"@id\":\"https:\\\/\\\/casaarena.eu\\\/producte\\\/xampu-mainada\\\/#breadcrumb\",\"itemListElement\":[{\"@type\":\"ListItem\",\"position\":1,\"name\":\"Portada\",\"item\":\"https:\\\/\\\/casaarena.eu\\\/\"},{\"@type\":\"ListItem\",\"position\":2,\"name\":\"Products\",\"item\":\"https:\\\/\\\/casaarena.eu\\\/en\\\/shop\\\/\"},{\"@type\":\"ListItem\",\"position\":3,\"name\":\"Shampooing pour enfants\"}]},{\"@type\":\"WebSite\",\"@id\":\"https:\\\/\\\/casaarena.eu\\\/es\\\/#website\",\"url\":\"https:\\\/\\\/casaarena.eu\\\/es\\\/\",\"name\":\"Casa arena\",\"description\":\"Casa Arena Wordpress Site\",\"publisher\":{\"@id\":\"https:\\\/\\\/casaarena.eu\\\/es\\\/#organization\"},\"potentialAction\":[{\"@type\":\"SearchAction\",\"target\":{\"@type\":\"EntryPoint\",\"urlTemplate\":\"https:\\\/\\\/casaarena.eu\\\/es\\\/?s={search_term_string}\"},\"query-input\":{\"@type\":\"PropertyValueSpecification\",\"valueRequired\":true,\"valueName\":\"search_term_string\"}}],\"inLanguage\":\"fr-FR\"},{\"@type\":\"Organization\",\"@id\":\"https:\\\/\\\/casaarena.eu\\\/es\\\/#organization\",\"name\":\"Casa arena\",\"url\":\"https:\\\/\\\/casaarena.eu\\\/es\\\/\",\"logo\":{\"@type\":\"ImageObject\",\"inLanguage\":\"fr-FR\",\"@id\":\"https:\\\/\\\/casaarena.eu\\\/es\\\/#\\\/schema\\\/logo\\\/image\\\/\",\"url\":\"https:\\\/\\\/casaarena.eu\\\/wp-content\\\/uploads\\\/2020\\\/06\\\/cropped-CasaArena_Logotip_Web-2.png\",\"contentUrl\":\"https:\\\/\\\/casaarena.eu\\\/wp-content\\\/uploads\\\/2020\\\/06\\\/cropped-CasaArena_Logotip_Web-2.png\",\"width\":997,\"height\":613,\"caption\":\"Casa arena\"},\"image\":{\"@id\":\"https:\\\/\\\/casaarena.eu\\\/es\\\/#\\\/schema\\\/logo\\\/image\\\/\"},\"sameAs\":[\"https:\\\/\\\/www.instagram.com\\\/casaarena_eu\\\/\"]}]}<\/script>\n<!-- \/ Yoast SEO plugin. -->","yoast_head_json":{"title":"Shampooing pour enfants - Casa arena","robots":{"index":"index","follow":"follow","max-snippet":"max-snippet:-1","max-image-preview":"max-image-preview:large","max-video-preview":"max-video-preview:-1"},"canonical":"https:\/\/casaarena.eu\/producte\/xampu-mainada\/","og_locale":"fr_FR","og_type":"article","og_title":"Shampooing pour enfants - Casa arena","og_description":"Shampooing riche en ingr\u00e9dients v\u00e9g\u00e9taux, qui nettoie en douceur sans agresser le cuir chevelu, m\u00eame lorsqu\u2019il est utilis\u00e9 fr\u00e9quemment. Les propri\u00e9t\u00e9s apaisantes et adoucissantes de la camomille et de la mauve la rendent adapt\u00e9e aux enfants.","og_url":"https:\/\/casaarena.eu\/producte\/xampu-mainada\/","og_site_name":"Casa arena","article_modified_time":"2021-11-29T08:25:16+00:00","og_image":[{"width":1080,"height":1620,"url":"https:\/\/casaarena.eu\/wp-content\/uploads\/2021\/07\/CA21-9438-banyo-2.jpg","type":"image\/jpeg"}],"twitter_card":"summary_large_image","schema":{"@context":"https:\/\/schema.org","@graph":[{"@type":"WebPage","@id":"https:\/\/casaarena.eu\/producte\/xampu-mainada\/","url":"https:\/\/casaarena.eu\/producte\/xampu-mainada\/","name":"Shampooing pour enfants - Casa arena","isPartOf":{"@id":"https:\/\/casaarena.eu\/es\/#website"},"primaryImageOfPage":{"@id":"https:\/\/casaarena.eu\/producte\/xampu-mainada\/#primaryimage"},"image":{"@id":"https:\/\/casaarena.eu\/producte\/xampu-mainada\/#primaryimage"},"thumbnailUrl":"https:\/\/casaarena.eu\/wp-content\/uploads\/2021\/07\/CA21-9438-banyo-2.jpg","datePublished":"2021-11-17T15:33:27+00:00","dateModified":"2021-11-29T08:25:16+00:00","breadcrumb":{"@id":"https:\/\/casaarena.eu\/producte\/xampu-mainada\/#breadcrumb"},"inLanguage":"fr-FR","potentialAction":[{"@type":"ReadAction","target":["https:\/\/casaarena.eu\/producte\/xampu-mainada\/"]}]},{"@type":"ImageObject","inLanguage":"fr-FR","@id":"https:\/\/casaarena.eu\/producte\/xampu-mainada\/#primaryimage","url":"https:\/\/casaarena.eu\/wp-content\/uploads\/2021\/07\/CA21-9438-banyo-2.jpg","contentUrl":"https:\/\/casaarena.eu\/wp-content\/uploads\/2021\/07\/CA21-9438-banyo-2.jpg","width":1080,"height":1620},{"@type":"BreadcrumbList","@id":"https:\/\/casaarena.eu\/producte\/xampu-mainada\/#breadcrumb","itemListElement":[{"@type":"ListItem","position":1,"name":"Portada","item":"https:\/\/casaarena.eu\/"},{"@type":"ListItem","position":2,"name":"Products","item":"https:\/\/casaarena.eu\/en\/shop\/"},{"@type":"ListItem","position":3,"name":"Shampooing pour enfants"}]},{"@type":"WebSite","@id":"https:\/\/casaarena.eu\/es\/#website","url":"https:\/\/casaarena.eu\/es\/","name":"Casa arena","description":"Casa Arena Wordpress Site","publisher":{"@id":"https:\/\/casaarena.eu\/es\/#organization"},"potentialAction":[{"@type":"SearchAction","target":{"@type":"EntryPoint","urlTemplate":"https:\/\/casaarena.eu\/es\/?s={search_term_string}"},"query-input":{"@type":"PropertyValueSpecification","valueRequired":true,"valueName":"search_term_string"}}],"inLanguage":"fr-FR"},{"@type":"Organization","@id":"https:\/\/casaarena.eu\/es\/#organization","name":"Casa arena","url":"https:\/\/casaarena.eu\/es\/","logo":{"@type":"ImageObject","inLanguage":"fr-FR","@id":"https:\/\/casaarena.eu\/es\/#\/schema\/logo\/image\/","url":"https:\/\/casaarena.eu\/wp-content\/uploads\/2020\/06\/cropped-CasaArena_Logotip_Web-2.png","contentUrl":"https:\/\/casaarena.eu\/wp-content\/uploads\/2020\/06\/cropped-CasaArena_Logotip_Web-2.png","width":997,"height":613,"caption":"Casa arena"},"image":{"@id":"https:\/\/casaarena.eu\/es\/#\/schema\/logo\/image\/"},"sameAs":["https:\/\/www.instagram.com\/casaarena_eu\/"]}]}},"_links":{"self":[{"href":"https:\/\/casaarena.eu\/fr\/wp-json\/wp\/v2\/product\/7043","targetHints":{"allow":["GET"]}}],"collection":[{"href":"https:\/\/casaarena.eu\/fr\/wp-json\/wp\/v2\/product"}],"about":[{"href":"https:\/\/casaarena.eu\/fr\/wp-json\/wp\/v2\/types\/product"}],"wp:featuredmedia":[{"embeddable":true,"href":"https:\/\/casaarena.eu\/fr\/wp-json\/wp\/v2\/media\/6135"}],"wp:attachment":[{"href":"https:\/\/casaarena.eu\/fr\/wp-json\/wp\/v2\/media?parent=7043"}],"wp:term":[{"taxonomy":"product_brand","embeddable":true,"href":"https:\/\/casaarena.eu\/fr\/wp-json\/wp\/v2\/product_brand?post=7043"},{"taxonomy":"product_cat","embeddable":true,"href":"https:\/\/casaarena.eu\/fr\/wp-json\/wp\/v2\/product_cat?post=7043"},{"taxonomy":"product_tag","embeddable":true,"href":"https:\/\/casaarena.eu\/fr\/wp-json\/wp\/v2\/product_tag?post=7043"}],"curies":[{"name":"wp","href":"https:\/\/api.w.org\/{rel}","templated":true}]}}