{"id":7023,"date":"2021-01-27T12:40:29","date_gmt":"2021-11-17T15:33:25","guid":{"rendered":"https:\/\/www.casaarena.eu\/producte\/il%c2%b7lia-2018-rouge-aoc-priorat\/"},"modified":"2021-11-29T08:38:16","modified_gmt":"2021-11-29T08:38:16","slug":"il%c2%b7lia-2018-rouge-aoc-priorat","status":"publish","type":"product","link":"https:\/\/casaarena.eu\/fr\/producte\/il%c2%b7lia-2018-rouge-aoc-priorat\/","title":{"rendered":"Il\u00b7lia 2018 Rouge (AOC Priorat)"},"content":{"rendered":"<p><!-- VideographyWP Plugin Message: Automatic video embedding prevented by plugin options. --><br \/>\nC\u00e9pages\u00a0: Grenache noir, Carignan N, Cabernet Sauvignon. Les raisins sont s\u00e9lectionn\u00e9s sur le domaine et dans le chai. Chaque c\u00e9page est ferment\u00e9 s\u00e9par\u00e9ment en f\u00fbts de ch\u00eane. Vieillissement\u00a0: 24\u00a0mois en f\u00fbts de ch\u00eane fran\u00e7ais de 225\u00a0litres.<\/p>\n<p>Couleur rouge cerise intense, brillante et attrayante.<\/p>\n<p>Ar\u00f4me complexe et profond. Les fruits noirs, les prunes m\u00fbres et les cerises ressortent. Ar\u00f4mes balsamiques associ\u00e9s \u00e0 la subtilit\u00e9 du bois et \u00e0 la pr\u00e9sence de tonalit\u00e9s grill\u00e9es et min\u00e9rales.<\/p>\n<p>En bouche il est tr\u00e8s \u00e9quilibr\u00e9, bien structur\u00e9, charnu, onctueux et ample.<\/p>\n<p>Vin long d\u2019une permanence et d\u2019une expressivit\u00e9 remarquables, avec une finale min\u00e9rale.<\/p>\n","protected":false},"excerpt":{"rendered":"<p>Grenache, Carignan et Cabernet Sauvignon.<br \/>\nVieilli en f\u00fbts de ch\u00eane fran\u00e7ais pendant 24\u00a0mois.<br \/>\nPOIDS 1,5 kg<\/p>\n","protected":false},"featured_media":3243,"template":"","meta":{"_acf_changed":false,"inline_featured_image":false},"product_brand":[],"product_cat":[305,320],"product_tag":[],"class_list":{"0":"post-7023","1":"product","2":"type-product","3":"status-publish","4":"has-post-thumbnail","6":"product_cat-productes-casa-arena-fr","7":"product_cat-vins-fr","9":"first","10":"instock","11":"taxable","12":"shipping-taxable","13":"purchasable","14":"product-type-simple"},"acf":[],"yoast_head":"<!-- This site is optimized with the Yoast SEO plugin v27.5 - https:\/\/yoast.com\/product\/yoast-seo-wordpress\/ -->\n<title>Il\u00b7lia 2018 Rouge (AOC Priorat) - Casa arena<\/title>\n<meta name=\"robots\" content=\"index, follow, max-snippet:-1, max-image-preview:large, max-video-preview:-1\" \/>\n<link rel=\"canonical\" href=\"https:\/\/casaarena.eu\/producte\/il\u00b7lia-2018-negre\/\" \/>\n<meta property=\"og:locale\" content=\"fr_FR\" \/>\n<meta property=\"og:type\" content=\"article\" \/>\n<meta property=\"og:title\" content=\"Il\u00b7lia 2018 Rouge (AOC Priorat) - Casa arena\" \/>\n<meta property=\"og:description\" content=\"Grenache, Carignan et Cabernet Sauvignon. Vieilli en f\u00fbts de ch\u00eane fran\u00e7ais pendant 24\u00a0mois. POIDS 1,5 kg\" \/>\n<meta property=\"og:url\" content=\"https:\/\/casaarena.eu\/producte\/il\u00b7lia-2018-negre\/\" \/>\n<meta property=\"og:site_name\" content=\"Casa arena\" \/>\n<meta property=\"article:modified_time\" content=\"2021-11-29T08:38:16+00:00\" \/>\n<meta property=\"og:image\" content=\"https:\/\/casaarena.eu\/wp-content\/uploads\/2021\/01\/il.lia_.jpg\" \/>\n\t<meta property=\"og:image:width\" content=\"562\" \/>\n\t<meta property=\"og:image:height\" content=\"562\" \/>\n\t<meta property=\"og:image:type\" content=\"image\/jpeg\" \/>\n<meta name=\"twitter:card\" content=\"summary_large_image\" \/>\n<meta name=\"twitter:label1\" content=\"Dur\u00e9e de lecture estim\u00e9e\" \/>\n\t<meta name=\"twitter:data1\" content=\"1 minute\" \/>\n<script type=\"application\/ld+json\" class=\"yoast-schema-graph\">{\"@context\":\"https:\\\/\\\/schema.org\",\"@graph\":[{\"@type\":\"WebPage\",\"@id\":\"https:\\\/\\\/casaarena.eu\\\/producte\\\/il%c2%b7lia-2018-negre\\\/\",\"url\":\"https:\\\/\\\/casaarena.eu\\\/producte\\\/il%c2%b7lia-2018-negre\\\/\",\"name\":\"Il\u00b7lia 2018 Rouge (AOC Priorat) - Casa arena\",\"isPartOf\":{\"@id\":\"https:\\\/\\\/casaarena.eu\\\/es\\\/#website\"},\"primaryImageOfPage\":{\"@id\":\"https:\\\/\\\/casaarena.eu\\\/producte\\\/il%c2%b7lia-2018-negre\\\/#primaryimage\"},\"image\":{\"@id\":\"https:\\\/\\\/casaarena.eu\\\/producte\\\/il%c2%b7lia-2018-negre\\\/#primaryimage\"},\"thumbnailUrl\":\"https:\\\/\\\/casaarena.eu\\\/wp-content\\\/uploads\\\/2021\\\/01\\\/il.lia_.jpg\",\"datePublished\":\"2021-11-17T15:33:25+00:00\",\"dateModified\":\"2021-11-29T08:38:16+00:00\",\"breadcrumb\":{\"@id\":\"https:\\\/\\\/casaarena.eu\\\/producte\\\/il%c2%b7lia-2018-negre\\\/#breadcrumb\"},\"inLanguage\":\"fr-FR\",\"potentialAction\":[{\"@type\":\"ReadAction\",\"target\":[\"https:\\\/\\\/casaarena.eu\\\/producte\\\/il%c2%b7lia-2018-negre\\\/\"]}]},{\"@type\":\"ImageObject\",\"inLanguage\":\"fr-FR\",\"@id\":\"https:\\\/\\\/casaarena.eu\\\/producte\\\/il%c2%b7lia-2018-negre\\\/#primaryimage\",\"url\":\"https:\\\/\\\/casaarena.eu\\\/wp-content\\\/uploads\\\/2021\\\/01\\\/il.lia_.jpg\",\"contentUrl\":\"https:\\\/\\\/casaarena.eu\\\/wp-content\\\/uploads\\\/2021\\\/01\\\/il.lia_.jpg\",\"width\":562,\"height\":562},{\"@type\":\"BreadcrumbList\",\"@id\":\"https:\\\/\\\/casaarena.eu\\\/producte\\\/il%c2%b7lia-2018-negre\\\/#breadcrumb\",\"itemListElement\":[{\"@type\":\"ListItem\",\"position\":1,\"name\":\"Portada\",\"item\":\"https:\\\/\\\/casaarena.eu\\\/\"},{\"@type\":\"ListItem\",\"position\":2,\"name\":\"Products\",\"item\":\"https:\\\/\\\/casaarena.eu\\\/en\\\/shop\\\/\"},{\"@type\":\"ListItem\",\"position\":3,\"name\":\"Il\u00b7lia 2018 Rouge (AOC Priorat)\"}]},{\"@type\":\"WebSite\",\"@id\":\"https:\\\/\\\/casaarena.eu\\\/es\\\/#website\",\"url\":\"https:\\\/\\\/casaarena.eu\\\/es\\\/\",\"name\":\"Casa arena\",\"description\":\"Casa Arena Wordpress Site\",\"publisher\":{\"@id\":\"https:\\\/\\\/casaarena.eu\\\/es\\\/#organization\"},\"potentialAction\":[{\"@type\":\"SearchAction\",\"target\":{\"@type\":\"EntryPoint\",\"urlTemplate\":\"https:\\\/\\\/casaarena.eu\\\/es\\\/?s={search_term_string}\"},\"query-input\":{\"@type\":\"PropertyValueSpecification\",\"valueRequired\":true,\"valueName\":\"search_term_string\"}}],\"inLanguage\":\"fr-FR\"},{\"@type\":\"Organization\",\"@id\":\"https:\\\/\\\/casaarena.eu\\\/es\\\/#organization\",\"name\":\"Casa arena\",\"url\":\"https:\\\/\\\/casaarena.eu\\\/es\\\/\",\"logo\":{\"@type\":\"ImageObject\",\"inLanguage\":\"fr-FR\",\"@id\":\"https:\\\/\\\/casaarena.eu\\\/es\\\/#\\\/schema\\\/logo\\\/image\\\/\",\"url\":\"https:\\\/\\\/casaarena.eu\\\/wp-content\\\/uploads\\\/2020\\\/06\\\/cropped-CasaArena_Logotip_Web-2.png\",\"contentUrl\":\"https:\\\/\\\/casaarena.eu\\\/wp-content\\\/uploads\\\/2020\\\/06\\\/cropped-CasaArena_Logotip_Web-2.png\",\"width\":997,\"height\":613,\"caption\":\"Casa arena\"},\"image\":{\"@id\":\"https:\\\/\\\/casaarena.eu\\\/es\\\/#\\\/schema\\\/logo\\\/image\\\/\"},\"sameAs\":[\"https:\\\/\\\/www.instagram.com\\\/casaarena_eu\\\/\"]}]}<\/script>\n<!-- \/ Yoast SEO plugin. -->","yoast_head_json":{"title":"Il\u00b7lia 2018 Rouge (AOC Priorat) - Casa arena","robots":{"index":"index","follow":"follow","max-snippet":"max-snippet:-1","max-image-preview":"max-image-preview:large","max-video-preview":"max-video-preview:-1"},"canonical":"https:\/\/casaarena.eu\/producte\/il\u00b7lia-2018-negre\/","og_locale":"fr_FR","og_type":"article","og_title":"Il\u00b7lia 2018 Rouge (AOC Priorat) - Casa arena","og_description":"Grenache, Carignan et Cabernet Sauvignon. Vieilli en f\u00fbts de ch\u00eane fran\u00e7ais pendant 24\u00a0mois. POIDS 1,5 kg","og_url":"https:\/\/casaarena.eu\/producte\/il\u00b7lia-2018-negre\/","og_site_name":"Casa arena","article_modified_time":"2021-11-29T08:38:16+00:00","og_image":[{"width":562,"height":562,"url":"https:\/\/casaarena.eu\/wp-content\/uploads\/2021\/01\/il.lia_.jpg","type":"image\/jpeg"}],"twitter_card":"summary_large_image","twitter_misc":{"Dur\u00e9e de lecture estim\u00e9e":"1 minute"},"schema":{"@context":"https:\/\/schema.org","@graph":[{"@type":"WebPage","@id":"https:\/\/casaarena.eu\/producte\/il%c2%b7lia-2018-negre\/","url":"https:\/\/casaarena.eu\/producte\/il%c2%b7lia-2018-negre\/","name":"Il\u00b7lia 2018 Rouge (AOC Priorat) - Casa arena","isPartOf":{"@id":"https:\/\/casaarena.eu\/es\/#website"},"primaryImageOfPage":{"@id":"https:\/\/casaarena.eu\/producte\/il%c2%b7lia-2018-negre\/#primaryimage"},"image":{"@id":"https:\/\/casaarena.eu\/producte\/il%c2%b7lia-2018-negre\/#primaryimage"},"thumbnailUrl":"https:\/\/casaarena.eu\/wp-content\/uploads\/2021\/01\/il.lia_.jpg","datePublished":"2021-11-17T15:33:25+00:00","dateModified":"2021-11-29T08:38:16+00:00","breadcrumb":{"@id":"https:\/\/casaarena.eu\/producte\/il%c2%b7lia-2018-negre\/#breadcrumb"},"inLanguage":"fr-FR","potentialAction":[{"@type":"ReadAction","target":["https:\/\/casaarena.eu\/producte\/il%c2%b7lia-2018-negre\/"]}]},{"@type":"ImageObject","inLanguage":"fr-FR","@id":"https:\/\/casaarena.eu\/producte\/il%c2%b7lia-2018-negre\/#primaryimage","url":"https:\/\/casaarena.eu\/wp-content\/uploads\/2021\/01\/il.lia_.jpg","contentUrl":"https:\/\/casaarena.eu\/wp-content\/uploads\/2021\/01\/il.lia_.jpg","width":562,"height":562},{"@type":"BreadcrumbList","@id":"https:\/\/casaarena.eu\/producte\/il%c2%b7lia-2018-negre\/#breadcrumb","itemListElement":[{"@type":"ListItem","position":1,"name":"Portada","item":"https:\/\/casaarena.eu\/"},{"@type":"ListItem","position":2,"name":"Products","item":"https:\/\/casaarena.eu\/en\/shop\/"},{"@type":"ListItem","position":3,"name":"Il\u00b7lia 2018 Rouge (AOC Priorat)"}]},{"@type":"WebSite","@id":"https:\/\/casaarena.eu\/es\/#website","url":"https:\/\/casaarena.eu\/es\/","name":"Casa arena","description":"Casa Arena Wordpress Site","publisher":{"@id":"https:\/\/casaarena.eu\/es\/#organization"},"potentialAction":[{"@type":"SearchAction","target":{"@type":"EntryPoint","urlTemplate":"https:\/\/casaarena.eu\/es\/?s={search_term_string}"},"query-input":{"@type":"PropertyValueSpecification","valueRequired":true,"valueName":"search_term_string"}}],"inLanguage":"fr-FR"},{"@type":"Organization","@id":"https:\/\/casaarena.eu\/es\/#organization","name":"Casa arena","url":"https:\/\/casaarena.eu\/es\/","logo":{"@type":"ImageObject","inLanguage":"fr-FR","@id":"https:\/\/casaarena.eu\/es\/#\/schema\/logo\/image\/","url":"https:\/\/casaarena.eu\/wp-content\/uploads\/2020\/06\/cropped-CasaArena_Logotip_Web-2.png","contentUrl":"https:\/\/casaarena.eu\/wp-content\/uploads\/2020\/06\/cropped-CasaArena_Logotip_Web-2.png","width":997,"height":613,"caption":"Casa arena"},"image":{"@id":"https:\/\/casaarena.eu\/es\/#\/schema\/logo\/image\/"},"sameAs":["https:\/\/www.instagram.com\/casaarena_eu\/"]}]}},"_links":{"self":[{"href":"https:\/\/casaarena.eu\/fr\/wp-json\/wp\/v2\/product\/7023","targetHints":{"allow":["GET"]}}],"collection":[{"href":"https:\/\/casaarena.eu\/fr\/wp-json\/wp\/v2\/product"}],"about":[{"href":"https:\/\/casaarena.eu\/fr\/wp-json\/wp\/v2\/types\/product"}],"wp:featuredmedia":[{"embeddable":true,"href":"https:\/\/casaarena.eu\/fr\/wp-json\/wp\/v2\/media\/3243"}],"wp:attachment":[{"href":"https:\/\/casaarena.eu\/fr\/wp-json\/wp\/v2\/media?parent=7023"}],"wp:term":[{"taxonomy":"product_brand","embeddable":true,"href":"https:\/\/casaarena.eu\/fr\/wp-json\/wp\/v2\/product_brand?post=7023"},{"taxonomy":"product_cat","embeddable":true,"href":"https:\/\/casaarena.eu\/fr\/wp-json\/wp\/v2\/product_cat?post=7023"},{"taxonomy":"product_tag","embeddable":true,"href":"https:\/\/casaarena.eu\/fr\/wp-json\/wp\/v2\/product_tag?post=7023"}],"curies":[{"name":"wp","href":"https:\/\/api.w.org\/{rel}","templated":true}]}}