{"id":7022,"date":"2021-01-27T12:21:31","date_gmt":"2021-11-17T15:33:25","guid":{"rendered":"https:\/\/www.casaarena.eu\/producte\/rocapoll-2015-vin-rouge-vin-de-la-villa-de-gratallops-aoc-priorat\/"},"modified":"2021-11-29T08:39:42","modified_gmt":"2021-11-29T08:39:42","slug":"rocapoll-2015-vin-rouge-vin-de-la-villa-de-gratallops-aoc-priorat","status":"publish","type":"product","link":"https:\/\/casaarena.eu\/fr\/producte\/rocapoll-2015-vin-rouge-vin-de-la-villa-de-gratallops-aoc-priorat\/","title":{"rendered":"Rocapoll 2015 &#8211; Vin rouge (Vin de la Villa de Gratallops, AOC Priorat)"},"content":{"rendered":"<p><!-- VideographyWP Plugin Message: Automatic video embedding prevented by plugin options. --><br \/>\nVin de la Villa de Gratallops, AOC (DOQ en catalan) Priorat, tr\u00e8s artisanal, produit \u00e0 partir de la vari\u00e9t\u00e9 carignan N des vignobles catalans centenaires. Production par mill\u00e9sime\u00a0: 300\u00a0bouteilles. Un produit v\u00e9ritablement unique.<\/p>\n<p>La vinification est enti\u00e8rement artisanale, de la fermentation en barriques \u00e0 base de levures naturelles \u00e0 la mise en bouteille manuelle apr\u00e8s vieillissement en f\u00fbts de ch\u00eane fran\u00e7ais \u00e0 grain fin de l\u2019Allier.<\/p>\n<p>C\u2019est un vin o\u00f9 le c\u00e9page du carignan N s\u2019exprime au maximum, avec une surprenante complexit\u00e9 d\u2019odeurs et de go\u00fbts, o\u00f9 les touches min\u00e9rales, \u00e9pic\u00e9es et l\u00e9g\u00e8rement grill\u00e9es se m\u00ealent aux amandes caram\u00e9lis\u00e9es et aux herbes aromatiques tout en \u00e9voquant le ratafia, une boisson alcoolis\u00e9e sucr\u00e9e typique d\u2019Olot.<\/p>\n<p>En bouche, la saveur intense et dense est combin\u00e9e avec une acidit\u00e9 parfaite qui rend le vin frais et vigoureux. Les tanins sont intenses, polis et forment un triangle \u00e9quilibr\u00e9 entre l\u2019acidit\u00e9 et l\u2019alcool, ce qui conf\u00e8re au vin une bonne structure, de la consistance et un passage facile en bouche.<\/p>\n<p>L\u2019arri\u00e8re-go\u00fbt est long, aromatique et vigoureux. Le vin sera affin\u00e9 apr\u00e8s environ cinq ans et peut \u00eatre conserv\u00e9 pendant plus d\u2019une d\u00e9cennie.<\/p>\n","protected":false},"excerpt":{"rendered":"<p>Carignan centenaire.<br \/>\nVieilli en f\u00fbt de ch\u00eane fran\u00e7ais pendant 18\u00a0mois.<br \/>\n14\u00a0% vol. POIDS 1,5\u00a0kg<\/p>\n","protected":false},"featured_media":3251,"template":"","meta":{"_acf_changed":false,"inline_featured_image":false},"product_brand":[],"product_cat":[305,320],"product_tag":[],"class_list":{"0":"post-7022","1":"product","2":"type-product","3":"status-publish","4":"has-post-thumbnail","6":"product_cat-productes-casa-arena-fr","7":"product_cat-vins-fr","9":"first","10":"instock","11":"taxable","12":"shipping-taxable","13":"purchasable","14":"product-type-simple"},"acf":[],"yoast_head":"<!-- This site is optimized with the Yoast SEO plugin v27.5 - https:\/\/yoast.com\/product\/yoast-seo-wordpress\/ -->\n<title>Rocapoll 2015 - Vin rouge (Vin de la Villa de Gratallops, AOC Priorat) - Casa arena<\/title>\n<meta name=\"robots\" content=\"index, follow, max-snippet:-1, max-image-preview:large, max-video-preview:-1\" \/>\n<link rel=\"canonical\" href=\"https:\/\/casaarena.eu\/producte\/rocapoll-2015-tinto\/\" \/>\n<meta property=\"og:locale\" content=\"fr_FR\" \/>\n<meta property=\"og:type\" content=\"article\" \/>\n<meta property=\"og:title\" content=\"Rocapoll 2015 - Vin rouge (Vin de la Villa de Gratallops, AOC Priorat) - Casa arena\" \/>\n<meta property=\"og:description\" content=\"Carignan centenaire. Vieilli en f\u00fbt de ch\u00eane fran\u00e7ais pendant 18\u00a0mois. 14\u00a0% vol. POIDS 1,5\u00a0kg\" \/>\n<meta property=\"og:url\" content=\"https:\/\/casaarena.eu\/producte\/rocapoll-2015-tinto\/\" \/>\n<meta property=\"og:site_name\" content=\"Casa arena\" \/>\n<meta property=\"article:modified_time\" content=\"2021-11-29T08:39:42+00:00\" \/>\n<meta property=\"og:image\" content=\"https:\/\/casaarena.eu\/wp-content\/uploads\/2021\/01\/ROCAPOLL-2015.jpg\" \/>\n\t<meta property=\"og:image:width\" content=\"567\" \/>\n\t<meta property=\"og:image:height\" content=\"567\" \/>\n\t<meta property=\"og:image:type\" content=\"image\/jpeg\" \/>\n<meta name=\"twitter:card\" content=\"summary_large_image\" \/>\n<meta name=\"twitter:label1\" content=\"Dur\u00e9e de lecture estim\u00e9e\" \/>\n\t<meta name=\"twitter:data1\" content=\"1 minute\" \/>\n<script type=\"application\/ld+json\" class=\"yoast-schema-graph\">{\"@context\":\"https:\\\/\\\/schema.org\",\"@graph\":[{\"@type\":\"WebPage\",\"@id\":\"https:\\\/\\\/casaarena.eu\\\/producte\\\/rocapoll-2015-tinto\\\/\",\"url\":\"https:\\\/\\\/casaarena.eu\\\/producte\\\/rocapoll-2015-tinto\\\/\",\"name\":\"Rocapoll 2015 - Vin rouge (Vin de la Villa de Gratallops, AOC Priorat) - Casa arena\",\"isPartOf\":{\"@id\":\"https:\\\/\\\/casaarena.eu\\\/es\\\/#website\"},\"primaryImageOfPage\":{\"@id\":\"https:\\\/\\\/casaarena.eu\\\/producte\\\/rocapoll-2015-tinto\\\/#primaryimage\"},\"image\":{\"@id\":\"https:\\\/\\\/casaarena.eu\\\/producte\\\/rocapoll-2015-tinto\\\/#primaryimage\"},\"thumbnailUrl\":\"https:\\\/\\\/casaarena.eu\\\/wp-content\\\/uploads\\\/2021\\\/01\\\/ROCAPOLL-2015.jpg\",\"datePublished\":\"2021-11-17T15:33:25+00:00\",\"dateModified\":\"2021-11-29T08:39:42+00:00\",\"breadcrumb\":{\"@id\":\"https:\\\/\\\/casaarena.eu\\\/producte\\\/rocapoll-2015-tinto\\\/#breadcrumb\"},\"inLanguage\":\"fr-FR\",\"potentialAction\":[{\"@type\":\"ReadAction\",\"target\":[\"https:\\\/\\\/casaarena.eu\\\/producte\\\/rocapoll-2015-tinto\\\/\"]}]},{\"@type\":\"ImageObject\",\"inLanguage\":\"fr-FR\",\"@id\":\"https:\\\/\\\/casaarena.eu\\\/producte\\\/rocapoll-2015-tinto\\\/#primaryimage\",\"url\":\"https:\\\/\\\/casaarena.eu\\\/wp-content\\\/uploads\\\/2021\\\/01\\\/ROCAPOLL-2015.jpg\",\"contentUrl\":\"https:\\\/\\\/casaarena.eu\\\/wp-content\\\/uploads\\\/2021\\\/01\\\/ROCAPOLL-2015.jpg\",\"width\":567,\"height\":567},{\"@type\":\"BreadcrumbList\",\"@id\":\"https:\\\/\\\/casaarena.eu\\\/producte\\\/rocapoll-2015-tinto\\\/#breadcrumb\",\"itemListElement\":[{\"@type\":\"ListItem\",\"position\":1,\"name\":\"Portada\",\"item\":\"https:\\\/\\\/casaarena.eu\\\/\"},{\"@type\":\"ListItem\",\"position\":2,\"name\":\"Products\",\"item\":\"https:\\\/\\\/casaarena.eu\\\/en\\\/shop\\\/\"},{\"@type\":\"ListItem\",\"position\":3,\"name\":\"Rocapoll 2015 &#8211; Vin rouge (Vin de la Villa de Gratallops, AOC Priorat)\"}]},{\"@type\":\"WebSite\",\"@id\":\"https:\\\/\\\/casaarena.eu\\\/es\\\/#website\",\"url\":\"https:\\\/\\\/casaarena.eu\\\/es\\\/\",\"name\":\"Casa arena\",\"description\":\"Casa Arena Wordpress Site\",\"publisher\":{\"@id\":\"https:\\\/\\\/casaarena.eu\\\/es\\\/#organization\"},\"potentialAction\":[{\"@type\":\"SearchAction\",\"target\":{\"@type\":\"EntryPoint\",\"urlTemplate\":\"https:\\\/\\\/casaarena.eu\\\/es\\\/?s={search_term_string}\"},\"query-input\":{\"@type\":\"PropertyValueSpecification\",\"valueRequired\":true,\"valueName\":\"search_term_string\"}}],\"inLanguage\":\"fr-FR\"},{\"@type\":\"Organization\",\"@id\":\"https:\\\/\\\/casaarena.eu\\\/es\\\/#organization\",\"name\":\"Casa arena\",\"url\":\"https:\\\/\\\/casaarena.eu\\\/es\\\/\",\"logo\":{\"@type\":\"ImageObject\",\"inLanguage\":\"fr-FR\",\"@id\":\"https:\\\/\\\/casaarena.eu\\\/es\\\/#\\\/schema\\\/logo\\\/image\\\/\",\"url\":\"https:\\\/\\\/casaarena.eu\\\/wp-content\\\/uploads\\\/2020\\\/06\\\/cropped-CasaArena_Logotip_Web-2.png\",\"contentUrl\":\"https:\\\/\\\/casaarena.eu\\\/wp-content\\\/uploads\\\/2020\\\/06\\\/cropped-CasaArena_Logotip_Web-2.png\",\"width\":997,\"height\":613,\"caption\":\"Casa arena\"},\"image\":{\"@id\":\"https:\\\/\\\/casaarena.eu\\\/es\\\/#\\\/schema\\\/logo\\\/image\\\/\"},\"sameAs\":[\"https:\\\/\\\/www.instagram.com\\\/casaarena_eu\\\/\"]}]}<\/script>\n<!-- \/ Yoast SEO plugin. -->","yoast_head_json":{"title":"Rocapoll 2015 - Vin rouge (Vin de la Villa de Gratallops, AOC Priorat) - Casa arena","robots":{"index":"index","follow":"follow","max-snippet":"max-snippet:-1","max-image-preview":"max-image-preview:large","max-video-preview":"max-video-preview:-1"},"canonical":"https:\/\/casaarena.eu\/producte\/rocapoll-2015-tinto\/","og_locale":"fr_FR","og_type":"article","og_title":"Rocapoll 2015 - Vin rouge (Vin de la Villa de Gratallops, AOC Priorat) - Casa arena","og_description":"Carignan centenaire. Vieilli en f\u00fbt de ch\u00eane fran\u00e7ais pendant 18\u00a0mois. 14\u00a0% vol. POIDS 1,5\u00a0kg","og_url":"https:\/\/casaarena.eu\/producte\/rocapoll-2015-tinto\/","og_site_name":"Casa arena","article_modified_time":"2021-11-29T08:39:42+00:00","og_image":[{"width":567,"height":567,"url":"https:\/\/casaarena.eu\/wp-content\/uploads\/2021\/01\/ROCAPOLL-2015.jpg","type":"image\/jpeg"}],"twitter_card":"summary_large_image","twitter_misc":{"Dur\u00e9e de lecture estim\u00e9e":"1 minute"},"schema":{"@context":"https:\/\/schema.org","@graph":[{"@type":"WebPage","@id":"https:\/\/casaarena.eu\/producte\/rocapoll-2015-tinto\/","url":"https:\/\/casaarena.eu\/producte\/rocapoll-2015-tinto\/","name":"Rocapoll 2015 - Vin rouge (Vin de la Villa de Gratallops, AOC Priorat) - Casa arena","isPartOf":{"@id":"https:\/\/casaarena.eu\/es\/#website"},"primaryImageOfPage":{"@id":"https:\/\/casaarena.eu\/producte\/rocapoll-2015-tinto\/#primaryimage"},"image":{"@id":"https:\/\/casaarena.eu\/producte\/rocapoll-2015-tinto\/#primaryimage"},"thumbnailUrl":"https:\/\/casaarena.eu\/wp-content\/uploads\/2021\/01\/ROCAPOLL-2015.jpg","datePublished":"2021-11-17T15:33:25+00:00","dateModified":"2021-11-29T08:39:42+00:00","breadcrumb":{"@id":"https:\/\/casaarena.eu\/producte\/rocapoll-2015-tinto\/#breadcrumb"},"inLanguage":"fr-FR","potentialAction":[{"@type":"ReadAction","target":["https:\/\/casaarena.eu\/producte\/rocapoll-2015-tinto\/"]}]},{"@type":"ImageObject","inLanguage":"fr-FR","@id":"https:\/\/casaarena.eu\/producte\/rocapoll-2015-tinto\/#primaryimage","url":"https:\/\/casaarena.eu\/wp-content\/uploads\/2021\/01\/ROCAPOLL-2015.jpg","contentUrl":"https:\/\/casaarena.eu\/wp-content\/uploads\/2021\/01\/ROCAPOLL-2015.jpg","width":567,"height":567},{"@type":"BreadcrumbList","@id":"https:\/\/casaarena.eu\/producte\/rocapoll-2015-tinto\/#breadcrumb","itemListElement":[{"@type":"ListItem","position":1,"name":"Portada","item":"https:\/\/casaarena.eu\/"},{"@type":"ListItem","position":2,"name":"Products","item":"https:\/\/casaarena.eu\/en\/shop\/"},{"@type":"ListItem","position":3,"name":"Rocapoll 2015 &#8211; Vin rouge (Vin de la Villa de Gratallops, AOC Priorat)"}]},{"@type":"WebSite","@id":"https:\/\/casaarena.eu\/es\/#website","url":"https:\/\/casaarena.eu\/es\/","name":"Casa arena","description":"Casa Arena Wordpress Site","publisher":{"@id":"https:\/\/casaarena.eu\/es\/#organization"},"potentialAction":[{"@type":"SearchAction","target":{"@type":"EntryPoint","urlTemplate":"https:\/\/casaarena.eu\/es\/?s={search_term_string}"},"query-input":{"@type":"PropertyValueSpecification","valueRequired":true,"valueName":"search_term_string"}}],"inLanguage":"fr-FR"},{"@type":"Organization","@id":"https:\/\/casaarena.eu\/es\/#organization","name":"Casa arena","url":"https:\/\/casaarena.eu\/es\/","logo":{"@type":"ImageObject","inLanguage":"fr-FR","@id":"https:\/\/casaarena.eu\/es\/#\/schema\/logo\/image\/","url":"https:\/\/casaarena.eu\/wp-content\/uploads\/2020\/06\/cropped-CasaArena_Logotip_Web-2.png","contentUrl":"https:\/\/casaarena.eu\/wp-content\/uploads\/2020\/06\/cropped-CasaArena_Logotip_Web-2.png","width":997,"height":613,"caption":"Casa arena"},"image":{"@id":"https:\/\/casaarena.eu\/es\/#\/schema\/logo\/image\/"},"sameAs":["https:\/\/www.instagram.com\/casaarena_eu\/"]}]}},"_links":{"self":[{"href":"https:\/\/casaarena.eu\/fr\/wp-json\/wp\/v2\/product\/7022","targetHints":{"allow":["GET"]}}],"collection":[{"href":"https:\/\/casaarena.eu\/fr\/wp-json\/wp\/v2\/product"}],"about":[{"href":"https:\/\/casaarena.eu\/fr\/wp-json\/wp\/v2\/types\/product"}],"wp:featuredmedia":[{"embeddable":true,"href":"https:\/\/casaarena.eu\/fr\/wp-json\/wp\/v2\/media\/3251"}],"wp:attachment":[{"href":"https:\/\/casaarena.eu\/fr\/wp-json\/wp\/v2\/media?parent=7022"}],"wp:term":[{"taxonomy":"product_brand","embeddable":true,"href":"https:\/\/casaarena.eu\/fr\/wp-json\/wp\/v2\/product_brand?post=7022"},{"taxonomy":"product_cat","embeddable":true,"href":"https:\/\/casaarena.eu\/fr\/wp-json\/wp\/v2\/product_cat?post=7022"},{"taxonomy":"product_tag","embeddable":true,"href":"https:\/\/casaarena.eu\/fr\/wp-json\/wp\/v2\/product_tag?post=7022"}],"curies":[{"name":"wp","href":"https:\/\/api.w.org\/{rel}","templated":true}]}}