{"id":7021,"date":"2021-01-27T12:16:28","date_gmt":"2021-11-17T15:33:25","guid":{"rendered":"https:\/\/www.casaarena.eu\/producte\/le-jardin-de-ma-tante-ao-cava-biologique\/"},"modified":"2021-11-29T08:36:53","modified_gmt":"2021-11-29T08:36:53","slug":"le-jardin-de-ma-tante-ao-cava-biologique","status":"publish","type":"product","link":"https:\/\/casaarena.eu\/fr\/producte\/le-jardin-de-ma-tante-ao-cava-biologique\/","title":{"rendered":"Le Jardin De Ma Tante (AO Cava, biologique)"},"content":{"rendered":"<p><!-- VideographyWP Plugin Message: Automatic video embedding prevented by plugin options. --><br \/>\nFruit de la collaboration entre Josep Roca (Devinssi) et Josep\u00a0Elies (Parat\u00f3), histoires parall\u00e8les, quartiers communs. Robe or blanc avec un liser\u00e9 paille, petites bulles avec un bon d\u00e9gagement. Cava aux sensations fra\u00eeches, aux ar\u00f4mes de fleurs et d\u2019agrumes l\u00e9gers en bouche et aux notes balsamiques et de fruits blancs.<\/p>\n","protected":false},"excerpt":{"rendered":"<p>Cava certifi\u00e9 biologique.<br \/>\nMinimum 12\u00a0mois d\u2019\u00e9levage sur des lies fines.<br \/>\nXarel\u00b7lo, Parellada, Macabeu B et Chardonnay.<br \/>\nBrut Nature. 12\u00a0% vol. POIDS 1,5 kg<\/p>\n","protected":false},"featured_media":3226,"template":"","meta":{"_acf_changed":false,"inline_featured_image":false},"product_brand":[],"product_cat":[305,320],"product_tag":[],"class_list":{"0":"post-7021","1":"product","2":"type-product","3":"status-publish","4":"has-post-thumbnail","6":"product_cat-productes-casa-arena-fr","7":"product_cat-vins-fr","9":"first","10":"instock","11":"taxable","12":"shipping-taxable","13":"purchasable","14":"product-type-simple"},"acf":[],"yoast_head":"<!-- This site is optimized with the Yoast SEO plugin v27.5 - https:\/\/yoast.com\/product\/yoast-seo-wordpress\/ -->\n<title>Le Jardin De Ma Tante (AO Cava, biologique) - Casa arena<\/title>\n<meta name=\"robots\" content=\"index, follow, max-snippet:-1, max-image-preview:large, max-video-preview:-1\" \/>\n<link rel=\"canonical\" href=\"https:\/\/casaarena.eu\/producte\/le-jardin-de-ma-tante\/\" \/>\n<meta property=\"og:locale\" content=\"fr_FR\" \/>\n<meta property=\"og:type\" content=\"article\" \/>\n<meta property=\"og:title\" content=\"Le Jardin De Ma Tante (AO Cava, biologique) - Casa arena\" \/>\n<meta property=\"og:description\" content=\"Cava certifi\u00e9 biologique. Minimum 12\u00a0mois d\u2019\u00e9levage sur des lies fines. Xarel\u00b7lo, Parellada, Macabeu B et Chardonnay. Brut Nature. 12\u00a0% vol. POIDS 1,5 kg\" \/>\n<meta property=\"og:url\" content=\"https:\/\/casaarena.eu\/producte\/le-jardin-de-ma-tante\/\" \/>\n<meta property=\"og:site_name\" content=\"Casa arena\" \/>\n<meta property=\"article:modified_time\" content=\"2021-11-29T08:36:53+00:00\" \/>\n<meta property=\"og:image\" content=\"https:\/\/casaarena.eu\/wp-content\/uploads\/2021\/01\/LE-JARDIN-DE-MA-TANTE.jpg\" \/>\n\t<meta property=\"og:image:width\" content=\"586\" \/>\n\t<meta property=\"og:image:height\" content=\"581\" \/>\n\t<meta property=\"og:image:type\" content=\"image\/jpeg\" \/>\n<meta name=\"twitter:card\" content=\"summary_large_image\" \/>\n<script type=\"application\/ld+json\" class=\"yoast-schema-graph\">{\"@context\":\"https:\\\/\\\/schema.org\",\"@graph\":[{\"@type\":\"WebPage\",\"@id\":\"https:\\\/\\\/casaarena.eu\\\/producte\\\/le-jardin-de-ma-tante\\\/\",\"url\":\"https:\\\/\\\/casaarena.eu\\\/producte\\\/le-jardin-de-ma-tante\\\/\",\"name\":\"Le Jardin De Ma Tante (AO Cava, biologique) - Casa arena\",\"isPartOf\":{\"@id\":\"https:\\\/\\\/casaarena.eu\\\/es\\\/#website\"},\"primaryImageOfPage\":{\"@id\":\"https:\\\/\\\/casaarena.eu\\\/producte\\\/le-jardin-de-ma-tante\\\/#primaryimage\"},\"image\":{\"@id\":\"https:\\\/\\\/casaarena.eu\\\/producte\\\/le-jardin-de-ma-tante\\\/#primaryimage\"},\"thumbnailUrl\":\"https:\\\/\\\/casaarena.eu\\\/wp-content\\\/uploads\\\/2021\\\/01\\\/LE-JARDIN-DE-MA-TANTE.jpg\",\"datePublished\":\"2021-11-17T15:33:25+00:00\",\"dateModified\":\"2021-11-29T08:36:53+00:00\",\"breadcrumb\":{\"@id\":\"https:\\\/\\\/casaarena.eu\\\/producte\\\/le-jardin-de-ma-tante\\\/#breadcrumb\"},\"inLanguage\":\"fr-FR\",\"potentialAction\":[{\"@type\":\"ReadAction\",\"target\":[\"https:\\\/\\\/casaarena.eu\\\/producte\\\/le-jardin-de-ma-tante\\\/\"]}]},{\"@type\":\"ImageObject\",\"inLanguage\":\"fr-FR\",\"@id\":\"https:\\\/\\\/casaarena.eu\\\/producte\\\/le-jardin-de-ma-tante\\\/#primaryimage\",\"url\":\"https:\\\/\\\/casaarena.eu\\\/wp-content\\\/uploads\\\/2021\\\/01\\\/LE-JARDIN-DE-MA-TANTE.jpg\",\"contentUrl\":\"https:\\\/\\\/casaarena.eu\\\/wp-content\\\/uploads\\\/2021\\\/01\\\/LE-JARDIN-DE-MA-TANTE.jpg\",\"width\":586,\"height\":581},{\"@type\":\"BreadcrumbList\",\"@id\":\"https:\\\/\\\/casaarena.eu\\\/producte\\\/le-jardin-de-ma-tante\\\/#breadcrumb\",\"itemListElement\":[{\"@type\":\"ListItem\",\"position\":1,\"name\":\"Portada\",\"item\":\"https:\\\/\\\/casaarena.eu\\\/\"},{\"@type\":\"ListItem\",\"position\":2,\"name\":\"Products\",\"item\":\"https:\\\/\\\/casaarena.eu\\\/en\\\/shop\\\/\"},{\"@type\":\"ListItem\",\"position\":3,\"name\":\"Le Jardin De Ma Tante (AO Cava, biologique)\"}]},{\"@type\":\"WebSite\",\"@id\":\"https:\\\/\\\/casaarena.eu\\\/es\\\/#website\",\"url\":\"https:\\\/\\\/casaarena.eu\\\/es\\\/\",\"name\":\"Casa arena\",\"description\":\"Casa Arena Wordpress Site\",\"publisher\":{\"@id\":\"https:\\\/\\\/casaarena.eu\\\/es\\\/#organization\"},\"potentialAction\":[{\"@type\":\"SearchAction\",\"target\":{\"@type\":\"EntryPoint\",\"urlTemplate\":\"https:\\\/\\\/casaarena.eu\\\/es\\\/?s={search_term_string}\"},\"query-input\":{\"@type\":\"PropertyValueSpecification\",\"valueRequired\":true,\"valueName\":\"search_term_string\"}}],\"inLanguage\":\"fr-FR\"},{\"@type\":\"Organization\",\"@id\":\"https:\\\/\\\/casaarena.eu\\\/es\\\/#organization\",\"name\":\"Casa arena\",\"url\":\"https:\\\/\\\/casaarena.eu\\\/es\\\/\",\"logo\":{\"@type\":\"ImageObject\",\"inLanguage\":\"fr-FR\",\"@id\":\"https:\\\/\\\/casaarena.eu\\\/es\\\/#\\\/schema\\\/logo\\\/image\\\/\",\"url\":\"https:\\\/\\\/casaarena.eu\\\/wp-content\\\/uploads\\\/2020\\\/06\\\/cropped-CasaArena_Logotip_Web-2.png\",\"contentUrl\":\"https:\\\/\\\/casaarena.eu\\\/wp-content\\\/uploads\\\/2020\\\/06\\\/cropped-CasaArena_Logotip_Web-2.png\",\"width\":997,\"height\":613,\"caption\":\"Casa arena\"},\"image\":{\"@id\":\"https:\\\/\\\/casaarena.eu\\\/es\\\/#\\\/schema\\\/logo\\\/image\\\/\"},\"sameAs\":[\"https:\\\/\\\/www.instagram.com\\\/casaarena_eu\\\/\"]}]}<\/script>\n<!-- \/ Yoast SEO plugin. -->","yoast_head_json":{"title":"Le Jardin De Ma Tante (AO Cava, biologique) - Casa arena","robots":{"index":"index","follow":"follow","max-snippet":"max-snippet:-1","max-image-preview":"max-image-preview:large","max-video-preview":"max-video-preview:-1"},"canonical":"https:\/\/casaarena.eu\/producte\/le-jardin-de-ma-tante\/","og_locale":"fr_FR","og_type":"article","og_title":"Le Jardin De Ma Tante (AO Cava, biologique) - Casa arena","og_description":"Cava certifi\u00e9 biologique. Minimum 12\u00a0mois d\u2019\u00e9levage sur des lies fines. Xarel\u00b7lo, Parellada, Macabeu B et Chardonnay. Brut Nature. 12\u00a0% vol. POIDS 1,5 kg","og_url":"https:\/\/casaarena.eu\/producte\/le-jardin-de-ma-tante\/","og_site_name":"Casa arena","article_modified_time":"2021-11-29T08:36:53+00:00","og_image":[{"width":586,"height":581,"url":"https:\/\/casaarena.eu\/wp-content\/uploads\/2021\/01\/LE-JARDIN-DE-MA-TANTE.jpg","type":"image\/jpeg"}],"twitter_card":"summary_large_image","schema":{"@context":"https:\/\/schema.org","@graph":[{"@type":"WebPage","@id":"https:\/\/casaarena.eu\/producte\/le-jardin-de-ma-tante\/","url":"https:\/\/casaarena.eu\/producte\/le-jardin-de-ma-tante\/","name":"Le Jardin De Ma Tante (AO Cava, biologique) - Casa arena","isPartOf":{"@id":"https:\/\/casaarena.eu\/es\/#website"},"primaryImageOfPage":{"@id":"https:\/\/casaarena.eu\/producte\/le-jardin-de-ma-tante\/#primaryimage"},"image":{"@id":"https:\/\/casaarena.eu\/producte\/le-jardin-de-ma-tante\/#primaryimage"},"thumbnailUrl":"https:\/\/casaarena.eu\/wp-content\/uploads\/2021\/01\/LE-JARDIN-DE-MA-TANTE.jpg","datePublished":"2021-11-17T15:33:25+00:00","dateModified":"2021-11-29T08:36:53+00:00","breadcrumb":{"@id":"https:\/\/casaarena.eu\/producte\/le-jardin-de-ma-tante\/#breadcrumb"},"inLanguage":"fr-FR","potentialAction":[{"@type":"ReadAction","target":["https:\/\/casaarena.eu\/producte\/le-jardin-de-ma-tante\/"]}]},{"@type":"ImageObject","inLanguage":"fr-FR","@id":"https:\/\/casaarena.eu\/producte\/le-jardin-de-ma-tante\/#primaryimage","url":"https:\/\/casaarena.eu\/wp-content\/uploads\/2021\/01\/LE-JARDIN-DE-MA-TANTE.jpg","contentUrl":"https:\/\/casaarena.eu\/wp-content\/uploads\/2021\/01\/LE-JARDIN-DE-MA-TANTE.jpg","width":586,"height":581},{"@type":"BreadcrumbList","@id":"https:\/\/casaarena.eu\/producte\/le-jardin-de-ma-tante\/#breadcrumb","itemListElement":[{"@type":"ListItem","position":1,"name":"Portada","item":"https:\/\/casaarena.eu\/"},{"@type":"ListItem","position":2,"name":"Products","item":"https:\/\/casaarena.eu\/en\/shop\/"},{"@type":"ListItem","position":3,"name":"Le Jardin De Ma Tante (AO Cava, biologique)"}]},{"@type":"WebSite","@id":"https:\/\/casaarena.eu\/es\/#website","url":"https:\/\/casaarena.eu\/es\/","name":"Casa arena","description":"Casa Arena Wordpress Site","publisher":{"@id":"https:\/\/casaarena.eu\/es\/#organization"},"potentialAction":[{"@type":"SearchAction","target":{"@type":"EntryPoint","urlTemplate":"https:\/\/casaarena.eu\/es\/?s={search_term_string}"},"query-input":{"@type":"PropertyValueSpecification","valueRequired":true,"valueName":"search_term_string"}}],"inLanguage":"fr-FR"},{"@type":"Organization","@id":"https:\/\/casaarena.eu\/es\/#organization","name":"Casa arena","url":"https:\/\/casaarena.eu\/es\/","logo":{"@type":"ImageObject","inLanguage":"fr-FR","@id":"https:\/\/casaarena.eu\/es\/#\/schema\/logo\/image\/","url":"https:\/\/casaarena.eu\/wp-content\/uploads\/2020\/06\/cropped-CasaArena_Logotip_Web-2.png","contentUrl":"https:\/\/casaarena.eu\/wp-content\/uploads\/2020\/06\/cropped-CasaArena_Logotip_Web-2.png","width":997,"height":613,"caption":"Casa arena"},"image":{"@id":"https:\/\/casaarena.eu\/es\/#\/schema\/logo\/image\/"},"sameAs":["https:\/\/www.instagram.com\/casaarena_eu\/"]}]}},"_links":{"self":[{"href":"https:\/\/casaarena.eu\/fr\/wp-json\/wp\/v2\/product\/7021","targetHints":{"allow":["GET"]}}],"collection":[{"href":"https:\/\/casaarena.eu\/fr\/wp-json\/wp\/v2\/product"}],"about":[{"href":"https:\/\/casaarena.eu\/fr\/wp-json\/wp\/v2\/types\/product"}],"wp:featuredmedia":[{"embeddable":true,"href":"https:\/\/casaarena.eu\/fr\/wp-json\/wp\/v2\/media\/3226"}],"wp:attachment":[{"href":"https:\/\/casaarena.eu\/fr\/wp-json\/wp\/v2\/media?parent=7021"}],"wp:term":[{"taxonomy":"product_brand","embeddable":true,"href":"https:\/\/casaarena.eu\/fr\/wp-json\/wp\/v2\/product_brand?post=7021"},{"taxonomy":"product_cat","embeddable":true,"href":"https:\/\/casaarena.eu\/fr\/wp-json\/wp\/v2\/product_cat?post=7021"},{"taxonomy":"product_tag","embeddable":true,"href":"https:\/\/casaarena.eu\/fr\/wp-json\/wp\/v2\/product_tag?post=7021"}],"curies":[{"name":"wp","href":"https:\/\/api.w.org\/{rel}","templated":true}]}}