{"id":7016,"date":"2020-12-17T10:04:33","date_gmt":"2021-11-17T15:33:24","guid":{"rendered":"https:\/\/www.casaarena.eu\/producte\/gel-douche-et-bain-au-lait\/"},"modified":"2021-11-25T11:02:04","modified_gmt":"2021-11-25T11:02:04","slug":"gel-douche-et-bain-au-lait","status":"publish","type":"product","link":"https:\/\/casaarena.eu\/fr\/producte\/gel-douche-et-bain-au-lait\/","title":{"rendered":"Gel douche et bain AU LAIT"},"content":{"rendered":"<p><!-- VideographyWP Plugin Message: Automatic video embedding prevented by plugin options. --><br \/>\nProduit CLINIQUEMENT test\u00e9 sous contr\u00f4le dermatologique avec des m\u00e9thodes alternatives, sans recourir en aucun cas \u00e0 l\u2019exp\u00e9rimentation animale.<\/p>\n<p><strong>Ingr\u00e9dients\u00a0:\u00a0<\/strong>Aqua (Eau), Sulfate de sodium laureth, Chlorure de sodium, Parfum (Fragrance), Cocamidopropyl B\u00e9ta\u00efne, Lac (lait sec non gras), Copolym\u00e8re styr\u00e8ne\/acrylates, EDTA disodique, Ac\u00e9tate de tocoph\u00e9ryle, Trideceth 7, M\u00e9thylchloroisothiazolinone, M\u00e9thylisothiazolinone, Alpha-Isom\u00e9thyl Ionone, Butylphenyl Methylpropional (Lilial), Linalool, Hydroxyisohexyl 3-Cyclohexene Carboxaldehyde (Lyral), Citronellol, Coumarine, G\u00e9raniol.<\/p>\n<p>250\u00a0ml<\/p>\n","protected":false},"excerpt":{"rendered":"<p>Le gel est parfait pour une utilisation aussi bien sous la douche que dans la baignoire. Le gel Casa Arena Au Lait est enrichi en propri\u00e9t\u00e9s laiti\u00e8res. Gr\u00e2ce \u00e0 ces propri\u00e9t\u00e9s, vous sentirez votre peau propre, revitalis\u00e9e et hydrat\u00e9e.<\/p>\n","protected":false},"featured_media":6091,"template":"","meta":{"_acf_changed":false,"inline_featured_image":false},"product_brand":[],"product_cat":[305],"product_tag":[],"class_list":{"0":"post-7016","1":"product","2":"type-product","3":"status-publish","4":"has-post-thumbnail","6":"product_cat-productes-casa-arena-fr","8":"first","9":"instock","10":"taxable","11":"shipping-taxable","12":"purchasable","13":"product-type-simple"},"acf":[],"yoast_head":"<!-- This site is optimized with the Yoast SEO plugin v27.5 - https:\/\/yoast.com\/product\/yoast-seo-wordpress\/ -->\n<title>Gel douche et bain AU LAIT - Casa arena<\/title>\n<meta name=\"robots\" content=\"index, follow, max-snippet:-1, max-image-preview:large, max-video-preview:-1\" \/>\n<link rel=\"canonical\" href=\"https:\/\/casaarena.eu\/producte\/gel-de-dutxa-i-bany-au-lait\/\" \/>\n<meta property=\"og:locale\" content=\"fr_FR\" \/>\n<meta property=\"og:type\" content=\"article\" \/>\n<meta property=\"og:title\" content=\"Gel douche et bain AU LAIT - Casa arena\" \/>\n<meta property=\"og:description\" content=\"Le gel est parfait pour une utilisation aussi bien sous la douche que dans la baignoire. Le gel Casa Arena Au Lait est enrichi en propri\u00e9t\u00e9s laiti\u00e8res. Gr\u00e2ce \u00e0 ces propri\u00e9t\u00e9s, vous sentirez votre peau propre, revitalis\u00e9e et hydrat\u00e9e.\" \/>\n<meta property=\"og:url\" content=\"https:\/\/casaarena.eu\/producte\/gel-de-dutxa-i-bany-au-lait\/\" \/>\n<meta property=\"og:site_name\" content=\"Casa arena\" \/>\n<meta property=\"article:modified_time\" content=\"2021-11-25T11:02:04+00:00\" \/>\n<meta property=\"og:image\" content=\"https:\/\/casaarena.eu\/wp-content\/uploads\/2020\/12\/CA21-9435-banyo.jpg\" \/>\n\t<meta property=\"og:image:width\" content=\"1080\" \/>\n\t<meta property=\"og:image:height\" content=\"1620\" \/>\n\t<meta property=\"og:image:type\" content=\"image\/jpeg\" \/>\n<meta name=\"twitter:card\" content=\"summary_large_image\" \/>\n<script type=\"application\/ld+json\" class=\"yoast-schema-graph\">{\"@context\":\"https:\\\/\\\/schema.org\",\"@graph\":[{\"@type\":\"WebPage\",\"@id\":\"https:\\\/\\\/casaarena.eu\\\/producte\\\/gel-de-dutxa-i-bany-au-lait\\\/\",\"url\":\"https:\\\/\\\/casaarena.eu\\\/producte\\\/gel-de-dutxa-i-bany-au-lait\\\/\",\"name\":\"Gel douche et bain AU LAIT - Casa arena\",\"isPartOf\":{\"@id\":\"https:\\\/\\\/casaarena.eu\\\/es\\\/#website\"},\"primaryImageOfPage\":{\"@id\":\"https:\\\/\\\/casaarena.eu\\\/producte\\\/gel-de-dutxa-i-bany-au-lait\\\/#primaryimage\"},\"image\":{\"@id\":\"https:\\\/\\\/casaarena.eu\\\/producte\\\/gel-de-dutxa-i-bany-au-lait\\\/#primaryimage\"},\"thumbnailUrl\":\"https:\\\/\\\/casaarena.eu\\\/wp-content\\\/uploads\\\/2020\\\/12\\\/CA21-9435-banyo.jpg\",\"datePublished\":\"2021-11-17T15:33:24+00:00\",\"dateModified\":\"2021-11-25T11:02:04+00:00\",\"breadcrumb\":{\"@id\":\"https:\\\/\\\/casaarena.eu\\\/producte\\\/gel-de-dutxa-i-bany-au-lait\\\/#breadcrumb\"},\"inLanguage\":\"fr-FR\",\"potentialAction\":[{\"@type\":\"ReadAction\",\"target\":[\"https:\\\/\\\/casaarena.eu\\\/producte\\\/gel-de-dutxa-i-bany-au-lait\\\/\"]}]},{\"@type\":\"ImageObject\",\"inLanguage\":\"fr-FR\",\"@id\":\"https:\\\/\\\/casaarena.eu\\\/producte\\\/gel-de-dutxa-i-bany-au-lait\\\/#primaryimage\",\"url\":\"https:\\\/\\\/casaarena.eu\\\/wp-content\\\/uploads\\\/2020\\\/12\\\/CA21-9435-banyo.jpg\",\"contentUrl\":\"https:\\\/\\\/casaarena.eu\\\/wp-content\\\/uploads\\\/2020\\\/12\\\/CA21-9435-banyo.jpg\",\"width\":1080,\"height\":1620},{\"@type\":\"BreadcrumbList\",\"@id\":\"https:\\\/\\\/casaarena.eu\\\/producte\\\/gel-de-dutxa-i-bany-au-lait\\\/#breadcrumb\",\"itemListElement\":[{\"@type\":\"ListItem\",\"position\":1,\"name\":\"Portada\",\"item\":\"https:\\\/\\\/casaarena.eu\\\/\"},{\"@type\":\"ListItem\",\"position\":2,\"name\":\"Products\",\"item\":\"https:\\\/\\\/casaarena.eu\\\/en\\\/shop\\\/\"},{\"@type\":\"ListItem\",\"position\":3,\"name\":\"Gel douche et bain AU LAIT\"}]},{\"@type\":\"WebSite\",\"@id\":\"https:\\\/\\\/casaarena.eu\\\/es\\\/#website\",\"url\":\"https:\\\/\\\/casaarena.eu\\\/es\\\/\",\"name\":\"Casa arena\",\"description\":\"Casa Arena Wordpress Site\",\"publisher\":{\"@id\":\"https:\\\/\\\/casaarena.eu\\\/es\\\/#organization\"},\"potentialAction\":[{\"@type\":\"SearchAction\",\"target\":{\"@type\":\"EntryPoint\",\"urlTemplate\":\"https:\\\/\\\/casaarena.eu\\\/es\\\/?s={search_term_string}\"},\"query-input\":{\"@type\":\"PropertyValueSpecification\",\"valueRequired\":true,\"valueName\":\"search_term_string\"}}],\"inLanguage\":\"fr-FR\"},{\"@type\":\"Organization\",\"@id\":\"https:\\\/\\\/casaarena.eu\\\/es\\\/#organization\",\"name\":\"Casa arena\",\"url\":\"https:\\\/\\\/casaarena.eu\\\/es\\\/\",\"logo\":{\"@type\":\"ImageObject\",\"inLanguage\":\"fr-FR\",\"@id\":\"https:\\\/\\\/casaarena.eu\\\/es\\\/#\\\/schema\\\/logo\\\/image\\\/\",\"url\":\"https:\\\/\\\/casaarena.eu\\\/wp-content\\\/uploads\\\/2020\\\/06\\\/cropped-CasaArena_Logotip_Web-2.png\",\"contentUrl\":\"https:\\\/\\\/casaarena.eu\\\/wp-content\\\/uploads\\\/2020\\\/06\\\/cropped-CasaArena_Logotip_Web-2.png\",\"width\":997,\"height\":613,\"caption\":\"Casa arena\"},\"image\":{\"@id\":\"https:\\\/\\\/casaarena.eu\\\/es\\\/#\\\/schema\\\/logo\\\/image\\\/\"},\"sameAs\":[\"https:\\\/\\\/www.instagram.com\\\/casaarena_eu\\\/\"]}]}<\/script>\n<!-- \/ Yoast SEO plugin. -->","yoast_head_json":{"title":"Gel douche et bain AU LAIT - Casa arena","robots":{"index":"index","follow":"follow","max-snippet":"max-snippet:-1","max-image-preview":"max-image-preview:large","max-video-preview":"max-video-preview:-1"},"canonical":"https:\/\/casaarena.eu\/producte\/gel-de-dutxa-i-bany-au-lait\/","og_locale":"fr_FR","og_type":"article","og_title":"Gel douche et bain AU LAIT - Casa arena","og_description":"Le gel est parfait pour une utilisation aussi bien sous la douche que dans la baignoire. Le gel Casa Arena Au Lait est enrichi en propri\u00e9t\u00e9s laiti\u00e8res. Gr\u00e2ce \u00e0 ces propri\u00e9t\u00e9s, vous sentirez votre peau propre, revitalis\u00e9e et hydrat\u00e9e.","og_url":"https:\/\/casaarena.eu\/producte\/gel-de-dutxa-i-bany-au-lait\/","og_site_name":"Casa arena","article_modified_time":"2021-11-25T11:02:04+00:00","og_image":[{"width":1080,"height":1620,"url":"https:\/\/casaarena.eu\/wp-content\/uploads\/2020\/12\/CA21-9435-banyo.jpg","type":"image\/jpeg"}],"twitter_card":"summary_large_image","schema":{"@context":"https:\/\/schema.org","@graph":[{"@type":"WebPage","@id":"https:\/\/casaarena.eu\/producte\/gel-de-dutxa-i-bany-au-lait\/","url":"https:\/\/casaarena.eu\/producte\/gel-de-dutxa-i-bany-au-lait\/","name":"Gel douche et bain AU LAIT - Casa arena","isPartOf":{"@id":"https:\/\/casaarena.eu\/es\/#website"},"primaryImageOfPage":{"@id":"https:\/\/casaarena.eu\/producte\/gel-de-dutxa-i-bany-au-lait\/#primaryimage"},"image":{"@id":"https:\/\/casaarena.eu\/producte\/gel-de-dutxa-i-bany-au-lait\/#primaryimage"},"thumbnailUrl":"https:\/\/casaarena.eu\/wp-content\/uploads\/2020\/12\/CA21-9435-banyo.jpg","datePublished":"2021-11-17T15:33:24+00:00","dateModified":"2021-11-25T11:02:04+00:00","breadcrumb":{"@id":"https:\/\/casaarena.eu\/producte\/gel-de-dutxa-i-bany-au-lait\/#breadcrumb"},"inLanguage":"fr-FR","potentialAction":[{"@type":"ReadAction","target":["https:\/\/casaarena.eu\/producte\/gel-de-dutxa-i-bany-au-lait\/"]}]},{"@type":"ImageObject","inLanguage":"fr-FR","@id":"https:\/\/casaarena.eu\/producte\/gel-de-dutxa-i-bany-au-lait\/#primaryimage","url":"https:\/\/casaarena.eu\/wp-content\/uploads\/2020\/12\/CA21-9435-banyo.jpg","contentUrl":"https:\/\/casaarena.eu\/wp-content\/uploads\/2020\/12\/CA21-9435-banyo.jpg","width":1080,"height":1620},{"@type":"BreadcrumbList","@id":"https:\/\/casaarena.eu\/producte\/gel-de-dutxa-i-bany-au-lait\/#breadcrumb","itemListElement":[{"@type":"ListItem","position":1,"name":"Portada","item":"https:\/\/casaarena.eu\/"},{"@type":"ListItem","position":2,"name":"Products","item":"https:\/\/casaarena.eu\/en\/shop\/"},{"@type":"ListItem","position":3,"name":"Gel douche et bain AU LAIT"}]},{"@type":"WebSite","@id":"https:\/\/casaarena.eu\/es\/#website","url":"https:\/\/casaarena.eu\/es\/","name":"Casa arena","description":"Casa Arena Wordpress Site","publisher":{"@id":"https:\/\/casaarena.eu\/es\/#organization"},"potentialAction":[{"@type":"SearchAction","target":{"@type":"EntryPoint","urlTemplate":"https:\/\/casaarena.eu\/es\/?s={search_term_string}"},"query-input":{"@type":"PropertyValueSpecification","valueRequired":true,"valueName":"search_term_string"}}],"inLanguage":"fr-FR"},{"@type":"Organization","@id":"https:\/\/casaarena.eu\/es\/#organization","name":"Casa arena","url":"https:\/\/casaarena.eu\/es\/","logo":{"@type":"ImageObject","inLanguage":"fr-FR","@id":"https:\/\/casaarena.eu\/es\/#\/schema\/logo\/image\/","url":"https:\/\/casaarena.eu\/wp-content\/uploads\/2020\/06\/cropped-CasaArena_Logotip_Web-2.png","contentUrl":"https:\/\/casaarena.eu\/wp-content\/uploads\/2020\/06\/cropped-CasaArena_Logotip_Web-2.png","width":997,"height":613,"caption":"Casa arena"},"image":{"@id":"https:\/\/casaarena.eu\/es\/#\/schema\/logo\/image\/"},"sameAs":["https:\/\/www.instagram.com\/casaarena_eu\/"]}]}},"_links":{"self":[{"href":"https:\/\/casaarena.eu\/fr\/wp-json\/wp\/v2\/product\/7016","targetHints":{"allow":["GET"]}}],"collection":[{"href":"https:\/\/casaarena.eu\/fr\/wp-json\/wp\/v2\/product"}],"about":[{"href":"https:\/\/casaarena.eu\/fr\/wp-json\/wp\/v2\/types\/product"}],"wp:featuredmedia":[{"embeddable":true,"href":"https:\/\/casaarena.eu\/fr\/wp-json\/wp\/v2\/media\/6091"}],"wp:attachment":[{"href":"https:\/\/casaarena.eu\/fr\/wp-json\/wp\/v2\/media?parent=7016"}],"wp:term":[{"taxonomy":"product_brand","embeddable":true,"href":"https:\/\/casaarena.eu\/fr\/wp-json\/wp\/v2\/product_brand?post=7016"},{"taxonomy":"product_cat","embeddable":true,"href":"https:\/\/casaarena.eu\/fr\/wp-json\/wp\/v2\/product_cat?post=7016"},{"taxonomy":"product_tag","embeddable":true,"href":"https:\/\/casaarena.eu\/fr\/wp-json\/wp\/v2\/product_tag?post=7016"}],"curies":[{"name":"wp","href":"https:\/\/api.w.org\/{rel}","templated":true}]}}