{"id":7002,"date":"2021-11-17T15:33:23","date_gmt":"2021-11-17T15:33:23","guid":{"rendered":"https:\/\/www.casaarena.eu\/producte\/nettoyage-complet\/"},"modified":"2025-03-15T11:08:32","modified_gmt":"2025-03-15T11:08:32","slug":"nettoyage-complet","status":"publish","type":"product","link":"https:\/\/casaarena.eu\/fr\/producte\/nettoyage-complet\/","title":{"rendered":"Service de blanchisserie"},"content":{"rendered":"<p><!-- VideographyWP Plugin Message: Automatic video embedding prevented by plugin options. --><br \/>\nCette prestation comprend les services suivants\u00a0:<\/p>\n<p>&#8211; Le lavage des draps et des serviettes<br \/>\n&#8211; La pr\u00e9paration des lits<br \/>\n&#8211; Le remplacement des articles de courtoisie (shampooing, savons, etc.).<\/p>\n<p><strong>Informations importantes\u00a0:\u00a0<\/strong><em>Nous informons nos clients que les horaires de ce service sont de 10h00 \u00e0 15h00, du mardi au samedi. Pendant cette p\u00e9riode, la collecte du linge de lit et des serviettes pour le lavage, la livraison du linge propre et la pr\u00e9paration des lits dans l&rsquo;appartement lou\u00e9 seront effectu\u00e9es. Si vous \u00eates absent de l\u2019appartement et profitez du beau temps, notre \u00e9quipe entrera dans le logement pour collecter et\/ou livrer le linge propre et pr\u00e9parer les lits. En r\u00e9servant ce service, vous donnez votre consentement \u00e0 notre \u00e9quipe pour acc\u00e9der \u00e0 votre appartement.<\/em><\/p>\n","protected":false},"excerpt":{"rendered":"<p>Le service comprend la collecte du linge de lit et des serviettes pour le lavage, la livraison du linge propre, la pr\u00e9paration des lits dans l&rsquo;appartement lou\u00e9 et le r\u00e9approvisionnement des articles de courtoisie (shampooing, savons, etc.).<\/p>\n","protected":false},"featured_media":4150,"template":"","meta":{"_acf_changed":false,"inline_featured_image":false},"product_brand":[],"product_cat":[302],"product_tag":[],"class_list":{"0":"post-7002","1":"product","2":"type-product","3":"status-publish","4":"has-post-thumbnail","6":"product_cat-serveri-neteja-fr","7":"mvvwb_bookable","9":"first","10":"instock","11":"sold-individually","12":"taxable","13":"shipping-taxable","14":"purchasable","15":"product-type-simple"},"acf":[],"yoast_head":"<!-- This site is optimized with the Yoast SEO plugin v27.5 - https:\/\/yoast.com\/product\/yoast-seo-wordpress\/ -->\n<title>Service de blanchisserie - Casa arena<\/title>\n<meta name=\"robots\" content=\"index, follow, max-snippet:-1, max-image-preview:large, max-video-preview:-1\" \/>\n<link rel=\"canonical\" href=\"https:\/\/casaarena.eu\/fr\/producte\/nettoyage-complet\/\" \/>\n<meta property=\"og:locale\" content=\"fr_FR\" \/>\n<meta property=\"og:type\" content=\"article\" \/>\n<meta property=\"og:title\" content=\"Service de blanchisserie - Casa arena\" \/>\n<meta property=\"og:description\" content=\"Le service comprend la collecte du linge de lit et des serviettes pour le lavage, la livraison du linge propre, la pr\u00e9paration des lits dans l&#039;appartement lou\u00e9 et le r\u00e9approvisionnement des articles de courtoisie (shampooing, savons, etc.).\" \/>\n<meta property=\"og:url\" content=\"https:\/\/casaarena.eu\/fr\/producte\/nettoyage-complet\/\" \/>\n<meta property=\"og:site_name\" content=\"Casa arena\" \/>\n<meta property=\"article:modified_time\" content=\"2025-03-15T11:08:32+00:00\" \/>\n<meta property=\"og:image\" content=\"https:\/\/casaarena.eu\/wp-content\/uploads\/2020\/11\/0009936.jpg\" \/>\n\t<meta property=\"og:image:width\" content=\"945\" \/>\n\t<meta property=\"og:image:height\" content=\"1418\" \/>\n\t<meta property=\"og:image:type\" content=\"image\/jpeg\" \/>\n<meta name=\"twitter:card\" content=\"summary_large_image\" \/>\n<meta name=\"twitter:label1\" content=\"Dur\u00e9e de lecture estim\u00e9e\" \/>\n\t<meta name=\"twitter:data1\" content=\"1 minute\" \/>\n<script type=\"application\/ld+json\" class=\"yoast-schema-graph\">{\"@context\":\"https:\\\/\\\/schema.org\",\"@graph\":[{\"@type\":\"WebPage\",\"@id\":\"https:\\\/\\\/casaarena.eu\\\/fr\\\/producte\\\/nettoyage-complet\\\/\",\"url\":\"https:\\\/\\\/casaarena.eu\\\/fr\\\/producte\\\/nettoyage-complet\\\/\",\"name\":\"Service de blanchisserie - Casa arena\",\"isPartOf\":{\"@id\":\"https:\\\/\\\/casaarena.eu\\\/es\\\/#website\"},\"primaryImageOfPage\":{\"@id\":\"https:\\\/\\\/casaarena.eu\\\/fr\\\/producte\\\/nettoyage-complet\\\/#primaryimage\"},\"image\":{\"@id\":\"https:\\\/\\\/casaarena.eu\\\/fr\\\/producte\\\/nettoyage-complet\\\/#primaryimage\"},\"thumbnailUrl\":\"https:\\\/\\\/casaarena.eu\\\/wp-content\\\/uploads\\\/2020\\\/11\\\/0009936.jpg\",\"datePublished\":\"2021-11-17T15:33:23+00:00\",\"dateModified\":\"2025-03-15T11:08:32+00:00\",\"breadcrumb\":{\"@id\":\"https:\\\/\\\/casaarena.eu\\\/fr\\\/producte\\\/nettoyage-complet\\\/#breadcrumb\"},\"inLanguage\":\"fr-FR\",\"potentialAction\":[{\"@type\":\"ReadAction\",\"target\":[\"https:\\\/\\\/casaarena.eu\\\/fr\\\/producte\\\/nettoyage-complet\\\/\"]}]},{\"@type\":\"ImageObject\",\"inLanguage\":\"fr-FR\",\"@id\":\"https:\\\/\\\/casaarena.eu\\\/fr\\\/producte\\\/nettoyage-complet\\\/#primaryimage\",\"url\":\"https:\\\/\\\/casaarena.eu\\\/wp-content\\\/uploads\\\/2020\\\/11\\\/0009936.jpg\",\"contentUrl\":\"https:\\\/\\\/casaarena.eu\\\/wp-content\\\/uploads\\\/2020\\\/11\\\/0009936.jpg\",\"width\":945,\"height\":1418},{\"@type\":\"BreadcrumbList\",\"@id\":\"https:\\\/\\\/casaarena.eu\\\/fr\\\/producte\\\/nettoyage-complet\\\/#breadcrumb\",\"itemListElement\":[{\"@type\":\"ListItem\",\"position\":1,\"name\":\"Portada\",\"item\":\"https:\\\/\\\/casaarena.eu\\\/\"},{\"@type\":\"ListItem\",\"position\":2,\"name\":\"Products\",\"item\":\"https:\\\/\\\/casaarena.eu\\\/en\\\/shop\\\/\"},{\"@type\":\"ListItem\",\"position\":3,\"name\":\"Service de blanchisserie\"}]},{\"@type\":\"WebSite\",\"@id\":\"https:\\\/\\\/casaarena.eu\\\/es\\\/#website\",\"url\":\"https:\\\/\\\/casaarena.eu\\\/es\\\/\",\"name\":\"Casa arena\",\"description\":\"Casa Arena Wordpress Site\",\"publisher\":{\"@id\":\"https:\\\/\\\/casaarena.eu\\\/es\\\/#organization\"},\"potentialAction\":[{\"@type\":\"SearchAction\",\"target\":{\"@type\":\"EntryPoint\",\"urlTemplate\":\"https:\\\/\\\/casaarena.eu\\\/es\\\/?s={search_term_string}\"},\"query-input\":{\"@type\":\"PropertyValueSpecification\",\"valueRequired\":true,\"valueName\":\"search_term_string\"}}],\"inLanguage\":\"fr-FR\"},{\"@type\":\"Organization\",\"@id\":\"https:\\\/\\\/casaarena.eu\\\/es\\\/#organization\",\"name\":\"Casa arena\",\"url\":\"https:\\\/\\\/casaarena.eu\\\/es\\\/\",\"logo\":{\"@type\":\"ImageObject\",\"inLanguage\":\"fr-FR\",\"@id\":\"https:\\\/\\\/casaarena.eu\\\/es\\\/#\\\/schema\\\/logo\\\/image\\\/\",\"url\":\"https:\\\/\\\/casaarena.eu\\\/wp-content\\\/uploads\\\/2020\\\/06\\\/cropped-CasaArena_Logotip_Web-2.png\",\"contentUrl\":\"https:\\\/\\\/casaarena.eu\\\/wp-content\\\/uploads\\\/2020\\\/06\\\/cropped-CasaArena_Logotip_Web-2.png\",\"width\":997,\"height\":613,\"caption\":\"Casa arena\"},\"image\":{\"@id\":\"https:\\\/\\\/casaarena.eu\\\/es\\\/#\\\/schema\\\/logo\\\/image\\\/\"},\"sameAs\":[\"https:\\\/\\\/www.instagram.com\\\/casaarena_eu\\\/\"]}]}<\/script>\n<!-- \/ Yoast SEO plugin. -->","yoast_head_json":{"title":"Service de blanchisserie - Casa arena","robots":{"index":"index","follow":"follow","max-snippet":"max-snippet:-1","max-image-preview":"max-image-preview:large","max-video-preview":"max-video-preview:-1"},"canonical":"https:\/\/casaarena.eu\/fr\/producte\/nettoyage-complet\/","og_locale":"fr_FR","og_type":"article","og_title":"Service de blanchisserie - Casa arena","og_description":"Le service comprend la collecte du linge de lit et des serviettes pour le lavage, la livraison du linge propre, la pr\u00e9paration des lits dans l'appartement lou\u00e9 et le r\u00e9approvisionnement des articles de courtoisie (shampooing, savons, etc.).","og_url":"https:\/\/casaarena.eu\/fr\/producte\/nettoyage-complet\/","og_site_name":"Casa arena","article_modified_time":"2025-03-15T11:08:32+00:00","og_image":[{"width":945,"height":1418,"url":"https:\/\/casaarena.eu\/wp-content\/uploads\/2020\/11\/0009936.jpg","type":"image\/jpeg"}],"twitter_card":"summary_large_image","twitter_misc":{"Dur\u00e9e de lecture estim\u00e9e":"1 minute"},"schema":{"@context":"https:\/\/schema.org","@graph":[{"@type":"WebPage","@id":"https:\/\/casaarena.eu\/fr\/producte\/nettoyage-complet\/","url":"https:\/\/casaarena.eu\/fr\/producte\/nettoyage-complet\/","name":"Service de blanchisserie - Casa arena","isPartOf":{"@id":"https:\/\/casaarena.eu\/es\/#website"},"primaryImageOfPage":{"@id":"https:\/\/casaarena.eu\/fr\/producte\/nettoyage-complet\/#primaryimage"},"image":{"@id":"https:\/\/casaarena.eu\/fr\/producte\/nettoyage-complet\/#primaryimage"},"thumbnailUrl":"https:\/\/casaarena.eu\/wp-content\/uploads\/2020\/11\/0009936.jpg","datePublished":"2021-11-17T15:33:23+00:00","dateModified":"2025-03-15T11:08:32+00:00","breadcrumb":{"@id":"https:\/\/casaarena.eu\/fr\/producte\/nettoyage-complet\/#breadcrumb"},"inLanguage":"fr-FR","potentialAction":[{"@type":"ReadAction","target":["https:\/\/casaarena.eu\/fr\/producte\/nettoyage-complet\/"]}]},{"@type":"ImageObject","inLanguage":"fr-FR","@id":"https:\/\/casaarena.eu\/fr\/producte\/nettoyage-complet\/#primaryimage","url":"https:\/\/casaarena.eu\/wp-content\/uploads\/2020\/11\/0009936.jpg","contentUrl":"https:\/\/casaarena.eu\/wp-content\/uploads\/2020\/11\/0009936.jpg","width":945,"height":1418},{"@type":"BreadcrumbList","@id":"https:\/\/casaarena.eu\/fr\/producte\/nettoyage-complet\/#breadcrumb","itemListElement":[{"@type":"ListItem","position":1,"name":"Portada","item":"https:\/\/casaarena.eu\/"},{"@type":"ListItem","position":2,"name":"Products","item":"https:\/\/casaarena.eu\/en\/shop\/"},{"@type":"ListItem","position":3,"name":"Service de blanchisserie"}]},{"@type":"WebSite","@id":"https:\/\/casaarena.eu\/es\/#website","url":"https:\/\/casaarena.eu\/es\/","name":"Casa arena","description":"Casa Arena Wordpress Site","publisher":{"@id":"https:\/\/casaarena.eu\/es\/#organization"},"potentialAction":[{"@type":"SearchAction","target":{"@type":"EntryPoint","urlTemplate":"https:\/\/casaarena.eu\/es\/?s={search_term_string}"},"query-input":{"@type":"PropertyValueSpecification","valueRequired":true,"valueName":"search_term_string"}}],"inLanguage":"fr-FR"},{"@type":"Organization","@id":"https:\/\/casaarena.eu\/es\/#organization","name":"Casa arena","url":"https:\/\/casaarena.eu\/es\/","logo":{"@type":"ImageObject","inLanguage":"fr-FR","@id":"https:\/\/casaarena.eu\/es\/#\/schema\/logo\/image\/","url":"https:\/\/casaarena.eu\/wp-content\/uploads\/2020\/06\/cropped-CasaArena_Logotip_Web-2.png","contentUrl":"https:\/\/casaarena.eu\/wp-content\/uploads\/2020\/06\/cropped-CasaArena_Logotip_Web-2.png","width":997,"height":613,"caption":"Casa arena"},"image":{"@id":"https:\/\/casaarena.eu\/es\/#\/schema\/logo\/image\/"},"sameAs":["https:\/\/www.instagram.com\/casaarena_eu\/"]}]}},"_links":{"self":[{"href":"https:\/\/casaarena.eu\/fr\/wp-json\/wp\/v2\/product\/7002","targetHints":{"allow":["GET"]}}],"collection":[{"href":"https:\/\/casaarena.eu\/fr\/wp-json\/wp\/v2\/product"}],"about":[{"href":"https:\/\/casaarena.eu\/fr\/wp-json\/wp\/v2\/types\/product"}],"wp:featuredmedia":[{"embeddable":true,"href":"https:\/\/casaarena.eu\/fr\/wp-json\/wp\/v2\/media\/4150"}],"wp:attachment":[{"href":"https:\/\/casaarena.eu\/fr\/wp-json\/wp\/v2\/media?parent=7002"}],"wp:term":[{"taxonomy":"product_brand","embeddable":true,"href":"https:\/\/casaarena.eu\/fr\/wp-json\/wp\/v2\/product_brand?post=7002"},{"taxonomy":"product_cat","embeddable":true,"href":"https:\/\/casaarena.eu\/fr\/wp-json\/wp\/v2\/product_cat?post=7002"},{"taxonomy":"product_tag","embeddable":true,"href":"https:\/\/casaarena.eu\/fr\/wp-json\/wp\/v2\/product_tag?post=7002"}],"curies":[{"name":"wp","href":"https:\/\/api.w.org\/{rel}","templated":true}]}}