{"id":7001,"date":"2020-11-12T13:19:56","date_gmt":"2021-11-17T15:33:23","guid":{"rendered":"https:\/\/www.casaarena.eu\/producte\/nettoyage-quotidien\/"},"modified":"2025-03-13T19:41:12","modified_gmt":"2025-03-13T19:41:12","slug":"nettoyage-ponctuel","status":"publish","type":"product","link":"https:\/\/casaarena.eu\/fr\/producte\/nettoyage-ponctuel\/","title":{"rendered":"Nettoyage d&rsquo;appartement"},"content":{"rendered":"<p><!-- VideographyWP Plugin Message: Automatic video embedding prevented by plugin options. --><br \/>\nCette prestation comprend les services suivants\u00a0:<\/p>\n<p>&#8211; Nettoyage g\u00e9n\u00e9ral de la maison<br \/>\n&#8211; Vidage les poubelles<br \/>\n&#8211; Nettoyage des toilettes<br \/>\n&#8211; Nettoyage de la cuisine et de la salle \u00e0 manger<br \/>\n&#8211; Balayage, passage de l\u2019aspirateur<br \/>\n&#8211; D\u00e9poussi\u00e9rage des meubles, terrasses<\/p>\n<p><strong>Informations importantes\u00a0: <\/strong><em>Nous informons nos clients que le service du nettoyage est ouvert de 10 h \u00e0 15 h du mardi au samedi. Le m\u00e9nage dans l\u2019appartement lou\u00e9 se r\u00e9alisera pendant cet horaire. Si vous \u00eates \u00e0 l\u2019ext\u00e9rieur de l\u2019appartement, \u00e0 profiter du beau temps, notre \u00e9quipe entrera dans la propri\u00e9t\u00e9 pour proc\u00e9der au m\u00e9nage. En r\u00e9servant ce service, vous donnez votre accord \u00e0 notre \u00e9quipe de nettoyage pour acc\u00e9der \u00e0 votre appartement.<\/em><\/p>\n","protected":false},"excerpt":{"rendered":"<p>Cette prestation comprend les services suivants : le nettoyage g\u00e9n\u00e9ral de la maison, le vidage des poubelles, le nettoyage des toilettes, le nettoyage de la cuisine et de la salle \u00e0 manger, de la terrasse, le balayage et le passage de l\u2019aspirateur, le d\u00e9poussi\u00e9rage des meubles.<\/p>\n","protected":false},"featured_media":14139,"template":"","meta":{"_acf_changed":false,"inline_featured_image":false},"product_brand":[],"product_cat":[302],"product_tag":[],"class_list":{"0":"post-7001","1":"product","2":"type-product","3":"status-publish","4":"has-post-thumbnail","6":"product_cat-serveri-neteja-fr","7":"mvvwb_bookable","9":"first","10":"instock","11":"virtual","12":"sold-individually","13":"taxable","14":"purchasable","15":"product-type-simple"},"acf":[],"yoast_head":"<!-- This site is optimized with the Yoast SEO plugin v27.5 - https:\/\/yoast.com\/product\/yoast-seo-wordpress\/ -->\n<title>Nettoyage d&#039;appartement - Casa arena<\/title>\n<meta name=\"robots\" content=\"index, follow, max-snippet:-1, max-image-preview:large, max-video-preview:-1\" \/>\n<link rel=\"canonical\" href=\"https:\/\/casaarena.eu\/fr\/producte\/nettoyage-ponctuel\/\" \/>\n<meta property=\"og:locale\" content=\"fr_FR\" \/>\n<meta property=\"og:type\" content=\"article\" \/>\n<meta property=\"og:title\" content=\"Nettoyage d&#039;appartement - Casa arena\" \/>\n<meta property=\"og:description\" content=\"Cette prestation comprend les services suivants : le nettoyage g\u00e9n\u00e9ral de la maison, le vidage des poubelles, le nettoyage des toilettes, le nettoyage de la cuisine et de la salle \u00e0 manger, de la terrasse, le balayage et le passage de l\u2019aspirateur, le d\u00e9poussi\u00e9rage des meubles.\" \/>\n<meta property=\"og:url\" content=\"https:\/\/casaarena.eu\/fr\/producte\/nettoyage-ponctuel\/\" \/>\n<meta property=\"og:site_name\" content=\"Casa arena\" \/>\n<meta property=\"article:modified_time\" content=\"2025-03-13T19:41:12+00:00\" \/>\n<meta property=\"og:image\" content=\"https:\/\/casaarena.eu\/wp-content\/uploads\/2020\/11\/neteja_pis_v.jpg\" \/>\n\t<meta property=\"og:image:width\" content=\"945\" \/>\n\t<meta property=\"og:image:height\" content=\"1418\" \/>\n\t<meta property=\"og:image:type\" content=\"image\/jpeg\" \/>\n<meta name=\"twitter:card\" content=\"summary_large_image\" \/>\n<meta name=\"twitter:label1\" content=\"Dur\u00e9e de lecture estim\u00e9e\" \/>\n\t<meta name=\"twitter:data1\" content=\"1 minute\" \/>\n<script type=\"application\/ld+json\" class=\"yoast-schema-graph\">{\"@context\":\"https:\\\/\\\/schema.org\",\"@graph\":[{\"@type\":\"WebPage\",\"@id\":\"https:\\\/\\\/casaarena.eu\\\/fr\\\/producte\\\/nettoyage-ponctuel\\\/\",\"url\":\"https:\\\/\\\/casaarena.eu\\\/fr\\\/producte\\\/nettoyage-ponctuel\\\/\",\"name\":\"Nettoyage d'appartement - Casa arena\",\"isPartOf\":{\"@id\":\"https:\\\/\\\/casaarena.eu\\\/es\\\/#website\"},\"primaryImageOfPage\":{\"@id\":\"https:\\\/\\\/casaarena.eu\\\/fr\\\/producte\\\/nettoyage-ponctuel\\\/#primaryimage\"},\"image\":{\"@id\":\"https:\\\/\\\/casaarena.eu\\\/fr\\\/producte\\\/nettoyage-ponctuel\\\/#primaryimage\"},\"thumbnailUrl\":\"https:\\\/\\\/casaarena.eu\\\/wp-content\\\/uploads\\\/2020\\\/11\\\/neteja_pis_v.jpg\",\"datePublished\":\"2021-11-17T15:33:23+00:00\",\"dateModified\":\"2025-03-13T19:41:12+00:00\",\"breadcrumb\":{\"@id\":\"https:\\\/\\\/casaarena.eu\\\/fr\\\/producte\\\/nettoyage-ponctuel\\\/#breadcrumb\"},\"inLanguage\":\"fr-FR\",\"potentialAction\":[{\"@type\":\"ReadAction\",\"target\":[\"https:\\\/\\\/casaarena.eu\\\/fr\\\/producte\\\/nettoyage-ponctuel\\\/\"]}]},{\"@type\":\"ImageObject\",\"inLanguage\":\"fr-FR\",\"@id\":\"https:\\\/\\\/casaarena.eu\\\/fr\\\/producte\\\/nettoyage-ponctuel\\\/#primaryimage\",\"url\":\"https:\\\/\\\/casaarena.eu\\\/wp-content\\\/uploads\\\/2020\\\/11\\\/neteja_pis_v.jpg\",\"contentUrl\":\"https:\\\/\\\/casaarena.eu\\\/wp-content\\\/uploads\\\/2020\\\/11\\\/neteja_pis_v.jpg\",\"width\":945,\"height\":1418},{\"@type\":\"BreadcrumbList\",\"@id\":\"https:\\\/\\\/casaarena.eu\\\/fr\\\/producte\\\/nettoyage-ponctuel\\\/#breadcrumb\",\"itemListElement\":[{\"@type\":\"ListItem\",\"position\":1,\"name\":\"Portada\",\"item\":\"https:\\\/\\\/casaarena.eu\\\/\"},{\"@type\":\"ListItem\",\"position\":2,\"name\":\"Products\",\"item\":\"https:\\\/\\\/casaarena.eu\\\/en\\\/shop\\\/\"},{\"@type\":\"ListItem\",\"position\":3,\"name\":\"Nettoyage d&#8217;appartement\"}]},{\"@type\":\"WebSite\",\"@id\":\"https:\\\/\\\/casaarena.eu\\\/es\\\/#website\",\"url\":\"https:\\\/\\\/casaarena.eu\\\/es\\\/\",\"name\":\"Casa arena\",\"description\":\"Casa Arena Wordpress Site\",\"publisher\":{\"@id\":\"https:\\\/\\\/casaarena.eu\\\/es\\\/#organization\"},\"potentialAction\":[{\"@type\":\"SearchAction\",\"target\":{\"@type\":\"EntryPoint\",\"urlTemplate\":\"https:\\\/\\\/casaarena.eu\\\/es\\\/?s={search_term_string}\"},\"query-input\":{\"@type\":\"PropertyValueSpecification\",\"valueRequired\":true,\"valueName\":\"search_term_string\"}}],\"inLanguage\":\"fr-FR\"},{\"@type\":\"Organization\",\"@id\":\"https:\\\/\\\/casaarena.eu\\\/es\\\/#organization\",\"name\":\"Casa arena\",\"url\":\"https:\\\/\\\/casaarena.eu\\\/es\\\/\",\"logo\":{\"@type\":\"ImageObject\",\"inLanguage\":\"fr-FR\",\"@id\":\"https:\\\/\\\/casaarena.eu\\\/es\\\/#\\\/schema\\\/logo\\\/image\\\/\",\"url\":\"https:\\\/\\\/casaarena.eu\\\/wp-content\\\/uploads\\\/2020\\\/06\\\/cropped-CasaArena_Logotip_Web-2.png\",\"contentUrl\":\"https:\\\/\\\/casaarena.eu\\\/wp-content\\\/uploads\\\/2020\\\/06\\\/cropped-CasaArena_Logotip_Web-2.png\",\"width\":997,\"height\":613,\"caption\":\"Casa arena\"},\"image\":{\"@id\":\"https:\\\/\\\/casaarena.eu\\\/es\\\/#\\\/schema\\\/logo\\\/image\\\/\"},\"sameAs\":[\"https:\\\/\\\/www.instagram.com\\\/casaarena_eu\\\/\"]}]}<\/script>\n<!-- \/ Yoast SEO plugin. -->","yoast_head_json":{"title":"Nettoyage d'appartement - Casa arena","robots":{"index":"index","follow":"follow","max-snippet":"max-snippet:-1","max-image-preview":"max-image-preview:large","max-video-preview":"max-video-preview:-1"},"canonical":"https:\/\/casaarena.eu\/fr\/producte\/nettoyage-ponctuel\/","og_locale":"fr_FR","og_type":"article","og_title":"Nettoyage d'appartement - Casa arena","og_description":"Cette prestation comprend les services suivants : le nettoyage g\u00e9n\u00e9ral de la maison, le vidage des poubelles, le nettoyage des toilettes, le nettoyage de la cuisine et de la salle \u00e0 manger, de la terrasse, le balayage et le passage de l\u2019aspirateur, le d\u00e9poussi\u00e9rage des meubles.","og_url":"https:\/\/casaarena.eu\/fr\/producte\/nettoyage-ponctuel\/","og_site_name":"Casa arena","article_modified_time":"2025-03-13T19:41:12+00:00","og_image":[{"width":945,"height":1418,"url":"https:\/\/casaarena.eu\/wp-content\/uploads\/2020\/11\/neteja_pis_v.jpg","type":"image\/jpeg"}],"twitter_card":"summary_large_image","twitter_misc":{"Dur\u00e9e de lecture estim\u00e9e":"1 minute"},"schema":{"@context":"https:\/\/schema.org","@graph":[{"@type":"WebPage","@id":"https:\/\/casaarena.eu\/fr\/producte\/nettoyage-ponctuel\/","url":"https:\/\/casaarena.eu\/fr\/producte\/nettoyage-ponctuel\/","name":"Nettoyage d'appartement - Casa arena","isPartOf":{"@id":"https:\/\/casaarena.eu\/es\/#website"},"primaryImageOfPage":{"@id":"https:\/\/casaarena.eu\/fr\/producte\/nettoyage-ponctuel\/#primaryimage"},"image":{"@id":"https:\/\/casaarena.eu\/fr\/producte\/nettoyage-ponctuel\/#primaryimage"},"thumbnailUrl":"https:\/\/casaarena.eu\/wp-content\/uploads\/2020\/11\/neteja_pis_v.jpg","datePublished":"2021-11-17T15:33:23+00:00","dateModified":"2025-03-13T19:41:12+00:00","breadcrumb":{"@id":"https:\/\/casaarena.eu\/fr\/producte\/nettoyage-ponctuel\/#breadcrumb"},"inLanguage":"fr-FR","potentialAction":[{"@type":"ReadAction","target":["https:\/\/casaarena.eu\/fr\/producte\/nettoyage-ponctuel\/"]}]},{"@type":"ImageObject","inLanguage":"fr-FR","@id":"https:\/\/casaarena.eu\/fr\/producte\/nettoyage-ponctuel\/#primaryimage","url":"https:\/\/casaarena.eu\/wp-content\/uploads\/2020\/11\/neteja_pis_v.jpg","contentUrl":"https:\/\/casaarena.eu\/wp-content\/uploads\/2020\/11\/neteja_pis_v.jpg","width":945,"height":1418},{"@type":"BreadcrumbList","@id":"https:\/\/casaarena.eu\/fr\/producte\/nettoyage-ponctuel\/#breadcrumb","itemListElement":[{"@type":"ListItem","position":1,"name":"Portada","item":"https:\/\/casaarena.eu\/"},{"@type":"ListItem","position":2,"name":"Products","item":"https:\/\/casaarena.eu\/en\/shop\/"},{"@type":"ListItem","position":3,"name":"Nettoyage d&#8217;appartement"}]},{"@type":"WebSite","@id":"https:\/\/casaarena.eu\/es\/#website","url":"https:\/\/casaarena.eu\/es\/","name":"Casa arena","description":"Casa Arena Wordpress Site","publisher":{"@id":"https:\/\/casaarena.eu\/es\/#organization"},"potentialAction":[{"@type":"SearchAction","target":{"@type":"EntryPoint","urlTemplate":"https:\/\/casaarena.eu\/es\/?s={search_term_string}"},"query-input":{"@type":"PropertyValueSpecification","valueRequired":true,"valueName":"search_term_string"}}],"inLanguage":"fr-FR"},{"@type":"Organization","@id":"https:\/\/casaarena.eu\/es\/#organization","name":"Casa arena","url":"https:\/\/casaarena.eu\/es\/","logo":{"@type":"ImageObject","inLanguage":"fr-FR","@id":"https:\/\/casaarena.eu\/es\/#\/schema\/logo\/image\/","url":"https:\/\/casaarena.eu\/wp-content\/uploads\/2020\/06\/cropped-CasaArena_Logotip_Web-2.png","contentUrl":"https:\/\/casaarena.eu\/wp-content\/uploads\/2020\/06\/cropped-CasaArena_Logotip_Web-2.png","width":997,"height":613,"caption":"Casa arena"},"image":{"@id":"https:\/\/casaarena.eu\/es\/#\/schema\/logo\/image\/"},"sameAs":["https:\/\/www.instagram.com\/casaarena_eu\/"]}]}},"_links":{"self":[{"href":"https:\/\/casaarena.eu\/fr\/wp-json\/wp\/v2\/product\/7001","targetHints":{"allow":["GET"]}}],"collection":[{"href":"https:\/\/casaarena.eu\/fr\/wp-json\/wp\/v2\/product"}],"about":[{"href":"https:\/\/casaarena.eu\/fr\/wp-json\/wp\/v2\/types\/product"}],"wp:featuredmedia":[{"embeddable":true,"href":"https:\/\/casaarena.eu\/fr\/wp-json\/wp\/v2\/media\/14139"}],"wp:attachment":[{"href":"https:\/\/casaarena.eu\/fr\/wp-json\/wp\/v2\/media?parent=7001"}],"wp:term":[{"taxonomy":"product_brand","embeddable":true,"href":"https:\/\/casaarena.eu\/fr\/wp-json\/wp\/v2\/product_brand?post=7001"},{"taxonomy":"product_cat","embeddable":true,"href":"https:\/\/casaarena.eu\/fr\/wp-json\/wp\/v2\/product_cat?post=7001"},{"taxonomy":"product_tag","embeddable":true,"href":"https:\/\/casaarena.eu\/fr\/wp-json\/wp\/v2\/product_tag?post=7001"}],"curies":[{"name":"wp","href":"https:\/\/api.w.org\/{rel}","templated":true}]}}