{"id":6998,"date":"2020-11-12T12:48:48","date_gmt":"2021-11-17T15:33:22","guid":{"rendered":"https:\/\/www.casaarena.eu\/producte\/shampooing-sea-kelp\/"},"modified":"2021-11-29T08:57:15","modified_gmt":"2021-11-29T08:57:15","slug":"shampooing-sea-kelp","status":"publish","type":"product","link":"https:\/\/casaarena.eu\/fr\/producte\/shampooing-sea-kelp\/","title":{"rendered":"Shampooing SEA KELP"},"content":{"rendered":"<p><!-- VideographyWP Plugin Message: Automatic video embedding prevented by plugin options. --><br \/>\nProduit CLINIQUEMENT test\u00e9 sous contr\u00f4le dermatologique avec des m\u00e9thodes alternatives, sans recourir en aucun cas \u00e0 l\u2019exp\u00e9rimentation animale. Produit V\u00c9GAN.<\/p>\n<p><strong>Ingr\u00e9dients\u00a0: <\/strong>Aqua (eau), Sulfate de sodium laureth, Chlorure de sodium, Cocamidopropyl b\u00e9ta\u00efne, Parfum (fragrance), Glyc\u00e9rine, Polyquaternium-10, EDTA disodique, Triol\u00e9ate de m\u00e9thyle et de glucose PEG-120, Propyl\u00e8ne glycol, Extrait de laminaria japonica, Extrait de fucus v\u00e9siculeux, Extrait de Chondrus Crispus, Sorbate de potassium, Benzoate de sodium, M\u00e9thylchloroisothiazolinone, M\u00e9thylisothiazolinone, Salicylate de benzyle, Hydroxycitronellal, Linalol, Citronellol, CI 19140 (jaune n\u00ba\u00a05), CI 42090 (bleu n\u00ba\u00a01).<\/p>\n<p>250\u00a0ml<\/p>\n","protected":false},"excerpt":{"rendered":"<p>Rafra\u00eechissez vos sens et revitalisez vos cheveux avec ce shampooing nourrissant \u00e0 base d\u2019algues. Il laissera vos cheveux propres et doux et avec un d\u00e9licat parfum marin. Id\u00e9al pour les cheveux fragilis\u00e9s et en manque de volume.<\/p>\n","protected":false},"featured_media":6147,"template":"","meta":{"_acf_changed":false,"inline_featured_image":false},"product_brand":[],"product_cat":[305,323],"product_tag":[],"class_list":{"0":"post-6998","1":"product","2":"type-product","3":"status-publish","4":"has-post-thumbnail","6":"product_cat-productes-casa-arena-fr","7":"product_cat-productes-corporals-fr","9":"first","10":"instock","11":"taxable","12":"shipping-taxable","13":"purchasable","14":"product-type-simple"},"acf":[],"yoast_head":"<!-- This site is optimized with the Yoast SEO plugin v27.5 - https:\/\/yoast.com\/product\/yoast-seo-wordpress\/ -->\n<title>Shampooing SEA KELP - Casa arena<\/title>\n<meta name=\"robots\" content=\"index, follow, max-snippet:-1, max-image-preview:large, max-video-preview:-1\" \/>\n<link rel=\"canonical\" href=\"https:\/\/casaarena.eu\/producte\/xampu-sea-kelp\/\" \/>\n<meta property=\"og:locale\" content=\"fr_FR\" \/>\n<meta property=\"og:type\" content=\"article\" \/>\n<meta property=\"og:title\" content=\"Shampooing SEA KELP - Casa arena\" \/>\n<meta property=\"og:description\" content=\"Rafra\u00eechissez vos sens et revitalisez vos cheveux avec ce shampooing nourrissant \u00e0 base d\u2019algues. Il laissera vos cheveux propres et doux et avec un d\u00e9licat parfum marin. Id\u00e9al pour les cheveux fragilis\u00e9s et en manque de volume.\" \/>\n<meta property=\"og:url\" content=\"https:\/\/casaarena.eu\/producte\/xampu-sea-kelp\/\" \/>\n<meta property=\"og:site_name\" content=\"Casa arena\" \/>\n<meta property=\"article:modified_time\" content=\"2021-11-29T08:57:15+00:00\" \/>\n<meta property=\"og:image\" content=\"https:\/\/casaarena.eu\/wp-content\/uploads\/2021\/07\/CA21-9501-banyo-2.jpg\" \/>\n\t<meta property=\"og:image:width\" content=\"1080\" \/>\n\t<meta property=\"og:image:height\" content=\"1620\" \/>\n\t<meta property=\"og:image:type\" content=\"image\/jpeg\" \/>\n<meta name=\"twitter:card\" content=\"summary_large_image\" \/>\n<script type=\"application\/ld+json\" class=\"yoast-schema-graph\">{\"@context\":\"https:\\\/\\\/schema.org\",\"@graph\":[{\"@type\":\"WebPage\",\"@id\":\"https:\\\/\\\/casaarena.eu\\\/producte\\\/xampu-sea-kelp\\\/\",\"url\":\"https:\\\/\\\/casaarena.eu\\\/producte\\\/xampu-sea-kelp\\\/\",\"name\":\"Shampooing SEA KELP - Casa arena\",\"isPartOf\":{\"@id\":\"https:\\\/\\\/casaarena.eu\\\/es\\\/#website\"},\"primaryImageOfPage\":{\"@id\":\"https:\\\/\\\/casaarena.eu\\\/producte\\\/xampu-sea-kelp\\\/#primaryimage\"},\"image\":{\"@id\":\"https:\\\/\\\/casaarena.eu\\\/producte\\\/xampu-sea-kelp\\\/#primaryimage\"},\"thumbnailUrl\":\"https:\\\/\\\/casaarena.eu\\\/wp-content\\\/uploads\\\/2021\\\/07\\\/CA21-9501-banyo-2.jpg\",\"datePublished\":\"2021-11-17T15:33:22+00:00\",\"dateModified\":\"2021-11-29T08:57:15+00:00\",\"breadcrumb\":{\"@id\":\"https:\\\/\\\/casaarena.eu\\\/producte\\\/xampu-sea-kelp\\\/#breadcrumb\"},\"inLanguage\":\"fr-FR\",\"potentialAction\":[{\"@type\":\"ReadAction\",\"target\":[\"https:\\\/\\\/casaarena.eu\\\/producte\\\/xampu-sea-kelp\\\/\"]}]},{\"@type\":\"ImageObject\",\"inLanguage\":\"fr-FR\",\"@id\":\"https:\\\/\\\/casaarena.eu\\\/producte\\\/xampu-sea-kelp\\\/#primaryimage\",\"url\":\"https:\\\/\\\/casaarena.eu\\\/wp-content\\\/uploads\\\/2021\\\/07\\\/CA21-9501-banyo-2.jpg\",\"contentUrl\":\"https:\\\/\\\/casaarena.eu\\\/wp-content\\\/uploads\\\/2021\\\/07\\\/CA21-9501-banyo-2.jpg\",\"width\":1080,\"height\":1620},{\"@type\":\"BreadcrumbList\",\"@id\":\"https:\\\/\\\/casaarena.eu\\\/producte\\\/xampu-sea-kelp\\\/#breadcrumb\",\"itemListElement\":[{\"@type\":\"ListItem\",\"position\":1,\"name\":\"Portada\",\"item\":\"https:\\\/\\\/casaarena.eu\\\/\"},{\"@type\":\"ListItem\",\"position\":2,\"name\":\"Products\",\"item\":\"https:\\\/\\\/casaarena.eu\\\/en\\\/shop\\\/\"},{\"@type\":\"ListItem\",\"position\":3,\"name\":\"Shampooing SEA KELP\"}]},{\"@type\":\"WebSite\",\"@id\":\"https:\\\/\\\/casaarena.eu\\\/es\\\/#website\",\"url\":\"https:\\\/\\\/casaarena.eu\\\/es\\\/\",\"name\":\"Casa arena\",\"description\":\"Casa Arena Wordpress Site\",\"publisher\":{\"@id\":\"https:\\\/\\\/casaarena.eu\\\/es\\\/#organization\"},\"potentialAction\":[{\"@type\":\"SearchAction\",\"target\":{\"@type\":\"EntryPoint\",\"urlTemplate\":\"https:\\\/\\\/casaarena.eu\\\/es\\\/?s={search_term_string}\"},\"query-input\":{\"@type\":\"PropertyValueSpecification\",\"valueRequired\":true,\"valueName\":\"search_term_string\"}}],\"inLanguage\":\"fr-FR\"},{\"@type\":\"Organization\",\"@id\":\"https:\\\/\\\/casaarena.eu\\\/es\\\/#organization\",\"name\":\"Casa arena\",\"url\":\"https:\\\/\\\/casaarena.eu\\\/es\\\/\",\"logo\":{\"@type\":\"ImageObject\",\"inLanguage\":\"fr-FR\",\"@id\":\"https:\\\/\\\/casaarena.eu\\\/es\\\/#\\\/schema\\\/logo\\\/image\\\/\",\"url\":\"https:\\\/\\\/casaarena.eu\\\/wp-content\\\/uploads\\\/2020\\\/06\\\/cropped-CasaArena_Logotip_Web-2.png\",\"contentUrl\":\"https:\\\/\\\/casaarena.eu\\\/wp-content\\\/uploads\\\/2020\\\/06\\\/cropped-CasaArena_Logotip_Web-2.png\",\"width\":997,\"height\":613,\"caption\":\"Casa arena\"},\"image\":{\"@id\":\"https:\\\/\\\/casaarena.eu\\\/es\\\/#\\\/schema\\\/logo\\\/image\\\/\"},\"sameAs\":[\"https:\\\/\\\/www.instagram.com\\\/casaarena_eu\\\/\"]}]}<\/script>\n<!-- \/ Yoast SEO plugin. -->","yoast_head_json":{"title":"Shampooing SEA KELP - Casa arena","robots":{"index":"index","follow":"follow","max-snippet":"max-snippet:-1","max-image-preview":"max-image-preview:large","max-video-preview":"max-video-preview:-1"},"canonical":"https:\/\/casaarena.eu\/producte\/xampu-sea-kelp\/","og_locale":"fr_FR","og_type":"article","og_title":"Shampooing SEA KELP - Casa arena","og_description":"Rafra\u00eechissez vos sens et revitalisez vos cheveux avec ce shampooing nourrissant \u00e0 base d\u2019algues. Il laissera vos cheveux propres et doux et avec un d\u00e9licat parfum marin. Id\u00e9al pour les cheveux fragilis\u00e9s et en manque de volume.","og_url":"https:\/\/casaarena.eu\/producte\/xampu-sea-kelp\/","og_site_name":"Casa arena","article_modified_time":"2021-11-29T08:57:15+00:00","og_image":[{"width":1080,"height":1620,"url":"https:\/\/casaarena.eu\/wp-content\/uploads\/2021\/07\/CA21-9501-banyo-2.jpg","type":"image\/jpeg"}],"twitter_card":"summary_large_image","schema":{"@context":"https:\/\/schema.org","@graph":[{"@type":"WebPage","@id":"https:\/\/casaarena.eu\/producte\/xampu-sea-kelp\/","url":"https:\/\/casaarena.eu\/producte\/xampu-sea-kelp\/","name":"Shampooing SEA KELP - Casa arena","isPartOf":{"@id":"https:\/\/casaarena.eu\/es\/#website"},"primaryImageOfPage":{"@id":"https:\/\/casaarena.eu\/producte\/xampu-sea-kelp\/#primaryimage"},"image":{"@id":"https:\/\/casaarena.eu\/producte\/xampu-sea-kelp\/#primaryimage"},"thumbnailUrl":"https:\/\/casaarena.eu\/wp-content\/uploads\/2021\/07\/CA21-9501-banyo-2.jpg","datePublished":"2021-11-17T15:33:22+00:00","dateModified":"2021-11-29T08:57:15+00:00","breadcrumb":{"@id":"https:\/\/casaarena.eu\/producte\/xampu-sea-kelp\/#breadcrumb"},"inLanguage":"fr-FR","potentialAction":[{"@type":"ReadAction","target":["https:\/\/casaarena.eu\/producte\/xampu-sea-kelp\/"]}]},{"@type":"ImageObject","inLanguage":"fr-FR","@id":"https:\/\/casaarena.eu\/producte\/xampu-sea-kelp\/#primaryimage","url":"https:\/\/casaarena.eu\/wp-content\/uploads\/2021\/07\/CA21-9501-banyo-2.jpg","contentUrl":"https:\/\/casaarena.eu\/wp-content\/uploads\/2021\/07\/CA21-9501-banyo-2.jpg","width":1080,"height":1620},{"@type":"BreadcrumbList","@id":"https:\/\/casaarena.eu\/producte\/xampu-sea-kelp\/#breadcrumb","itemListElement":[{"@type":"ListItem","position":1,"name":"Portada","item":"https:\/\/casaarena.eu\/"},{"@type":"ListItem","position":2,"name":"Products","item":"https:\/\/casaarena.eu\/en\/shop\/"},{"@type":"ListItem","position":3,"name":"Shampooing SEA KELP"}]},{"@type":"WebSite","@id":"https:\/\/casaarena.eu\/es\/#website","url":"https:\/\/casaarena.eu\/es\/","name":"Casa arena","description":"Casa Arena Wordpress Site","publisher":{"@id":"https:\/\/casaarena.eu\/es\/#organization"},"potentialAction":[{"@type":"SearchAction","target":{"@type":"EntryPoint","urlTemplate":"https:\/\/casaarena.eu\/es\/?s={search_term_string}"},"query-input":{"@type":"PropertyValueSpecification","valueRequired":true,"valueName":"search_term_string"}}],"inLanguage":"fr-FR"},{"@type":"Organization","@id":"https:\/\/casaarena.eu\/es\/#organization","name":"Casa arena","url":"https:\/\/casaarena.eu\/es\/","logo":{"@type":"ImageObject","inLanguage":"fr-FR","@id":"https:\/\/casaarena.eu\/es\/#\/schema\/logo\/image\/","url":"https:\/\/casaarena.eu\/wp-content\/uploads\/2020\/06\/cropped-CasaArena_Logotip_Web-2.png","contentUrl":"https:\/\/casaarena.eu\/wp-content\/uploads\/2020\/06\/cropped-CasaArena_Logotip_Web-2.png","width":997,"height":613,"caption":"Casa arena"},"image":{"@id":"https:\/\/casaarena.eu\/es\/#\/schema\/logo\/image\/"},"sameAs":["https:\/\/www.instagram.com\/casaarena_eu\/"]}]}},"_links":{"self":[{"href":"https:\/\/casaarena.eu\/fr\/wp-json\/wp\/v2\/product\/6998","targetHints":{"allow":["GET"]}}],"collection":[{"href":"https:\/\/casaarena.eu\/fr\/wp-json\/wp\/v2\/product"}],"about":[{"href":"https:\/\/casaarena.eu\/fr\/wp-json\/wp\/v2\/types\/product"}],"wp:featuredmedia":[{"embeddable":true,"href":"https:\/\/casaarena.eu\/fr\/wp-json\/wp\/v2\/media\/6147"}],"wp:attachment":[{"href":"https:\/\/casaarena.eu\/fr\/wp-json\/wp\/v2\/media?parent=6998"}],"wp:term":[{"taxonomy":"product_brand","embeddable":true,"href":"https:\/\/casaarena.eu\/fr\/wp-json\/wp\/v2\/product_brand?post=6998"},{"taxonomy":"product_cat","embeddable":true,"href":"https:\/\/casaarena.eu\/fr\/wp-json\/wp\/v2\/product_cat?post=6998"},{"taxonomy":"product_tag","embeddable":true,"href":"https:\/\/casaarena.eu\/fr\/wp-json\/wp\/v2\/product_tag?post=6998"}],"curies":[{"name":"wp","href":"https:\/\/api.w.org\/{rel}","templated":true}]}}