{"id":14857,"date":"2025-08-03T06:03:17","date_gmt":"2025-08-03T06:03:17","guid":{"rendered":"https:\/\/casaarena.eu\/producte\/bougies\/"},"modified":"2025-08-03T06:05:00","modified_gmt":"2025-08-03T06:05:00","slug":"bougies","status":"publish","type":"product","link":"https:\/\/casaarena.eu\/fr\/producte\/bougies\/","title":{"rendered":"Bougies"},"content":{"rendered":"<p><!-- VideographyWP Plugin Message: Automatic video embedding prevented by plugin options. --><br \/>\nCette bougie parfum\u00e9e a \u00e9t\u00e9 fabriqu\u00e9e \u00e0 la main avec une combinaison minutieuse de cires v\u00e9g\u00e9tales de soja, r\u00e9cup\u00e9r\u00e9es d&rsquo;autres bougies, pour leur donner une nouvelle vie sans sacrifier la qualit\u00e9. Sa formule originale, d\u00e9velopp\u00e9e exclusivement pour Casa Arena, utilise des m\u00e8ches en coton sans plomb et des essences s\u00e9lectionn\u00e9es qui garantissent une combustion propre et sans fum\u00e9e et un parfum chaud et enveloppant.<\/p>\n<p>Sp\u00e9cialement con\u00e7u pour offrir une exp\u00e9rience sensorielle unique aux clients de nos appartements premium, CAP DE CREUS \u00b7 SUMMER NIGHT \u00e9voque le calme et la magie des nuits d&rsquo;\u00e9t\u00e9 sur la Costa Brava.<\/p>\n","protected":false},"excerpt":{"rendered":"<p><strong>CAP DE CREUS &#8211; NUIT D&rsquo;\u00c9T\u00c9<\/strong><br \/>\n <em>Bougie parfum\u00e9e 230 g \u2013 \u00c9dition Artisan<\/em><br \/>\n Fabriqu\u00e9 \u00e0 la main avec de la cire v\u00e9g\u00e9tale de soja r\u00e9cup\u00e9r\u00e9e et des essences de premi\u00e8re qualit\u00e9.<\/p>\n","protected":false},"featured_media":14841,"template":"","meta":{"_acf_changed":false,"inline_featured_image":false},"product_brand":[],"product_cat":[305],"product_tag":[],"class_list":{"0":"post-14857","1":"product","2":"type-product","3":"status-publish","4":"has-post-thumbnail","6":"product_cat-productes-casa-arena-fr","8":"first","9":"instock","10":"taxable","11":"shipping-taxable","12":"purchasable","13":"product-type-simple"},"acf":[],"yoast_head":"<!-- This site is optimized with the Yoast SEO plugin v27.5 - https:\/\/yoast.com\/product\/yoast-seo-wordpress\/ -->\n<title>Bougies - Casa arena<\/title>\n<meta name=\"robots\" content=\"index, follow, max-snippet:-1, max-image-preview:large, max-video-preview:-1\" \/>\n<link rel=\"canonical\" href=\"https:\/\/casaarena.eu\/fr\/producte\/bougies\/\" \/>\n<meta property=\"og:locale\" content=\"fr_FR\" \/>\n<meta property=\"og:type\" content=\"article\" \/>\n<meta property=\"og:title\" content=\"Bougies - Casa arena\" \/>\n<meta property=\"og:description\" content=\"CAP DE CREUS - NUIT D&#039;\u00c9T\u00c9 Bougie parfum\u00e9e 230 g \u2013 \u00c9dition Artisan Fabriqu\u00e9 \u00e0 la main avec de la cire v\u00e9g\u00e9tale de soja r\u00e9cup\u00e9r\u00e9e et des essences de premi\u00e8re qualit\u00e9.\" \/>\n<meta property=\"og:url\" content=\"https:\/\/casaarena.eu\/fr\/producte\/bougies\/\" \/>\n<meta property=\"og:site_name\" content=\"Casa arena\" \/>\n<meta property=\"article:modified_time\" content=\"2025-08-03T06:05:00+00:00\" \/>\n<meta property=\"og:image\" content=\"https:\/\/casaarena.eu\/wp-content\/uploads\/2025\/08\/espelma_2.jpg\" \/>\n\t<meta property=\"og:image:width\" content=\"800\" \/>\n\t<meta property=\"og:image:height\" content=\"857\" \/>\n\t<meta property=\"og:image:type\" content=\"image\/jpeg\" \/>\n<meta name=\"twitter:card\" content=\"summary_large_image\" \/>\n<meta name=\"twitter:label1\" content=\"Dur\u00e9e de lecture estim\u00e9e\" \/>\n\t<meta name=\"twitter:data1\" content=\"1 minute\" \/>\n<script type=\"application\/ld+json\" class=\"yoast-schema-graph\">{\"@context\":\"https:\\\/\\\/schema.org\",\"@graph\":[{\"@type\":\"WebPage\",\"@id\":\"https:\\\/\\\/casaarena.eu\\\/fr\\\/producte\\\/bougies\\\/\",\"url\":\"https:\\\/\\\/casaarena.eu\\\/fr\\\/producte\\\/bougies\\\/\",\"name\":\"Bougies - Casa arena\",\"isPartOf\":{\"@id\":\"https:\\\/\\\/casaarena.eu\\\/es\\\/#website\"},\"primaryImageOfPage\":{\"@id\":\"https:\\\/\\\/casaarena.eu\\\/fr\\\/producte\\\/bougies\\\/#primaryimage\"},\"image\":{\"@id\":\"https:\\\/\\\/casaarena.eu\\\/fr\\\/producte\\\/bougies\\\/#primaryimage\"},\"thumbnailUrl\":\"https:\\\/\\\/casaarena.eu\\\/wp-content\\\/uploads\\\/2025\\\/08\\\/espelma_2.jpg\",\"datePublished\":\"2025-08-03T06:03:17+00:00\",\"dateModified\":\"2025-08-03T06:05:00+00:00\",\"breadcrumb\":{\"@id\":\"https:\\\/\\\/casaarena.eu\\\/fr\\\/producte\\\/bougies\\\/#breadcrumb\"},\"inLanguage\":\"fr-FR\",\"potentialAction\":[{\"@type\":\"ReadAction\",\"target\":[\"https:\\\/\\\/casaarena.eu\\\/fr\\\/producte\\\/bougies\\\/\"]}]},{\"@type\":\"ImageObject\",\"inLanguage\":\"fr-FR\",\"@id\":\"https:\\\/\\\/casaarena.eu\\\/fr\\\/producte\\\/bougies\\\/#primaryimage\",\"url\":\"https:\\\/\\\/casaarena.eu\\\/wp-content\\\/uploads\\\/2025\\\/08\\\/espelma_2.jpg\",\"contentUrl\":\"https:\\\/\\\/casaarena.eu\\\/wp-content\\\/uploads\\\/2025\\\/08\\\/espelma_2.jpg\",\"width\":800,\"height\":857},{\"@type\":\"BreadcrumbList\",\"@id\":\"https:\\\/\\\/casaarena.eu\\\/fr\\\/producte\\\/bougies\\\/#breadcrumb\",\"itemListElement\":[{\"@type\":\"ListItem\",\"position\":1,\"name\":\"Portada\",\"item\":\"https:\\\/\\\/casaarena.eu\\\/\"},{\"@type\":\"ListItem\",\"position\":2,\"name\":\"Products\",\"item\":\"https:\\\/\\\/casaarena.eu\\\/en\\\/shop\\\/\"},{\"@type\":\"ListItem\",\"position\":3,\"name\":\"Bougies\"}]},{\"@type\":\"WebSite\",\"@id\":\"https:\\\/\\\/casaarena.eu\\\/es\\\/#website\",\"url\":\"https:\\\/\\\/casaarena.eu\\\/es\\\/\",\"name\":\"Casa arena\",\"description\":\"Casa Arena Wordpress Site\",\"publisher\":{\"@id\":\"https:\\\/\\\/casaarena.eu\\\/es\\\/#organization\"},\"potentialAction\":[{\"@type\":\"SearchAction\",\"target\":{\"@type\":\"EntryPoint\",\"urlTemplate\":\"https:\\\/\\\/casaarena.eu\\\/es\\\/?s={search_term_string}\"},\"query-input\":{\"@type\":\"PropertyValueSpecification\",\"valueRequired\":true,\"valueName\":\"search_term_string\"}}],\"inLanguage\":\"fr-FR\"},{\"@type\":\"Organization\",\"@id\":\"https:\\\/\\\/casaarena.eu\\\/es\\\/#organization\",\"name\":\"Casa arena\",\"url\":\"https:\\\/\\\/casaarena.eu\\\/es\\\/\",\"logo\":{\"@type\":\"ImageObject\",\"inLanguage\":\"fr-FR\",\"@id\":\"https:\\\/\\\/casaarena.eu\\\/es\\\/#\\\/schema\\\/logo\\\/image\\\/\",\"url\":\"https:\\\/\\\/casaarena.eu\\\/wp-content\\\/uploads\\\/2020\\\/06\\\/cropped-CasaArena_Logotip_Web-2.png\",\"contentUrl\":\"https:\\\/\\\/casaarena.eu\\\/wp-content\\\/uploads\\\/2020\\\/06\\\/cropped-CasaArena_Logotip_Web-2.png\",\"width\":997,\"height\":613,\"caption\":\"Casa arena\"},\"image\":{\"@id\":\"https:\\\/\\\/casaarena.eu\\\/es\\\/#\\\/schema\\\/logo\\\/image\\\/\"},\"sameAs\":[\"https:\\\/\\\/www.instagram.com\\\/casaarena_eu\\\/\"]}]}<\/script>\n<!-- \/ Yoast SEO plugin. -->","yoast_head_json":{"title":"Bougies - Casa arena","robots":{"index":"index","follow":"follow","max-snippet":"max-snippet:-1","max-image-preview":"max-image-preview:large","max-video-preview":"max-video-preview:-1"},"canonical":"https:\/\/casaarena.eu\/fr\/producte\/bougies\/","og_locale":"fr_FR","og_type":"article","og_title":"Bougies - Casa arena","og_description":"CAP DE CREUS - NUIT D'\u00c9T\u00c9 Bougie parfum\u00e9e 230 g \u2013 \u00c9dition Artisan Fabriqu\u00e9 \u00e0 la main avec de la cire v\u00e9g\u00e9tale de soja r\u00e9cup\u00e9r\u00e9e et des essences de premi\u00e8re qualit\u00e9.","og_url":"https:\/\/casaarena.eu\/fr\/producte\/bougies\/","og_site_name":"Casa arena","article_modified_time":"2025-08-03T06:05:00+00:00","og_image":[{"width":800,"height":857,"url":"https:\/\/casaarena.eu\/wp-content\/uploads\/2025\/08\/espelma_2.jpg","type":"image\/jpeg"}],"twitter_card":"summary_large_image","twitter_misc":{"Dur\u00e9e de lecture estim\u00e9e":"1 minute"},"schema":{"@context":"https:\/\/schema.org","@graph":[{"@type":"WebPage","@id":"https:\/\/casaarena.eu\/fr\/producte\/bougies\/","url":"https:\/\/casaarena.eu\/fr\/producte\/bougies\/","name":"Bougies - Casa arena","isPartOf":{"@id":"https:\/\/casaarena.eu\/es\/#website"},"primaryImageOfPage":{"@id":"https:\/\/casaarena.eu\/fr\/producte\/bougies\/#primaryimage"},"image":{"@id":"https:\/\/casaarena.eu\/fr\/producte\/bougies\/#primaryimage"},"thumbnailUrl":"https:\/\/casaarena.eu\/wp-content\/uploads\/2025\/08\/espelma_2.jpg","datePublished":"2025-08-03T06:03:17+00:00","dateModified":"2025-08-03T06:05:00+00:00","breadcrumb":{"@id":"https:\/\/casaarena.eu\/fr\/producte\/bougies\/#breadcrumb"},"inLanguage":"fr-FR","potentialAction":[{"@type":"ReadAction","target":["https:\/\/casaarena.eu\/fr\/producte\/bougies\/"]}]},{"@type":"ImageObject","inLanguage":"fr-FR","@id":"https:\/\/casaarena.eu\/fr\/producte\/bougies\/#primaryimage","url":"https:\/\/casaarena.eu\/wp-content\/uploads\/2025\/08\/espelma_2.jpg","contentUrl":"https:\/\/casaarena.eu\/wp-content\/uploads\/2025\/08\/espelma_2.jpg","width":800,"height":857},{"@type":"BreadcrumbList","@id":"https:\/\/casaarena.eu\/fr\/producte\/bougies\/#breadcrumb","itemListElement":[{"@type":"ListItem","position":1,"name":"Portada","item":"https:\/\/casaarena.eu\/"},{"@type":"ListItem","position":2,"name":"Products","item":"https:\/\/casaarena.eu\/en\/shop\/"},{"@type":"ListItem","position":3,"name":"Bougies"}]},{"@type":"WebSite","@id":"https:\/\/casaarena.eu\/es\/#website","url":"https:\/\/casaarena.eu\/es\/","name":"Casa arena","description":"Casa Arena Wordpress Site","publisher":{"@id":"https:\/\/casaarena.eu\/es\/#organization"},"potentialAction":[{"@type":"SearchAction","target":{"@type":"EntryPoint","urlTemplate":"https:\/\/casaarena.eu\/es\/?s={search_term_string}"},"query-input":{"@type":"PropertyValueSpecification","valueRequired":true,"valueName":"search_term_string"}}],"inLanguage":"fr-FR"},{"@type":"Organization","@id":"https:\/\/casaarena.eu\/es\/#organization","name":"Casa arena","url":"https:\/\/casaarena.eu\/es\/","logo":{"@type":"ImageObject","inLanguage":"fr-FR","@id":"https:\/\/casaarena.eu\/es\/#\/schema\/logo\/image\/","url":"https:\/\/casaarena.eu\/wp-content\/uploads\/2020\/06\/cropped-CasaArena_Logotip_Web-2.png","contentUrl":"https:\/\/casaarena.eu\/wp-content\/uploads\/2020\/06\/cropped-CasaArena_Logotip_Web-2.png","width":997,"height":613,"caption":"Casa arena"},"image":{"@id":"https:\/\/casaarena.eu\/es\/#\/schema\/logo\/image\/"},"sameAs":["https:\/\/www.instagram.com\/casaarena_eu\/"]}]}},"_links":{"self":[{"href":"https:\/\/casaarena.eu\/fr\/wp-json\/wp\/v2\/product\/14857","targetHints":{"allow":["GET"]}}],"collection":[{"href":"https:\/\/casaarena.eu\/fr\/wp-json\/wp\/v2\/product"}],"about":[{"href":"https:\/\/casaarena.eu\/fr\/wp-json\/wp\/v2\/types\/product"}],"wp:featuredmedia":[{"embeddable":true,"href":"https:\/\/casaarena.eu\/fr\/wp-json\/wp\/v2\/media\/14841"}],"wp:attachment":[{"href":"https:\/\/casaarena.eu\/fr\/wp-json\/wp\/v2\/media?parent=14857"}],"wp:term":[{"taxonomy":"product_brand","embeddable":true,"href":"https:\/\/casaarena.eu\/fr\/wp-json\/wp\/v2\/product_brand?post=14857"},{"taxonomy":"product_cat","embeddable":true,"href":"https:\/\/casaarena.eu\/fr\/wp-json\/wp\/v2\/product_cat?post=14857"},{"taxonomy":"product_tag","embeddable":true,"href":"https:\/\/casaarena.eu\/fr\/wp-json\/wp\/v2\/product_tag?post=14857"}],"curies":[{"name":"wp","href":"https:\/\/api.w.org\/{rel}","templated":true}]}}