{"id":12918,"date":"2024-07-30T13:11:43","date_gmt":"2024-07-30T13:11:43","guid":{"rendered":"https:\/\/casaarena.eu\/producte\/promenade-en-bateau-demi-journee\/"},"modified":"2024-07-30T13:11:43","modified_gmt":"2024-07-30T13:11:43","slug":"promenade-en-bateau-demi-journee","status":"publish","type":"product","link":"https:\/\/casaarena.eu\/fr\/producte\/promenade-en-bateau-demi-journee\/","title":{"rendered":"Promenade en bateau (demi-journ\u00e9e)"},"content":{"rendered":"<p><!-- VideographyWP Plugin Message: Automatic video embedding prevented by plugin options. --><br \/>\nD\u00e9couvrez la magie du Cap de Creus depuis la mer avec une promenade en bateau de 30 pieds. Profitez d&rsquo;un ap\u00e9ritif inclus \u00e0 bord tout en explorant des coins idylliques et en profitant du beau temps dans l&rsquo;un des derniers paradis pr\u00e9serv\u00e9s de la M\u00e9diterran\u00e9e. Le Cap de Creus, situ\u00e9 au nord de l&rsquo;Empord\u00e0, est connu comme le Finisterre catalan, le point le plus oriental de la p\u00e9ninsule. Ce lieu magique est le premier \u00e0 voir le soleil se lever chaque jour. Gr\u00e2ce \u00e0 son isolement g\u00e9ographique, elle est rest\u00e9e pratiquement intacte face \u00e0 l&rsquo;expansion touristique massive qui a touch\u00e9 d&rsquo;autres parties de la Costa Brava. Ses falaises abruptes, ses eaux cristallines et ses paysages oniriques fa\u00e7onn\u00e9s par la Tramuntana sont une merveille pour les sens. Pendant la promenade en bateau, en fonction de l&rsquo;itin\u00e9raire et des conditions de la mer, vous pourrez explorer certains des plus beaux endroits du Cap de Creus, tels que Badia de Garbet, Cala Tamariua, Cala Tavallera, Cala Culip, Cala Fredosa, la Cala Jugadora, la Cova de l&rsquo;Infern, la Cala Guillola, les \u00eeles de Messine ou encore atteindre la baie de Cadaqu\u00e9s. Ces criques cach\u00e9es et spectaculaires offrent une exp\u00e9rience unique et inoubliable, parfaite pour une baignade rafra\u00eechissante ou simplement pour profiter de leur beaut\u00e9 naturelle. Ne manquez pas l&rsquo;opportunit\u00e9 de vivre une aventure exceptionnelle au Cap de Creus. R\u00e9servez votre promenade en bateau avec un marin et laissez-vous captiver par la s\u00e9r\u00e9nit\u00e9 et la beaut\u00e9 de ce coin privil\u00e9gi\u00e9 de la M\u00e9diterran\u00e9e.<\/p>\n","protected":false},"excerpt":{"rendered":"<p>Promenade en bateau avec marin avec ap\u00e9ritif inclus <strong>D\u00e9part :<\/strong> Port de Llan\u00e7\u00e0 <strong>Dur\u00e9e :<\/strong> 3\/4 heures <em>Remarque : \u00e0 propos de l&rsquo;heure<\/em> <\/p>\n","protected":false},"featured_media":12645,"template":"","meta":{"_acf_changed":false,"inline_featured_image":false},"product_brand":[],"product_cat":[],"product_tag":[],"class_list":{"0":"post-12918","1":"product","2":"type-product","3":"status-publish","4":"has-post-thumbnail","7":"first","8":"instock","9":"virtual","10":"sold-individually","11":"taxable","12":"purchasable","13":"product-type-simple"},"acf":[],"yoast_head":"<!-- This site is optimized with the Yoast SEO plugin v27.5 - https:\/\/yoast.com\/product\/yoast-seo-wordpress\/ -->\n<title>Promenade en bateau (demi-journ\u00e9e) - Casa arena<\/title>\n<meta name=\"robots\" content=\"index, follow, max-snippet:-1, max-image-preview:large, max-video-preview:-1\" \/>\n<link rel=\"canonical\" href=\"https:\/\/casaarena.eu\/fr\/producte\/promenade-en-bateau-demi-journee\/\" \/>\n<meta property=\"og:locale\" content=\"fr_FR\" \/>\n<meta property=\"og:type\" content=\"article\" \/>\n<meta property=\"og:title\" content=\"Promenade en bateau (demi-journ\u00e9e) - Casa arena\" \/>\n<meta property=\"og:description\" content=\"Promenade en bateau avec marin avec ap\u00e9ritif inclus D\u00e9part : Port de Llan\u00e7\u00e0 Dur\u00e9e : 3\/4 heures Remarque : \u00e0 propos de l&#039;heure\" \/>\n<meta property=\"og:url\" content=\"https:\/\/casaarena.eu\/fr\/producte\/promenade-en-bateau-demi-journee\/\" \/>\n<meta property=\"og:site_name\" content=\"Casa arena\" \/>\n<meta property=\"og:image\" content=\"https:\/\/casaarena.eu\/wp-content\/uploads\/2024\/06\/barca_1-scaled.jpg\" \/>\n\t<meta property=\"og:image:width\" content=\"2560\" \/>\n\t<meta property=\"og:image:height\" content=\"1920\" \/>\n\t<meta property=\"og:image:type\" content=\"image\/jpeg\" \/>\n<meta name=\"twitter:card\" content=\"summary_large_image\" \/>\n<meta name=\"twitter:label1\" content=\"Dur\u00e9e de lecture estim\u00e9e\" \/>\n\t<meta name=\"twitter:data1\" content=\"1 minute\" \/>\n<script type=\"application\/ld+json\" class=\"yoast-schema-graph\">{\"@context\":\"https:\\\/\\\/schema.org\",\"@graph\":[{\"@type\":\"WebPage\",\"@id\":\"https:\\\/\\\/casaarena.eu\\\/fr\\\/producte\\\/promenade-en-bateau-demi-journee\\\/\",\"url\":\"https:\\\/\\\/casaarena.eu\\\/fr\\\/producte\\\/promenade-en-bateau-demi-journee\\\/\",\"name\":\"Promenade en bateau (demi-journ\u00e9e) - Casa arena\",\"isPartOf\":{\"@id\":\"https:\\\/\\\/casaarena.eu\\\/es\\\/#website\"},\"primaryImageOfPage\":{\"@id\":\"https:\\\/\\\/casaarena.eu\\\/fr\\\/producte\\\/promenade-en-bateau-demi-journee\\\/#primaryimage\"},\"image\":{\"@id\":\"https:\\\/\\\/casaarena.eu\\\/fr\\\/producte\\\/promenade-en-bateau-demi-journee\\\/#primaryimage\"},\"thumbnailUrl\":\"https:\\\/\\\/casaarena.eu\\\/wp-content\\\/uploads\\\/2024\\\/06\\\/barca_1-scaled.jpg\",\"datePublished\":\"2024-07-30T13:11:43+00:00\",\"breadcrumb\":{\"@id\":\"https:\\\/\\\/casaarena.eu\\\/fr\\\/producte\\\/promenade-en-bateau-demi-journee\\\/#breadcrumb\"},\"inLanguage\":\"fr-FR\",\"potentialAction\":[{\"@type\":\"ReadAction\",\"target\":[\"https:\\\/\\\/casaarena.eu\\\/fr\\\/producte\\\/promenade-en-bateau-demi-journee\\\/\"]}]},{\"@type\":\"ImageObject\",\"inLanguage\":\"fr-FR\",\"@id\":\"https:\\\/\\\/casaarena.eu\\\/fr\\\/producte\\\/promenade-en-bateau-demi-journee\\\/#primaryimage\",\"url\":\"https:\\\/\\\/casaarena.eu\\\/wp-content\\\/uploads\\\/2024\\\/06\\\/barca_1-scaled.jpg\",\"contentUrl\":\"https:\\\/\\\/casaarena.eu\\\/wp-content\\\/uploads\\\/2024\\\/06\\\/barca_1-scaled.jpg\",\"width\":2560,\"height\":1920},{\"@type\":\"BreadcrumbList\",\"@id\":\"https:\\\/\\\/casaarena.eu\\\/fr\\\/producte\\\/promenade-en-bateau-demi-journee\\\/#breadcrumb\",\"itemListElement\":[{\"@type\":\"ListItem\",\"position\":1,\"name\":\"Portada\",\"item\":\"https:\\\/\\\/casaarena.eu\\\/\"},{\"@type\":\"ListItem\",\"position\":2,\"name\":\"Products\",\"item\":\"https:\\\/\\\/casaarena.eu\\\/en\\\/shop\\\/\"},{\"@type\":\"ListItem\",\"position\":3,\"name\":\"Promenade en bateau (demi-journ\u00e9e)\"}]},{\"@type\":\"WebSite\",\"@id\":\"https:\\\/\\\/casaarena.eu\\\/es\\\/#website\",\"url\":\"https:\\\/\\\/casaarena.eu\\\/es\\\/\",\"name\":\"Casa arena\",\"description\":\"Casa Arena Wordpress Site\",\"publisher\":{\"@id\":\"https:\\\/\\\/casaarena.eu\\\/es\\\/#organization\"},\"potentialAction\":[{\"@type\":\"SearchAction\",\"target\":{\"@type\":\"EntryPoint\",\"urlTemplate\":\"https:\\\/\\\/casaarena.eu\\\/es\\\/?s={search_term_string}\"},\"query-input\":{\"@type\":\"PropertyValueSpecification\",\"valueRequired\":true,\"valueName\":\"search_term_string\"}}],\"inLanguage\":\"fr-FR\"},{\"@type\":\"Organization\",\"@id\":\"https:\\\/\\\/casaarena.eu\\\/es\\\/#organization\",\"name\":\"Casa arena\",\"url\":\"https:\\\/\\\/casaarena.eu\\\/es\\\/\",\"logo\":{\"@type\":\"ImageObject\",\"inLanguage\":\"fr-FR\",\"@id\":\"https:\\\/\\\/casaarena.eu\\\/es\\\/#\\\/schema\\\/logo\\\/image\\\/\",\"url\":\"https:\\\/\\\/casaarena.eu\\\/wp-content\\\/uploads\\\/2020\\\/06\\\/cropped-CasaArena_Logotip_Web-2.png\",\"contentUrl\":\"https:\\\/\\\/casaarena.eu\\\/wp-content\\\/uploads\\\/2020\\\/06\\\/cropped-CasaArena_Logotip_Web-2.png\",\"width\":997,\"height\":613,\"caption\":\"Casa arena\"},\"image\":{\"@id\":\"https:\\\/\\\/casaarena.eu\\\/es\\\/#\\\/schema\\\/logo\\\/image\\\/\"},\"sameAs\":[\"https:\\\/\\\/www.instagram.com\\\/casaarena_eu\\\/\"]}]}<\/script>\n<!-- \/ Yoast SEO plugin. -->","yoast_head_json":{"title":"Promenade en bateau (demi-journ\u00e9e) - Casa arena","robots":{"index":"index","follow":"follow","max-snippet":"max-snippet:-1","max-image-preview":"max-image-preview:large","max-video-preview":"max-video-preview:-1"},"canonical":"https:\/\/casaarena.eu\/fr\/producte\/promenade-en-bateau-demi-journee\/","og_locale":"fr_FR","og_type":"article","og_title":"Promenade en bateau (demi-journ\u00e9e) - Casa arena","og_description":"Promenade en bateau avec marin avec ap\u00e9ritif inclus D\u00e9part : Port de Llan\u00e7\u00e0 Dur\u00e9e : 3\/4 heures Remarque : \u00e0 propos de l'heure","og_url":"https:\/\/casaarena.eu\/fr\/producte\/promenade-en-bateau-demi-journee\/","og_site_name":"Casa arena","og_image":[{"width":2560,"height":1920,"url":"https:\/\/casaarena.eu\/wp-content\/uploads\/2024\/06\/barca_1-scaled.jpg","type":"image\/jpeg"}],"twitter_card":"summary_large_image","twitter_misc":{"Dur\u00e9e de lecture estim\u00e9e":"1 minute"},"schema":{"@context":"https:\/\/schema.org","@graph":[{"@type":"WebPage","@id":"https:\/\/casaarena.eu\/fr\/producte\/promenade-en-bateau-demi-journee\/","url":"https:\/\/casaarena.eu\/fr\/producte\/promenade-en-bateau-demi-journee\/","name":"Promenade en bateau (demi-journ\u00e9e) - Casa arena","isPartOf":{"@id":"https:\/\/casaarena.eu\/es\/#website"},"primaryImageOfPage":{"@id":"https:\/\/casaarena.eu\/fr\/producte\/promenade-en-bateau-demi-journee\/#primaryimage"},"image":{"@id":"https:\/\/casaarena.eu\/fr\/producte\/promenade-en-bateau-demi-journee\/#primaryimage"},"thumbnailUrl":"https:\/\/casaarena.eu\/wp-content\/uploads\/2024\/06\/barca_1-scaled.jpg","datePublished":"2024-07-30T13:11:43+00:00","breadcrumb":{"@id":"https:\/\/casaarena.eu\/fr\/producte\/promenade-en-bateau-demi-journee\/#breadcrumb"},"inLanguage":"fr-FR","potentialAction":[{"@type":"ReadAction","target":["https:\/\/casaarena.eu\/fr\/producte\/promenade-en-bateau-demi-journee\/"]}]},{"@type":"ImageObject","inLanguage":"fr-FR","@id":"https:\/\/casaarena.eu\/fr\/producte\/promenade-en-bateau-demi-journee\/#primaryimage","url":"https:\/\/casaarena.eu\/wp-content\/uploads\/2024\/06\/barca_1-scaled.jpg","contentUrl":"https:\/\/casaarena.eu\/wp-content\/uploads\/2024\/06\/barca_1-scaled.jpg","width":2560,"height":1920},{"@type":"BreadcrumbList","@id":"https:\/\/casaarena.eu\/fr\/producte\/promenade-en-bateau-demi-journee\/#breadcrumb","itemListElement":[{"@type":"ListItem","position":1,"name":"Portada","item":"https:\/\/casaarena.eu\/"},{"@type":"ListItem","position":2,"name":"Products","item":"https:\/\/casaarena.eu\/en\/shop\/"},{"@type":"ListItem","position":3,"name":"Promenade en bateau (demi-journ\u00e9e)"}]},{"@type":"WebSite","@id":"https:\/\/casaarena.eu\/es\/#website","url":"https:\/\/casaarena.eu\/es\/","name":"Casa arena","description":"Casa Arena Wordpress Site","publisher":{"@id":"https:\/\/casaarena.eu\/es\/#organization"},"potentialAction":[{"@type":"SearchAction","target":{"@type":"EntryPoint","urlTemplate":"https:\/\/casaarena.eu\/es\/?s={search_term_string}"},"query-input":{"@type":"PropertyValueSpecification","valueRequired":true,"valueName":"search_term_string"}}],"inLanguage":"fr-FR"},{"@type":"Organization","@id":"https:\/\/casaarena.eu\/es\/#organization","name":"Casa arena","url":"https:\/\/casaarena.eu\/es\/","logo":{"@type":"ImageObject","inLanguage":"fr-FR","@id":"https:\/\/casaarena.eu\/es\/#\/schema\/logo\/image\/","url":"https:\/\/casaarena.eu\/wp-content\/uploads\/2020\/06\/cropped-CasaArena_Logotip_Web-2.png","contentUrl":"https:\/\/casaarena.eu\/wp-content\/uploads\/2020\/06\/cropped-CasaArena_Logotip_Web-2.png","width":997,"height":613,"caption":"Casa arena"},"image":{"@id":"https:\/\/casaarena.eu\/es\/#\/schema\/logo\/image\/"},"sameAs":["https:\/\/www.instagram.com\/casaarena_eu\/"]}]}},"_links":{"self":[{"href":"https:\/\/casaarena.eu\/fr\/wp-json\/wp\/v2\/product\/12918","targetHints":{"allow":["GET"]}}],"collection":[{"href":"https:\/\/casaarena.eu\/fr\/wp-json\/wp\/v2\/product"}],"about":[{"href":"https:\/\/casaarena.eu\/fr\/wp-json\/wp\/v2\/types\/product"}],"wp:featuredmedia":[{"embeddable":true,"href":"https:\/\/casaarena.eu\/fr\/wp-json\/wp\/v2\/media\/12645"}],"wp:attachment":[{"href":"https:\/\/casaarena.eu\/fr\/wp-json\/wp\/v2\/media?parent=12918"}],"wp:term":[{"taxonomy":"product_brand","embeddable":true,"href":"https:\/\/casaarena.eu\/fr\/wp-json\/wp\/v2\/product_brand?post=12918"},{"taxonomy":"product_cat","embeddable":true,"href":"https:\/\/casaarena.eu\/fr\/wp-json\/wp\/v2\/product_cat?post=12918"},{"taxonomy":"product_tag","embeddable":true,"href":"https:\/\/casaarena.eu\/fr\/wp-json\/wp\/v2\/product_tag?post=12918"}],"curies":[{"name":"wp","href":"https:\/\/api.w.org\/{rel}","templated":true}]}}