{"id":5535,"date":"2021-07-07T11:17:06","date_gmt":"2021-07-07T11:17:06","guid":{"rendered":"https:\/\/www.casaarena.eu\/a-propos\/"},"modified":"2024-03-04T11:32:49","modified_gmt":"2024-03-04T11:32:49","slug":"a-propos","status":"publish","type":"page","link":"https:\/\/casaarena.eu\/fr\/a-propos\/","title":{"rendered":"\u00c0 propos"},"content":{"rendered":"\t\t<div data-elementor-type=\"wp-page\" data-elementor-id=\"5535\" class=\"elementor elementor-5535 elementor-2181\">\n\t\t\t\t\t\t<section class=\"elementor-section elementor-top-section elementor-element elementor-element-ffa56c8 elementor-section-stretched elementor-section-full_width elementor-section-height-default elementor-section-height-default\" data-id=\"ffa56c8\" data-element_type=\"section\" data-e-type=\"section\" data-settings=\"{&quot;stretch_section&quot;:&quot;section-stretched&quot;}\">\n\t\t\t\t\t\t<div class=\"elementor-container elementor-column-gap-default\">\n\t\t\t\t\t<div class=\"elementor-column elementor-col-100 elementor-top-column elementor-element elementor-element-d1b9c5c\" data-id=\"d1b9c5c\" data-element_type=\"column\" data-e-type=\"column\">\n\t\t\t<div class=\"elementor-widget-wrap elementor-element-populated\">\n\t\t\t\t\t\t<div class=\"elementor-element elementor-element-5cd3601 elementor-widget elementor-widget-image\" data-id=\"5cd3601\" data-element_type=\"widget\" data-e-type=\"widget\" data-widget_type=\"image.default\">\n\t\t\t\t<div class=\"elementor-widget-container\">\n\t\t\t\t\t\t\t\t\t\t\t\t\t\t\t<img fetchpriority=\"high\" decoding=\"async\" width=\"746\" height=\"116\" src=\"https:\/\/casaarena.eu\/wp-content\/uploads\/2020\/12\/shutterstock_137475374-2-1.png\" class=\"attachment-large size-large wp-image-2823\" alt=\"\" \/>\t\t\t\t\t\t\t\t\t\t\t\t\t\t\t<\/div>\n\t\t\t\t<\/div>\n\t\t\t\t\t<\/div>\n\t\t<\/div>\n\t\t\t\t\t<\/div>\n\t\t<\/section>\n\t\t\t\t<section class=\"elementor-section elementor-top-section elementor-element elementor-element-6c9e5c21 elementor-section-boxed elementor-section-height-default elementor-section-height-default\" data-id=\"6c9e5c21\" data-element_type=\"section\" data-e-type=\"section\" data-settings=\"{&quot;background_background&quot;:&quot;classic&quot;}\">\n\t\t\t\t\t\t<div class=\"elementor-container elementor-column-gap-default\">\n\t\t\t\t\t<div class=\"elementor-column elementor-col-100 elementor-top-column elementor-element elementor-element-25a4954c\" data-id=\"25a4954c\" data-element_type=\"column\" data-e-type=\"column\">\n\t\t\t<div class=\"elementor-widget-wrap elementor-element-populated\">\n\t\t\t\t\t\t<div class=\"elementor-element elementor-element-17604878 elementor-widget elementor-widget-heading\" data-id=\"17604878\" data-element_type=\"widget\" data-e-type=\"widget\" data-widget_type=\"heading.default\">\n\t\t\t\t<div class=\"elementor-widget-container\">\n\t\t\t\t\t<h2 class=\"elementor-heading-title elementor-size-default\">\u00c0 propos<\/h2>\t\t\t\t<\/div>\n\t\t\t\t<\/div>\n\t\t\t\t\t<\/div>\n\t\t<\/div>\n\t\t\t\t\t<\/div>\n\t\t<\/section>\n\t\t\t\t<section class=\"elementor-section elementor-top-section elementor-element elementor-element-7e784e76 elementor-section-stretched elementor-section-content-middle elementor-section-boxed elementor-section-height-default elementor-section-height-default\" data-id=\"7e784e76\" data-element_type=\"section\" data-e-type=\"section\" data-settings=\"{&quot;stretch_section&quot;:&quot;section-stretched&quot;,&quot;background_background&quot;:&quot;classic&quot;}\">\n\t\t\t\t\t\t<div class=\"elementor-container elementor-column-gap-default\">\n\t\t\t\t\t<div class=\"elementor-column elementor-col-50 elementor-top-column elementor-element elementor-element-33fbb5d0\" data-id=\"33fbb5d0\" data-element_type=\"column\" data-e-type=\"column\">\n\t\t\t<div class=\"elementor-widget-wrap elementor-element-populated\">\n\t\t\t\t\t\t<div class=\"elementor-element elementor-element-6d3419cc elementor-widget elementor-widget-image\" data-id=\"6d3419cc\" data-element_type=\"widget\" data-e-type=\"widget\" data-widget_type=\"image.default\">\n\t\t\t\t<div class=\"elementor-widget-container\">\n\t\t\t\t\t\t\t\t\t\t\t\t\t\t\t<img decoding=\"async\" width=\"746\" height=\"1082\" src=\"https:\/\/casaarena.eu\/wp-content\/uploads\/2020\/07\/Artboard-Copy.jpg\" class=\"attachment-medium_large size-medium_large wp-image-5550\" alt=\"\" \/>\t\t\t\t\t\t\t\t\t\t\t\t\t\t\t<\/div>\n\t\t\t\t<\/div>\n\t\t\t\t\t<\/div>\n\t\t<\/div>\n\t\t\t\t<div class=\"elementor-column elementor-col-50 elementor-top-column elementor-element elementor-element-2ade1923\" data-id=\"2ade1923\" data-element_type=\"column\" data-e-type=\"column\" data-settings=\"{&quot;background_background&quot;:&quot;classic&quot;}\">\n\t\t\t<div class=\"elementor-widget-wrap elementor-element-populated\">\n\t\t\t\t\t\t<div class=\"elementor-element elementor-element-4f5ed2f7 elementor-widget elementor-widget-text-editor\" data-id=\"4f5ed2f7\" data-element_type=\"widget\" data-e-type=\"widget\" data-widget_type=\"text-editor.default\">\n\t\t\t\t<div class=\"elementor-widget-container\">\n\t\t\t\t\t\t\t\t\t<h4>Faites partie du r\u00eave<\/h4>\n\t\t\t\t\t\t\t\t<\/div>\n\t\t\t\t<\/div>\n\t\t\t\t<div class=\"elementor-element elementor-element-31245c4f elementor-widget elementor-widget-text-editor\" data-id=\"31245c4f\" data-element_type=\"widget\" data-e-type=\"widget\" data-widget_type=\"text-editor.default\">\n\t\t\t\t<div class=\"elementor-widget-container\">\n\t\t\t\t\t\t\t\t\t<p style=\"text-align: left;\">Cela fait plus de 30 ans que nous profitons de la Costa Brava. Au fil du temps, nous avons vu grandir notre famille ainsi que notre amour pour cette r\u00e9gion situ\u00e9e en bord de mer.<\/p>\n<p>C&rsquo;est cet amour qui nous a pouss\u00e9 \u00e0 cr\u00e9er un ensemble unique d&rsquo;appartements et maisons de vacances, afin que d&rsquo;autres personnes puissent profiter comme nous l&rsquo;avons fait nous-m\u00eames. \u00ab\u00a0Vous r\u00eavez\u00a0\u00bb, qu&rsquo;on nous a dit&#8230; Aujourd&rsquo;hui, le r\u00eave est devenu r\u00e9alit\u00e9 !<\/p>\n<p>Nous vous offrons plus qu&rsquo;un simple h\u00e9bergement : nous proposons \u00e9galement des activit\u00e9s typiques, authentiques et inoubliables. C&rsquo;est cela qui fait notre diff\u00e9rence. Avant, pendant et apr\u00e8s votre s\u00e9jour, vous pourrez pr\u00e9voir et profiter de nombreux services qui viendront compl\u00e9ter vos vacances.<\/p>\n<p>Offrez-vous quelques jours de repos et de d\u00e9connexion sur la Costa Brava. N&rsquo;h\u00e9sitez pas \u00e0 venir en famille. Faites-vous conseiller par des h\u00f4tes professionels et disponibles qui sauront r\u00e9pondre \u00e0 toutes vos questions.<\/p>\n<p>Nous vous invitons aussi \u00e0 nous suivre sur <strong>Instagram<\/strong>. Si vous avez des questions, n&rsquo;h\u00e9sitez pas \u00e0 nous contacter pour nous les faire parvenir.<\/p>\n\t\t\t\t\t\t\t\t<\/div>\n\t\t\t\t<\/div>\n\t\t\t\t\t<\/div>\n\t\t<\/div>\n\t\t\t\t\t<\/div>\n\t\t<\/section>\n\t\t\t\t<section class=\"elementor-section elementor-top-section elementor-element elementor-element-d53162e elementor-section-stretched elementor-section-content-middle elementor-section-boxed elementor-section-height-default elementor-section-height-default\" data-id=\"d53162e\" data-element_type=\"section\" data-e-type=\"section\" data-settings=\"{&quot;stretch_section&quot;:&quot;section-stretched&quot;,&quot;background_background&quot;:&quot;classic&quot;}\">\n\t\t\t\t\t\t<div class=\"elementor-container elementor-column-gap-default\">\n\t\t\t\t\t<div class=\"elementor-column elementor-col-50 elementor-top-column elementor-element elementor-element-02d7fa9\" data-id=\"02d7fa9\" data-element_type=\"column\" data-e-type=\"column\">\n\t\t\t<div class=\"elementor-widget-wrap elementor-element-populated\">\n\t\t\t\t\t\t<div class=\"elementor-element elementor-element-20b36ab elementor-widget elementor-widget-text-editor\" data-id=\"20b36ab\" data-element_type=\"widget\" data-e-type=\"widget\" data-widget_type=\"text-editor.default\">\n\t\t\t\t<div class=\"elementor-widget-container\">\n\t\t\t\t\t\t\t\t\t<h4>La naissance de Casa Arena<\/h4>\n\t\t\t\t\t\t\t\t<\/div>\n\t\t\t\t<\/div>\n\t\t\t\t<div class=\"elementor-element elementor-element-e94bc61 elementor-widget elementor-widget-text-editor\" data-id=\"e94bc61\" data-element_type=\"widget\" data-e-type=\"widget\" data-widget_type=\"text-editor.default\">\n\t\t\t\t<div class=\"elementor-widget-container\">\n\t\t\t\t\t\t\t\t\t<p>Tout a commenc\u00e9 en 1997, \u00e0 Cadaqu\u00e9s.<\/p>\n<p>L&rsquo;image que vous voyez montre la maison dans laquelle nos enfants allaient jouer. En r\u00e9alit\u00e9, c&rsquo;est l&rsquo;annexe d&rsquo;une maison abandonn\u00e9e, situ\u00e9e au milieu du chemin menant \u00e0 la plage de S&rsquo;aranella, apr\u00e8s Ses Oliveres.<\/p>\n<p>Ils ont nettoy\u00e9 les lieux et apport\u00e9 quelques \u00e9l\u00e9ments de d\u00e9coration \u00e0 l&rsquo;int\u00e9rieur de la maison, o\u00f9 ils se faufilaient pour jouer un moment avant de rentrer. C&rsquo;est aussi dans cette maison de p\u00eacheur qu&rsquo;ils ont fond\u00e9 le <em>\u00ab Club secret \u00bb<\/em> de Casa Arena.<\/p>\n<p>Tout n&rsquo;\u00e9tait que joie et libert\u00e9.<\/p>\n\t\t\t\t\t\t\t\t<\/div>\n\t\t\t\t<\/div>\n\t\t\t\t\t<\/div>\n\t\t<\/div>\n\t\t\t\t<div class=\"elementor-column elementor-col-50 elementor-top-column elementor-element elementor-element-c1fabaf\" data-id=\"c1fabaf\" data-element_type=\"column\" data-e-type=\"column\" data-settings=\"{&quot;background_background&quot;:&quot;classic&quot;}\">\n\t\t\t<div class=\"elementor-widget-wrap elementor-element-populated\">\n\t\t\t\t\t\t<div class=\"elementor-element elementor-element-1c014af elementor-widget elementor-widget-image\" data-id=\"1c014af\" data-element_type=\"widget\" data-e-type=\"widget\" data-widget_type=\"image.default\">\n\t\t\t\t<div class=\"elementor-widget-container\">\n\t\t\t\t\t\t\t\t\t\t\t\t\t\t\t<img decoding=\"async\" width=\"746\" height=\"761\" src=\"https:\/\/casaarena.eu\/wp-content\/uploads\/2021\/06\/WhatsApp-Image-2021-04-20-at-21.43.37-2.jpeg\" class=\"attachment-large size-large wp-image-4685\" alt=\"\" \/>\t\t\t\t\t\t\t\t\t\t\t\t\t\t\t<\/div>\n\t\t\t\t<\/div>\n\t\t\t\t\t<\/div>\n\t\t<\/div>\n\t\t\t\t\t<\/div>\n\t\t<\/section>\n\t\t\t\t<section class=\"elementor-section elementor-top-section elementor-element elementor-element-1f1932e elementor-section-stretched elementor-section-boxed elementor-section-height-default elementor-section-height-default\" data-id=\"1f1932e\" data-element_type=\"section\" data-e-type=\"section\" data-settings=\"{&quot;background_background&quot;:&quot;classic&quot;,&quot;stretch_section&quot;:&quot;section-stretched&quot;}\">\n\t\t\t\t\t\t\t<div class=\"elementor-background-overlay\"><\/div>\n\t\t\t\t\t\t\t<div class=\"elementor-container elementor-column-gap-default\">\n\t\t\t\t\t<div class=\"elementor-column elementor-col-100 elementor-top-column elementor-element elementor-element-d3e224f\" data-id=\"d3e224f\" data-element_type=\"column\" data-e-type=\"column\">\n\t\t\t<div class=\"elementor-widget-wrap elementor-element-populated\">\n\t\t\t\t\t\t<div class=\"elementor-element elementor-element-a9bdc4c elementor-hidden-phone elementor-widget elementor-widget-text-editor\" data-id=\"a9bdc4c\" data-element_type=\"widget\" data-e-type=\"widget\" data-widget_type=\"text-editor.default\">\n\t\t\t\t<div class=\"elementor-widget-container\">\n\t\t\t\t\t\t\t\t\t<h4><span style=\"color: #ffffff;\">Merci de nous contacter si vous avez des questions ou que vous avez besoin de plus d&rsquo;informations. <br \/>Nous serons heureux de pouvoir vous aider.<\/span><\/h4>\n\t\t\t\t\t\t\t\t<\/div>\n\t\t\t\t<\/div>\n\t\t\t\t<div class=\"elementor-element elementor-element-f6a8191 elementor-hidden-desktop elementor-hidden-tablet elementor-widget elementor-widget-text-editor\" data-id=\"f6a8191\" data-element_type=\"widget\" data-e-type=\"widget\" data-widget_type=\"text-editor.default\">\n\t\t\t\t<div class=\"elementor-widget-container\">\n\t\t\t\t\t\t\t\t\t<h4><span style=\"color: #ffffff;\">Merci de nous contacter si vous avez des questions ou que vous avez besoin de plus d&rsquo;informations. Nous serons heureux de pouvoir vous aider.<\/span><\/h4>\n\t\t\t\t\t\t\t\t<\/div>\n\t\t\t\t<\/div>\n\t\t\t\t<div class=\"elementor-element elementor-element-2251d8f elementor-align-center elementor-widget elementor-widget-button\" data-id=\"2251d8f\" data-element_type=\"widget\" data-e-type=\"widget\" data-widget_type=\"button.default\">\n\t\t\t\t<div class=\"elementor-widget-container\">\n\t\t\t\t\t\t\t\t\t<div class=\"elementor-button-wrapper\">\n\t\t\t\t\t<a class=\"elementor-button elementor-button-link elementor-size-sm\" href=\"\/fr\/contactez-nous\/\">\n\t\t\t\t\t\t<span class=\"elementor-button-content-wrapper\">\n\t\t\t\t\t\t\t\t\t<span class=\"elementor-button-text\">Contact<\/span>\n\t\t\t\t\t<\/span>\n\t\t\t\t\t<\/a>\n\t\t\t\t<\/div>\n\t\t\t\t\t\t\t\t<\/div>\n\t\t\t\t<\/div>\n\t\t\t\t\t<\/div>\n\t\t<\/div>\n\t\t\t\t\t<\/div>\n\t\t<\/section>\n\t\t\t\t<\/div>\n\t\t","protected":false},"excerpt":{"rendered":"<p>\u00c0 propos Faites partie du r\u00eave Cela fait plus de 30 ans que nous profitons de la Costa Brava. Au fil du temps, nous avons vu grandir notre famille ainsi que notre amour pour cette r\u00e9gion situ\u00e9e en bord de mer. C&rsquo;est cet amour qui nous a pouss\u00e9 \u00e0 cr\u00e9er un ensemble unique d&rsquo;appartements et [&hellip;]<\/p>\n","protected":false},"author":1,"featured_media":0,"parent":0,"menu_order":0,"comment_status":"closed","ping_status":"closed","template":"","meta":{"_acf_changed":false,"inline_featured_image":false,"footnotes":""},"class_list":["post-5535","page","type-page","status-publish","hentry"],"acf":[],"yoast_head":"<!-- This site is optimized with the Yoast SEO plugin v27.5 - https:\/\/yoast.com\/product\/yoast-seo-wordpress\/ -->\n<title>Logements sur la Costa Brava - Casa Arena<\/title>\n<meta name=\"description\" content=\"R\u00e9servez l&#039;appartement qui vous correspond le mieux. Nous proposons 6 appartements diff\u00e9rents sur la Costa Brava. R\u00e9servez le v\u00f4tre maintenant !\" \/>\n<meta name=\"robots\" content=\"index, follow, max-snippet:-1, max-image-preview:large, max-video-preview:-1\" \/>\n<link rel=\"canonical\" href=\"https:\/\/casaarena.eu\/nosaltres\/\" \/>\n<meta property=\"og:locale\" content=\"fr_FR\" \/>\n<meta property=\"og:type\" content=\"article\" \/>\n<meta property=\"og:title\" content=\"Logements sur la Costa Brava - Casa Arena\" \/>\n<meta property=\"og:description\" content=\"R\u00e9servez l&#039;appartement qui vous correspond le mieux. Nous proposons 6 appartements diff\u00e9rents sur la Costa Brava. R\u00e9servez le v\u00f4tre maintenant !\" \/>\n<meta property=\"og:url\" content=\"https:\/\/casaarena.eu\/nosaltres\/\" \/>\n<meta property=\"og:site_name\" content=\"Casa arena\" \/>\n<meta property=\"article:modified_time\" content=\"2024-03-04T11:32:49+00:00\" \/>\n<meta property=\"og:image\" content=\"http:\/\/casaarena.eu\/wp-content\/uploads\/2020\/12\/shutterstock_137475374-2-1.png\" \/>\n<meta name=\"twitter:card\" content=\"summary_large_image\" \/>\n<meta name=\"twitter:label1\" content=\"Dur\u00e9e de lecture estim\u00e9e\" \/>\n\t<meta name=\"twitter:data1\" content=\"3 minutes\" \/>\n<script type=\"application\/ld+json\" class=\"yoast-schema-graph\">{\"@context\":\"https:\\\/\\\/schema.org\",\"@graph\":[{\"@type\":\"WebPage\",\"@id\":\"https:\\\/\\\/casaarena.eu\\\/nosaltres\\\/\",\"url\":\"https:\\\/\\\/casaarena.eu\\\/nosaltres\\\/\",\"name\":\"Logements sur la Costa Brava - Casa Arena\",\"isPartOf\":{\"@id\":\"https:\\\/\\\/casaarena.eu\\\/es\\\/#website\"},\"primaryImageOfPage\":{\"@id\":\"https:\\\/\\\/casaarena.eu\\\/nosaltres\\\/#primaryimage\"},\"image\":{\"@id\":\"https:\\\/\\\/casaarena.eu\\\/nosaltres\\\/#primaryimage\"},\"thumbnailUrl\":\"http:\\\/\\\/casaarena.eu\\\/wp-content\\\/uploads\\\/2020\\\/12\\\/shutterstock_137475374-2-1.png\",\"datePublished\":\"2021-07-07T11:17:06+00:00\",\"dateModified\":\"2024-03-04T11:32:49+00:00\",\"description\":\"R\u00e9servez l'appartement qui vous correspond le mieux. Nous proposons 6 appartements diff\u00e9rents sur la Costa Brava. R\u00e9servez le v\u00f4tre maintenant !\",\"breadcrumb\":{\"@id\":\"https:\\\/\\\/casaarena.eu\\\/nosaltres\\\/#breadcrumb\"},\"inLanguage\":\"fr-FR\",\"potentialAction\":[{\"@type\":\"ReadAction\",\"target\":[\"https:\\\/\\\/casaarena.eu\\\/nosaltres\\\/\"]}]},{\"@type\":\"ImageObject\",\"inLanguage\":\"fr-FR\",\"@id\":\"https:\\\/\\\/casaarena.eu\\\/nosaltres\\\/#primaryimage\",\"url\":\"http:\\\/\\\/casaarena.eu\\\/wp-content\\\/uploads\\\/2020\\\/12\\\/shutterstock_137475374-2-1.png\",\"contentUrl\":\"http:\\\/\\\/casaarena.eu\\\/wp-content\\\/uploads\\\/2020\\\/12\\\/shutterstock_137475374-2-1.png\"},{\"@type\":\"BreadcrumbList\",\"@id\":\"https:\\\/\\\/casaarena.eu\\\/nosaltres\\\/#breadcrumb\",\"itemListElement\":[{\"@type\":\"ListItem\",\"position\":1,\"name\":\"Portada\",\"item\":\"https:\\\/\\\/casaarena.eu\\\/\"},{\"@type\":\"ListItem\",\"position\":2,\"name\":\"\u00c0 propos\"}]},{\"@type\":\"WebSite\",\"@id\":\"https:\\\/\\\/casaarena.eu\\\/es\\\/#website\",\"url\":\"https:\\\/\\\/casaarena.eu\\\/es\\\/\",\"name\":\"Casa arena\",\"description\":\"Casa Arena Wordpress Site\",\"publisher\":{\"@id\":\"https:\\\/\\\/casaarena.eu\\\/es\\\/#organization\"},\"potentialAction\":[{\"@type\":\"SearchAction\",\"target\":{\"@type\":\"EntryPoint\",\"urlTemplate\":\"https:\\\/\\\/casaarena.eu\\\/es\\\/?s={search_term_string}\"},\"query-input\":{\"@type\":\"PropertyValueSpecification\",\"valueRequired\":true,\"valueName\":\"search_term_string\"}}],\"inLanguage\":\"fr-FR\"},{\"@type\":\"Organization\",\"@id\":\"https:\\\/\\\/casaarena.eu\\\/es\\\/#organization\",\"name\":\"Casa arena\",\"url\":\"https:\\\/\\\/casaarena.eu\\\/es\\\/\",\"logo\":{\"@type\":\"ImageObject\",\"inLanguage\":\"fr-FR\",\"@id\":\"https:\\\/\\\/casaarena.eu\\\/es\\\/#\\\/schema\\\/logo\\\/image\\\/\",\"url\":\"https:\\\/\\\/casaarena.eu\\\/wp-content\\\/uploads\\\/2020\\\/06\\\/cropped-CasaArena_Logotip_Web-2.png\",\"contentUrl\":\"https:\\\/\\\/casaarena.eu\\\/wp-content\\\/uploads\\\/2020\\\/06\\\/cropped-CasaArena_Logotip_Web-2.png\",\"width\":997,\"height\":613,\"caption\":\"Casa arena\"},\"image\":{\"@id\":\"https:\\\/\\\/casaarena.eu\\\/es\\\/#\\\/schema\\\/logo\\\/image\\\/\"},\"sameAs\":[\"https:\\\/\\\/www.instagram.com\\\/casaarena_eu\\\/\"]}]}<\/script>\n<!-- \/ Yoast SEO plugin. -->","yoast_head_json":{"title":"Logements sur la Costa Brava - Casa Arena","description":"R\u00e9servez l'appartement qui vous correspond le mieux. Nous proposons 6 appartements diff\u00e9rents sur la Costa Brava. R\u00e9servez le v\u00f4tre maintenant !","robots":{"index":"index","follow":"follow","max-snippet":"max-snippet:-1","max-image-preview":"max-image-preview:large","max-video-preview":"max-video-preview:-1"},"canonical":"https:\/\/casaarena.eu\/nosaltres\/","og_locale":"fr_FR","og_type":"article","og_title":"Logements sur la Costa Brava - Casa Arena","og_description":"R\u00e9servez l'appartement qui vous correspond le mieux. Nous proposons 6 appartements diff\u00e9rents sur la Costa Brava. R\u00e9servez le v\u00f4tre maintenant !","og_url":"https:\/\/casaarena.eu\/nosaltres\/","og_site_name":"Casa arena","article_modified_time":"2024-03-04T11:32:49+00:00","og_image":[{"url":"http:\/\/casaarena.eu\/wp-content\/uploads\/2020\/12\/shutterstock_137475374-2-1.png","type":"","width":"","height":""}],"twitter_card":"summary_large_image","twitter_misc":{"Dur\u00e9e de lecture estim\u00e9e":"3 minutes"},"schema":{"@context":"https:\/\/schema.org","@graph":[{"@type":"WebPage","@id":"https:\/\/casaarena.eu\/nosaltres\/","url":"https:\/\/casaarena.eu\/nosaltres\/","name":"Logements sur la Costa Brava - Casa Arena","isPartOf":{"@id":"https:\/\/casaarena.eu\/es\/#website"},"primaryImageOfPage":{"@id":"https:\/\/casaarena.eu\/nosaltres\/#primaryimage"},"image":{"@id":"https:\/\/casaarena.eu\/nosaltres\/#primaryimage"},"thumbnailUrl":"http:\/\/casaarena.eu\/wp-content\/uploads\/2020\/12\/shutterstock_137475374-2-1.png","datePublished":"2021-07-07T11:17:06+00:00","dateModified":"2024-03-04T11:32:49+00:00","description":"R\u00e9servez l'appartement qui vous correspond le mieux. Nous proposons 6 appartements diff\u00e9rents sur la Costa Brava. R\u00e9servez le v\u00f4tre maintenant !","breadcrumb":{"@id":"https:\/\/casaarena.eu\/nosaltres\/#breadcrumb"},"inLanguage":"fr-FR","potentialAction":[{"@type":"ReadAction","target":["https:\/\/casaarena.eu\/nosaltres\/"]}]},{"@type":"ImageObject","inLanguage":"fr-FR","@id":"https:\/\/casaarena.eu\/nosaltres\/#primaryimage","url":"http:\/\/casaarena.eu\/wp-content\/uploads\/2020\/12\/shutterstock_137475374-2-1.png","contentUrl":"http:\/\/casaarena.eu\/wp-content\/uploads\/2020\/12\/shutterstock_137475374-2-1.png"},{"@type":"BreadcrumbList","@id":"https:\/\/casaarena.eu\/nosaltres\/#breadcrumb","itemListElement":[{"@type":"ListItem","position":1,"name":"Portada","item":"https:\/\/casaarena.eu\/"},{"@type":"ListItem","position":2,"name":"\u00c0 propos"}]},{"@type":"WebSite","@id":"https:\/\/casaarena.eu\/es\/#website","url":"https:\/\/casaarena.eu\/es\/","name":"Casa arena","description":"Casa Arena Wordpress Site","publisher":{"@id":"https:\/\/casaarena.eu\/es\/#organization"},"potentialAction":[{"@type":"SearchAction","target":{"@type":"EntryPoint","urlTemplate":"https:\/\/casaarena.eu\/es\/?s={search_term_string}"},"query-input":{"@type":"PropertyValueSpecification","valueRequired":true,"valueName":"search_term_string"}}],"inLanguage":"fr-FR"},{"@type":"Organization","@id":"https:\/\/casaarena.eu\/es\/#organization","name":"Casa arena","url":"https:\/\/casaarena.eu\/es\/","logo":{"@type":"ImageObject","inLanguage":"fr-FR","@id":"https:\/\/casaarena.eu\/es\/#\/schema\/logo\/image\/","url":"https:\/\/casaarena.eu\/wp-content\/uploads\/2020\/06\/cropped-CasaArena_Logotip_Web-2.png","contentUrl":"https:\/\/casaarena.eu\/wp-content\/uploads\/2020\/06\/cropped-CasaArena_Logotip_Web-2.png","width":997,"height":613,"caption":"Casa arena"},"image":{"@id":"https:\/\/casaarena.eu\/es\/#\/schema\/logo\/image\/"},"sameAs":["https:\/\/www.instagram.com\/casaarena_eu\/"]}]}},"_links":{"self":[{"href":"https:\/\/casaarena.eu\/fr\/wp-json\/wp\/v2\/pages\/5535","targetHints":{"allow":["GET"]}}],"collection":[{"href":"https:\/\/casaarena.eu\/fr\/wp-json\/wp\/v2\/pages"}],"about":[{"href":"https:\/\/casaarena.eu\/fr\/wp-json\/wp\/v2\/types\/page"}],"author":[{"embeddable":true,"href":"https:\/\/casaarena.eu\/fr\/wp-json\/wp\/v2\/users\/1"}],"replies":[{"embeddable":true,"href":"https:\/\/casaarena.eu\/fr\/wp-json\/wp\/v2\/comments?post=5535"}],"version-history":[{"count":10,"href":"https:\/\/casaarena.eu\/fr\/wp-json\/wp\/v2\/pages\/5535\/revisions"}],"predecessor-version":[{"id":11951,"href":"https:\/\/casaarena.eu\/fr\/wp-json\/wp\/v2\/pages\/5535\/revisions\/11951"}],"wp:attachment":[{"href":"https:\/\/casaarena.eu\/fr\/wp-json\/wp\/v2\/media?parent=5535"}],"curies":[{"name":"wp","href":"https:\/\/api.w.org\/{rel}","templated":true}]}}