{"id":5143,"date":"2021-07-07T11:16:35","date_gmt":"2021-07-07T11:16:35","guid":{"rendered":"https:\/\/www.casaarena.eu\/avis\/"},"modified":"2023-06-19T07:18:13","modified_gmt":"2023-06-19T07:18:13","slug":"avis","status":"publish","type":"page","link":"https:\/\/casaarena.eu\/fr\/avis\/","title":{"rendered":"Avis"},"content":{"rendered":"\t\t<div data-elementor-type=\"wp-page\" data-elementor-id=\"5143\" class=\"elementor elementor-5143 elementor-73\">\n\t\t\t\t\t\t<section class=\"elementor-section elementor-top-section elementor-element elementor-element-6ee6711e elementor-section-stretched elementor-section-full_width elementor-section-height-default elementor-section-height-default\" data-id=\"6ee6711e\" data-element_type=\"section\" data-e-type=\"section\" data-settings=\"{&quot;stretch_section&quot;:&quot;section-stretched&quot;}\">\n\t\t\t\t\t\t<div class=\"elementor-container elementor-column-gap-default\">\n\t\t\t\t\t<div class=\"elementor-column elementor-col-100 elementor-top-column elementor-element elementor-element-3a6ab9e2\" data-id=\"3a6ab9e2\" data-element_type=\"column\" data-e-type=\"column\">\n\t\t\t<div class=\"elementor-widget-wrap elementor-element-populated\">\n\t\t\t\t\t\t<div class=\"elementor-element elementor-element-41b9f3f2 elementor-widget elementor-widget-image\" data-id=\"41b9f3f2\" data-element_type=\"widget\" data-e-type=\"widget\" data-widget_type=\"image.default\">\n\t\t\t\t<div class=\"elementor-widget-container\">\n\t\t\t\t\t\t\t\t\t\t\t\t\t\t\t<img fetchpriority=\"high\" decoding=\"async\" width=\"3252\" height=\"504\" src=\"https:\/\/casaarena.eu\/wp-content\/uploads\/2020\/07\/Captura-de-pantalla-2020-07-22-a-las-9.40.00-e1600333340368.png\" class=\"attachment-full size-full wp-image-5147\" alt=\"\" \/>\t\t\t\t\t\t\t\t\t\t\t\t\t\t\t<\/div>\n\t\t\t\t<\/div>\n\t\t\t\t\t<\/div>\n\t\t<\/div>\n\t\t\t\t\t<\/div>\n\t\t<\/section>\n\t\t\t\t<section class=\"elementor-section elementor-top-section elementor-element elementor-element-4aff8727 elementor-section-stretched elementor-section-boxed elementor-section-height-default elementor-section-height-default\" data-id=\"4aff8727\" data-element_type=\"section\" data-e-type=\"section\" data-settings=\"{&quot;stretch_section&quot;:&quot;section-stretched&quot;}\">\n\t\t\t\t\t\t<div class=\"elementor-container elementor-column-gap-default\">\n\t\t\t\t\t<div class=\"elementor-column elementor-col-100 elementor-top-column elementor-element elementor-element-74cb0ebd\" data-id=\"74cb0ebd\" data-element_type=\"column\" data-e-type=\"column\">\n\t\t\t<div class=\"elementor-widget-wrap elementor-element-populated\">\n\t\t\t\t\t\t<div class=\"elementor-element elementor-element-7634055 elementor-widget elementor-widget-heading\" data-id=\"7634055\" data-element_type=\"widget\" data-e-type=\"widget\" data-widget_type=\"heading.default\">\n\t\t\t\t<div class=\"elementor-widget-container\">\n\t\t\t\t\t<h2 class=\"elementor-heading-title elementor-size-default\">Avis<\/h2>\t\t\t\t<\/div>\n\t\t\t\t<\/div>\n\t\t\t\t<div class=\"elementor-element elementor-element-30a0eeb0 elementor-widget elementor-widget-shortcode\" data-id=\"30a0eeb0\" data-element_type=\"widget\" data-e-type=\"widget\" data-widget_type=\"shortcode.default\">\n\t\t\t\t<div class=\"elementor-widget-container\">\n\t\t\t\t\t\t\t<div class=\"elementor-shortcode\">\t\t<div class=\"testimonials-wrapper columns-1\">\r\n\t\t\n<article id=\"post-7047\" class=\"post-7047 cptp-testimonial type-cptp-testimonial status-publish hentry cptp-testimonial-category-llanca-grifeu-fr\">\n    <div class=\"testimonial-wrapper\">\n        <div class=\"entry-content\">\n            <p>Un grand appartement, avec tout le confort et d\u00e9cor\u00e9 avec un go\u00fbt exquis, vous vous y sentirez comme chez vous. Avec des d\u00e9tails dignes d\u2019un h\u00f4tel 5\u00a0\u00e9toiles. Le quartier est tr\u00e8s calme, id\u00e9al pour se d\u00e9tendre.<\/p>\n        <\/div><!-- .entry-content -->\n        <header class=\"entry-header\">\n            <h2 class=\"entry-title\"><a href=\"https:\/\/casaarena.eu\/fr\/testimonial\/vivi-barcelone-details-de-lhotel-5-etoiles\/\" rel=\"bookmark\">Vivi, Barcelone &#8211; D\u00e9tails de l\u2019h\u00f4tel 5\u00a0\u00e9toiles<\/a><\/h2>        <\/header><!-- .entry-header -->\n\n    <\/div>\n<\/article><!-- #post-7047 -->\n\n<article id=\"post-7046\" class=\"post-7046 cptp-testimonial type-cptp-testimonial status-publish hentry cptp-testimonial-category-llanca-grifeu-2-fr\">\n    <div class=\"testimonial-wrapper\">\n        <div class=\"entry-content\">\n            <p>Nous avons pass\u00e9 les vacances \u00e0 l\u2019appartement Bramant et ce fut une exp\u00e9rience formidable. L\u2019appartement est tr\u00e8s bien \u00e9quip\u00e9 et tr\u00e8s cosy, juste \u00e0 c\u00f4t\u00e9 de la plage. Avec vue sur la mer et une tr\u00e8s belle terrasse. La nuit, c\u2019est calme et paisible. Nous reviendrons \u00e0 coup s\u00fbr\u00a0!<\/p>\n        <\/div><!-- .entry-content -->\n        <header class=\"entry-header\">\n            <h2 class=\"entry-title\"><a href=\"https:\/\/casaarena.eu\/fr\/testimonial\/ester-barcelone-nous-reviendrons-a-coup-sur\/\" rel=\"bookmark\">Ester, Barcelone &#8211; Nous reviendrons \u00e0 coup s\u00fbr\u00a0!<\/a><\/h2>        <\/header><!-- .entry-header -->\n\n    <\/div>\n<\/article><!-- #post-7046 -->\n\n<article id=\"post-7045\" class=\"post-7045 cptp-testimonial type-cptp-testimonial status-publish hentry cptp-testimonial-category-llanca-grifeu-2-fr\">\n    <div class=\"testimonial-wrapper\">\n        <div class=\"entry-content\">\n            <p>Ce week-end, nous avons s\u00e9journ\u00e9 \u00e0 l\u2019appartement Bramant de Llan\u00e7\u00e0, un joli petit appartement, avec toutes sortes de d\u00e9tails, un bon emplacement et surtout une gentillesse imbattable. F\u00e9licitations pour le travail si bien fait, nous reviendrons s\u00fbrement\u00a0!!! \u00c0 bient\u00f4t. Myriam et sa famille.<\/p>\n        <\/div><!-- .entry-content -->\n        <header class=\"entry-header\">\n            <h2 class=\"entry-title\"><a href=\"https:\/\/casaarena.eu\/fr\/testimonial\/miriam-et-sa-famille-barcelone-un-petit-bijou\/\" rel=\"bookmark\">Miriam et sa famille, Barcelone &#8211; Un petit bijou<\/a><\/h2>        <\/header><!-- .entry-header -->\n\n    <\/div>\n<\/article><!-- #post-7045 -->\n\n<article id=\"post-7044\" class=\"post-7044 cptp-testimonial type-cptp-testimonial status-publish hentry cptp-testimonial-category-llanca-port-fr\">\n    <div class=\"testimonial-wrapper\">\n        <div class=\"entry-content\">\n            <p>Nous avons pass\u00e9 une semaine dans l\u2019appartement du port et ce fut une exp\u00e9rience formidable. Confort \u00e0 cent pour cent et souci du d\u00e9tail, comme dans un bon h\u00f4tel, mais avec le confort d\u2019\u00eatre \u00e0 la maison. Une vue magnifique sur le port et \u00e0 une minute de la plage. Merci beaucoup pour tout.<\/p>\n        <\/div><!-- .entry-content -->\n        <header class=\"entry-header\">\n            <h2 class=\"entry-title\"><a href=\"https:\/\/casaarena.eu\/fr\/testimonial\/ana-sant-cugat-del-valles-tres-bonne-experience\/\" rel=\"bookmark\">Ana, Sant Cugat del Vall\u00e9s &#8211; Tr\u00e8s bonne exp\u00e9rience<\/a><\/h2>        <\/header><!-- .entry-header -->\n\n    <\/div>\n<\/article><!-- #post-7044 -->\n\n<article id=\"post-7040\" class=\"post-7040 cptp-testimonial type-cptp-testimonial status-publish hentry cptp-testimonial-category-llanca-port-fr\">\n    <div class=\"testimonial-wrapper\">\n        <div class=\"entry-content\">\n            <p>Un tr\u00e8s bel appartement \u00e0 l\u2019int\u00e9rieur, avec toutes sortes de d\u00e9tails qui donnent envie de rester y vivre\u00a0! Emplacement id\u00e9al, et malgr\u00e9 le fait qu\u2019il se situe dans le centre , c\u2019est un quartier calme. Le relationnel \u00e0 Casa Arena est excellent\u00a0! Nous reviendrons \u00e0 coup s\u00fbr\u00a0!!!<\/p>\n        <\/div><!-- .entry-content -->\n        <header class=\"entry-header\">\n            <h2 class=\"entry-title\"><a href=\"https:\/\/casaarena.eu\/fr\/testimonial\/isabel-barcelone-nous-reviendrons-a-coup-sur\/\" rel=\"bookmark\">Isabel, Barcelone &#8211; Nous reviendrons \u00e0 coup s\u00fbr\u00a0!<\/a><\/h2>        <\/header><!-- .entry-header -->\n\n    <\/div>\n<\/article><!-- #post-7040 -->\n\n<article id=\"post-7039\" class=\"post-7039 cptp-testimonial type-cptp-testimonial status-publish hentry cptp-testimonial-category-llanca-grifeu-fr\">\n    <div class=\"testimonial-wrapper\">\n        <div class=\"entry-content\">\n            <p>Nous sommes rest\u00e9s trois jours dans l\u2019appartement Querman\u00e7\u00f3 et l\u2019exp\u00e9rience a \u00e9t\u00e9 imbattable. Tout est d\u00e9cor\u00e9 avec beaucoup de go\u00fbt, le processus de r\u00e9servation a \u00e9t\u00e9 fantastique\u00a0! L\u2019appartement ne manque pas de d\u00e9tails, vous vous sentez comme chez vous, nous le recommandons vivement \u00e0 tout couple qui souhaite se d\u00e9connecter quelques jours \u00e0 Llan\u00e7\u00e0. Super [&hellip;]<\/p>\n        <\/div><!-- .entry-content -->\n        <header class=\"entry-header\">\n            <h2 class=\"entry-title\"><a href=\"https:\/\/casaarena.eu\/fr\/testimonial\/irene-barcelone-une-experience-sans-pareille\/\" rel=\"bookmark\">Irene, Barcelone &#8211; Une exp\u00e9rience sans pareille\u00a0!<\/a><\/h2>        <\/header><!-- .entry-header -->\n\n    <\/div>\n<\/article><!-- #post-7039 -->\n\n<article id=\"post-6987\" class=\"post-6987 cptp-testimonial type-cptp-testimonial status-publish hentry cptp-testimonial-category-cadaques-gran-fr\">\n    <div class=\"testimonial-wrapper\">\n        <div class=\"entry-content\">\n            <p>Appartement bien situ\u00e9 sur le plan logistique par rapport au centre de Cadaqu\u00e9s. Il est bien \u00e9quip\u00e9 et dispose de toutes sortes d\u2019ustensiles de cuisine. Nous l\u2019avons choisi pour un week-end en famille et je dirais que nous l\u2019avons appr\u00e9ci\u00e9 au maximum. C\u2019est bien plus qu\u2019un appartement \u00e0 louer, ils offrent d\u2019autres services exclusifs qui [&hellip;]<\/p>\n        <\/div><!-- .entry-content -->\n        <header class=\"entry-header\">\n            <h2 class=\"entry-title\"><a href=\"https:\/\/casaarena.eu\/fr\/testimonial\/johann-allemagne-appartements-et-services-de-haute-qualite\/\" rel=\"bookmark\">Johann, Allemagne &#8211; Appartements et services de haute qualit\u00e9<\/a><\/h2>        <\/header><!-- .entry-header -->\n\n    <\/div>\n<\/article><!-- #post-6987 -->\n\n<article id=\"post-6988\" class=\"post-6988 cptp-testimonial type-cptp-testimonial status-publish hentry cptp-testimonial-category-llanca-port-fr\">\n    <div class=\"testimonial-wrapper\">\n        <div class=\"entry-content\">\n            <p>Appartement tr\u00e8s central et cosy et les h\u00f4tes tr\u00e8s chaleureux et disponibles. Ils ont r\u00e9pondu rapidement \u00e0 chacune de nos questions. Du jardin de l\u2019appartement on voit la mer qui est \u00e0 moins de 2\u00a0minutes \u00e0 pied, id\u00e9al pour une baignade t\u00f4t le matin. Nous avons vraiment appr\u00e9ci\u00e9.<\/p>\n        <\/div><!-- .entry-content -->\n        <header class=\"entry-header\">\n            <h2 class=\"entry-title\"><a href=\"https:\/\/casaarena.eu\/fr\/testimonial\/colette-france-en-bord-de-mer\/\" rel=\"bookmark\">Colette, France &#8211; En bord de mer<\/a><\/h2>        <\/header><!-- .entry-header -->\n\n    <\/div>\n<\/article><!-- #post-6988 -->\n\n<article id=\"post-6989\" class=\"post-6989 cptp-testimonial type-cptp-testimonial status-publish hentry cptp-testimonial-category-llanca-port-fr\">\n    <div class=\"testimonial-wrapper\">\n        <div class=\"entry-content\">\n            <p>On dirait un h\u00f4tel\u00a0! Serviettes, savons, espace tr\u00e8s bien \u00e9quip\u00e9 et confortable. Le premier jour, nous avons command\u00e9 un d\u00eener tout pr\u00eat car nous savions que nous arriverions tard\u00a0! La piscine commune et le jardin priv\u00e9 font de ce duplex une oasis unique. Le meilleur appartement que j\u2019ai lou\u00e9\u00a0! Super recommand\u00e9\u00a0!<\/p>\n        <\/div><!-- .entry-content -->\n        <header class=\"entry-header\">\n            <h2 class=\"entry-title\"><a href=\"https:\/\/casaarena.eu\/fr\/testimonial\/kerstin-allemagne-on-dirait-un-hotel\/\" rel=\"bookmark\">Kerstin, Allemagne &#8211; On dirait un h\u00f4tel\u00a0!<\/a><\/h2>        <\/header><!-- .entry-header -->\n\n    <\/div>\n<\/article><!-- #post-6989 -->\n\n<article id=\"post-6990\" class=\"post-6990 cptp-testimonial type-cptp-testimonial status-publish hentry cptp-testimonial-category-llanca-grifeu-fr\">\n    <div class=\"testimonial-wrapper\">\n        <div class=\"entry-content\">\n            <p>C\u2019est un appartement tr\u00e8s confortable et d\u00e9cor\u00e9 avec go\u00fbt. Il est tr\u00e8s bien situ\u00e9. Vous avez une personne de contact \u00e0 Llan\u00e7\u00e0 en cas de besoin. L\u2019appartement est situ\u00e9 dans un quartier r\u00e9sidentiel tr\u00e8s calme et il est facile d\u2019acc\u00e9der aux plages. Ils proposent un parking gratuit dans le quartier r\u00e9sidentiel. Le must de l\u2019appartement [&hellip;]<\/p>\n        <\/div><!-- .entry-content -->\n        <header class=\"entry-header\">\n            <h2 class=\"entry-title\"><a href=\"https:\/\/casaarena.eu\/fr\/testimonial\/asun-espagne-spectaculaire-nous-reviendrons\/\" rel=\"bookmark\">Asun, Espagne &#8211; Spectaculaire\u00a0! Nous reviendrons<\/a><\/h2>        <\/header><!-- .entry-header -->\n\n    <\/div>\n<\/article><!-- #post-6990 -->\n<nav class=\"navigation pagination\" role=\"navigation\">\r\n\t\t\t<h2 class=\"screen-reader-text\">Pagination<\/h2>\r\n\t\t\t<div class=\"nav-links\"><span aria-label=\"Page 1\" aria-current=\"page\" class=\"page-numbers current\">1<\/span>\n<a aria-label=\"Page 2\" class=\"page-numbers\" href=\"https:\/\/casaarena.eu\/fr\/wp-json\/wp\/v2\/pages\/5143\/page\/2\/\">2<\/a>\n<a class=\"next page-numbers\" href=\"https:\/\/casaarena.eu\/fr\/wp-json\/wp\/v2\/pages\/5143\/page\/2\/\">Suivant\u00a0\u00bb<\/a><\/div>\r\n\t\t<\/nav>\t\t<\/div>\r\n\t\t<\/div>\n\t\t\t\t\t\t<\/div>\n\t\t\t\t<\/div>\n\t\t\t\t\t<\/div>\n\t\t<\/div>\n\t\t\t\t\t<\/div>\n\t\t<\/section>\n\t\t\t\t<\/div>\n\t\t","protected":false},"excerpt":{"rendered":"<p>Avis<\/p>\n","protected":false},"author":1,"featured_media":0,"parent":0,"menu_order":0,"comment_status":"closed","ping_status":"closed","template":"","meta":{"_acf_changed":false,"inline_featured_image":false,"footnotes":""},"class_list":["post-5143","page","type-page","status-publish","hentry"],"acf":[],"yoast_head":"<!-- This site is optimized with the Yoast SEO plugin v27.5 - https:\/\/yoast.com\/product\/yoast-seo-wordpress\/ -->\n<title>Avis - Casa arena<\/title>\n<meta name=\"robots\" content=\"index, follow, max-snippet:-1, max-image-preview:large, max-video-preview:-1\" \/>\n<link rel=\"canonical\" href=\"https:\/\/casaarena.eu\/fr\/avis\/\" \/>\n<meta property=\"og:locale\" content=\"fr_FR\" \/>\n<meta property=\"og:type\" content=\"article\" \/>\n<meta property=\"og:title\" content=\"Avis - Casa arena\" \/>\n<meta property=\"og:description\" content=\"Avis\" \/>\n<meta property=\"og:url\" content=\"https:\/\/casaarena.eu\/fr\/avis\/\" \/>\n<meta property=\"og:site_name\" content=\"Casa arena\" \/>\n<meta property=\"article:modified_time\" content=\"2023-06-19T07:18:13+00:00\" \/>\n<meta property=\"og:image\" content=\"http:\/\/casaarena.eu\/wp-content\/uploads\/2020\/07\/Captura-de-pantalla-2020-07-22-a-las-9.40.00-e1600333340368.png\" \/>\n<meta name=\"twitter:card\" content=\"summary_large_image\" \/>\n<meta name=\"twitter:label1\" content=\"Dur\u00e9e de lecture estim\u00e9e\" \/>\n\t<meta name=\"twitter:data1\" content=\"4 minutes\" \/>\n<script type=\"application\/ld+json\" class=\"yoast-schema-graph\">{\"@context\":\"https:\\\/\\\/schema.org\",\"@graph\":[{\"@type\":\"WebPage\",\"@id\":\"https:\\\/\\\/casaarena.eu\\\/fr\\\/avis\\\/\",\"url\":\"https:\\\/\\\/casaarena.eu\\\/fr\\\/avis\\\/\",\"name\":\"Avis - Casa arena\",\"isPartOf\":{\"@id\":\"https:\\\/\\\/casaarena.eu\\\/es\\\/#website\"},\"primaryImageOfPage\":{\"@id\":\"https:\\\/\\\/casaarena.eu\\\/fr\\\/avis\\\/#primaryimage\"},\"image\":{\"@id\":\"https:\\\/\\\/casaarena.eu\\\/fr\\\/avis\\\/#primaryimage\"},\"thumbnailUrl\":\"http:\\\/\\\/casaarena.eu\\\/wp-content\\\/uploads\\\/2020\\\/07\\\/Captura-de-pantalla-2020-07-22-a-las-9.40.00-e1600333340368.png\",\"datePublished\":\"2021-07-07T11:16:35+00:00\",\"dateModified\":\"2023-06-19T07:18:13+00:00\",\"breadcrumb\":{\"@id\":\"https:\\\/\\\/casaarena.eu\\\/fr\\\/avis\\\/#breadcrumb\"},\"inLanguage\":\"fr-FR\",\"potentialAction\":[{\"@type\":\"ReadAction\",\"target\":[\"https:\\\/\\\/casaarena.eu\\\/fr\\\/avis\\\/\"]}]},{\"@type\":\"ImageObject\",\"inLanguage\":\"fr-FR\",\"@id\":\"https:\\\/\\\/casaarena.eu\\\/fr\\\/avis\\\/#primaryimage\",\"url\":\"http:\\\/\\\/casaarena.eu\\\/wp-content\\\/uploads\\\/2020\\\/07\\\/Captura-de-pantalla-2020-07-22-a-las-9.40.00-e1600333340368.png\",\"contentUrl\":\"http:\\\/\\\/casaarena.eu\\\/wp-content\\\/uploads\\\/2020\\\/07\\\/Captura-de-pantalla-2020-07-22-a-las-9.40.00-e1600333340368.png\"},{\"@type\":\"BreadcrumbList\",\"@id\":\"https:\\\/\\\/casaarena.eu\\\/fr\\\/avis\\\/#breadcrumb\",\"itemListElement\":[{\"@type\":\"ListItem\",\"position\":1,\"name\":\"Portada\",\"item\":\"https:\\\/\\\/casaarena.eu\\\/\"},{\"@type\":\"ListItem\",\"position\":2,\"name\":\"Avis\"}]},{\"@type\":\"WebSite\",\"@id\":\"https:\\\/\\\/casaarena.eu\\\/es\\\/#website\",\"url\":\"https:\\\/\\\/casaarena.eu\\\/es\\\/\",\"name\":\"Casa arena\",\"description\":\"Casa Arena Wordpress Site\",\"publisher\":{\"@id\":\"https:\\\/\\\/casaarena.eu\\\/es\\\/#organization\"},\"potentialAction\":[{\"@type\":\"SearchAction\",\"target\":{\"@type\":\"EntryPoint\",\"urlTemplate\":\"https:\\\/\\\/casaarena.eu\\\/es\\\/?s={search_term_string}\"},\"query-input\":{\"@type\":\"PropertyValueSpecification\",\"valueRequired\":true,\"valueName\":\"search_term_string\"}}],\"inLanguage\":\"fr-FR\"},{\"@type\":\"Organization\",\"@id\":\"https:\\\/\\\/casaarena.eu\\\/es\\\/#organization\",\"name\":\"Casa arena\",\"url\":\"https:\\\/\\\/casaarena.eu\\\/es\\\/\",\"logo\":{\"@type\":\"ImageObject\",\"inLanguage\":\"fr-FR\",\"@id\":\"https:\\\/\\\/casaarena.eu\\\/es\\\/#\\\/schema\\\/logo\\\/image\\\/\",\"url\":\"https:\\\/\\\/casaarena.eu\\\/wp-content\\\/uploads\\\/2020\\\/06\\\/cropped-CasaArena_Logotip_Web-2.png\",\"contentUrl\":\"https:\\\/\\\/casaarena.eu\\\/wp-content\\\/uploads\\\/2020\\\/06\\\/cropped-CasaArena_Logotip_Web-2.png\",\"width\":997,\"height\":613,\"caption\":\"Casa arena\"},\"image\":{\"@id\":\"https:\\\/\\\/casaarena.eu\\\/es\\\/#\\\/schema\\\/logo\\\/image\\\/\"},\"sameAs\":[\"https:\\\/\\\/www.instagram.com\\\/casaarena_eu\\\/\"]}]}<\/script>\n<!-- \/ Yoast SEO plugin. -->","yoast_head_json":{"title":"Avis - Casa arena","robots":{"index":"index","follow":"follow","max-snippet":"max-snippet:-1","max-image-preview":"max-image-preview:large","max-video-preview":"max-video-preview:-1"},"canonical":"https:\/\/casaarena.eu\/fr\/avis\/","og_locale":"fr_FR","og_type":"article","og_title":"Avis - Casa arena","og_description":"Avis","og_url":"https:\/\/casaarena.eu\/fr\/avis\/","og_site_name":"Casa arena","article_modified_time":"2023-06-19T07:18:13+00:00","og_image":[{"url":"http:\/\/casaarena.eu\/wp-content\/uploads\/2020\/07\/Captura-de-pantalla-2020-07-22-a-las-9.40.00-e1600333340368.png","type":"","width":"","height":""}],"twitter_card":"summary_large_image","twitter_misc":{"Dur\u00e9e de lecture estim\u00e9e":"4 minutes"},"schema":{"@context":"https:\/\/schema.org","@graph":[{"@type":"WebPage","@id":"https:\/\/casaarena.eu\/fr\/avis\/","url":"https:\/\/casaarena.eu\/fr\/avis\/","name":"Avis - Casa arena","isPartOf":{"@id":"https:\/\/casaarena.eu\/es\/#website"},"primaryImageOfPage":{"@id":"https:\/\/casaarena.eu\/fr\/avis\/#primaryimage"},"image":{"@id":"https:\/\/casaarena.eu\/fr\/avis\/#primaryimage"},"thumbnailUrl":"http:\/\/casaarena.eu\/wp-content\/uploads\/2020\/07\/Captura-de-pantalla-2020-07-22-a-las-9.40.00-e1600333340368.png","datePublished":"2021-07-07T11:16:35+00:00","dateModified":"2023-06-19T07:18:13+00:00","breadcrumb":{"@id":"https:\/\/casaarena.eu\/fr\/avis\/#breadcrumb"},"inLanguage":"fr-FR","potentialAction":[{"@type":"ReadAction","target":["https:\/\/casaarena.eu\/fr\/avis\/"]}]},{"@type":"ImageObject","inLanguage":"fr-FR","@id":"https:\/\/casaarena.eu\/fr\/avis\/#primaryimage","url":"http:\/\/casaarena.eu\/wp-content\/uploads\/2020\/07\/Captura-de-pantalla-2020-07-22-a-las-9.40.00-e1600333340368.png","contentUrl":"http:\/\/casaarena.eu\/wp-content\/uploads\/2020\/07\/Captura-de-pantalla-2020-07-22-a-las-9.40.00-e1600333340368.png"},{"@type":"BreadcrumbList","@id":"https:\/\/casaarena.eu\/fr\/avis\/#breadcrumb","itemListElement":[{"@type":"ListItem","position":1,"name":"Portada","item":"https:\/\/casaarena.eu\/"},{"@type":"ListItem","position":2,"name":"Avis"}]},{"@type":"WebSite","@id":"https:\/\/casaarena.eu\/es\/#website","url":"https:\/\/casaarena.eu\/es\/","name":"Casa arena","description":"Casa Arena Wordpress Site","publisher":{"@id":"https:\/\/casaarena.eu\/es\/#organization"},"potentialAction":[{"@type":"SearchAction","target":{"@type":"EntryPoint","urlTemplate":"https:\/\/casaarena.eu\/es\/?s={search_term_string}"},"query-input":{"@type":"PropertyValueSpecification","valueRequired":true,"valueName":"search_term_string"}}],"inLanguage":"fr-FR"},{"@type":"Organization","@id":"https:\/\/casaarena.eu\/es\/#organization","name":"Casa arena","url":"https:\/\/casaarena.eu\/es\/","logo":{"@type":"ImageObject","inLanguage":"fr-FR","@id":"https:\/\/casaarena.eu\/es\/#\/schema\/logo\/image\/","url":"https:\/\/casaarena.eu\/wp-content\/uploads\/2020\/06\/cropped-CasaArena_Logotip_Web-2.png","contentUrl":"https:\/\/casaarena.eu\/wp-content\/uploads\/2020\/06\/cropped-CasaArena_Logotip_Web-2.png","width":997,"height":613,"caption":"Casa arena"},"image":{"@id":"https:\/\/casaarena.eu\/es\/#\/schema\/logo\/image\/"},"sameAs":["https:\/\/www.instagram.com\/casaarena_eu\/"]}]}},"_links":{"self":[{"href":"https:\/\/casaarena.eu\/fr\/wp-json\/wp\/v2\/pages\/5143","targetHints":{"allow":["GET"]}}],"collection":[{"href":"https:\/\/casaarena.eu\/fr\/wp-json\/wp\/v2\/pages"}],"about":[{"href":"https:\/\/casaarena.eu\/fr\/wp-json\/wp\/v2\/types\/page"}],"author":[{"embeddable":true,"href":"https:\/\/casaarena.eu\/fr\/wp-json\/wp\/v2\/users\/1"}],"replies":[{"embeddable":true,"href":"https:\/\/casaarena.eu\/fr\/wp-json\/wp\/v2\/comments?post=5143"}],"version-history":[{"count":4,"href":"https:\/\/casaarena.eu\/fr\/wp-json\/wp\/v2\/pages\/5143\/revisions"}],"predecessor-version":[{"id":10898,"href":"https:\/\/casaarena.eu\/fr\/wp-json\/wp\/v2\/pages\/5143\/revisions\/10898"}],"wp:attachment":[{"href":"https:\/\/casaarena.eu\/fr\/wp-json\/wp\/v2\/media?parent=5143"}],"curies":[{"name":"wp","href":"https:\/\/api.w.org\/{rel}","templated":true}]}}