{"id":8771,"date":"2022-06-10T09:43:41","date_gmt":"2022-06-10T09:43:41","guid":{"rendered":"https:\/\/www.casaarena.eu\/producte\/primera-compra-nevera-basica\/"},"modified":"2022-06-22T08:47:11","modified_gmt":"2022-06-22T08:47:11","slug":"primera-compra-nevera-basica","status":"publish","type":"product","link":"https:\/\/casaarena.eu\/es\/producte\/primera-compra-nevera-basica\/","title":{"rendered":"Nevera b\u00e1sica"},"content":{"rendered":"<p><!-- VideographyWP Plugin Message: Automatic video embedding prevented by plugin options. --><br \/>\nLa Nevera b\u00e1sica incluye los siguientes productos:<\/p>\n<ul>\n<li>Leche semidesnatada 1 l.<\/li>\n<li>Caf\u00e9\/t\u00e9<\/li>\n<li>Az\u00facar<\/li>\n<li>Aceite de oliva virgen extra 250ml<\/li>\n<li>Pan de pay\u00e9s<\/li>\n<li>Tomate de colgar<\/li>\n<li>Huevos (6 unidades)<\/li>\n<li>4 yogures naturales azucarados<\/li>\n<li>Fruta de temporada (5 piezas)<\/li>\n<li>2,5l. Agua Font Vella<\/li>\n<\/ul>\n","protected":false},"excerpt":{"rendered":"<p>La Nevera b\u00e1sica incluye los siguientes productos:<br \/>\nLeche semidesnatada 1 l., Caf\u00e9\/t\u00e9, Az\u00facar, Aceite de oliva virgen extra 250ml, Pan de pay\u00e9s, Tomate de colgar, Huevos (6 unidades), 4 yogures naturales azucarados, Fruta de temporada (5 piezas), 2,5l. Agua Font Vella.<\/p>\n","protected":false},"featured_media":4963,"template":"","meta":{"_acf_changed":false,"inline_featured_image":false},"product_brand":[],"product_cat":[336,331],"product_tag":[],"class_list":{"0":"post-8771","1":"product","2":"type-product","3":"status-publish","4":"has-post-thumbnail","6":"product_cat-primera-compra-es","7":"product_cat-servicios-apartamentos","9":"first","10":"instock","11":"virtual","12":"taxable","13":"purchasable","14":"product-type-simple"},"acf":[],"yoast_head":"<!-- This site is optimized with the Yoast SEO plugin v27.5 - https:\/\/yoast.com\/product\/yoast-seo-wordpress\/ -->\n<title>Nevera b\u00e1sica - Casa arena<\/title>\n<meta name=\"robots\" content=\"index, follow, max-snippet:-1, max-image-preview:large, max-video-preview:-1\" \/>\n<link rel=\"canonical\" href=\"https:\/\/casaarena.eu\/producte\/primera-compra-nevera-basica\/\" \/>\n<meta property=\"og:locale\" content=\"es_ES\" \/>\n<meta property=\"og:type\" content=\"article\" \/>\n<meta property=\"og:title\" content=\"Nevera b\u00e1sica - Casa arena\" \/>\n<meta property=\"og:description\" content=\"La Nevera b\u00e1sica incluye los siguientes productos: Leche semidesnatada 1 l., Caf\u00e9\/t\u00e9, Az\u00facar, Aceite de oliva virgen extra 250ml, Pan de pay\u00e9s, Tomate de colgar, Huevos (6 unidades), 4 yogures naturales azucarados, Fruta de temporada (5 piezas), 2,5l. Agua Font Vella.\" \/>\n<meta property=\"og:url\" content=\"https:\/\/casaarena.eu\/producte\/primera-compra-nevera-basica\/\" \/>\n<meta property=\"og:site_name\" content=\"Casa arena\" \/>\n<meta property=\"article:modified_time\" content=\"2022-06-22T08:47:11+00:00\" \/>\n<meta property=\"og:image\" content=\"https:\/\/casaarena.eu\/wp-content\/uploads\/2021\/07\/AdobeStock_51661852-scaled.jpeg\" \/>\n\t<meta property=\"og:image:width\" content=\"2560\" \/>\n\t<meta property=\"og:image:height\" content=\"1580\" \/>\n\t<meta property=\"og:image:type\" content=\"image\/jpeg\" \/>\n<meta name=\"twitter:card\" content=\"summary_large_image\" \/>\n<script type=\"application\/ld+json\" class=\"yoast-schema-graph\">{\"@context\":\"https:\\\/\\\/schema.org\",\"@graph\":[{\"@type\":\"WebPage\",\"@id\":\"https:\\\/\\\/casaarena.eu\\\/producte\\\/primera-compra-nevera-basica\\\/\",\"url\":\"https:\\\/\\\/casaarena.eu\\\/producte\\\/primera-compra-nevera-basica\\\/\",\"name\":\"Nevera b\u00e1sica - Casa arena\",\"isPartOf\":{\"@id\":\"https:\\\/\\\/casaarena.eu\\\/es\\\/#website\"},\"primaryImageOfPage\":{\"@id\":\"https:\\\/\\\/casaarena.eu\\\/producte\\\/primera-compra-nevera-basica\\\/#primaryimage\"},\"image\":{\"@id\":\"https:\\\/\\\/casaarena.eu\\\/producte\\\/primera-compra-nevera-basica\\\/#primaryimage\"},\"thumbnailUrl\":\"https:\\\/\\\/casaarena.eu\\\/wp-content\\\/uploads\\\/2021\\\/07\\\/AdobeStock_51661852-scaled.jpeg\",\"datePublished\":\"2022-06-10T09:43:41+00:00\",\"dateModified\":\"2022-06-22T08:47:11+00:00\",\"breadcrumb\":{\"@id\":\"https:\\\/\\\/casaarena.eu\\\/producte\\\/primera-compra-nevera-basica\\\/#breadcrumb\"},\"inLanguage\":\"es\",\"potentialAction\":[{\"@type\":\"ReadAction\",\"target\":[\"https:\\\/\\\/casaarena.eu\\\/producte\\\/primera-compra-nevera-basica\\\/\"]}]},{\"@type\":\"ImageObject\",\"inLanguage\":\"es\",\"@id\":\"https:\\\/\\\/casaarena.eu\\\/producte\\\/primera-compra-nevera-basica\\\/#primaryimage\",\"url\":\"https:\\\/\\\/casaarena.eu\\\/wp-content\\\/uploads\\\/2021\\\/07\\\/AdobeStock_51661852-scaled.jpeg\",\"contentUrl\":\"https:\\\/\\\/casaarena.eu\\\/wp-content\\\/uploads\\\/2021\\\/07\\\/AdobeStock_51661852-scaled.jpeg\",\"width\":2560,\"height\":1580,\"caption\":\"Assorted grocery products including vegetables fruits wine bread dairy and meat isolated on white\"},{\"@type\":\"BreadcrumbList\",\"@id\":\"https:\\\/\\\/casaarena.eu\\\/producte\\\/primera-compra-nevera-basica\\\/#breadcrumb\",\"itemListElement\":[{\"@type\":\"ListItem\",\"position\":1,\"name\":\"Portada\",\"item\":\"https:\\\/\\\/casaarena.eu\\\/\"},{\"@type\":\"ListItem\",\"position\":2,\"name\":\"Products\",\"item\":\"https:\\\/\\\/casaarena.eu\\\/en\\\/shop\\\/\"},{\"@type\":\"ListItem\",\"position\":3,\"name\":\"Nevera b\u00e1sica\"}]},{\"@type\":\"WebSite\",\"@id\":\"https:\\\/\\\/casaarena.eu\\\/es\\\/#website\",\"url\":\"https:\\\/\\\/casaarena.eu\\\/es\\\/\",\"name\":\"Casa arena\",\"description\":\"Casa Arena Wordpress Site\",\"publisher\":{\"@id\":\"https:\\\/\\\/casaarena.eu\\\/es\\\/#organization\"},\"potentialAction\":[{\"@type\":\"SearchAction\",\"target\":{\"@type\":\"EntryPoint\",\"urlTemplate\":\"https:\\\/\\\/casaarena.eu\\\/es\\\/?s={search_term_string}\"},\"query-input\":{\"@type\":\"PropertyValueSpecification\",\"valueRequired\":true,\"valueName\":\"search_term_string\"}}],\"inLanguage\":\"es\"},{\"@type\":\"Organization\",\"@id\":\"https:\\\/\\\/casaarena.eu\\\/es\\\/#organization\",\"name\":\"Casa arena\",\"url\":\"https:\\\/\\\/casaarena.eu\\\/es\\\/\",\"logo\":{\"@type\":\"ImageObject\",\"inLanguage\":\"es\",\"@id\":\"https:\\\/\\\/casaarena.eu\\\/es\\\/#\\\/schema\\\/logo\\\/image\\\/\",\"url\":\"https:\\\/\\\/casaarena.eu\\\/wp-content\\\/uploads\\\/2020\\\/06\\\/cropped-CasaArena_Logotip_Web-2.png\",\"contentUrl\":\"https:\\\/\\\/casaarena.eu\\\/wp-content\\\/uploads\\\/2020\\\/06\\\/cropped-CasaArena_Logotip_Web-2.png\",\"width\":997,\"height\":613,\"caption\":\"Casa arena\"},\"image\":{\"@id\":\"https:\\\/\\\/casaarena.eu\\\/es\\\/#\\\/schema\\\/logo\\\/image\\\/\"},\"sameAs\":[\"https:\\\/\\\/www.instagram.com\\\/casaarena_eu\\\/\"]}]}<\/script>\n<!-- \/ Yoast SEO plugin. -->","yoast_head_json":{"title":"Nevera b\u00e1sica - Casa arena","robots":{"index":"index","follow":"follow","max-snippet":"max-snippet:-1","max-image-preview":"max-image-preview:large","max-video-preview":"max-video-preview:-1"},"canonical":"https:\/\/casaarena.eu\/producte\/primera-compra-nevera-basica\/","og_locale":"es_ES","og_type":"article","og_title":"Nevera b\u00e1sica - Casa arena","og_description":"La Nevera b\u00e1sica incluye los siguientes productos: Leche semidesnatada 1 l., Caf\u00e9\/t\u00e9, Az\u00facar, Aceite de oliva virgen extra 250ml, Pan de pay\u00e9s, Tomate de colgar, Huevos (6 unidades), 4 yogures naturales azucarados, Fruta de temporada (5 piezas), 2,5l. Agua Font Vella.","og_url":"https:\/\/casaarena.eu\/producte\/primera-compra-nevera-basica\/","og_site_name":"Casa arena","article_modified_time":"2022-06-22T08:47:11+00:00","og_image":[{"width":2560,"height":1580,"url":"https:\/\/casaarena.eu\/wp-content\/uploads\/2021\/07\/AdobeStock_51661852-scaled.jpeg","type":"image\/jpeg"}],"twitter_card":"summary_large_image","schema":{"@context":"https:\/\/schema.org","@graph":[{"@type":"WebPage","@id":"https:\/\/casaarena.eu\/producte\/primera-compra-nevera-basica\/","url":"https:\/\/casaarena.eu\/producte\/primera-compra-nevera-basica\/","name":"Nevera b\u00e1sica - Casa arena","isPartOf":{"@id":"https:\/\/casaarena.eu\/es\/#website"},"primaryImageOfPage":{"@id":"https:\/\/casaarena.eu\/producte\/primera-compra-nevera-basica\/#primaryimage"},"image":{"@id":"https:\/\/casaarena.eu\/producte\/primera-compra-nevera-basica\/#primaryimage"},"thumbnailUrl":"https:\/\/casaarena.eu\/wp-content\/uploads\/2021\/07\/AdobeStock_51661852-scaled.jpeg","datePublished":"2022-06-10T09:43:41+00:00","dateModified":"2022-06-22T08:47:11+00:00","breadcrumb":{"@id":"https:\/\/casaarena.eu\/producte\/primera-compra-nevera-basica\/#breadcrumb"},"inLanguage":"es","potentialAction":[{"@type":"ReadAction","target":["https:\/\/casaarena.eu\/producte\/primera-compra-nevera-basica\/"]}]},{"@type":"ImageObject","inLanguage":"es","@id":"https:\/\/casaarena.eu\/producte\/primera-compra-nevera-basica\/#primaryimage","url":"https:\/\/casaarena.eu\/wp-content\/uploads\/2021\/07\/AdobeStock_51661852-scaled.jpeg","contentUrl":"https:\/\/casaarena.eu\/wp-content\/uploads\/2021\/07\/AdobeStock_51661852-scaled.jpeg","width":2560,"height":1580,"caption":"Assorted grocery products including vegetables fruits wine bread dairy and meat isolated on white"},{"@type":"BreadcrumbList","@id":"https:\/\/casaarena.eu\/producte\/primera-compra-nevera-basica\/#breadcrumb","itemListElement":[{"@type":"ListItem","position":1,"name":"Portada","item":"https:\/\/casaarena.eu\/"},{"@type":"ListItem","position":2,"name":"Products","item":"https:\/\/casaarena.eu\/en\/shop\/"},{"@type":"ListItem","position":3,"name":"Nevera b\u00e1sica"}]},{"@type":"WebSite","@id":"https:\/\/casaarena.eu\/es\/#website","url":"https:\/\/casaarena.eu\/es\/","name":"Casa arena","description":"Casa Arena Wordpress Site","publisher":{"@id":"https:\/\/casaarena.eu\/es\/#organization"},"potentialAction":[{"@type":"SearchAction","target":{"@type":"EntryPoint","urlTemplate":"https:\/\/casaarena.eu\/es\/?s={search_term_string}"},"query-input":{"@type":"PropertyValueSpecification","valueRequired":true,"valueName":"search_term_string"}}],"inLanguage":"es"},{"@type":"Organization","@id":"https:\/\/casaarena.eu\/es\/#organization","name":"Casa arena","url":"https:\/\/casaarena.eu\/es\/","logo":{"@type":"ImageObject","inLanguage":"es","@id":"https:\/\/casaarena.eu\/es\/#\/schema\/logo\/image\/","url":"https:\/\/casaarena.eu\/wp-content\/uploads\/2020\/06\/cropped-CasaArena_Logotip_Web-2.png","contentUrl":"https:\/\/casaarena.eu\/wp-content\/uploads\/2020\/06\/cropped-CasaArena_Logotip_Web-2.png","width":997,"height":613,"caption":"Casa arena"},"image":{"@id":"https:\/\/casaarena.eu\/es\/#\/schema\/logo\/image\/"},"sameAs":["https:\/\/www.instagram.com\/casaarena_eu\/"]}]}},"_links":{"self":[{"href":"https:\/\/casaarena.eu\/es\/wp-json\/wp\/v2\/product\/8771","targetHints":{"allow":["GET"]}}],"collection":[{"href":"https:\/\/casaarena.eu\/es\/wp-json\/wp\/v2\/product"}],"about":[{"href":"https:\/\/casaarena.eu\/es\/wp-json\/wp\/v2\/types\/product"}],"wp:featuredmedia":[{"embeddable":true,"href":"https:\/\/casaarena.eu\/es\/wp-json\/wp\/v2\/media\/4963"}],"wp:attachment":[{"href":"https:\/\/casaarena.eu\/es\/wp-json\/wp\/v2\/media?parent=8771"}],"wp:term":[{"taxonomy":"product_brand","embeddable":true,"href":"https:\/\/casaarena.eu\/es\/wp-json\/wp\/v2\/product_brand?post=8771"},{"taxonomy":"product_cat","embeddable":true,"href":"https:\/\/casaarena.eu\/es\/wp-json\/wp\/v2\/product_cat?post=8771"},{"taxonomy":"product_tag","embeddable":true,"href":"https:\/\/casaarena.eu\/es\/wp-json\/wp\/v2\/product_tag?post=8771"}],"curies":[{"name":"wp","href":"https:\/\/api.w.org\/{rel}","templated":true}]}}