{"id":6880,"date":"2021-03-16T17:53:05","date_gmt":"2021-11-17T15:32:42","guid":{"rendered":"https:\/\/www.casaarena.eu\/producte\/acondicionador-sea-kelp\/"},"modified":"2021-11-24T10:52:09","modified_gmt":"2021-11-24T10:52:09","slug":"acondicionador-sea-kelp","status":"publish","type":"product","link":"https:\/\/casaarena.eu\/es\/producte\/acondicionador-sea-kelp\/","title":{"rendered":"Acondicionador SEA KELP"},"content":{"rendered":"<p><!-- VideographyWP Plugin Message: Automatic video embedding prevented by plugin options. --><br \/>\nProducto testado cl\u00ednicamente bajo control dermatol\u00f3gico con m\u00e9todos alternativo y no testado en animales. Producto vegano.<\/p>\n<p><strong>Ingredientes: <\/strong>Aqua (Water), Sodium Laureth Sulfate, Sodium Chloride, Cocamidopropyl Betaine, Parfum (Fragrance), Glycerin, Polyquaternium-10, Disodium EDTA, PEG-120 Methyl Glucose Trioleate, Propylene Glycol, Laminaria Japonica Extract, Fucus Vesiculosus Extract, Chondrus Crispus Extract, Potassium Sorbate, Sodium Benzoate, Methylchloroisothiazolinone, Methylisothiazolinone, Benzyl Salicylate, Hydroxycitronellal, Linalool, Citronellol, CI 19140 (Yellow No.5), CI 42090 (Blue No.1).<\/p>\n<p>110\u00a0ml.<\/p>\n","protected":false},"excerpt":{"rendered":"<p>Refresca los sentidos y revitaliza el cabello con este champ\u00fa nutritivo a base de algas marinas. Le dejar\u00e1 el cabello limpio y suave con una delicada fragancia marina. Id\u00f3neo para cabellos d\u00e9biles y con falta de volumen.<\/p>\n","protected":false},"featured_media":6120,"template":"","meta":{"_acf_changed":false,"inline_featured_image":false},"product_brand":[],"product_cat":[304],"product_tag":[],"class_list":{"0":"post-6880","1":"product","2":"type-product","3":"status-publish","4":"has-post-thumbnail","6":"product_cat-productes-casa-arena-es","8":"first","9":"instock","10":"taxable","11":"shipping-taxable","12":"purchasable","13":"product-type-simple"},"acf":[],"yoast_head":"<!-- This site is optimized with the Yoast SEO plugin v27.5 - https:\/\/yoast.com\/product\/yoast-seo-wordpress\/ -->\n<title>Acondicionador SEA KELP - Casa arena<\/title>\n<meta name=\"robots\" content=\"index, follow, max-snippet:-1, max-image-preview:large, max-video-preview:-1\" \/>\n<link rel=\"canonical\" href=\"https:\/\/casaarena.eu\/producte\/acondicionador-sea-kelp\/\" \/>\n<meta property=\"og:locale\" content=\"es_ES\" \/>\n<meta property=\"og:type\" content=\"article\" \/>\n<meta property=\"og:title\" content=\"Acondicionador SEA KELP - Casa arena\" \/>\n<meta property=\"og:description\" content=\"Refresca los sentidos y revitaliza el cabello con este champ\u00fa nutritivo a base de algas marinas. Le dejar\u00e1 el cabello limpio y suave con una delicada fragancia marina. Id\u00f3neo para cabellos d\u00e9biles y con falta de volumen.\" \/>\n<meta property=\"og:url\" content=\"https:\/\/casaarena.eu\/producte\/acondicionador-sea-kelp\/\" \/>\n<meta property=\"og:site_name\" content=\"Casa arena\" \/>\n<meta property=\"article:modified_time\" content=\"2021-11-24T10:52:09+00:00\" \/>\n<meta property=\"og:image\" content=\"https:\/\/casaarena.eu\/wp-content\/uploads\/2021\/07\/CA21-9432-banyo-2.jpg\" \/>\n\t<meta property=\"og:image:width\" content=\"1080\" \/>\n\t<meta property=\"og:image:height\" content=\"1620\" \/>\n\t<meta property=\"og:image:type\" content=\"image\/jpeg\" \/>\n<meta name=\"twitter:card\" content=\"summary_large_image\" \/>\n<script type=\"application\/ld+json\" class=\"yoast-schema-graph\">{\"@context\":\"https:\\\/\\\/schema.org\",\"@graph\":[{\"@type\":\"WebPage\",\"@id\":\"https:\\\/\\\/casaarena.eu\\\/producte\\\/acondicionador-sea-kelp\\\/\",\"url\":\"https:\\\/\\\/casaarena.eu\\\/producte\\\/acondicionador-sea-kelp\\\/\",\"name\":\"Acondicionador SEA KELP - Casa arena\",\"isPartOf\":{\"@id\":\"https:\\\/\\\/casaarena.eu\\\/es\\\/#website\"},\"primaryImageOfPage\":{\"@id\":\"https:\\\/\\\/casaarena.eu\\\/producte\\\/acondicionador-sea-kelp\\\/#primaryimage\"},\"image\":{\"@id\":\"https:\\\/\\\/casaarena.eu\\\/producte\\\/acondicionador-sea-kelp\\\/#primaryimage\"},\"thumbnailUrl\":\"https:\\\/\\\/casaarena.eu\\\/wp-content\\\/uploads\\\/2021\\\/07\\\/CA21-9432-banyo-2.jpg\",\"datePublished\":\"2021-11-17T15:32:42+00:00\",\"dateModified\":\"2021-11-24T10:52:09+00:00\",\"breadcrumb\":{\"@id\":\"https:\\\/\\\/casaarena.eu\\\/producte\\\/acondicionador-sea-kelp\\\/#breadcrumb\"},\"inLanguage\":\"es\",\"potentialAction\":[{\"@type\":\"ReadAction\",\"target\":[\"https:\\\/\\\/casaarena.eu\\\/producte\\\/acondicionador-sea-kelp\\\/\"]}]},{\"@type\":\"ImageObject\",\"inLanguage\":\"es\",\"@id\":\"https:\\\/\\\/casaarena.eu\\\/producte\\\/acondicionador-sea-kelp\\\/#primaryimage\",\"url\":\"https:\\\/\\\/casaarena.eu\\\/wp-content\\\/uploads\\\/2021\\\/07\\\/CA21-9432-banyo-2.jpg\",\"contentUrl\":\"https:\\\/\\\/casaarena.eu\\\/wp-content\\\/uploads\\\/2021\\\/07\\\/CA21-9432-banyo-2.jpg\",\"width\":1080,\"height\":1620},{\"@type\":\"BreadcrumbList\",\"@id\":\"https:\\\/\\\/casaarena.eu\\\/producte\\\/acondicionador-sea-kelp\\\/#breadcrumb\",\"itemListElement\":[{\"@type\":\"ListItem\",\"position\":1,\"name\":\"Portada\",\"item\":\"https:\\\/\\\/casaarena.eu\\\/\"},{\"@type\":\"ListItem\",\"position\":2,\"name\":\"Products\",\"item\":\"https:\\\/\\\/casaarena.eu\\\/en\\\/shop\\\/\"},{\"@type\":\"ListItem\",\"position\":3,\"name\":\"Acondicionador SEA KELP\"}]},{\"@type\":\"WebSite\",\"@id\":\"https:\\\/\\\/casaarena.eu\\\/es\\\/#website\",\"url\":\"https:\\\/\\\/casaarena.eu\\\/es\\\/\",\"name\":\"Casa arena\",\"description\":\"Casa Arena Wordpress Site\",\"publisher\":{\"@id\":\"https:\\\/\\\/casaarena.eu\\\/es\\\/#organization\"},\"potentialAction\":[{\"@type\":\"SearchAction\",\"target\":{\"@type\":\"EntryPoint\",\"urlTemplate\":\"https:\\\/\\\/casaarena.eu\\\/es\\\/?s={search_term_string}\"},\"query-input\":{\"@type\":\"PropertyValueSpecification\",\"valueRequired\":true,\"valueName\":\"search_term_string\"}}],\"inLanguage\":\"es\"},{\"@type\":\"Organization\",\"@id\":\"https:\\\/\\\/casaarena.eu\\\/es\\\/#organization\",\"name\":\"Casa arena\",\"url\":\"https:\\\/\\\/casaarena.eu\\\/es\\\/\",\"logo\":{\"@type\":\"ImageObject\",\"inLanguage\":\"es\",\"@id\":\"https:\\\/\\\/casaarena.eu\\\/es\\\/#\\\/schema\\\/logo\\\/image\\\/\",\"url\":\"https:\\\/\\\/casaarena.eu\\\/wp-content\\\/uploads\\\/2020\\\/06\\\/cropped-CasaArena_Logotip_Web-2.png\",\"contentUrl\":\"https:\\\/\\\/casaarena.eu\\\/wp-content\\\/uploads\\\/2020\\\/06\\\/cropped-CasaArena_Logotip_Web-2.png\",\"width\":997,\"height\":613,\"caption\":\"Casa arena\"},\"image\":{\"@id\":\"https:\\\/\\\/casaarena.eu\\\/es\\\/#\\\/schema\\\/logo\\\/image\\\/\"},\"sameAs\":[\"https:\\\/\\\/www.instagram.com\\\/casaarena_eu\\\/\"]}]}<\/script>\n<!-- \/ Yoast SEO plugin. -->","yoast_head_json":{"title":"Acondicionador SEA KELP - Casa arena","robots":{"index":"index","follow":"follow","max-snippet":"max-snippet:-1","max-image-preview":"max-image-preview:large","max-video-preview":"max-video-preview:-1"},"canonical":"https:\/\/casaarena.eu\/producte\/acondicionador-sea-kelp\/","og_locale":"es_ES","og_type":"article","og_title":"Acondicionador SEA KELP - Casa arena","og_description":"Refresca los sentidos y revitaliza el cabello con este champ\u00fa nutritivo a base de algas marinas. Le dejar\u00e1 el cabello limpio y suave con una delicada fragancia marina. Id\u00f3neo para cabellos d\u00e9biles y con falta de volumen.","og_url":"https:\/\/casaarena.eu\/producte\/acondicionador-sea-kelp\/","og_site_name":"Casa arena","article_modified_time":"2021-11-24T10:52:09+00:00","og_image":[{"width":1080,"height":1620,"url":"https:\/\/casaarena.eu\/wp-content\/uploads\/2021\/07\/CA21-9432-banyo-2.jpg","type":"image\/jpeg"}],"twitter_card":"summary_large_image","schema":{"@context":"https:\/\/schema.org","@graph":[{"@type":"WebPage","@id":"https:\/\/casaarena.eu\/producte\/acondicionador-sea-kelp\/","url":"https:\/\/casaarena.eu\/producte\/acondicionador-sea-kelp\/","name":"Acondicionador SEA KELP - Casa arena","isPartOf":{"@id":"https:\/\/casaarena.eu\/es\/#website"},"primaryImageOfPage":{"@id":"https:\/\/casaarena.eu\/producte\/acondicionador-sea-kelp\/#primaryimage"},"image":{"@id":"https:\/\/casaarena.eu\/producte\/acondicionador-sea-kelp\/#primaryimage"},"thumbnailUrl":"https:\/\/casaarena.eu\/wp-content\/uploads\/2021\/07\/CA21-9432-banyo-2.jpg","datePublished":"2021-11-17T15:32:42+00:00","dateModified":"2021-11-24T10:52:09+00:00","breadcrumb":{"@id":"https:\/\/casaarena.eu\/producte\/acondicionador-sea-kelp\/#breadcrumb"},"inLanguage":"es","potentialAction":[{"@type":"ReadAction","target":["https:\/\/casaarena.eu\/producte\/acondicionador-sea-kelp\/"]}]},{"@type":"ImageObject","inLanguage":"es","@id":"https:\/\/casaarena.eu\/producte\/acondicionador-sea-kelp\/#primaryimage","url":"https:\/\/casaarena.eu\/wp-content\/uploads\/2021\/07\/CA21-9432-banyo-2.jpg","contentUrl":"https:\/\/casaarena.eu\/wp-content\/uploads\/2021\/07\/CA21-9432-banyo-2.jpg","width":1080,"height":1620},{"@type":"BreadcrumbList","@id":"https:\/\/casaarena.eu\/producte\/acondicionador-sea-kelp\/#breadcrumb","itemListElement":[{"@type":"ListItem","position":1,"name":"Portada","item":"https:\/\/casaarena.eu\/"},{"@type":"ListItem","position":2,"name":"Products","item":"https:\/\/casaarena.eu\/en\/shop\/"},{"@type":"ListItem","position":3,"name":"Acondicionador SEA KELP"}]},{"@type":"WebSite","@id":"https:\/\/casaarena.eu\/es\/#website","url":"https:\/\/casaarena.eu\/es\/","name":"Casa arena","description":"Casa Arena Wordpress Site","publisher":{"@id":"https:\/\/casaarena.eu\/es\/#organization"},"potentialAction":[{"@type":"SearchAction","target":{"@type":"EntryPoint","urlTemplate":"https:\/\/casaarena.eu\/es\/?s={search_term_string}"},"query-input":{"@type":"PropertyValueSpecification","valueRequired":true,"valueName":"search_term_string"}}],"inLanguage":"es"},{"@type":"Organization","@id":"https:\/\/casaarena.eu\/es\/#organization","name":"Casa arena","url":"https:\/\/casaarena.eu\/es\/","logo":{"@type":"ImageObject","inLanguage":"es","@id":"https:\/\/casaarena.eu\/es\/#\/schema\/logo\/image\/","url":"https:\/\/casaarena.eu\/wp-content\/uploads\/2020\/06\/cropped-CasaArena_Logotip_Web-2.png","contentUrl":"https:\/\/casaarena.eu\/wp-content\/uploads\/2020\/06\/cropped-CasaArena_Logotip_Web-2.png","width":997,"height":613,"caption":"Casa arena"},"image":{"@id":"https:\/\/casaarena.eu\/es\/#\/schema\/logo\/image\/"},"sameAs":["https:\/\/www.instagram.com\/casaarena_eu\/"]}]}},"_links":{"self":[{"href":"https:\/\/casaarena.eu\/es\/wp-json\/wp\/v2\/product\/6880","targetHints":{"allow":["GET"]}}],"collection":[{"href":"https:\/\/casaarena.eu\/es\/wp-json\/wp\/v2\/product"}],"about":[{"href":"https:\/\/casaarena.eu\/es\/wp-json\/wp\/v2\/types\/product"}],"wp:featuredmedia":[{"embeddable":true,"href":"https:\/\/casaarena.eu\/es\/wp-json\/wp\/v2\/media\/6120"}],"wp:attachment":[{"href":"https:\/\/casaarena.eu\/es\/wp-json\/wp\/v2\/media?parent=6880"}],"wp:term":[{"taxonomy":"product_brand","embeddable":true,"href":"https:\/\/casaarena.eu\/es\/wp-json\/wp\/v2\/product_brand?post=6880"},{"taxonomy":"product_cat","embeddable":true,"href":"https:\/\/casaarena.eu\/es\/wp-json\/wp\/v2\/product_cat?post=6880"},{"taxonomy":"product_tag","embeddable":true,"href":"https:\/\/casaarena.eu\/es\/wp-json\/wp\/v2\/product_tag?post=6880"}],"curies":[{"name":"wp","href":"https:\/\/api.w.org\/{rel}","templated":true}]}}