{"id":6868,"date":"2021-01-27T12:21:31","date_gmt":"2021-11-17T15:32:40","guid":{"rendered":"https:\/\/www.casaarena.eu\/producte\/rocapoll-2015-tinto-vino-de-la-villa-de-gratallops-doca-priorat\/"},"modified":"2021-11-24T11:59:07","modified_gmt":"2021-11-24T11:59:07","slug":"rocapoll-2015-tinto-vino-de-la-villa-de-gratallops-doca-priorat","status":"publish","type":"product","link":"https:\/\/casaarena.eu\/es\/producte\/rocapoll-2015-tinto-vino-de-la-villa-de-gratallops-doca-priorat\/","title":{"rendered":"Rocapoll 2015 Tinto (Vino de la Villa de Gratallops, DOCa Priorat)"},"content":{"rendered":"<p><!-- VideographyWP Plugin Message: Automatic video embedding prevented by plugin options. --><br \/>\nVino de la villa de Gratallops, DOCa Priorat, muy artesano y producido a partir de la variedad sams\u00f3 de nuestras vi\u00f1as centenarias. Producci\u00f3n por a\u00f1ada: 300 botellas. Una verdadera pieza \u00fanica.<\/p>\n<p>La vinificaci\u00f3n es totalmente artesanal, desde la fermentaci\u00f3n en barricas a base de levaduras naturales hasta el embotellamiento manual desprendido del crianza en barrica de roble franc\u00e9s Allier de grano fino.<\/p>\n<p>Un vino en el cual el sams\u00f3 se expresa con una complejidad sorprendente de olores y gustos, donde los toques minerales, de especies y ligeramente tostados se mezclan con almendras garrapi\u00f1adas y hierbas arom\u00e1ticas evocando la t\u00edpica rataf\u00eda de Olot.<\/p>\n<p>Al gusto, el denso e intenso sabor se combina con la perfecta acidez que hace que el vino sea fresco y vigoroso. Los taninos son intensos, pulidos y crean un triangulo equilibrado con la acidez y el alcohol, lo que le da una buena estructura y consistencia y facilidad al tragar.<\/p>\n<p>El regustillo es largo, arom\u00e1tico y vigoroso. El vino se refina despu\u00e9s de cinco a\u00f1os y se guarda durante m\u00e1s de una d\u00e9cada.<\/p>\n","protected":false},"excerpt":{"rendered":"<p>Cari\u00f1ena centenaria.<br \/>\nCriado en una barrica de roble franc\u00e9s durante 18 meses.<br \/>\n14\u00a0% Vol.\u00a0PESO 1,5\u00a0kg<\/p>\n","protected":false},"featured_media":3252,"template":"","meta":{"_acf_changed":false,"inline_featured_image":false},"product_brand":[],"product_cat":[304,319],"product_tag":[],"class_list":{"0":"post-6868","1":"product","2":"type-product","3":"status-publish","4":"has-post-thumbnail","6":"product_cat-productes-casa-arena-es","7":"product_cat-vins-es","9":"first","10":"instock","11":"taxable","12":"shipping-taxable","13":"purchasable","14":"product-type-simple"},"acf":[],"yoast_head":"<!-- This site is optimized with the Yoast SEO plugin v27.5 - https:\/\/yoast.com\/product\/yoast-seo-wordpress\/ -->\n<title>Rocapoll 2015 Tinto (Vino de la Villa de Gratallops, DOCa Priorat) - Casa arena<\/title>\n<meta name=\"robots\" content=\"index, follow, max-snippet:-1, max-image-preview:large, max-video-preview:-1\" \/>\n<link rel=\"canonical\" href=\"https:\/\/casaarena.eu\/es\/producte\/rocapoll-2015-tinto-vino-de-la-villa-de-gratallops-doca-priorat\/\" \/>\n<meta property=\"og:locale\" content=\"es_ES\" \/>\n<meta property=\"og:type\" content=\"article\" \/>\n<meta property=\"og:title\" content=\"Rocapoll 2015 Tinto (Vino de la Villa de Gratallops, DOCa Priorat) - Casa arena\" \/>\n<meta property=\"og:description\" content=\"Cari\u00f1ena centenaria. Criado en una barrica de roble franc\u00e9s durante 18 meses. 14\u00a0% Vol.\u00a0PESO 1,5\u00a0kg\" \/>\n<meta property=\"og:url\" content=\"https:\/\/casaarena.eu\/es\/producte\/rocapoll-2015-tinto-vino-de-la-villa-de-gratallops-doca-priorat\/\" \/>\n<meta property=\"og:site_name\" content=\"Casa arena\" \/>\n<meta property=\"article:modified_time\" content=\"2021-11-24T11:59:07+00:00\" \/>\n<meta property=\"og:image\" content=\"https:\/\/casaarena.eu\/wp-content\/uploads\/2021\/01\/ROCAPOLL-2015.jpg\" \/>\n\t<meta property=\"og:image:width\" content=\"567\" \/>\n\t<meta property=\"og:image:height\" content=\"567\" \/>\n\t<meta property=\"og:image:type\" content=\"image\/jpeg\" \/>\n<meta name=\"twitter:card\" content=\"summary_large_image\" \/>\n<meta name=\"twitter:label1\" content=\"Tiempo de lectura\" \/>\n\t<meta name=\"twitter:data1\" content=\"1 minuto\" \/>\n<script type=\"application\/ld+json\" class=\"yoast-schema-graph\">{\"@context\":\"https:\\\/\\\/schema.org\",\"@graph\":[{\"@type\":\"WebPage\",\"@id\":\"https:\\\/\\\/casaarena.eu\\\/es\\\/producte\\\/rocapoll-2015-tinto-vino-de-la-villa-de-gratallops-doca-priorat\\\/\",\"url\":\"https:\\\/\\\/casaarena.eu\\\/es\\\/producte\\\/rocapoll-2015-tinto-vino-de-la-villa-de-gratallops-doca-priorat\\\/\",\"name\":\"Rocapoll 2015 Tinto (Vino de la Villa de Gratallops, DOCa Priorat) - Casa arena\",\"isPartOf\":{\"@id\":\"https:\\\/\\\/casaarena.eu\\\/es\\\/#website\"},\"primaryImageOfPage\":{\"@id\":\"https:\\\/\\\/casaarena.eu\\\/es\\\/producte\\\/rocapoll-2015-tinto-vino-de-la-villa-de-gratallops-doca-priorat\\\/#primaryimage\"},\"image\":{\"@id\":\"https:\\\/\\\/casaarena.eu\\\/es\\\/producte\\\/rocapoll-2015-tinto-vino-de-la-villa-de-gratallops-doca-priorat\\\/#primaryimage\"},\"thumbnailUrl\":\"https:\\\/\\\/casaarena.eu\\\/wp-content\\\/uploads\\\/2021\\\/01\\\/ROCAPOLL-2015.jpg\",\"datePublished\":\"2021-11-17T15:32:40+00:00\",\"dateModified\":\"2021-11-24T11:59:07+00:00\",\"breadcrumb\":{\"@id\":\"https:\\\/\\\/casaarena.eu\\\/es\\\/producte\\\/rocapoll-2015-tinto-vino-de-la-villa-de-gratallops-doca-priorat\\\/#breadcrumb\"},\"inLanguage\":\"es\",\"potentialAction\":[{\"@type\":\"ReadAction\",\"target\":[\"https:\\\/\\\/casaarena.eu\\\/es\\\/producte\\\/rocapoll-2015-tinto-vino-de-la-villa-de-gratallops-doca-priorat\\\/\"]}]},{\"@type\":\"ImageObject\",\"inLanguage\":\"es\",\"@id\":\"https:\\\/\\\/casaarena.eu\\\/es\\\/producte\\\/rocapoll-2015-tinto-vino-de-la-villa-de-gratallops-doca-priorat\\\/#primaryimage\",\"url\":\"https:\\\/\\\/casaarena.eu\\\/wp-content\\\/uploads\\\/2021\\\/01\\\/ROCAPOLL-2015.jpg\",\"contentUrl\":\"https:\\\/\\\/casaarena.eu\\\/wp-content\\\/uploads\\\/2021\\\/01\\\/ROCAPOLL-2015.jpg\",\"width\":567,\"height\":567},{\"@type\":\"BreadcrumbList\",\"@id\":\"https:\\\/\\\/casaarena.eu\\\/es\\\/producte\\\/rocapoll-2015-tinto-vino-de-la-villa-de-gratallops-doca-priorat\\\/#breadcrumb\",\"itemListElement\":[{\"@type\":\"ListItem\",\"position\":1,\"name\":\"Portada\",\"item\":\"https:\\\/\\\/casaarena.eu\\\/\"},{\"@type\":\"ListItem\",\"position\":2,\"name\":\"Products\",\"item\":\"https:\\\/\\\/casaarena.eu\\\/en\\\/shop\\\/\"},{\"@type\":\"ListItem\",\"position\":3,\"name\":\"Rocapoll 2015 Tinto (Vino de la Villa de Gratallops, DOCa Priorat)\"}]},{\"@type\":\"WebSite\",\"@id\":\"https:\\\/\\\/casaarena.eu\\\/es\\\/#website\",\"url\":\"https:\\\/\\\/casaarena.eu\\\/es\\\/\",\"name\":\"Casa arena\",\"description\":\"Casa Arena Wordpress Site\",\"publisher\":{\"@id\":\"https:\\\/\\\/casaarena.eu\\\/es\\\/#organization\"},\"potentialAction\":[{\"@type\":\"SearchAction\",\"target\":{\"@type\":\"EntryPoint\",\"urlTemplate\":\"https:\\\/\\\/casaarena.eu\\\/es\\\/?s={search_term_string}\"},\"query-input\":{\"@type\":\"PropertyValueSpecification\",\"valueRequired\":true,\"valueName\":\"search_term_string\"}}],\"inLanguage\":\"es\"},{\"@type\":\"Organization\",\"@id\":\"https:\\\/\\\/casaarena.eu\\\/es\\\/#organization\",\"name\":\"Casa arena\",\"url\":\"https:\\\/\\\/casaarena.eu\\\/es\\\/\",\"logo\":{\"@type\":\"ImageObject\",\"inLanguage\":\"es\",\"@id\":\"https:\\\/\\\/casaarena.eu\\\/es\\\/#\\\/schema\\\/logo\\\/image\\\/\",\"url\":\"https:\\\/\\\/casaarena.eu\\\/wp-content\\\/uploads\\\/2020\\\/06\\\/cropped-CasaArena_Logotip_Web-2.png\",\"contentUrl\":\"https:\\\/\\\/casaarena.eu\\\/wp-content\\\/uploads\\\/2020\\\/06\\\/cropped-CasaArena_Logotip_Web-2.png\",\"width\":997,\"height\":613,\"caption\":\"Casa arena\"},\"image\":{\"@id\":\"https:\\\/\\\/casaarena.eu\\\/es\\\/#\\\/schema\\\/logo\\\/image\\\/\"},\"sameAs\":[\"https:\\\/\\\/www.instagram.com\\\/casaarena_eu\\\/\"]}]}<\/script>\n<!-- \/ Yoast SEO plugin. -->","yoast_head_json":{"title":"Rocapoll 2015 Tinto (Vino de la Villa de Gratallops, DOCa Priorat) - Casa arena","robots":{"index":"index","follow":"follow","max-snippet":"max-snippet:-1","max-image-preview":"max-image-preview:large","max-video-preview":"max-video-preview:-1"},"canonical":"https:\/\/casaarena.eu\/es\/producte\/rocapoll-2015-tinto-vino-de-la-villa-de-gratallops-doca-priorat\/","og_locale":"es_ES","og_type":"article","og_title":"Rocapoll 2015 Tinto (Vino de la Villa de Gratallops, DOCa Priorat) - Casa arena","og_description":"Cari\u00f1ena centenaria. Criado en una barrica de roble franc\u00e9s durante 18 meses. 14\u00a0% Vol.\u00a0PESO 1,5\u00a0kg","og_url":"https:\/\/casaarena.eu\/es\/producte\/rocapoll-2015-tinto-vino-de-la-villa-de-gratallops-doca-priorat\/","og_site_name":"Casa arena","article_modified_time":"2021-11-24T11:59:07+00:00","og_image":[{"width":567,"height":567,"url":"https:\/\/casaarena.eu\/wp-content\/uploads\/2021\/01\/ROCAPOLL-2015.jpg","type":"image\/jpeg"}],"twitter_card":"summary_large_image","twitter_misc":{"Tiempo de lectura":"1 minuto"},"schema":{"@context":"https:\/\/schema.org","@graph":[{"@type":"WebPage","@id":"https:\/\/casaarena.eu\/es\/producte\/rocapoll-2015-tinto-vino-de-la-villa-de-gratallops-doca-priorat\/","url":"https:\/\/casaarena.eu\/es\/producte\/rocapoll-2015-tinto-vino-de-la-villa-de-gratallops-doca-priorat\/","name":"Rocapoll 2015 Tinto (Vino de la Villa de Gratallops, DOCa Priorat) - Casa arena","isPartOf":{"@id":"https:\/\/casaarena.eu\/es\/#website"},"primaryImageOfPage":{"@id":"https:\/\/casaarena.eu\/es\/producte\/rocapoll-2015-tinto-vino-de-la-villa-de-gratallops-doca-priorat\/#primaryimage"},"image":{"@id":"https:\/\/casaarena.eu\/es\/producte\/rocapoll-2015-tinto-vino-de-la-villa-de-gratallops-doca-priorat\/#primaryimage"},"thumbnailUrl":"https:\/\/casaarena.eu\/wp-content\/uploads\/2021\/01\/ROCAPOLL-2015.jpg","datePublished":"2021-11-17T15:32:40+00:00","dateModified":"2021-11-24T11:59:07+00:00","breadcrumb":{"@id":"https:\/\/casaarena.eu\/es\/producte\/rocapoll-2015-tinto-vino-de-la-villa-de-gratallops-doca-priorat\/#breadcrumb"},"inLanguage":"es","potentialAction":[{"@type":"ReadAction","target":["https:\/\/casaarena.eu\/es\/producte\/rocapoll-2015-tinto-vino-de-la-villa-de-gratallops-doca-priorat\/"]}]},{"@type":"ImageObject","inLanguage":"es","@id":"https:\/\/casaarena.eu\/es\/producte\/rocapoll-2015-tinto-vino-de-la-villa-de-gratallops-doca-priorat\/#primaryimage","url":"https:\/\/casaarena.eu\/wp-content\/uploads\/2021\/01\/ROCAPOLL-2015.jpg","contentUrl":"https:\/\/casaarena.eu\/wp-content\/uploads\/2021\/01\/ROCAPOLL-2015.jpg","width":567,"height":567},{"@type":"BreadcrumbList","@id":"https:\/\/casaarena.eu\/es\/producte\/rocapoll-2015-tinto-vino-de-la-villa-de-gratallops-doca-priorat\/#breadcrumb","itemListElement":[{"@type":"ListItem","position":1,"name":"Portada","item":"https:\/\/casaarena.eu\/"},{"@type":"ListItem","position":2,"name":"Products","item":"https:\/\/casaarena.eu\/en\/shop\/"},{"@type":"ListItem","position":3,"name":"Rocapoll 2015 Tinto (Vino de la Villa de Gratallops, DOCa Priorat)"}]},{"@type":"WebSite","@id":"https:\/\/casaarena.eu\/es\/#website","url":"https:\/\/casaarena.eu\/es\/","name":"Casa arena","description":"Casa Arena Wordpress Site","publisher":{"@id":"https:\/\/casaarena.eu\/es\/#organization"},"potentialAction":[{"@type":"SearchAction","target":{"@type":"EntryPoint","urlTemplate":"https:\/\/casaarena.eu\/es\/?s={search_term_string}"},"query-input":{"@type":"PropertyValueSpecification","valueRequired":true,"valueName":"search_term_string"}}],"inLanguage":"es"},{"@type":"Organization","@id":"https:\/\/casaarena.eu\/es\/#organization","name":"Casa arena","url":"https:\/\/casaarena.eu\/es\/","logo":{"@type":"ImageObject","inLanguage":"es","@id":"https:\/\/casaarena.eu\/es\/#\/schema\/logo\/image\/","url":"https:\/\/casaarena.eu\/wp-content\/uploads\/2020\/06\/cropped-CasaArena_Logotip_Web-2.png","contentUrl":"https:\/\/casaarena.eu\/wp-content\/uploads\/2020\/06\/cropped-CasaArena_Logotip_Web-2.png","width":997,"height":613,"caption":"Casa arena"},"image":{"@id":"https:\/\/casaarena.eu\/es\/#\/schema\/logo\/image\/"},"sameAs":["https:\/\/www.instagram.com\/casaarena_eu\/"]}]}},"_links":{"self":[{"href":"https:\/\/casaarena.eu\/es\/wp-json\/wp\/v2\/product\/6868","targetHints":{"allow":["GET"]}}],"collection":[{"href":"https:\/\/casaarena.eu\/es\/wp-json\/wp\/v2\/product"}],"about":[{"href":"https:\/\/casaarena.eu\/es\/wp-json\/wp\/v2\/types\/product"}],"wp:featuredmedia":[{"embeddable":true,"href":"https:\/\/casaarena.eu\/es\/wp-json\/wp\/v2\/media\/3252"}],"wp:attachment":[{"href":"https:\/\/casaarena.eu\/es\/wp-json\/wp\/v2\/media?parent=6868"}],"wp:term":[{"taxonomy":"product_brand","embeddable":true,"href":"https:\/\/casaarena.eu\/es\/wp-json\/wp\/v2\/product_brand?post=6868"},{"taxonomy":"product_cat","embeddable":true,"href":"https:\/\/casaarena.eu\/es\/wp-json\/wp\/v2\/product_cat?post=6868"},{"taxonomy":"product_tag","embeddable":true,"href":"https:\/\/casaarena.eu\/es\/wp-json\/wp\/v2\/product_tag?post=6868"}],"curies":[{"name":"wp","href":"https:\/\/api.w.org\/{rel}","templated":true}]}}