{"id":6867,"date":"2021-01-27T12:16:28","date_gmt":"2021-11-17T15:32:40","guid":{"rendered":"https:\/\/www.casaarena.eu\/producte\/le-jardin-de-ma-tante-do-cava-ecologico\/"},"modified":"2021-11-24T11:58:08","modified_gmt":"2021-11-24T11:58:08","slug":"le-jardin-de-ma-tante-do-cava-ecologico","status":"publish","type":"product","link":"https:\/\/casaarena.eu\/es\/producte\/le-jardin-de-ma-tante-do-cava-ecologico\/","title":{"rendered":"Le Jardin De Ma Tante (Do Cava, Ecol\u00f3gico)"},"content":{"rendered":"<p><!-- VideographyWP Plugin Message: Automatic video embedding prevented by plugin options. --><br \/>\nFruto de la colaboraci\u00f3n entre Josep Roca (Devinssi) y Josep Elies (Parat\u00f3), historias paralelas, barrios comunes. Color oro blanco de brillante paja, con peque\u00f1as burbujas y buen desprendimiento. Cava con sensaciones frescas, con aromas de flores y ligeramente c\u00edtrico al gusto con recuerdo bals\u00e1micos y de frutas blancas.<\/p>\n","protected":false},"excerpt":{"rendered":"<p>Cava ecol\u00f3gico certificado.<br \/>\nM\u00ednimo 12 meses. Crianza con l\u00edas finas.<br \/>\nXarel\u00b7lo, Parellada, Macabeu y Chardonnay.<br \/>\nBrut Nature. 12\u00a0% Vol.\u00a0PESO 1,5\u00a0kg<\/p>\n","protected":false},"featured_media":3227,"template":"","meta":{"_acf_changed":false,"inline_featured_image":false},"product_brand":[],"product_cat":[304,319],"product_tag":[],"class_list":{"0":"post-6867","1":"product","2":"type-product","3":"status-publish","4":"has-post-thumbnail","6":"product_cat-productes-casa-arena-es","7":"product_cat-vins-es","9":"first","10":"instock","11":"taxable","12":"shipping-taxable","13":"purchasable","14":"product-type-simple"},"acf":[],"yoast_head":"<!-- This site is optimized with the Yoast SEO plugin v27.5 - https:\/\/yoast.com\/product\/yoast-seo-wordpress\/ -->\n<title>Le Jardin De Ma Tante (Do Cava, Ecol\u00f3gico) - Casa arena<\/title>\n<meta name=\"robots\" content=\"index, follow, max-snippet:-1, max-image-preview:large, max-video-preview:-1\" \/>\n<link rel=\"canonical\" href=\"https:\/\/casaarena.eu\/producte\/le-jardin-de-ma-tante\/\" \/>\n<meta property=\"og:locale\" content=\"es_ES\" \/>\n<meta property=\"og:type\" content=\"article\" \/>\n<meta property=\"og:title\" content=\"Le Jardin De Ma Tante (Do Cava, Ecol\u00f3gico) - Casa arena\" \/>\n<meta property=\"og:description\" content=\"Cava ecol\u00f3gico certificado. M\u00ednimo 12 meses. Crianza con l\u00edas finas. Xarel\u00b7lo, Parellada, Macabeu y Chardonnay. Brut Nature. 12\u00a0% Vol.\u00a0PESO 1,5\u00a0kg\" \/>\n<meta property=\"og:url\" content=\"https:\/\/casaarena.eu\/producte\/le-jardin-de-ma-tante\/\" \/>\n<meta property=\"og:site_name\" content=\"Casa arena\" \/>\n<meta property=\"article:modified_time\" content=\"2021-11-24T11:58:08+00:00\" \/>\n<meta property=\"og:image\" content=\"https:\/\/casaarena.eu\/wp-content\/uploads\/2021\/01\/LE-JARDIN-DE-MA-TANTE.jpg\" \/>\n\t<meta property=\"og:image:width\" content=\"586\" \/>\n\t<meta property=\"og:image:height\" content=\"581\" \/>\n\t<meta property=\"og:image:type\" content=\"image\/jpeg\" \/>\n<meta name=\"twitter:card\" content=\"summary_large_image\" \/>\n<script type=\"application\/ld+json\" class=\"yoast-schema-graph\">{\"@context\":\"https:\\\/\\\/schema.org\",\"@graph\":[{\"@type\":\"WebPage\",\"@id\":\"https:\\\/\\\/casaarena.eu\\\/producte\\\/le-jardin-de-ma-tante\\\/\",\"url\":\"https:\\\/\\\/casaarena.eu\\\/producte\\\/le-jardin-de-ma-tante\\\/\",\"name\":\"Le Jardin De Ma Tante (Do Cava, Ecol\u00f3gico) - Casa arena\",\"isPartOf\":{\"@id\":\"https:\\\/\\\/casaarena.eu\\\/es\\\/#website\"},\"primaryImageOfPage\":{\"@id\":\"https:\\\/\\\/casaarena.eu\\\/producte\\\/le-jardin-de-ma-tante\\\/#primaryimage\"},\"image\":{\"@id\":\"https:\\\/\\\/casaarena.eu\\\/producte\\\/le-jardin-de-ma-tante\\\/#primaryimage\"},\"thumbnailUrl\":\"https:\\\/\\\/casaarena.eu\\\/wp-content\\\/uploads\\\/2021\\\/01\\\/LE-JARDIN-DE-MA-TANTE.jpg\",\"datePublished\":\"2021-11-17T15:32:40+00:00\",\"dateModified\":\"2021-11-24T11:58:08+00:00\",\"breadcrumb\":{\"@id\":\"https:\\\/\\\/casaarena.eu\\\/producte\\\/le-jardin-de-ma-tante\\\/#breadcrumb\"},\"inLanguage\":\"es\",\"potentialAction\":[{\"@type\":\"ReadAction\",\"target\":[\"https:\\\/\\\/casaarena.eu\\\/producte\\\/le-jardin-de-ma-tante\\\/\"]}]},{\"@type\":\"ImageObject\",\"inLanguage\":\"es\",\"@id\":\"https:\\\/\\\/casaarena.eu\\\/producte\\\/le-jardin-de-ma-tante\\\/#primaryimage\",\"url\":\"https:\\\/\\\/casaarena.eu\\\/wp-content\\\/uploads\\\/2021\\\/01\\\/LE-JARDIN-DE-MA-TANTE.jpg\",\"contentUrl\":\"https:\\\/\\\/casaarena.eu\\\/wp-content\\\/uploads\\\/2021\\\/01\\\/LE-JARDIN-DE-MA-TANTE.jpg\",\"width\":586,\"height\":581},{\"@type\":\"BreadcrumbList\",\"@id\":\"https:\\\/\\\/casaarena.eu\\\/producte\\\/le-jardin-de-ma-tante\\\/#breadcrumb\",\"itemListElement\":[{\"@type\":\"ListItem\",\"position\":1,\"name\":\"Portada\",\"item\":\"https:\\\/\\\/casaarena.eu\\\/\"},{\"@type\":\"ListItem\",\"position\":2,\"name\":\"Products\",\"item\":\"https:\\\/\\\/casaarena.eu\\\/en\\\/shop\\\/\"},{\"@type\":\"ListItem\",\"position\":3,\"name\":\"Le Jardin De Ma Tante (Do Cava, Ecol\u00f3gico)\"}]},{\"@type\":\"WebSite\",\"@id\":\"https:\\\/\\\/casaarena.eu\\\/es\\\/#website\",\"url\":\"https:\\\/\\\/casaarena.eu\\\/es\\\/\",\"name\":\"Casa arena\",\"description\":\"Casa Arena Wordpress Site\",\"publisher\":{\"@id\":\"https:\\\/\\\/casaarena.eu\\\/es\\\/#organization\"},\"potentialAction\":[{\"@type\":\"SearchAction\",\"target\":{\"@type\":\"EntryPoint\",\"urlTemplate\":\"https:\\\/\\\/casaarena.eu\\\/es\\\/?s={search_term_string}\"},\"query-input\":{\"@type\":\"PropertyValueSpecification\",\"valueRequired\":true,\"valueName\":\"search_term_string\"}}],\"inLanguage\":\"es\"},{\"@type\":\"Organization\",\"@id\":\"https:\\\/\\\/casaarena.eu\\\/es\\\/#organization\",\"name\":\"Casa arena\",\"url\":\"https:\\\/\\\/casaarena.eu\\\/es\\\/\",\"logo\":{\"@type\":\"ImageObject\",\"inLanguage\":\"es\",\"@id\":\"https:\\\/\\\/casaarena.eu\\\/es\\\/#\\\/schema\\\/logo\\\/image\\\/\",\"url\":\"https:\\\/\\\/casaarena.eu\\\/wp-content\\\/uploads\\\/2020\\\/06\\\/cropped-CasaArena_Logotip_Web-2.png\",\"contentUrl\":\"https:\\\/\\\/casaarena.eu\\\/wp-content\\\/uploads\\\/2020\\\/06\\\/cropped-CasaArena_Logotip_Web-2.png\",\"width\":997,\"height\":613,\"caption\":\"Casa arena\"},\"image\":{\"@id\":\"https:\\\/\\\/casaarena.eu\\\/es\\\/#\\\/schema\\\/logo\\\/image\\\/\"},\"sameAs\":[\"https:\\\/\\\/www.instagram.com\\\/casaarena_eu\\\/\"]}]}<\/script>\n<!-- \/ Yoast SEO plugin. -->","yoast_head_json":{"title":"Le Jardin De Ma Tante (Do Cava, Ecol\u00f3gico) - Casa arena","robots":{"index":"index","follow":"follow","max-snippet":"max-snippet:-1","max-image-preview":"max-image-preview:large","max-video-preview":"max-video-preview:-1"},"canonical":"https:\/\/casaarena.eu\/producte\/le-jardin-de-ma-tante\/","og_locale":"es_ES","og_type":"article","og_title":"Le Jardin De Ma Tante (Do Cava, Ecol\u00f3gico) - Casa arena","og_description":"Cava ecol\u00f3gico certificado. M\u00ednimo 12 meses. Crianza con l\u00edas finas. Xarel\u00b7lo, Parellada, Macabeu y Chardonnay. Brut Nature. 12\u00a0% Vol.\u00a0PESO 1,5\u00a0kg","og_url":"https:\/\/casaarena.eu\/producte\/le-jardin-de-ma-tante\/","og_site_name":"Casa arena","article_modified_time":"2021-11-24T11:58:08+00:00","og_image":[{"width":586,"height":581,"url":"https:\/\/casaarena.eu\/wp-content\/uploads\/2021\/01\/LE-JARDIN-DE-MA-TANTE.jpg","type":"image\/jpeg"}],"twitter_card":"summary_large_image","schema":{"@context":"https:\/\/schema.org","@graph":[{"@type":"WebPage","@id":"https:\/\/casaarena.eu\/producte\/le-jardin-de-ma-tante\/","url":"https:\/\/casaarena.eu\/producte\/le-jardin-de-ma-tante\/","name":"Le Jardin De Ma Tante (Do Cava, Ecol\u00f3gico) - Casa arena","isPartOf":{"@id":"https:\/\/casaarena.eu\/es\/#website"},"primaryImageOfPage":{"@id":"https:\/\/casaarena.eu\/producte\/le-jardin-de-ma-tante\/#primaryimage"},"image":{"@id":"https:\/\/casaarena.eu\/producte\/le-jardin-de-ma-tante\/#primaryimage"},"thumbnailUrl":"https:\/\/casaarena.eu\/wp-content\/uploads\/2021\/01\/LE-JARDIN-DE-MA-TANTE.jpg","datePublished":"2021-11-17T15:32:40+00:00","dateModified":"2021-11-24T11:58:08+00:00","breadcrumb":{"@id":"https:\/\/casaarena.eu\/producte\/le-jardin-de-ma-tante\/#breadcrumb"},"inLanguage":"es","potentialAction":[{"@type":"ReadAction","target":["https:\/\/casaarena.eu\/producte\/le-jardin-de-ma-tante\/"]}]},{"@type":"ImageObject","inLanguage":"es","@id":"https:\/\/casaarena.eu\/producte\/le-jardin-de-ma-tante\/#primaryimage","url":"https:\/\/casaarena.eu\/wp-content\/uploads\/2021\/01\/LE-JARDIN-DE-MA-TANTE.jpg","contentUrl":"https:\/\/casaarena.eu\/wp-content\/uploads\/2021\/01\/LE-JARDIN-DE-MA-TANTE.jpg","width":586,"height":581},{"@type":"BreadcrumbList","@id":"https:\/\/casaarena.eu\/producte\/le-jardin-de-ma-tante\/#breadcrumb","itemListElement":[{"@type":"ListItem","position":1,"name":"Portada","item":"https:\/\/casaarena.eu\/"},{"@type":"ListItem","position":2,"name":"Products","item":"https:\/\/casaarena.eu\/en\/shop\/"},{"@type":"ListItem","position":3,"name":"Le Jardin De Ma Tante (Do Cava, Ecol\u00f3gico)"}]},{"@type":"WebSite","@id":"https:\/\/casaarena.eu\/es\/#website","url":"https:\/\/casaarena.eu\/es\/","name":"Casa arena","description":"Casa Arena Wordpress Site","publisher":{"@id":"https:\/\/casaarena.eu\/es\/#organization"},"potentialAction":[{"@type":"SearchAction","target":{"@type":"EntryPoint","urlTemplate":"https:\/\/casaarena.eu\/es\/?s={search_term_string}"},"query-input":{"@type":"PropertyValueSpecification","valueRequired":true,"valueName":"search_term_string"}}],"inLanguage":"es"},{"@type":"Organization","@id":"https:\/\/casaarena.eu\/es\/#organization","name":"Casa arena","url":"https:\/\/casaarena.eu\/es\/","logo":{"@type":"ImageObject","inLanguage":"es","@id":"https:\/\/casaarena.eu\/es\/#\/schema\/logo\/image\/","url":"https:\/\/casaarena.eu\/wp-content\/uploads\/2020\/06\/cropped-CasaArena_Logotip_Web-2.png","contentUrl":"https:\/\/casaarena.eu\/wp-content\/uploads\/2020\/06\/cropped-CasaArena_Logotip_Web-2.png","width":997,"height":613,"caption":"Casa arena"},"image":{"@id":"https:\/\/casaarena.eu\/es\/#\/schema\/logo\/image\/"},"sameAs":["https:\/\/www.instagram.com\/casaarena_eu\/"]}]}},"_links":{"self":[{"href":"https:\/\/casaarena.eu\/es\/wp-json\/wp\/v2\/product\/6867","targetHints":{"allow":["GET"]}}],"collection":[{"href":"https:\/\/casaarena.eu\/es\/wp-json\/wp\/v2\/product"}],"about":[{"href":"https:\/\/casaarena.eu\/es\/wp-json\/wp\/v2\/types\/product"}],"wp:featuredmedia":[{"embeddable":true,"href":"https:\/\/casaarena.eu\/es\/wp-json\/wp\/v2\/media\/3227"}],"wp:attachment":[{"href":"https:\/\/casaarena.eu\/es\/wp-json\/wp\/v2\/media?parent=6867"}],"wp:term":[{"taxonomy":"product_brand","embeddable":true,"href":"https:\/\/casaarena.eu\/es\/wp-json\/wp\/v2\/product_brand?post=6867"},{"taxonomy":"product_cat","embeddable":true,"href":"https:\/\/casaarena.eu\/es\/wp-json\/wp\/v2\/product_cat?post=6867"},{"taxonomy":"product_tag","embeddable":true,"href":"https:\/\/casaarena.eu\/es\/wp-json\/wp\/v2\/product_tag?post=6867"}],"curies":[{"name":"wp","href":"https:\/\/api.w.org\/{rel}","templated":true}]}}