{"id":6862,"date":"2020-12-17T10:04:33","date_gmt":"2021-11-17T15:32:40","guid":{"rendered":"https:\/\/www.casaarena.eu\/producte\/gel-de-ducha-y-bano-au-lait\/"},"modified":"2021-11-24T11:57:10","modified_gmt":"2021-11-24T11:57:10","slug":"gel-de-ducha-y-bano-au-lait","status":"publish","type":"product","link":"https:\/\/casaarena.eu\/es\/producte\/gel-de-ducha-y-bano-au-lait\/","title":{"rendered":"Gel de ducha y ba\u00f1o AU LAIT"},"content":{"rendered":"<p><!-- VideographyWP Plugin Message: Automatic video embedding prevented by plugin options. --><br \/>\nProducto testado cl\u00ednicamente bajo control dermatol\u00f3gico con m\u00e9todos alternativo y no testado en animales.<\/p>\n<p><strong>Ingredients:&nbsp;<\/strong>Aqua (Water), Sodium Laureth Sulfate, Sodium Chloride, Parfum (Fragrance), Cocamidopropyl Betaine, Lac (Nonfat Dry Milk), Styrene\/Acrylates Copolymer, Disodium EDTA, Tocopheryl Acetate, Trideceth 7, Methylchloroisothiazolinone, Methylisothiazolinone, Alpha- Isomethyl Ionone, Butylphenyl Methylpropional (Lilial), Linalool, Hydroxyisohexyl 3-Cyclohexene Carboxaldehyde (Lyral), Citronellol, Coumarin, Geraniol.<\/p>\n<p>250\u00a0ml.<\/p>\n","protected":false},"excerpt":{"rendered":"<p>El gel es perfecto para utilizar tanto en la ducha como en la ba\u00f1era. El gel Casa Arena Au Lait est\u00e1 enriquecido con propiedades de la leche. Gracias a estas propiedades, sentir\u00e1 su piel limpia, revitalizada e hidratada.<\/p>\n","protected":false},"featured_media":6092,"template":"","meta":{"_acf_changed":false,"inline_featured_image":false},"product_brand":[],"product_cat":[304],"product_tag":[],"class_list":{"0":"post-6862","1":"product","2":"type-product","3":"status-publish","4":"has-post-thumbnail","6":"product_cat-productes-casa-arena-es","8":"first","9":"instock","10":"taxable","11":"shipping-taxable","12":"purchasable","13":"product-type-simple"},"acf":[],"yoast_head":"<!-- This site is optimized with the Yoast SEO plugin v27.5 - https:\/\/yoast.com\/product\/yoast-seo-wordpress\/ -->\n<title>Gel de ducha y ba\u00f1o AU LAIT - Casa arena<\/title>\n<meta name=\"robots\" content=\"index, follow, max-snippet:-1, max-image-preview:large, max-video-preview:-1\" \/>\n<link rel=\"canonical\" href=\"https:\/\/casaarena.eu\/producte\/gel-de-dutxa-i-bany-au-lait\/\" \/>\n<meta property=\"og:locale\" content=\"es_ES\" \/>\n<meta property=\"og:type\" content=\"article\" \/>\n<meta property=\"og:title\" content=\"Gel de ducha y ba\u00f1o AU LAIT - Casa arena\" \/>\n<meta property=\"og:description\" content=\"El gel es perfecto para utilizar tanto en la ducha como en la ba\u00f1era. El gel Casa Arena Au Lait est\u00e1 enriquecido con propiedades de la leche. Gracias a estas propiedades, sentir\u00e1 su piel limpia, revitalizada e hidratada.\" \/>\n<meta property=\"og:url\" content=\"https:\/\/casaarena.eu\/producte\/gel-de-dutxa-i-bany-au-lait\/\" \/>\n<meta property=\"og:site_name\" content=\"Casa arena\" \/>\n<meta property=\"article:modified_time\" content=\"2021-11-24T11:57:10+00:00\" \/>\n<meta property=\"og:image\" content=\"https:\/\/casaarena.eu\/wp-content\/uploads\/2020\/12\/CA21-9435-banyo.jpg\" \/>\n\t<meta property=\"og:image:width\" content=\"1080\" \/>\n\t<meta property=\"og:image:height\" content=\"1620\" \/>\n\t<meta property=\"og:image:type\" content=\"image\/jpeg\" \/>\n<meta name=\"twitter:card\" content=\"summary_large_image\" \/>\n<script type=\"application\/ld+json\" class=\"yoast-schema-graph\">{\"@context\":\"https:\\\/\\\/schema.org\",\"@graph\":[{\"@type\":\"WebPage\",\"@id\":\"https:\\\/\\\/casaarena.eu\\\/producte\\\/gel-de-dutxa-i-bany-au-lait\\\/\",\"url\":\"https:\\\/\\\/casaarena.eu\\\/producte\\\/gel-de-dutxa-i-bany-au-lait\\\/\",\"name\":\"Gel de ducha y ba\u00f1o AU LAIT - Casa arena\",\"isPartOf\":{\"@id\":\"https:\\\/\\\/casaarena.eu\\\/es\\\/#website\"},\"primaryImageOfPage\":{\"@id\":\"https:\\\/\\\/casaarena.eu\\\/producte\\\/gel-de-dutxa-i-bany-au-lait\\\/#primaryimage\"},\"image\":{\"@id\":\"https:\\\/\\\/casaarena.eu\\\/producte\\\/gel-de-dutxa-i-bany-au-lait\\\/#primaryimage\"},\"thumbnailUrl\":\"https:\\\/\\\/casaarena.eu\\\/wp-content\\\/uploads\\\/2020\\\/12\\\/CA21-9435-banyo.jpg\",\"datePublished\":\"2021-11-17T15:32:40+00:00\",\"dateModified\":\"2021-11-24T11:57:10+00:00\",\"breadcrumb\":{\"@id\":\"https:\\\/\\\/casaarena.eu\\\/producte\\\/gel-de-dutxa-i-bany-au-lait\\\/#breadcrumb\"},\"inLanguage\":\"es\",\"potentialAction\":[{\"@type\":\"ReadAction\",\"target\":[\"https:\\\/\\\/casaarena.eu\\\/producte\\\/gel-de-dutxa-i-bany-au-lait\\\/\"]}]},{\"@type\":\"ImageObject\",\"inLanguage\":\"es\",\"@id\":\"https:\\\/\\\/casaarena.eu\\\/producte\\\/gel-de-dutxa-i-bany-au-lait\\\/#primaryimage\",\"url\":\"https:\\\/\\\/casaarena.eu\\\/wp-content\\\/uploads\\\/2020\\\/12\\\/CA21-9435-banyo.jpg\",\"contentUrl\":\"https:\\\/\\\/casaarena.eu\\\/wp-content\\\/uploads\\\/2020\\\/12\\\/CA21-9435-banyo.jpg\",\"width\":1080,\"height\":1620},{\"@type\":\"BreadcrumbList\",\"@id\":\"https:\\\/\\\/casaarena.eu\\\/producte\\\/gel-de-dutxa-i-bany-au-lait\\\/#breadcrumb\",\"itemListElement\":[{\"@type\":\"ListItem\",\"position\":1,\"name\":\"Portada\",\"item\":\"https:\\\/\\\/casaarena.eu\\\/\"},{\"@type\":\"ListItem\",\"position\":2,\"name\":\"Products\",\"item\":\"https:\\\/\\\/casaarena.eu\\\/en\\\/shop\\\/\"},{\"@type\":\"ListItem\",\"position\":3,\"name\":\"Gel de ducha y ba\u00f1o AU LAIT\"}]},{\"@type\":\"WebSite\",\"@id\":\"https:\\\/\\\/casaarena.eu\\\/es\\\/#website\",\"url\":\"https:\\\/\\\/casaarena.eu\\\/es\\\/\",\"name\":\"Casa arena\",\"description\":\"Casa Arena Wordpress Site\",\"publisher\":{\"@id\":\"https:\\\/\\\/casaarena.eu\\\/es\\\/#organization\"},\"potentialAction\":[{\"@type\":\"SearchAction\",\"target\":{\"@type\":\"EntryPoint\",\"urlTemplate\":\"https:\\\/\\\/casaarena.eu\\\/es\\\/?s={search_term_string}\"},\"query-input\":{\"@type\":\"PropertyValueSpecification\",\"valueRequired\":true,\"valueName\":\"search_term_string\"}}],\"inLanguage\":\"es\"},{\"@type\":\"Organization\",\"@id\":\"https:\\\/\\\/casaarena.eu\\\/es\\\/#organization\",\"name\":\"Casa arena\",\"url\":\"https:\\\/\\\/casaarena.eu\\\/es\\\/\",\"logo\":{\"@type\":\"ImageObject\",\"inLanguage\":\"es\",\"@id\":\"https:\\\/\\\/casaarena.eu\\\/es\\\/#\\\/schema\\\/logo\\\/image\\\/\",\"url\":\"https:\\\/\\\/casaarena.eu\\\/wp-content\\\/uploads\\\/2020\\\/06\\\/cropped-CasaArena_Logotip_Web-2.png\",\"contentUrl\":\"https:\\\/\\\/casaarena.eu\\\/wp-content\\\/uploads\\\/2020\\\/06\\\/cropped-CasaArena_Logotip_Web-2.png\",\"width\":997,\"height\":613,\"caption\":\"Casa arena\"},\"image\":{\"@id\":\"https:\\\/\\\/casaarena.eu\\\/es\\\/#\\\/schema\\\/logo\\\/image\\\/\"},\"sameAs\":[\"https:\\\/\\\/www.instagram.com\\\/casaarena_eu\\\/\"]}]}<\/script>\n<!-- \/ Yoast SEO plugin. -->","yoast_head_json":{"title":"Gel de ducha y ba\u00f1o AU LAIT - Casa arena","robots":{"index":"index","follow":"follow","max-snippet":"max-snippet:-1","max-image-preview":"max-image-preview:large","max-video-preview":"max-video-preview:-1"},"canonical":"https:\/\/casaarena.eu\/producte\/gel-de-dutxa-i-bany-au-lait\/","og_locale":"es_ES","og_type":"article","og_title":"Gel de ducha y ba\u00f1o AU LAIT - Casa arena","og_description":"El gel es perfecto para utilizar tanto en la ducha como en la ba\u00f1era. El gel Casa Arena Au Lait est\u00e1 enriquecido con propiedades de la leche. Gracias a estas propiedades, sentir\u00e1 su piel limpia, revitalizada e hidratada.","og_url":"https:\/\/casaarena.eu\/producte\/gel-de-dutxa-i-bany-au-lait\/","og_site_name":"Casa arena","article_modified_time":"2021-11-24T11:57:10+00:00","og_image":[{"width":1080,"height":1620,"url":"https:\/\/casaarena.eu\/wp-content\/uploads\/2020\/12\/CA21-9435-banyo.jpg","type":"image\/jpeg"}],"twitter_card":"summary_large_image","schema":{"@context":"https:\/\/schema.org","@graph":[{"@type":"WebPage","@id":"https:\/\/casaarena.eu\/producte\/gel-de-dutxa-i-bany-au-lait\/","url":"https:\/\/casaarena.eu\/producte\/gel-de-dutxa-i-bany-au-lait\/","name":"Gel de ducha y ba\u00f1o AU LAIT - Casa arena","isPartOf":{"@id":"https:\/\/casaarena.eu\/es\/#website"},"primaryImageOfPage":{"@id":"https:\/\/casaarena.eu\/producte\/gel-de-dutxa-i-bany-au-lait\/#primaryimage"},"image":{"@id":"https:\/\/casaarena.eu\/producte\/gel-de-dutxa-i-bany-au-lait\/#primaryimage"},"thumbnailUrl":"https:\/\/casaarena.eu\/wp-content\/uploads\/2020\/12\/CA21-9435-banyo.jpg","datePublished":"2021-11-17T15:32:40+00:00","dateModified":"2021-11-24T11:57:10+00:00","breadcrumb":{"@id":"https:\/\/casaarena.eu\/producte\/gel-de-dutxa-i-bany-au-lait\/#breadcrumb"},"inLanguage":"es","potentialAction":[{"@type":"ReadAction","target":["https:\/\/casaarena.eu\/producte\/gel-de-dutxa-i-bany-au-lait\/"]}]},{"@type":"ImageObject","inLanguage":"es","@id":"https:\/\/casaarena.eu\/producte\/gel-de-dutxa-i-bany-au-lait\/#primaryimage","url":"https:\/\/casaarena.eu\/wp-content\/uploads\/2020\/12\/CA21-9435-banyo.jpg","contentUrl":"https:\/\/casaarena.eu\/wp-content\/uploads\/2020\/12\/CA21-9435-banyo.jpg","width":1080,"height":1620},{"@type":"BreadcrumbList","@id":"https:\/\/casaarena.eu\/producte\/gel-de-dutxa-i-bany-au-lait\/#breadcrumb","itemListElement":[{"@type":"ListItem","position":1,"name":"Portada","item":"https:\/\/casaarena.eu\/"},{"@type":"ListItem","position":2,"name":"Products","item":"https:\/\/casaarena.eu\/en\/shop\/"},{"@type":"ListItem","position":3,"name":"Gel de ducha y ba\u00f1o AU LAIT"}]},{"@type":"WebSite","@id":"https:\/\/casaarena.eu\/es\/#website","url":"https:\/\/casaarena.eu\/es\/","name":"Casa arena","description":"Casa Arena Wordpress Site","publisher":{"@id":"https:\/\/casaarena.eu\/es\/#organization"},"potentialAction":[{"@type":"SearchAction","target":{"@type":"EntryPoint","urlTemplate":"https:\/\/casaarena.eu\/es\/?s={search_term_string}"},"query-input":{"@type":"PropertyValueSpecification","valueRequired":true,"valueName":"search_term_string"}}],"inLanguage":"es"},{"@type":"Organization","@id":"https:\/\/casaarena.eu\/es\/#organization","name":"Casa arena","url":"https:\/\/casaarena.eu\/es\/","logo":{"@type":"ImageObject","inLanguage":"es","@id":"https:\/\/casaarena.eu\/es\/#\/schema\/logo\/image\/","url":"https:\/\/casaarena.eu\/wp-content\/uploads\/2020\/06\/cropped-CasaArena_Logotip_Web-2.png","contentUrl":"https:\/\/casaarena.eu\/wp-content\/uploads\/2020\/06\/cropped-CasaArena_Logotip_Web-2.png","width":997,"height":613,"caption":"Casa arena"},"image":{"@id":"https:\/\/casaarena.eu\/es\/#\/schema\/logo\/image\/"},"sameAs":["https:\/\/www.instagram.com\/casaarena_eu\/"]}]}},"_links":{"self":[{"href":"https:\/\/casaarena.eu\/es\/wp-json\/wp\/v2\/product\/6862","targetHints":{"allow":["GET"]}}],"collection":[{"href":"https:\/\/casaarena.eu\/es\/wp-json\/wp\/v2\/product"}],"about":[{"href":"https:\/\/casaarena.eu\/es\/wp-json\/wp\/v2\/types\/product"}],"wp:featuredmedia":[{"embeddable":true,"href":"https:\/\/casaarena.eu\/es\/wp-json\/wp\/v2\/media\/6092"}],"wp:attachment":[{"href":"https:\/\/casaarena.eu\/es\/wp-json\/wp\/v2\/media?parent=6862"}],"wp:term":[{"taxonomy":"product_brand","embeddable":true,"href":"https:\/\/casaarena.eu\/es\/wp-json\/wp\/v2\/product_brand?post=6862"},{"taxonomy":"product_cat","embeddable":true,"href":"https:\/\/casaarena.eu\/es\/wp-json\/wp\/v2\/product_cat?post=6862"},{"taxonomy":"product_tag","embeddable":true,"href":"https:\/\/casaarena.eu\/es\/wp-json\/wp\/v2\/product_tag?post=6862"}],"curies":[{"name":"wp","href":"https:\/\/api.w.org\/{rel}","templated":true}]}}