{"id":6859,"date":"2020-12-17T09:54:56","date_gmt":"2021-11-17T15:32:39","guid":{"rendered":"https:\/\/www.casaarena.eu\/producte\/gel-de-ducha-y-bano-sea-kelp\/"},"modified":"2021-11-24T12:07:24","modified_gmt":"2021-11-24T12:07:24","slug":"gel-de-ducha-y-bano-sea-kelp","status":"publish","type":"product","link":"https:\/\/casaarena.eu\/es\/producte\/gel-de-ducha-y-bano-sea-kelp\/","title":{"rendered":"Gel de ducha y ba\u00f1o SEA KELP"},"content":{"rendered":"<p><!-- VideographyWP Plugin Message: Automatic video embedding prevented by plugin options. --><br \/>\nProducto testado cl\u00ednicamente bajo control dermatol\u00f3gico con m\u00e9todos alternativo y no testado en animales. Producto vegano.<\/p>\n<p><strong>Ingredientes:<\/strong> Aqua (Water), Sodium Laureth Sulfate, Sodium Chloride, Parfum (Fragrance), Cocoamidopropyl Betaine, Disodium EDTA, Glycerin, Propylene Glycol, PEG-120 Methyl Glucose Trioleate, Laminaria Japonica Extract, Fucus Vesiculosus Extract, Chondrus Crispus Extract, Potassium Sorbate, Sodium Benzoate, Methylchloroisothiazolinone, Methylisothiazolinone, Benzyl Salicylate, Hydroxycitronnellal, Linalool, Citronellol, CI 19140 (Yellow No.5), CI 42090 (Blue No.1).<\/p>\n<p>250\u00a0ml.<\/p>\n","protected":false},"excerpt":{"rendered":"<p>Gel cremoso para ba\u00f1o y ducha. Infusionado con nutrientes, su aroma<br \/>\nmarino ayuda a recrear el ambiente de un Spa en su casa, dejando la piel suave y perfumada.<\/p>\n","protected":false},"featured_media":6144,"template":"","meta":{"_acf_changed":false,"inline_featured_image":false},"product_brand":[],"product_cat":[304],"product_tag":[],"class_list":{"0":"post-6859","1":"product","2":"type-product","3":"status-publish","4":"has-post-thumbnail","6":"product_cat-productes-casa-arena-es","8":"first","9":"instock","10":"taxable","11":"shipping-taxable","12":"purchasable","13":"product-type-simple"},"acf":[],"yoast_head":"<!-- This site is optimized with the Yoast SEO plugin v27.5 - https:\/\/yoast.com\/product\/yoast-seo-wordpress\/ -->\n<title>Gel de ducha y ba\u00f1o SEA KELP - Casa arena<\/title>\n<meta name=\"robots\" content=\"index, follow, max-snippet:-1, max-image-preview:large, max-video-preview:-1\" \/>\n<link rel=\"canonical\" href=\"https:\/\/casaarena.eu\/producte\/gel-de-dutxa-i-bany-sea-kelp\/\" \/>\n<meta property=\"og:locale\" content=\"es_ES\" \/>\n<meta property=\"og:type\" content=\"article\" \/>\n<meta property=\"og:title\" content=\"Gel de ducha y ba\u00f1o SEA KELP - Casa arena\" \/>\n<meta property=\"og:description\" content=\"Gel cremoso para ba\u00f1o y ducha. Infusionado con nutrientes, su aroma marino ayuda a recrear el ambiente de un Spa en su casa, dejando la piel suave y perfumada.\" \/>\n<meta property=\"og:url\" content=\"https:\/\/casaarena.eu\/producte\/gel-de-dutxa-i-bany-sea-kelp\/\" \/>\n<meta property=\"og:site_name\" content=\"Casa arena\" \/>\n<meta property=\"article:modified_time\" content=\"2021-11-24T12:07:24+00:00\" \/>\n<meta property=\"og:image\" content=\"https:\/\/casaarena.eu\/wp-content\/uploads\/2021\/07\/CA21-9500-banyo-2.jpg\" \/>\n\t<meta property=\"og:image:width\" content=\"1080\" \/>\n\t<meta property=\"og:image:height\" content=\"1620\" \/>\n\t<meta property=\"og:image:type\" content=\"image\/jpeg\" \/>\n<meta name=\"twitter:card\" content=\"summary_large_image\" \/>\n<script type=\"application\/ld+json\" class=\"yoast-schema-graph\">{\"@context\":\"https:\\\/\\\/schema.org\",\"@graph\":[{\"@type\":\"WebPage\",\"@id\":\"https:\\\/\\\/casaarena.eu\\\/producte\\\/gel-de-dutxa-i-bany-sea-kelp\\\/\",\"url\":\"https:\\\/\\\/casaarena.eu\\\/producte\\\/gel-de-dutxa-i-bany-sea-kelp\\\/\",\"name\":\"Gel de ducha y ba\u00f1o SEA KELP - Casa arena\",\"isPartOf\":{\"@id\":\"https:\\\/\\\/casaarena.eu\\\/es\\\/#website\"},\"primaryImageOfPage\":{\"@id\":\"https:\\\/\\\/casaarena.eu\\\/producte\\\/gel-de-dutxa-i-bany-sea-kelp\\\/#primaryimage\"},\"image\":{\"@id\":\"https:\\\/\\\/casaarena.eu\\\/producte\\\/gel-de-dutxa-i-bany-sea-kelp\\\/#primaryimage\"},\"thumbnailUrl\":\"https:\\\/\\\/casaarena.eu\\\/wp-content\\\/uploads\\\/2021\\\/07\\\/CA21-9500-banyo-2.jpg\",\"datePublished\":\"2021-11-17T15:32:39+00:00\",\"dateModified\":\"2021-11-24T12:07:24+00:00\",\"breadcrumb\":{\"@id\":\"https:\\\/\\\/casaarena.eu\\\/producte\\\/gel-de-dutxa-i-bany-sea-kelp\\\/#breadcrumb\"},\"inLanguage\":\"es\",\"potentialAction\":[{\"@type\":\"ReadAction\",\"target\":[\"https:\\\/\\\/casaarena.eu\\\/producte\\\/gel-de-dutxa-i-bany-sea-kelp\\\/\"]}]},{\"@type\":\"ImageObject\",\"inLanguage\":\"es\",\"@id\":\"https:\\\/\\\/casaarena.eu\\\/producte\\\/gel-de-dutxa-i-bany-sea-kelp\\\/#primaryimage\",\"url\":\"https:\\\/\\\/casaarena.eu\\\/wp-content\\\/uploads\\\/2021\\\/07\\\/CA21-9500-banyo-2.jpg\",\"contentUrl\":\"https:\\\/\\\/casaarena.eu\\\/wp-content\\\/uploads\\\/2021\\\/07\\\/CA21-9500-banyo-2.jpg\",\"width\":1080,\"height\":1620},{\"@type\":\"BreadcrumbList\",\"@id\":\"https:\\\/\\\/casaarena.eu\\\/producte\\\/gel-de-dutxa-i-bany-sea-kelp\\\/#breadcrumb\",\"itemListElement\":[{\"@type\":\"ListItem\",\"position\":1,\"name\":\"Portada\",\"item\":\"https:\\\/\\\/casaarena.eu\\\/\"},{\"@type\":\"ListItem\",\"position\":2,\"name\":\"Products\",\"item\":\"https:\\\/\\\/casaarena.eu\\\/en\\\/shop\\\/\"},{\"@type\":\"ListItem\",\"position\":3,\"name\":\"Gel de ducha y ba\u00f1o SEA KELP\"}]},{\"@type\":\"WebSite\",\"@id\":\"https:\\\/\\\/casaarena.eu\\\/es\\\/#website\",\"url\":\"https:\\\/\\\/casaarena.eu\\\/es\\\/\",\"name\":\"Casa arena\",\"description\":\"Casa Arena Wordpress Site\",\"publisher\":{\"@id\":\"https:\\\/\\\/casaarena.eu\\\/es\\\/#organization\"},\"potentialAction\":[{\"@type\":\"SearchAction\",\"target\":{\"@type\":\"EntryPoint\",\"urlTemplate\":\"https:\\\/\\\/casaarena.eu\\\/es\\\/?s={search_term_string}\"},\"query-input\":{\"@type\":\"PropertyValueSpecification\",\"valueRequired\":true,\"valueName\":\"search_term_string\"}}],\"inLanguage\":\"es\"},{\"@type\":\"Organization\",\"@id\":\"https:\\\/\\\/casaarena.eu\\\/es\\\/#organization\",\"name\":\"Casa arena\",\"url\":\"https:\\\/\\\/casaarena.eu\\\/es\\\/\",\"logo\":{\"@type\":\"ImageObject\",\"inLanguage\":\"es\",\"@id\":\"https:\\\/\\\/casaarena.eu\\\/es\\\/#\\\/schema\\\/logo\\\/image\\\/\",\"url\":\"https:\\\/\\\/casaarena.eu\\\/wp-content\\\/uploads\\\/2020\\\/06\\\/cropped-CasaArena_Logotip_Web-2.png\",\"contentUrl\":\"https:\\\/\\\/casaarena.eu\\\/wp-content\\\/uploads\\\/2020\\\/06\\\/cropped-CasaArena_Logotip_Web-2.png\",\"width\":997,\"height\":613,\"caption\":\"Casa arena\"},\"image\":{\"@id\":\"https:\\\/\\\/casaarena.eu\\\/es\\\/#\\\/schema\\\/logo\\\/image\\\/\"},\"sameAs\":[\"https:\\\/\\\/www.instagram.com\\\/casaarena_eu\\\/\"]}]}<\/script>\n<!-- \/ Yoast SEO plugin. -->","yoast_head_json":{"title":"Gel de ducha y ba\u00f1o SEA KELP - Casa arena","robots":{"index":"index","follow":"follow","max-snippet":"max-snippet:-1","max-image-preview":"max-image-preview:large","max-video-preview":"max-video-preview:-1"},"canonical":"https:\/\/casaarena.eu\/producte\/gel-de-dutxa-i-bany-sea-kelp\/","og_locale":"es_ES","og_type":"article","og_title":"Gel de ducha y ba\u00f1o SEA KELP - Casa arena","og_description":"Gel cremoso para ba\u00f1o y ducha. Infusionado con nutrientes, su aroma marino ayuda a recrear el ambiente de un Spa en su casa, dejando la piel suave y perfumada.","og_url":"https:\/\/casaarena.eu\/producte\/gel-de-dutxa-i-bany-sea-kelp\/","og_site_name":"Casa arena","article_modified_time":"2021-11-24T12:07:24+00:00","og_image":[{"width":1080,"height":1620,"url":"https:\/\/casaarena.eu\/wp-content\/uploads\/2021\/07\/CA21-9500-banyo-2.jpg","type":"image\/jpeg"}],"twitter_card":"summary_large_image","schema":{"@context":"https:\/\/schema.org","@graph":[{"@type":"WebPage","@id":"https:\/\/casaarena.eu\/producte\/gel-de-dutxa-i-bany-sea-kelp\/","url":"https:\/\/casaarena.eu\/producte\/gel-de-dutxa-i-bany-sea-kelp\/","name":"Gel de ducha y ba\u00f1o SEA KELP - Casa arena","isPartOf":{"@id":"https:\/\/casaarena.eu\/es\/#website"},"primaryImageOfPage":{"@id":"https:\/\/casaarena.eu\/producte\/gel-de-dutxa-i-bany-sea-kelp\/#primaryimage"},"image":{"@id":"https:\/\/casaarena.eu\/producte\/gel-de-dutxa-i-bany-sea-kelp\/#primaryimage"},"thumbnailUrl":"https:\/\/casaarena.eu\/wp-content\/uploads\/2021\/07\/CA21-9500-banyo-2.jpg","datePublished":"2021-11-17T15:32:39+00:00","dateModified":"2021-11-24T12:07:24+00:00","breadcrumb":{"@id":"https:\/\/casaarena.eu\/producte\/gel-de-dutxa-i-bany-sea-kelp\/#breadcrumb"},"inLanguage":"es","potentialAction":[{"@type":"ReadAction","target":["https:\/\/casaarena.eu\/producte\/gel-de-dutxa-i-bany-sea-kelp\/"]}]},{"@type":"ImageObject","inLanguage":"es","@id":"https:\/\/casaarena.eu\/producte\/gel-de-dutxa-i-bany-sea-kelp\/#primaryimage","url":"https:\/\/casaarena.eu\/wp-content\/uploads\/2021\/07\/CA21-9500-banyo-2.jpg","contentUrl":"https:\/\/casaarena.eu\/wp-content\/uploads\/2021\/07\/CA21-9500-banyo-2.jpg","width":1080,"height":1620},{"@type":"BreadcrumbList","@id":"https:\/\/casaarena.eu\/producte\/gel-de-dutxa-i-bany-sea-kelp\/#breadcrumb","itemListElement":[{"@type":"ListItem","position":1,"name":"Portada","item":"https:\/\/casaarena.eu\/"},{"@type":"ListItem","position":2,"name":"Products","item":"https:\/\/casaarena.eu\/en\/shop\/"},{"@type":"ListItem","position":3,"name":"Gel de ducha y ba\u00f1o SEA KELP"}]},{"@type":"WebSite","@id":"https:\/\/casaarena.eu\/es\/#website","url":"https:\/\/casaarena.eu\/es\/","name":"Casa arena","description":"Casa Arena Wordpress Site","publisher":{"@id":"https:\/\/casaarena.eu\/es\/#organization"},"potentialAction":[{"@type":"SearchAction","target":{"@type":"EntryPoint","urlTemplate":"https:\/\/casaarena.eu\/es\/?s={search_term_string}"},"query-input":{"@type":"PropertyValueSpecification","valueRequired":true,"valueName":"search_term_string"}}],"inLanguage":"es"},{"@type":"Organization","@id":"https:\/\/casaarena.eu\/es\/#organization","name":"Casa arena","url":"https:\/\/casaarena.eu\/es\/","logo":{"@type":"ImageObject","inLanguage":"es","@id":"https:\/\/casaarena.eu\/es\/#\/schema\/logo\/image\/","url":"https:\/\/casaarena.eu\/wp-content\/uploads\/2020\/06\/cropped-CasaArena_Logotip_Web-2.png","contentUrl":"https:\/\/casaarena.eu\/wp-content\/uploads\/2020\/06\/cropped-CasaArena_Logotip_Web-2.png","width":997,"height":613,"caption":"Casa arena"},"image":{"@id":"https:\/\/casaarena.eu\/es\/#\/schema\/logo\/image\/"},"sameAs":["https:\/\/www.instagram.com\/casaarena_eu\/"]}]}},"_links":{"self":[{"href":"https:\/\/casaarena.eu\/es\/wp-json\/wp\/v2\/product\/6859","targetHints":{"allow":["GET"]}}],"collection":[{"href":"https:\/\/casaarena.eu\/es\/wp-json\/wp\/v2\/product"}],"about":[{"href":"https:\/\/casaarena.eu\/es\/wp-json\/wp\/v2\/types\/product"}],"wp:featuredmedia":[{"embeddable":true,"href":"https:\/\/casaarena.eu\/es\/wp-json\/wp\/v2\/media\/6144"}],"wp:attachment":[{"href":"https:\/\/casaarena.eu\/es\/wp-json\/wp\/v2\/media?parent=6859"}],"wp:term":[{"taxonomy":"product_brand","embeddable":true,"href":"https:\/\/casaarena.eu\/es\/wp-json\/wp\/v2\/product_brand?post=6859"},{"taxonomy":"product_cat","embeddable":true,"href":"https:\/\/casaarena.eu\/es\/wp-json\/wp\/v2\/product_cat?post=6859"},{"taxonomy":"product_tag","embeddable":true,"href":"https:\/\/casaarena.eu\/es\/wp-json\/wp\/v2\/product_tag?post=6859"}],"curies":[{"name":"wp","href":"https:\/\/api.w.org\/{rel}","templated":true}]}}