{"id":6849,"date":"2020-11-30T15:16:56","date_gmt":"2021-11-17T15:32:39","guid":{"rendered":"https:\/\/www.casaarena.eu\/producte\/crema-de-esparragos\/"},"modified":"2021-11-24T12:01:16","modified_gmt":"2021-11-24T12:01:16","slug":"crema-de-esparragos","status":"publish","type":"product","link":"https:\/\/casaarena.eu\/es\/producte\/crema-de-esparragos\/","title":{"rendered":"Crema de esp\u00e1rragos"},"content":{"rendered":"<p><!-- VideographyWP Plugin Message: Automatic video embedding prevented by plugin options. --><br \/>\nExcelente elaboraci\u00f3n con esp\u00e1rragos verdes ricos en fibra, vitaminas y \u00e1cido f\u00f3lico. Plato saludable e id\u00f3neo para combatir el fr\u00edo y fortalecer el sistema inmunitario.<\/p>\n","protected":false},"excerpt":{"rendered":"<p><strong>Ingredientes:<\/strong> Esp\u00e1rragos verdes, mantequilla, aceite de oliva virgen extra, harina, caldo de pollo, huevo, sal.<\/p>\n","protected":false},"featured_media":2781,"template":"","meta":{"_acf_changed":false,"inline_featured_image":false},"product_brand":[],"product_cat":[307,310],"product_tag":[],"class_list":{"0":"post-6849","1":"product","2":"type-product","3":"status-publish","4":"has-post-thumbnail","6":"product_cat-menjar-a-domicili-es","7":"product_cat-primers-plats-es","9":"first","10":"outofstock","11":"taxable","12":"shipping-taxable","13":"purchasable","14":"product-type-simple"},"acf":[],"yoast_head":"<!-- This site is optimized with the Yoast SEO plugin v27.5 - https:\/\/yoast.com\/product\/yoast-seo-wordpress\/ -->\n<title>Crema de esp\u00e1rragos - Casa arena<\/title>\n<meta name=\"robots\" content=\"index, follow, max-snippet:-1, max-image-preview:large, max-video-preview:-1\" \/>\n<link rel=\"canonical\" href=\"https:\/\/casaarena.eu\/producte\/crema-desparrecs\/\" \/>\n<meta property=\"og:locale\" content=\"es_ES\" \/>\n<meta property=\"og:type\" content=\"article\" \/>\n<meta property=\"og:title\" content=\"Crema de esp\u00e1rragos - Casa arena\" \/>\n<meta property=\"og:description\" content=\"Ingredientes: Esp\u00e1rragos verdes, mantequilla, aceite de oliva virgen extra, harina, caldo de pollo, huevo, sal.\" \/>\n<meta property=\"og:url\" content=\"https:\/\/casaarena.eu\/producte\/crema-desparrecs\/\" \/>\n<meta property=\"og:site_name\" content=\"Casa arena\" \/>\n<meta property=\"article:modified_time\" content=\"2021-11-24T12:01:16+00:00\" \/>\n<meta property=\"og:image\" content=\"https:\/\/casaarena.eu\/wp-content\/uploads\/2020\/11\/pexels-burst-545029-1-scaled.jpg\" \/>\n\t<meta property=\"og:image:width\" content=\"2560\" \/>\n\t<meta property=\"og:image:height\" content=\"1705\" \/>\n\t<meta property=\"og:image:type\" content=\"image\/jpeg\" \/>\n<meta name=\"twitter:card\" content=\"summary_large_image\" \/>\n<script type=\"application\/ld+json\" class=\"yoast-schema-graph\">{\"@context\":\"https:\\\/\\\/schema.org\",\"@graph\":[{\"@type\":\"WebPage\",\"@id\":\"https:\\\/\\\/casaarena.eu\\\/producte\\\/crema-desparrecs\\\/\",\"url\":\"https:\\\/\\\/casaarena.eu\\\/producte\\\/crema-desparrecs\\\/\",\"name\":\"Crema de esp\u00e1rragos - Casa arena\",\"isPartOf\":{\"@id\":\"https:\\\/\\\/casaarena.eu\\\/es\\\/#website\"},\"primaryImageOfPage\":{\"@id\":\"https:\\\/\\\/casaarena.eu\\\/producte\\\/crema-desparrecs\\\/#primaryimage\"},\"image\":{\"@id\":\"https:\\\/\\\/casaarena.eu\\\/producte\\\/crema-desparrecs\\\/#primaryimage\"},\"thumbnailUrl\":\"https:\\\/\\\/casaarena.eu\\\/wp-content\\\/uploads\\\/2020\\\/11\\\/pexels-burst-545029-1-scaled.jpg\",\"datePublished\":\"2021-11-17T15:32:39+00:00\",\"dateModified\":\"2021-11-24T12:01:16+00:00\",\"breadcrumb\":{\"@id\":\"https:\\\/\\\/casaarena.eu\\\/producte\\\/crema-desparrecs\\\/#breadcrumb\"},\"inLanguage\":\"es\",\"potentialAction\":[{\"@type\":\"ReadAction\",\"target\":[\"https:\\\/\\\/casaarena.eu\\\/producte\\\/crema-desparrecs\\\/\"]}]},{\"@type\":\"ImageObject\",\"inLanguage\":\"es\",\"@id\":\"https:\\\/\\\/casaarena.eu\\\/producte\\\/crema-desparrecs\\\/#primaryimage\",\"url\":\"https:\\\/\\\/casaarena.eu\\\/wp-content\\\/uploads\\\/2020\\\/11\\\/pexels-burst-545029-1-scaled.jpg\",\"contentUrl\":\"https:\\\/\\\/casaarena.eu\\\/wp-content\\\/uploads\\\/2020\\\/11\\\/pexels-burst-545029-1-scaled.jpg\",\"width\":2560,\"height\":1705},{\"@type\":\"BreadcrumbList\",\"@id\":\"https:\\\/\\\/casaarena.eu\\\/producte\\\/crema-desparrecs\\\/#breadcrumb\",\"itemListElement\":[{\"@type\":\"ListItem\",\"position\":1,\"name\":\"Portada\",\"item\":\"https:\\\/\\\/casaarena.eu\\\/\"},{\"@type\":\"ListItem\",\"position\":2,\"name\":\"Products\",\"item\":\"https:\\\/\\\/casaarena.eu\\\/en\\\/shop\\\/\"},{\"@type\":\"ListItem\",\"position\":3,\"name\":\"Crema de esp\u00e1rragos\"}]},{\"@type\":\"WebSite\",\"@id\":\"https:\\\/\\\/casaarena.eu\\\/es\\\/#website\",\"url\":\"https:\\\/\\\/casaarena.eu\\\/es\\\/\",\"name\":\"Casa arena\",\"description\":\"Casa Arena Wordpress Site\",\"publisher\":{\"@id\":\"https:\\\/\\\/casaarena.eu\\\/es\\\/#organization\"},\"potentialAction\":[{\"@type\":\"SearchAction\",\"target\":{\"@type\":\"EntryPoint\",\"urlTemplate\":\"https:\\\/\\\/casaarena.eu\\\/es\\\/?s={search_term_string}\"},\"query-input\":{\"@type\":\"PropertyValueSpecification\",\"valueRequired\":true,\"valueName\":\"search_term_string\"}}],\"inLanguage\":\"es\"},{\"@type\":\"Organization\",\"@id\":\"https:\\\/\\\/casaarena.eu\\\/es\\\/#organization\",\"name\":\"Casa arena\",\"url\":\"https:\\\/\\\/casaarena.eu\\\/es\\\/\",\"logo\":{\"@type\":\"ImageObject\",\"inLanguage\":\"es\",\"@id\":\"https:\\\/\\\/casaarena.eu\\\/es\\\/#\\\/schema\\\/logo\\\/image\\\/\",\"url\":\"https:\\\/\\\/casaarena.eu\\\/wp-content\\\/uploads\\\/2020\\\/06\\\/cropped-CasaArena_Logotip_Web-2.png\",\"contentUrl\":\"https:\\\/\\\/casaarena.eu\\\/wp-content\\\/uploads\\\/2020\\\/06\\\/cropped-CasaArena_Logotip_Web-2.png\",\"width\":997,\"height\":613,\"caption\":\"Casa arena\"},\"image\":{\"@id\":\"https:\\\/\\\/casaarena.eu\\\/es\\\/#\\\/schema\\\/logo\\\/image\\\/\"},\"sameAs\":[\"https:\\\/\\\/www.instagram.com\\\/casaarena_eu\\\/\"]}]}<\/script>\n<!-- \/ Yoast SEO plugin. -->","yoast_head_json":{"title":"Crema de esp\u00e1rragos - Casa arena","robots":{"index":"index","follow":"follow","max-snippet":"max-snippet:-1","max-image-preview":"max-image-preview:large","max-video-preview":"max-video-preview:-1"},"canonical":"https:\/\/casaarena.eu\/producte\/crema-desparrecs\/","og_locale":"es_ES","og_type":"article","og_title":"Crema de esp\u00e1rragos - Casa arena","og_description":"Ingredientes: Esp\u00e1rragos verdes, mantequilla, aceite de oliva virgen extra, harina, caldo de pollo, huevo, sal.","og_url":"https:\/\/casaarena.eu\/producte\/crema-desparrecs\/","og_site_name":"Casa arena","article_modified_time":"2021-11-24T12:01:16+00:00","og_image":[{"width":2560,"height":1705,"url":"https:\/\/casaarena.eu\/wp-content\/uploads\/2020\/11\/pexels-burst-545029-1-scaled.jpg","type":"image\/jpeg"}],"twitter_card":"summary_large_image","schema":{"@context":"https:\/\/schema.org","@graph":[{"@type":"WebPage","@id":"https:\/\/casaarena.eu\/producte\/crema-desparrecs\/","url":"https:\/\/casaarena.eu\/producte\/crema-desparrecs\/","name":"Crema de esp\u00e1rragos - Casa arena","isPartOf":{"@id":"https:\/\/casaarena.eu\/es\/#website"},"primaryImageOfPage":{"@id":"https:\/\/casaarena.eu\/producte\/crema-desparrecs\/#primaryimage"},"image":{"@id":"https:\/\/casaarena.eu\/producte\/crema-desparrecs\/#primaryimage"},"thumbnailUrl":"https:\/\/casaarena.eu\/wp-content\/uploads\/2020\/11\/pexels-burst-545029-1-scaled.jpg","datePublished":"2021-11-17T15:32:39+00:00","dateModified":"2021-11-24T12:01:16+00:00","breadcrumb":{"@id":"https:\/\/casaarena.eu\/producte\/crema-desparrecs\/#breadcrumb"},"inLanguage":"es","potentialAction":[{"@type":"ReadAction","target":["https:\/\/casaarena.eu\/producte\/crema-desparrecs\/"]}]},{"@type":"ImageObject","inLanguage":"es","@id":"https:\/\/casaarena.eu\/producte\/crema-desparrecs\/#primaryimage","url":"https:\/\/casaarena.eu\/wp-content\/uploads\/2020\/11\/pexels-burst-545029-1-scaled.jpg","contentUrl":"https:\/\/casaarena.eu\/wp-content\/uploads\/2020\/11\/pexels-burst-545029-1-scaled.jpg","width":2560,"height":1705},{"@type":"BreadcrumbList","@id":"https:\/\/casaarena.eu\/producte\/crema-desparrecs\/#breadcrumb","itemListElement":[{"@type":"ListItem","position":1,"name":"Portada","item":"https:\/\/casaarena.eu\/"},{"@type":"ListItem","position":2,"name":"Products","item":"https:\/\/casaarena.eu\/en\/shop\/"},{"@type":"ListItem","position":3,"name":"Crema de esp\u00e1rragos"}]},{"@type":"WebSite","@id":"https:\/\/casaarena.eu\/es\/#website","url":"https:\/\/casaarena.eu\/es\/","name":"Casa arena","description":"Casa Arena Wordpress Site","publisher":{"@id":"https:\/\/casaarena.eu\/es\/#organization"},"potentialAction":[{"@type":"SearchAction","target":{"@type":"EntryPoint","urlTemplate":"https:\/\/casaarena.eu\/es\/?s={search_term_string}"},"query-input":{"@type":"PropertyValueSpecification","valueRequired":true,"valueName":"search_term_string"}}],"inLanguage":"es"},{"@type":"Organization","@id":"https:\/\/casaarena.eu\/es\/#organization","name":"Casa arena","url":"https:\/\/casaarena.eu\/es\/","logo":{"@type":"ImageObject","inLanguage":"es","@id":"https:\/\/casaarena.eu\/es\/#\/schema\/logo\/image\/","url":"https:\/\/casaarena.eu\/wp-content\/uploads\/2020\/06\/cropped-CasaArena_Logotip_Web-2.png","contentUrl":"https:\/\/casaarena.eu\/wp-content\/uploads\/2020\/06\/cropped-CasaArena_Logotip_Web-2.png","width":997,"height":613,"caption":"Casa arena"},"image":{"@id":"https:\/\/casaarena.eu\/es\/#\/schema\/logo\/image\/"},"sameAs":["https:\/\/www.instagram.com\/casaarena_eu\/"]}]}},"_links":{"self":[{"href":"https:\/\/casaarena.eu\/es\/wp-json\/wp\/v2\/product\/6849","targetHints":{"allow":["GET"]}}],"collection":[{"href":"https:\/\/casaarena.eu\/es\/wp-json\/wp\/v2\/product"}],"about":[{"href":"https:\/\/casaarena.eu\/es\/wp-json\/wp\/v2\/types\/product"}],"wp:featuredmedia":[{"embeddable":true,"href":"https:\/\/casaarena.eu\/es\/wp-json\/wp\/v2\/media\/2781"}],"wp:attachment":[{"href":"https:\/\/casaarena.eu\/es\/wp-json\/wp\/v2\/media?parent=6849"}],"wp:term":[{"taxonomy":"product_brand","embeddable":true,"href":"https:\/\/casaarena.eu\/es\/wp-json\/wp\/v2\/product_brand?post=6849"},{"taxonomy":"product_cat","embeddable":true,"href":"https:\/\/casaarena.eu\/es\/wp-json\/wp\/v2\/product_cat?post=6849"},{"taxonomy":"product_tag","embeddable":true,"href":"https:\/\/casaarena.eu\/es\/wp-json\/wp\/v2\/product_tag?post=6849"}],"curies":[{"name":"wp","href":"https:\/\/api.w.org\/{rel}","templated":true}]}}