{"id":6846,"date":"2021-11-17T15:32:38","date_gmt":"2021-11-17T15:32:38","guid":{"rendered":"https:\/\/www.casaarena.eu\/producte\/servicio-de-limpieza-completa\/"},"modified":"2025-03-13T19:50:28","modified_gmt":"2025-03-13T19:50:28","slug":"servicio-de-limpieza-completa","status":"publish","type":"product","link":"https:\/\/casaarena.eu\/es\/producte\/servicio-de-limpieza-completa\/","title":{"rendered":"Servicio de lavander\u00eda"},"content":{"rendered":"<p><!-- VideographyWP Plugin Message: Automatic video embedding prevented by plugin options. --><br \/>\nEste servicio incluye:<\/p>\n<p>&#8211; Recogida de la ropa de cama y toallas<br \/>\n&#8211; Entrega de la ropa limpia<br \/>\n&#8211; Preparaci\u00f3n de las camas<br \/>\n&#8211; Reposici\u00f3n de los productos de acogida (champ\u00fa, jabones, etc.)<\/p>\n<p><strong>Informaci\u00f3n Importante:\u00a0<\/strong>Informamos a nuestros clientes que el horario de este servicio es de 10:00 a 15:00 h, de martes a s\u00e1bado. Durante este horario se realizar\u00e1 la recogida de la ropa de cama y toallas para su lavado, la entrega de la ropa limpia y la preparaci\u00f3n de las camas en el apartamento alquilado. En caso de que usted est\u00e9 fuera del apartamento disfrutando del buen tiempo, nuestro equipo acceder\u00e1 al inmueble para recoger y\/o entregar la ropa limpia y preparar las camas. Al reservar este servicio, usted da su consentimiento a nuestro equipo para acceder a su apartamento.<\/p>\n","protected":false},"excerpt":{"rendered":"<p>El servicio incluye la recogida de la ropa de cama y toallas para su lavado, la entrega de la ropa limpia, la preparaci\u00f3n de las camas en el apartamento alquilado y la reposici\u00f3n de los amenities (champ\u00fa, jabones, etc.).<\/p>\n","protected":false},"featured_media":4151,"template":"","meta":{"_acf_changed":false,"inline_featured_image":false},"product_brand":[],"product_cat":[301],"product_tag":[],"class_list":{"0":"post-6846","1":"product","2":"type-product","3":"status-publish","4":"has-post-thumbnail","6":"product_cat-serveri-neteja-es","7":"mvvwb_bookable","9":"first","10":"instock","11":"sold-individually","12":"taxable","13":"shipping-taxable","14":"purchasable","15":"product-type-simple"},"acf":[],"yoast_head":"<!-- This site is optimized with the Yoast SEO plugin v27.5 - https:\/\/yoast.com\/product\/yoast-seo-wordpress\/ -->\n<title>Servicio de lavander\u00eda - Casa arena<\/title>\n<meta name=\"robots\" content=\"index, follow, max-snippet:-1, max-image-preview:large, max-video-preview:-1\" \/>\n<link rel=\"canonical\" href=\"https:\/\/casaarena.eu\/es\/producte\/servicio-de-limpieza-completa\/\" \/>\n<meta property=\"og:locale\" content=\"es_ES\" \/>\n<meta property=\"og:type\" content=\"article\" \/>\n<meta property=\"og:title\" content=\"Servicio de lavander\u00eda - Casa arena\" \/>\n<meta property=\"og:description\" content=\"El servicio incluye la recogida de la ropa de cama y toallas para su lavado, la entrega de la ropa limpia, la preparaci\u00f3n de las camas en el apartamento alquilado y la reposici\u00f3n de los amenities (champ\u00fa, jabones, etc.).\" \/>\n<meta property=\"og:url\" content=\"https:\/\/casaarena.eu\/es\/producte\/servicio-de-limpieza-completa\/\" \/>\n<meta property=\"og:site_name\" content=\"Casa arena\" \/>\n<meta property=\"article:modified_time\" content=\"2025-03-13T19:50:28+00:00\" \/>\n<meta property=\"og:image\" content=\"https:\/\/casaarena.eu\/wp-content\/uploads\/2020\/11\/0009936.jpg\" \/>\n\t<meta property=\"og:image:width\" content=\"945\" \/>\n\t<meta property=\"og:image:height\" content=\"1418\" \/>\n\t<meta property=\"og:image:type\" content=\"image\/jpeg\" \/>\n<meta name=\"twitter:card\" content=\"summary_large_image\" \/>\n<meta name=\"twitter:label1\" content=\"Tiempo de lectura\" \/>\n\t<meta name=\"twitter:data1\" content=\"1 minuto\" \/>\n<script type=\"application\/ld+json\" class=\"yoast-schema-graph\">{\"@context\":\"https:\\\/\\\/schema.org\",\"@graph\":[{\"@type\":\"WebPage\",\"@id\":\"https:\\\/\\\/casaarena.eu\\\/es\\\/producte\\\/servicio-de-limpieza-completa\\\/\",\"url\":\"https:\\\/\\\/casaarena.eu\\\/es\\\/producte\\\/servicio-de-limpieza-completa\\\/\",\"name\":\"Servicio de lavander\u00eda - Casa arena\",\"isPartOf\":{\"@id\":\"https:\\\/\\\/casaarena.eu\\\/es\\\/#website\"},\"primaryImageOfPage\":{\"@id\":\"https:\\\/\\\/casaarena.eu\\\/es\\\/producte\\\/servicio-de-limpieza-completa\\\/#primaryimage\"},\"image\":{\"@id\":\"https:\\\/\\\/casaarena.eu\\\/es\\\/producte\\\/servicio-de-limpieza-completa\\\/#primaryimage\"},\"thumbnailUrl\":\"https:\\\/\\\/casaarena.eu\\\/wp-content\\\/uploads\\\/2020\\\/11\\\/0009936.jpg\",\"datePublished\":\"2021-11-17T15:32:38+00:00\",\"dateModified\":\"2025-03-13T19:50:28+00:00\",\"breadcrumb\":{\"@id\":\"https:\\\/\\\/casaarena.eu\\\/es\\\/producte\\\/servicio-de-limpieza-completa\\\/#breadcrumb\"},\"inLanguage\":\"es\",\"potentialAction\":[{\"@type\":\"ReadAction\",\"target\":[\"https:\\\/\\\/casaarena.eu\\\/es\\\/producte\\\/servicio-de-limpieza-completa\\\/\"]}]},{\"@type\":\"ImageObject\",\"inLanguage\":\"es\",\"@id\":\"https:\\\/\\\/casaarena.eu\\\/es\\\/producte\\\/servicio-de-limpieza-completa\\\/#primaryimage\",\"url\":\"https:\\\/\\\/casaarena.eu\\\/wp-content\\\/uploads\\\/2020\\\/11\\\/0009936.jpg\",\"contentUrl\":\"https:\\\/\\\/casaarena.eu\\\/wp-content\\\/uploads\\\/2020\\\/11\\\/0009936.jpg\",\"width\":945,\"height\":1418},{\"@type\":\"BreadcrumbList\",\"@id\":\"https:\\\/\\\/casaarena.eu\\\/es\\\/producte\\\/servicio-de-limpieza-completa\\\/#breadcrumb\",\"itemListElement\":[{\"@type\":\"ListItem\",\"position\":1,\"name\":\"Portada\",\"item\":\"https:\\\/\\\/casaarena.eu\\\/\"},{\"@type\":\"ListItem\",\"position\":2,\"name\":\"Products\",\"item\":\"https:\\\/\\\/casaarena.eu\\\/en\\\/shop\\\/\"},{\"@type\":\"ListItem\",\"position\":3,\"name\":\"Servicio de lavander\u00eda\"}]},{\"@type\":\"WebSite\",\"@id\":\"https:\\\/\\\/casaarena.eu\\\/es\\\/#website\",\"url\":\"https:\\\/\\\/casaarena.eu\\\/es\\\/\",\"name\":\"Casa arena\",\"description\":\"Casa Arena Wordpress Site\",\"publisher\":{\"@id\":\"https:\\\/\\\/casaarena.eu\\\/es\\\/#organization\"},\"potentialAction\":[{\"@type\":\"SearchAction\",\"target\":{\"@type\":\"EntryPoint\",\"urlTemplate\":\"https:\\\/\\\/casaarena.eu\\\/es\\\/?s={search_term_string}\"},\"query-input\":{\"@type\":\"PropertyValueSpecification\",\"valueRequired\":true,\"valueName\":\"search_term_string\"}}],\"inLanguage\":\"es\"},{\"@type\":\"Organization\",\"@id\":\"https:\\\/\\\/casaarena.eu\\\/es\\\/#organization\",\"name\":\"Casa arena\",\"url\":\"https:\\\/\\\/casaarena.eu\\\/es\\\/\",\"logo\":{\"@type\":\"ImageObject\",\"inLanguage\":\"es\",\"@id\":\"https:\\\/\\\/casaarena.eu\\\/es\\\/#\\\/schema\\\/logo\\\/image\\\/\",\"url\":\"https:\\\/\\\/casaarena.eu\\\/wp-content\\\/uploads\\\/2020\\\/06\\\/cropped-CasaArena_Logotip_Web-2.png\",\"contentUrl\":\"https:\\\/\\\/casaarena.eu\\\/wp-content\\\/uploads\\\/2020\\\/06\\\/cropped-CasaArena_Logotip_Web-2.png\",\"width\":997,\"height\":613,\"caption\":\"Casa arena\"},\"image\":{\"@id\":\"https:\\\/\\\/casaarena.eu\\\/es\\\/#\\\/schema\\\/logo\\\/image\\\/\"},\"sameAs\":[\"https:\\\/\\\/www.instagram.com\\\/casaarena_eu\\\/\"]}]}<\/script>\n<!-- \/ Yoast SEO plugin. -->","yoast_head_json":{"title":"Servicio de lavander\u00eda - Casa arena","robots":{"index":"index","follow":"follow","max-snippet":"max-snippet:-1","max-image-preview":"max-image-preview:large","max-video-preview":"max-video-preview:-1"},"canonical":"https:\/\/casaarena.eu\/es\/producte\/servicio-de-limpieza-completa\/","og_locale":"es_ES","og_type":"article","og_title":"Servicio de lavander\u00eda - Casa arena","og_description":"El servicio incluye la recogida de la ropa de cama y toallas para su lavado, la entrega de la ropa limpia, la preparaci\u00f3n de las camas en el apartamento alquilado y la reposici\u00f3n de los amenities (champ\u00fa, jabones, etc.).","og_url":"https:\/\/casaarena.eu\/es\/producte\/servicio-de-limpieza-completa\/","og_site_name":"Casa arena","article_modified_time":"2025-03-13T19:50:28+00:00","og_image":[{"width":945,"height":1418,"url":"https:\/\/casaarena.eu\/wp-content\/uploads\/2020\/11\/0009936.jpg","type":"image\/jpeg"}],"twitter_card":"summary_large_image","twitter_misc":{"Tiempo de lectura":"1 minuto"},"schema":{"@context":"https:\/\/schema.org","@graph":[{"@type":"WebPage","@id":"https:\/\/casaarena.eu\/es\/producte\/servicio-de-limpieza-completa\/","url":"https:\/\/casaarena.eu\/es\/producte\/servicio-de-limpieza-completa\/","name":"Servicio de lavander\u00eda - Casa arena","isPartOf":{"@id":"https:\/\/casaarena.eu\/es\/#website"},"primaryImageOfPage":{"@id":"https:\/\/casaarena.eu\/es\/producte\/servicio-de-limpieza-completa\/#primaryimage"},"image":{"@id":"https:\/\/casaarena.eu\/es\/producte\/servicio-de-limpieza-completa\/#primaryimage"},"thumbnailUrl":"https:\/\/casaarena.eu\/wp-content\/uploads\/2020\/11\/0009936.jpg","datePublished":"2021-11-17T15:32:38+00:00","dateModified":"2025-03-13T19:50:28+00:00","breadcrumb":{"@id":"https:\/\/casaarena.eu\/es\/producte\/servicio-de-limpieza-completa\/#breadcrumb"},"inLanguage":"es","potentialAction":[{"@type":"ReadAction","target":["https:\/\/casaarena.eu\/es\/producte\/servicio-de-limpieza-completa\/"]}]},{"@type":"ImageObject","inLanguage":"es","@id":"https:\/\/casaarena.eu\/es\/producte\/servicio-de-limpieza-completa\/#primaryimage","url":"https:\/\/casaarena.eu\/wp-content\/uploads\/2020\/11\/0009936.jpg","contentUrl":"https:\/\/casaarena.eu\/wp-content\/uploads\/2020\/11\/0009936.jpg","width":945,"height":1418},{"@type":"BreadcrumbList","@id":"https:\/\/casaarena.eu\/es\/producte\/servicio-de-limpieza-completa\/#breadcrumb","itemListElement":[{"@type":"ListItem","position":1,"name":"Portada","item":"https:\/\/casaarena.eu\/"},{"@type":"ListItem","position":2,"name":"Products","item":"https:\/\/casaarena.eu\/en\/shop\/"},{"@type":"ListItem","position":3,"name":"Servicio de lavander\u00eda"}]},{"@type":"WebSite","@id":"https:\/\/casaarena.eu\/es\/#website","url":"https:\/\/casaarena.eu\/es\/","name":"Casa arena","description":"Casa Arena Wordpress Site","publisher":{"@id":"https:\/\/casaarena.eu\/es\/#organization"},"potentialAction":[{"@type":"SearchAction","target":{"@type":"EntryPoint","urlTemplate":"https:\/\/casaarena.eu\/es\/?s={search_term_string}"},"query-input":{"@type":"PropertyValueSpecification","valueRequired":true,"valueName":"search_term_string"}}],"inLanguage":"es"},{"@type":"Organization","@id":"https:\/\/casaarena.eu\/es\/#organization","name":"Casa arena","url":"https:\/\/casaarena.eu\/es\/","logo":{"@type":"ImageObject","inLanguage":"es","@id":"https:\/\/casaarena.eu\/es\/#\/schema\/logo\/image\/","url":"https:\/\/casaarena.eu\/wp-content\/uploads\/2020\/06\/cropped-CasaArena_Logotip_Web-2.png","contentUrl":"https:\/\/casaarena.eu\/wp-content\/uploads\/2020\/06\/cropped-CasaArena_Logotip_Web-2.png","width":997,"height":613,"caption":"Casa arena"},"image":{"@id":"https:\/\/casaarena.eu\/es\/#\/schema\/logo\/image\/"},"sameAs":["https:\/\/www.instagram.com\/casaarena_eu\/"]}]}},"_links":{"self":[{"href":"https:\/\/casaarena.eu\/es\/wp-json\/wp\/v2\/product\/6846","targetHints":{"allow":["GET"]}}],"collection":[{"href":"https:\/\/casaarena.eu\/es\/wp-json\/wp\/v2\/product"}],"about":[{"href":"https:\/\/casaarena.eu\/es\/wp-json\/wp\/v2\/types\/product"}],"wp:featuredmedia":[{"embeddable":true,"href":"https:\/\/casaarena.eu\/es\/wp-json\/wp\/v2\/media\/4151"}],"wp:attachment":[{"href":"https:\/\/casaarena.eu\/es\/wp-json\/wp\/v2\/media?parent=6846"}],"wp:term":[{"taxonomy":"product_brand","embeddable":true,"href":"https:\/\/casaarena.eu\/es\/wp-json\/wp\/v2\/product_brand?post=6846"},{"taxonomy":"product_cat","embeddable":true,"href":"https:\/\/casaarena.eu\/es\/wp-json\/wp\/v2\/product_cat?post=6846"},{"taxonomy":"product_tag","embeddable":true,"href":"https:\/\/casaarena.eu\/es\/wp-json\/wp\/v2\/product_tag?post=6846"}],"curies":[{"name":"wp","href":"https:\/\/api.w.org\/{rel}","templated":true}]}}