{"id":6845,"date":"2020-11-12T13:19:56","date_gmt":"2021-11-17T15:32:38","guid":{"rendered":"https:\/\/www.casaarena.eu\/producte\/servicio-de-limpieza-diaria\/"},"modified":"2025-03-13T19:44:56","modified_gmt":"2025-03-13T19:44:56","slug":"servicio-de-limpieza-diaria","status":"publish","type":"product","link":"https:\/\/casaarena.eu\/es\/producte\/servicio-de-limpieza-diaria\/","title":{"rendered":"Servicio de limpieza del apartamento"},"content":{"rendered":"<p><!-- VideographyWP Plugin Message: Automatic video embedding prevented by plugin options. --><br \/>\nEste servicio incluye:<\/p>\n<p>&#8211; Limpieza general de la vivienda<br \/>\n&#8211; Vaciar la basura<br \/>\n&#8211; Limpieza de los ba\u00f1os<br \/>\n&#8211; Limpieza de la cocina y del comedor<br \/>\n&#8211; Barrer y aspirar los suelos<br \/>\n&#8211; Limpieza de muebles y de las terrazas<\/p>\n<p><strong>Informaci\u00f3n Importante: <\/strong><em>Informamos a nuestros clientes de que el horario del departamento de limpieza es a partir de las 10 h hasta las 15 h, de martes a s\u00e1bado. Durante este horario se proceder\u00e1 a limpiar el apartamento alquilado. Si se encuentra fuera de este disfrutando del buen tiempo, nuestro equipo entrar\u00e1 en el inmueble para poder limpiarlo. Reservando este servicio, da su consentimiento para que el equipo de limpieza pueda acceder al apartamento.<\/em><\/p>\n","protected":false},"excerpt":{"rendered":"<p>Este servicio incluye: limpieza general de la vivienda; vaciar la bolsa de basura; limpieza de ba\u00f1os; limpieza de cocina y comedor; barrer el suelo y aspirar; limpieza de muebles y de las terrazas.<\/p>\n","protected":false},"featured_media":14140,"template":"","meta":{"_acf_changed":false,"inline_featured_image":false},"product_brand":[],"product_cat":[301],"product_tag":[],"class_list":{"0":"post-6845","1":"product","2":"type-product","3":"status-publish","4":"has-post-thumbnail","6":"product_cat-serveri-neteja-es","7":"mvvwb_bookable","9":"first","10":"instock","11":"virtual","12":"sold-individually","13":"taxable","14":"purchasable","15":"product-type-simple"},"acf":[],"yoast_head":"<!-- This site is optimized with the Yoast SEO plugin v27.5 - https:\/\/yoast.com\/product\/yoast-seo-wordpress\/ -->\n<title>Servicio de limpieza del apartamento - Casa arena<\/title>\n<meta name=\"robots\" content=\"index, follow, max-snippet:-1, max-image-preview:large, max-video-preview:-1\" \/>\n<link rel=\"canonical\" href=\"https:\/\/casaarena.eu\/es\/producte\/servicio-de-limpieza-diaria\/\" \/>\n<meta property=\"og:locale\" content=\"es_ES\" \/>\n<meta property=\"og:type\" content=\"article\" \/>\n<meta property=\"og:title\" content=\"Servicio de limpieza del apartamento - Casa arena\" \/>\n<meta property=\"og:description\" content=\"Este servicio incluye: limpieza general de la vivienda; vaciar la bolsa de basura; limpieza de ba\u00f1os; limpieza de cocina y comedor; barrer el suelo y aspirar; limpieza de muebles y de las terrazas.\" \/>\n<meta property=\"og:url\" content=\"https:\/\/casaarena.eu\/es\/producte\/servicio-de-limpieza-diaria\/\" \/>\n<meta property=\"og:site_name\" content=\"Casa arena\" \/>\n<meta property=\"article:modified_time\" content=\"2025-03-13T19:44:56+00:00\" \/>\n<meta property=\"og:image\" content=\"https:\/\/casaarena.eu\/wp-content\/uploads\/2020\/11\/neteja_pis_v.jpg\" \/>\n\t<meta property=\"og:image:width\" content=\"945\" \/>\n\t<meta property=\"og:image:height\" content=\"1418\" \/>\n\t<meta property=\"og:image:type\" content=\"image\/jpeg\" \/>\n<meta name=\"twitter:card\" content=\"summary_large_image\" \/>\n<meta name=\"twitter:label1\" content=\"Tiempo de lectura\" \/>\n\t<meta name=\"twitter:data1\" content=\"1 minuto\" \/>\n<script type=\"application\/ld+json\" class=\"yoast-schema-graph\">{\"@context\":\"https:\\\/\\\/schema.org\",\"@graph\":[{\"@type\":\"WebPage\",\"@id\":\"https:\\\/\\\/casaarena.eu\\\/es\\\/producte\\\/servicio-de-limpieza-diaria\\\/\",\"url\":\"https:\\\/\\\/casaarena.eu\\\/es\\\/producte\\\/servicio-de-limpieza-diaria\\\/\",\"name\":\"Servicio de limpieza del apartamento - Casa arena\",\"isPartOf\":{\"@id\":\"https:\\\/\\\/casaarena.eu\\\/es\\\/#website\"},\"primaryImageOfPage\":{\"@id\":\"https:\\\/\\\/casaarena.eu\\\/es\\\/producte\\\/servicio-de-limpieza-diaria\\\/#primaryimage\"},\"image\":{\"@id\":\"https:\\\/\\\/casaarena.eu\\\/es\\\/producte\\\/servicio-de-limpieza-diaria\\\/#primaryimage\"},\"thumbnailUrl\":\"https:\\\/\\\/casaarena.eu\\\/wp-content\\\/uploads\\\/2020\\\/11\\\/neteja_pis_v.jpg\",\"datePublished\":\"2021-11-17T15:32:38+00:00\",\"dateModified\":\"2025-03-13T19:44:56+00:00\",\"breadcrumb\":{\"@id\":\"https:\\\/\\\/casaarena.eu\\\/es\\\/producte\\\/servicio-de-limpieza-diaria\\\/#breadcrumb\"},\"inLanguage\":\"es\",\"potentialAction\":[{\"@type\":\"ReadAction\",\"target\":[\"https:\\\/\\\/casaarena.eu\\\/es\\\/producte\\\/servicio-de-limpieza-diaria\\\/\"]}]},{\"@type\":\"ImageObject\",\"inLanguage\":\"es\",\"@id\":\"https:\\\/\\\/casaarena.eu\\\/es\\\/producte\\\/servicio-de-limpieza-diaria\\\/#primaryimage\",\"url\":\"https:\\\/\\\/casaarena.eu\\\/wp-content\\\/uploads\\\/2020\\\/11\\\/neteja_pis_v.jpg\",\"contentUrl\":\"https:\\\/\\\/casaarena.eu\\\/wp-content\\\/uploads\\\/2020\\\/11\\\/neteja_pis_v.jpg\",\"width\":945,\"height\":1418},{\"@type\":\"BreadcrumbList\",\"@id\":\"https:\\\/\\\/casaarena.eu\\\/es\\\/producte\\\/servicio-de-limpieza-diaria\\\/#breadcrumb\",\"itemListElement\":[{\"@type\":\"ListItem\",\"position\":1,\"name\":\"Portada\",\"item\":\"https:\\\/\\\/casaarena.eu\\\/\"},{\"@type\":\"ListItem\",\"position\":2,\"name\":\"Products\",\"item\":\"https:\\\/\\\/casaarena.eu\\\/en\\\/shop\\\/\"},{\"@type\":\"ListItem\",\"position\":3,\"name\":\"Servicio de limpieza del apartamento\"}]},{\"@type\":\"WebSite\",\"@id\":\"https:\\\/\\\/casaarena.eu\\\/es\\\/#website\",\"url\":\"https:\\\/\\\/casaarena.eu\\\/es\\\/\",\"name\":\"Casa arena\",\"description\":\"Casa Arena Wordpress Site\",\"publisher\":{\"@id\":\"https:\\\/\\\/casaarena.eu\\\/es\\\/#organization\"},\"potentialAction\":[{\"@type\":\"SearchAction\",\"target\":{\"@type\":\"EntryPoint\",\"urlTemplate\":\"https:\\\/\\\/casaarena.eu\\\/es\\\/?s={search_term_string}\"},\"query-input\":{\"@type\":\"PropertyValueSpecification\",\"valueRequired\":true,\"valueName\":\"search_term_string\"}}],\"inLanguage\":\"es\"},{\"@type\":\"Organization\",\"@id\":\"https:\\\/\\\/casaarena.eu\\\/es\\\/#organization\",\"name\":\"Casa arena\",\"url\":\"https:\\\/\\\/casaarena.eu\\\/es\\\/\",\"logo\":{\"@type\":\"ImageObject\",\"inLanguage\":\"es\",\"@id\":\"https:\\\/\\\/casaarena.eu\\\/es\\\/#\\\/schema\\\/logo\\\/image\\\/\",\"url\":\"https:\\\/\\\/casaarena.eu\\\/wp-content\\\/uploads\\\/2020\\\/06\\\/cropped-CasaArena_Logotip_Web-2.png\",\"contentUrl\":\"https:\\\/\\\/casaarena.eu\\\/wp-content\\\/uploads\\\/2020\\\/06\\\/cropped-CasaArena_Logotip_Web-2.png\",\"width\":997,\"height\":613,\"caption\":\"Casa arena\"},\"image\":{\"@id\":\"https:\\\/\\\/casaarena.eu\\\/es\\\/#\\\/schema\\\/logo\\\/image\\\/\"},\"sameAs\":[\"https:\\\/\\\/www.instagram.com\\\/casaarena_eu\\\/\"]}]}<\/script>\n<!-- \/ Yoast SEO plugin. -->","yoast_head_json":{"title":"Servicio de limpieza del apartamento - Casa arena","robots":{"index":"index","follow":"follow","max-snippet":"max-snippet:-1","max-image-preview":"max-image-preview:large","max-video-preview":"max-video-preview:-1"},"canonical":"https:\/\/casaarena.eu\/es\/producte\/servicio-de-limpieza-diaria\/","og_locale":"es_ES","og_type":"article","og_title":"Servicio de limpieza del apartamento - Casa arena","og_description":"Este servicio incluye: limpieza general de la vivienda; vaciar la bolsa de basura; limpieza de ba\u00f1os; limpieza de cocina y comedor; barrer el suelo y aspirar; limpieza de muebles y de las terrazas.","og_url":"https:\/\/casaarena.eu\/es\/producte\/servicio-de-limpieza-diaria\/","og_site_name":"Casa arena","article_modified_time":"2025-03-13T19:44:56+00:00","og_image":[{"width":945,"height":1418,"url":"https:\/\/casaarena.eu\/wp-content\/uploads\/2020\/11\/neteja_pis_v.jpg","type":"image\/jpeg"}],"twitter_card":"summary_large_image","twitter_misc":{"Tiempo de lectura":"1 minuto"},"schema":{"@context":"https:\/\/schema.org","@graph":[{"@type":"WebPage","@id":"https:\/\/casaarena.eu\/es\/producte\/servicio-de-limpieza-diaria\/","url":"https:\/\/casaarena.eu\/es\/producte\/servicio-de-limpieza-diaria\/","name":"Servicio de limpieza del apartamento - Casa arena","isPartOf":{"@id":"https:\/\/casaarena.eu\/es\/#website"},"primaryImageOfPage":{"@id":"https:\/\/casaarena.eu\/es\/producte\/servicio-de-limpieza-diaria\/#primaryimage"},"image":{"@id":"https:\/\/casaarena.eu\/es\/producte\/servicio-de-limpieza-diaria\/#primaryimage"},"thumbnailUrl":"https:\/\/casaarena.eu\/wp-content\/uploads\/2020\/11\/neteja_pis_v.jpg","datePublished":"2021-11-17T15:32:38+00:00","dateModified":"2025-03-13T19:44:56+00:00","breadcrumb":{"@id":"https:\/\/casaarena.eu\/es\/producte\/servicio-de-limpieza-diaria\/#breadcrumb"},"inLanguage":"es","potentialAction":[{"@type":"ReadAction","target":["https:\/\/casaarena.eu\/es\/producte\/servicio-de-limpieza-diaria\/"]}]},{"@type":"ImageObject","inLanguage":"es","@id":"https:\/\/casaarena.eu\/es\/producte\/servicio-de-limpieza-diaria\/#primaryimage","url":"https:\/\/casaarena.eu\/wp-content\/uploads\/2020\/11\/neteja_pis_v.jpg","contentUrl":"https:\/\/casaarena.eu\/wp-content\/uploads\/2020\/11\/neteja_pis_v.jpg","width":945,"height":1418},{"@type":"BreadcrumbList","@id":"https:\/\/casaarena.eu\/es\/producte\/servicio-de-limpieza-diaria\/#breadcrumb","itemListElement":[{"@type":"ListItem","position":1,"name":"Portada","item":"https:\/\/casaarena.eu\/"},{"@type":"ListItem","position":2,"name":"Products","item":"https:\/\/casaarena.eu\/en\/shop\/"},{"@type":"ListItem","position":3,"name":"Servicio de limpieza del apartamento"}]},{"@type":"WebSite","@id":"https:\/\/casaarena.eu\/es\/#website","url":"https:\/\/casaarena.eu\/es\/","name":"Casa arena","description":"Casa Arena Wordpress Site","publisher":{"@id":"https:\/\/casaarena.eu\/es\/#organization"},"potentialAction":[{"@type":"SearchAction","target":{"@type":"EntryPoint","urlTemplate":"https:\/\/casaarena.eu\/es\/?s={search_term_string}"},"query-input":{"@type":"PropertyValueSpecification","valueRequired":true,"valueName":"search_term_string"}}],"inLanguage":"es"},{"@type":"Organization","@id":"https:\/\/casaarena.eu\/es\/#organization","name":"Casa arena","url":"https:\/\/casaarena.eu\/es\/","logo":{"@type":"ImageObject","inLanguage":"es","@id":"https:\/\/casaarena.eu\/es\/#\/schema\/logo\/image\/","url":"https:\/\/casaarena.eu\/wp-content\/uploads\/2020\/06\/cropped-CasaArena_Logotip_Web-2.png","contentUrl":"https:\/\/casaarena.eu\/wp-content\/uploads\/2020\/06\/cropped-CasaArena_Logotip_Web-2.png","width":997,"height":613,"caption":"Casa arena"},"image":{"@id":"https:\/\/casaarena.eu\/es\/#\/schema\/logo\/image\/"},"sameAs":["https:\/\/www.instagram.com\/casaarena_eu\/"]}]}},"_links":{"self":[{"href":"https:\/\/casaarena.eu\/es\/wp-json\/wp\/v2\/product\/6845","targetHints":{"allow":["GET"]}}],"collection":[{"href":"https:\/\/casaarena.eu\/es\/wp-json\/wp\/v2\/product"}],"about":[{"href":"https:\/\/casaarena.eu\/es\/wp-json\/wp\/v2\/types\/product"}],"wp:featuredmedia":[{"embeddable":true,"href":"https:\/\/casaarena.eu\/es\/wp-json\/wp\/v2\/media\/14140"}],"wp:attachment":[{"href":"https:\/\/casaarena.eu\/es\/wp-json\/wp\/v2\/media?parent=6845"}],"wp:term":[{"taxonomy":"product_brand","embeddable":true,"href":"https:\/\/casaarena.eu\/es\/wp-json\/wp\/v2\/product_brand?post=6845"},{"taxonomy":"product_cat","embeddable":true,"href":"https:\/\/casaarena.eu\/es\/wp-json\/wp\/v2\/product_cat?post=6845"},{"taxonomy":"product_tag","embeddable":true,"href":"https:\/\/casaarena.eu\/es\/wp-json\/wp\/v2\/product_tag?post=6845"}],"curies":[{"name":"wp","href":"https:\/\/api.w.org\/{rel}","templated":true}]}}