{"id":15666,"date":"2026-02-10T12:43:58","date_gmt":"2026-02-10T12:43:58","guid":{"rendered":"https:\/\/casaarena.eu\/producte\/la-cuina-de-la-mar-damunt\/"},"modified":"2026-02-10T16:17:03","modified_gmt":"2026-02-10T16:17:03","slug":"la-cuina-de-la-mar-damunt","status":"publish","type":"product","link":"https:\/\/casaarena.eu\/es\/producte\/la-cuina-de-la-mar-damunt\/","title":{"rendered":""},"content":{"rendered":"<p><!-- VideographyWP Plugin Message: Automatic video embedding prevented by plugin options. --><br \/>\n<strong data-start=\"170\" data-end=\"211\"><span class=\"hover:entity-accent entity-underline inline cursor-pointer align-baseline\"><span class=\"whitespace-normal\">La cocina de la Mar de Amunt<\/span><\/span><\/strong> es una recopilaci\u00f3n de recetas tradicionales del Alt Empord\u00e0 que pone en valor la cocina marinera y de monta\u00f1a de este territorio \u00fanico. El libro cuenta con la participaci\u00f3n de los <strong data-start=\"384\" data-end=\"418\">mejores restaurantes de la zona<\/strong> , algunos de ellos <strong data-start=\"434\" data-end=\"506\">reconocidos con estrella Michelin y otras distinciones gastron\u00f3micas<\/strong> , que aportan su visi\u00f3n y maestr\u00eda a platos arraigados a la tradici\u00f3n. Una obra que combina sabidur\u00eda popular, excelencia culinaria y respeto por el producto local y de temporada.  <\/p>\n","protected":false},"excerpt":{"rendered":"<p>La Cocina de la Mar d&#8217;Amunt<\/p>\n<p><strong>LA CUINA DE LA MAR D&#8217;AMUNT<br \/>\n<\/strong> <b>Autor:<\/b> Varios &#8211; 120 p\u00e1g<br \/>\n<b>ISBN:<\/b> 978-84-129935-0-9 &#8211; <b>DL:<\/b> B 7090-2025<\/p>\n<p>Libro de recetas tradicionales de la Mar de Amunt que celebra la cocina ampurdanesa, los productos locales y la cultura gastron\u00f3mica del territorio.<\/p>\n","protected":false},"featured_media":15662,"template":"","meta":{"_acf_changed":false,"inline_featured_image":false},"product_brand":[],"product_cat":[298],"product_tag":[],"class_list":{"0":"post-15666","1":"product","2":"type-product","3":"status-publish","4":"has-post-thumbnail","6":"product_cat-sense-categoria-es","8":"first","9":"instock","10":"taxable","11":"shipping-taxable","12":"purchasable","13":"product-type-simple"},"acf":[],"yoast_head":"<!-- This site is optimized with the Yoast SEO plugin v27.5 - https:\/\/yoast.com\/product\/yoast-seo-wordpress\/ -->\n<title>- Casa arena<\/title>\n<meta name=\"robots\" content=\"index, follow, max-snippet:-1, max-image-preview:large, max-video-preview:-1\" \/>\n<link rel=\"canonical\" href=\"https:\/\/casaarena.eu\/es\/producte\/la-cuina-de-la-mar-damunt\/\" \/>\n<meta property=\"og:locale\" content=\"es_ES\" \/>\n<meta property=\"og:type\" content=\"article\" \/>\n<meta property=\"og:title\" content=\"- Casa arena\" \/>\n<meta property=\"og:description\" content=\"La Cocina de la Mar d&#039;Amunt LA CUINA DE LA MAR D&#039;AMUNT Autor: Varios - 120 p\u00e1g ISBN: 978-84-129935-0-9 - DL: B 7090-2025 Libro de recetas tradicionales de la Mar de Amunt que celebra la cocina ampurdanesa, los productos locales y la cultura gastron\u00f3mica del territorio.\" \/>\n<meta property=\"og:url\" content=\"https:\/\/casaarena.eu\/es\/producte\/la-cuina-de-la-mar-damunt\/\" \/>\n<meta property=\"og:site_name\" content=\"Casa arena\" \/>\n<meta property=\"article:modified_time\" content=\"2026-02-10T16:17:03+00:00\" \/>\n<meta property=\"og:image\" content=\"https:\/\/casaarena.eu\/wp-content\/uploads\/2026\/02\/Portada-Llibre-1024x838.jpg\" \/>\n\t<meta property=\"og:image:width\" content=\"1024\" \/>\n\t<meta property=\"og:image:height\" content=\"838\" \/>\n\t<meta property=\"og:image:type\" content=\"image\/jpeg\" \/>\n<meta name=\"twitter:card\" content=\"summary_large_image\" \/>\n<script type=\"application\/ld+json\" class=\"yoast-schema-graph\">{\"@context\":\"https:\\\/\\\/schema.org\",\"@graph\":[{\"@type\":\"WebPage\",\"@id\":\"https:\\\/\\\/casaarena.eu\\\/es\\\/producte\\\/la-cuina-de-la-mar-damunt\\\/\",\"url\":\"https:\\\/\\\/casaarena.eu\\\/es\\\/producte\\\/la-cuina-de-la-mar-damunt\\\/\",\"name\":\"- Casa arena\",\"isPartOf\":{\"@id\":\"https:\\\/\\\/casaarena.eu\\\/es\\\/#website\"},\"primaryImageOfPage\":{\"@id\":\"https:\\\/\\\/casaarena.eu\\\/es\\\/producte\\\/la-cuina-de-la-mar-damunt\\\/#primaryimage\"},\"image\":{\"@id\":\"https:\\\/\\\/casaarena.eu\\\/es\\\/producte\\\/la-cuina-de-la-mar-damunt\\\/#primaryimage\"},\"thumbnailUrl\":\"https:\\\/\\\/casaarena.eu\\\/wp-content\\\/uploads\\\/2026\\\/02\\\/Portada-Llibre.jpg\",\"datePublished\":\"2026-02-10T12:43:58+00:00\",\"dateModified\":\"2026-02-10T16:17:03+00:00\",\"breadcrumb\":{\"@id\":\"https:\\\/\\\/casaarena.eu\\\/es\\\/producte\\\/la-cuina-de-la-mar-damunt\\\/#breadcrumb\"},\"inLanguage\":\"es\",\"potentialAction\":[{\"@type\":\"ReadAction\",\"target\":[\"https:\\\/\\\/casaarena.eu\\\/es\\\/producte\\\/la-cuina-de-la-mar-damunt\\\/\"]}]},{\"@type\":\"ImageObject\",\"inLanguage\":\"es\",\"@id\":\"https:\\\/\\\/casaarena.eu\\\/es\\\/producte\\\/la-cuina-de-la-mar-damunt\\\/#primaryimage\",\"url\":\"https:\\\/\\\/casaarena.eu\\\/wp-content\\\/uploads\\\/2026\\\/02\\\/Portada-Llibre.jpg\",\"contentUrl\":\"https:\\\/\\\/casaarena.eu\\\/wp-content\\\/uploads\\\/2026\\\/02\\\/Portada-Llibre.jpg\",\"width\":2200,\"height\":1800,\"caption\":\"llibre La Cuina de la Mar d'Amunt\"},{\"@type\":\"BreadcrumbList\",\"@id\":\"https:\\\/\\\/casaarena.eu\\\/es\\\/producte\\\/la-cuina-de-la-mar-damunt\\\/#breadcrumb\",\"itemListElement\":[{\"@type\":\"ListItem\",\"position\":1,\"name\":\"Portada\",\"item\":\"https:\\\/\\\/casaarena.eu\\\/\"},{\"@type\":\"ListItem\",\"position\":2,\"name\":\"Products\",\"item\":\"https:\\\/\\\/casaarena.eu\\\/en\\\/shop\\\/\"}]},{\"@type\":\"WebSite\",\"@id\":\"https:\\\/\\\/casaarena.eu\\\/es\\\/#website\",\"url\":\"https:\\\/\\\/casaarena.eu\\\/es\\\/\",\"name\":\"Casa arena\",\"description\":\"Casa Arena Wordpress Site\",\"publisher\":{\"@id\":\"https:\\\/\\\/casaarena.eu\\\/es\\\/#organization\"},\"potentialAction\":[{\"@type\":\"SearchAction\",\"target\":{\"@type\":\"EntryPoint\",\"urlTemplate\":\"https:\\\/\\\/casaarena.eu\\\/es\\\/?s={search_term_string}\"},\"query-input\":{\"@type\":\"PropertyValueSpecification\",\"valueRequired\":true,\"valueName\":\"search_term_string\"}}],\"inLanguage\":\"es\"},{\"@type\":\"Organization\",\"@id\":\"https:\\\/\\\/casaarena.eu\\\/es\\\/#organization\",\"name\":\"Casa arena\",\"url\":\"https:\\\/\\\/casaarena.eu\\\/es\\\/\",\"logo\":{\"@type\":\"ImageObject\",\"inLanguage\":\"es\",\"@id\":\"https:\\\/\\\/casaarena.eu\\\/es\\\/#\\\/schema\\\/logo\\\/image\\\/\",\"url\":\"https:\\\/\\\/casaarena.eu\\\/wp-content\\\/uploads\\\/2020\\\/06\\\/cropped-CasaArena_Logotip_Web-2.png\",\"contentUrl\":\"https:\\\/\\\/casaarena.eu\\\/wp-content\\\/uploads\\\/2020\\\/06\\\/cropped-CasaArena_Logotip_Web-2.png\",\"width\":997,\"height\":613,\"caption\":\"Casa arena\"},\"image\":{\"@id\":\"https:\\\/\\\/casaarena.eu\\\/es\\\/#\\\/schema\\\/logo\\\/image\\\/\"},\"sameAs\":[\"https:\\\/\\\/www.instagram.com\\\/casaarena_eu\\\/\"]}]}<\/script>\n<!-- \/ Yoast SEO plugin. -->","yoast_head_json":{"title":"- Casa arena","robots":{"index":"index","follow":"follow","max-snippet":"max-snippet:-1","max-image-preview":"max-image-preview:large","max-video-preview":"max-video-preview:-1"},"canonical":"https:\/\/casaarena.eu\/es\/producte\/la-cuina-de-la-mar-damunt\/","og_locale":"es_ES","og_type":"article","og_title":"- Casa arena","og_description":"La Cocina de la Mar d'Amunt LA CUINA DE LA MAR D'AMUNT Autor: Varios - 120 p\u00e1g ISBN: 978-84-129935-0-9 - DL: B 7090-2025 Libro de recetas tradicionales de la Mar de Amunt que celebra la cocina ampurdanesa, los productos locales y la cultura gastron\u00f3mica del territorio.","og_url":"https:\/\/casaarena.eu\/es\/producte\/la-cuina-de-la-mar-damunt\/","og_site_name":"Casa arena","article_modified_time":"2026-02-10T16:17:03+00:00","og_image":[{"width":1024,"height":838,"url":"https:\/\/casaarena.eu\/wp-content\/uploads\/2026\/02\/Portada-Llibre-1024x838.jpg","type":"image\/jpeg"}],"twitter_card":"summary_large_image","schema":{"@context":"https:\/\/schema.org","@graph":[{"@type":"WebPage","@id":"https:\/\/casaarena.eu\/es\/producte\/la-cuina-de-la-mar-damunt\/","url":"https:\/\/casaarena.eu\/es\/producte\/la-cuina-de-la-mar-damunt\/","name":"- Casa arena","isPartOf":{"@id":"https:\/\/casaarena.eu\/es\/#website"},"primaryImageOfPage":{"@id":"https:\/\/casaarena.eu\/es\/producte\/la-cuina-de-la-mar-damunt\/#primaryimage"},"image":{"@id":"https:\/\/casaarena.eu\/es\/producte\/la-cuina-de-la-mar-damunt\/#primaryimage"},"thumbnailUrl":"https:\/\/casaarena.eu\/wp-content\/uploads\/2026\/02\/Portada-Llibre.jpg","datePublished":"2026-02-10T12:43:58+00:00","dateModified":"2026-02-10T16:17:03+00:00","breadcrumb":{"@id":"https:\/\/casaarena.eu\/es\/producte\/la-cuina-de-la-mar-damunt\/#breadcrumb"},"inLanguage":"es","potentialAction":[{"@type":"ReadAction","target":["https:\/\/casaarena.eu\/es\/producte\/la-cuina-de-la-mar-damunt\/"]}]},{"@type":"ImageObject","inLanguage":"es","@id":"https:\/\/casaarena.eu\/es\/producte\/la-cuina-de-la-mar-damunt\/#primaryimage","url":"https:\/\/casaarena.eu\/wp-content\/uploads\/2026\/02\/Portada-Llibre.jpg","contentUrl":"https:\/\/casaarena.eu\/wp-content\/uploads\/2026\/02\/Portada-Llibre.jpg","width":2200,"height":1800,"caption":"llibre La Cuina de la Mar d'Amunt"},{"@type":"BreadcrumbList","@id":"https:\/\/casaarena.eu\/es\/producte\/la-cuina-de-la-mar-damunt\/#breadcrumb","itemListElement":[{"@type":"ListItem","position":1,"name":"Portada","item":"https:\/\/casaarena.eu\/"},{"@type":"ListItem","position":2,"name":"Products","item":"https:\/\/casaarena.eu\/en\/shop\/"}]},{"@type":"WebSite","@id":"https:\/\/casaarena.eu\/es\/#website","url":"https:\/\/casaarena.eu\/es\/","name":"Casa arena","description":"Casa Arena Wordpress Site","publisher":{"@id":"https:\/\/casaarena.eu\/es\/#organization"},"potentialAction":[{"@type":"SearchAction","target":{"@type":"EntryPoint","urlTemplate":"https:\/\/casaarena.eu\/es\/?s={search_term_string}"},"query-input":{"@type":"PropertyValueSpecification","valueRequired":true,"valueName":"search_term_string"}}],"inLanguage":"es"},{"@type":"Organization","@id":"https:\/\/casaarena.eu\/es\/#organization","name":"Casa arena","url":"https:\/\/casaarena.eu\/es\/","logo":{"@type":"ImageObject","inLanguage":"es","@id":"https:\/\/casaarena.eu\/es\/#\/schema\/logo\/image\/","url":"https:\/\/casaarena.eu\/wp-content\/uploads\/2020\/06\/cropped-CasaArena_Logotip_Web-2.png","contentUrl":"https:\/\/casaarena.eu\/wp-content\/uploads\/2020\/06\/cropped-CasaArena_Logotip_Web-2.png","width":997,"height":613,"caption":"Casa arena"},"image":{"@id":"https:\/\/casaarena.eu\/es\/#\/schema\/logo\/image\/"},"sameAs":["https:\/\/www.instagram.com\/casaarena_eu\/"]}]}},"_links":{"self":[{"href":"https:\/\/casaarena.eu\/es\/wp-json\/wp\/v2\/product\/15666","targetHints":{"allow":["GET"]}}],"collection":[{"href":"https:\/\/casaarena.eu\/es\/wp-json\/wp\/v2\/product"}],"about":[{"href":"https:\/\/casaarena.eu\/es\/wp-json\/wp\/v2\/types\/product"}],"wp:featuredmedia":[{"embeddable":true,"href":"https:\/\/casaarena.eu\/es\/wp-json\/wp\/v2\/media\/15662"}],"wp:attachment":[{"href":"https:\/\/casaarena.eu\/es\/wp-json\/wp\/v2\/media?parent=15666"}],"wp:term":[{"taxonomy":"product_brand","embeddable":true,"href":"https:\/\/casaarena.eu\/es\/wp-json\/wp\/v2\/product_brand?post=15666"},{"taxonomy":"product_cat","embeddable":true,"href":"https:\/\/casaarena.eu\/es\/wp-json\/wp\/v2\/product_cat?post=15666"},{"taxonomy":"product_tag","embeddable":true,"href":"https:\/\/casaarena.eu\/es\/wp-json\/wp\/v2\/product_tag?post=15666"}],"curies":[{"name":"wp","href":"https:\/\/api.w.org\/{rel}","templated":true}]}}