{"id":12917,"date":"2024-07-30T13:11:12","date_gmt":"2024-07-30T13:11:12","guid":{"rendered":"https:\/\/casaarena.eu\/producte\/paseo-en-barca-medio-dia\/"},"modified":"2024-07-30T13:11:12","modified_gmt":"2024-07-30T13:11:12","slug":"paseo-en-barca-medio-dia","status":"publish","type":"product","link":"https:\/\/casaarena.eu\/es\/producte\/paseo-en-barca-medio-dia\/","title":{"rendered":"Paseo en barca (Medio d\u00eda)"},"content":{"rendered":"<p><!-- VideographyWP Plugin Message: Automatic video embedding prevented by plugin options. --><br \/>\nDescubre la magia del Cabo de Creus desde el mar con una salida en barca de 30 pies de eslora. Disfruta de un aperitivo incluido a bordo mientras exploras rincones id\u00edlicos y disfrutas del buen tiempo en uno de los \u00faltimos para\u00edsos v\u00edrgenes del Mediterr\u00e1neo. El Cap de Creus, situado al norte del Empord\u00e0, es conocido como el Finisterre catal\u00e1n, el punto m\u00e1s oriental de la Pen\u00ednsula. Este lugar m\u00e1gico es el primero en ver salir el sol todos los d\u00edas. Gracias a su aislamiento geogr\u00e1fico, ha permanecido pr\u00e1cticamente intacto ante la expansi\u00f3n tur\u00edstica masiva que ha afectado a otras partes de la Costa Brava. Sus acantilados escarpados, aguas cristalinas y paisajes de ensue\u00f1o moldeados por la tramontana son una maravilla para los sentidos. Durante la salida en barca, dependiendo del recorrido y de las condiciones del mar, podr\u00e1s explorar algunos de los parajes m\u00e1s bonitos del Cabo de Creus, como la Bah\u00eda de Garbet, Cala Tamariua, Cala Tavallera, Cala Culip, Cala Fredosa, la Cala Jugadora, la Cueva del Infierno, la Cala Guillola, las Islas Messina o incluso llegar a la bah\u00eda de Cadaqu\u00e9s. Estas calas escondidas y espectaculares ofrecen una experiencia \u00fanica e inolvidable, perfectas para un ba\u00f1o refrescante o simplemente disfrutar de su belleza natural. No pierdas la oportunidad de vivir una aventura excepcional en el Cap de Creus. Reserva tu salida en barca con marinero y d\u00e9jate cautivar por la serenidad y belleza de este rinc\u00f3n privilegiado del Mediterr\u00e1neo.         <\/p>\n","protected":false},"excerpt":{"rendered":"<p>Paseo en barca en marinero con aperitivo incluido <strong>Salida:<\/strong> Port de Llan\u00e7\u00e0 <strong>Tiempo:<\/strong> 3\/4 horas <em>Aviso: sobre el tiempo<\/em> <\/p>\n","protected":false},"featured_media":12646,"template":"","meta":{"_acf_changed":false,"inline_featured_image":false},"product_brand":[],"product_cat":[],"product_tag":[],"class_list":{"0":"post-12917","1":"product","2":"type-product","3":"status-publish","4":"has-post-thumbnail","7":"first","8":"instock","9":"virtual","10":"sold-individually","11":"taxable","12":"purchasable","13":"product-type-simple"},"acf":[],"yoast_head":"<!-- This site is optimized with the Yoast SEO plugin v27.5 - https:\/\/yoast.com\/product\/yoast-seo-wordpress\/ -->\n<title>Paseo en barca (Medio d\u00eda) - Casa arena<\/title>\n<meta name=\"robots\" content=\"index, follow, max-snippet:-1, max-image-preview:large, max-video-preview:-1\" \/>\n<link rel=\"canonical\" href=\"https:\/\/casaarena.eu\/es\/producte\/paseo-en-barca-medio-dia\/\" \/>\n<meta property=\"og:locale\" content=\"es_ES\" \/>\n<meta property=\"og:type\" content=\"article\" \/>\n<meta property=\"og:title\" content=\"Paseo en barca (Medio d\u00eda) - Casa arena\" \/>\n<meta property=\"og:description\" content=\"Paseo en barca en marinero con aperitivo incluido Salida: Port de Llan\u00e7\u00e0 Tiempo: 3\/4 horas Aviso: sobre el tiempo\" \/>\n<meta property=\"og:url\" content=\"https:\/\/casaarena.eu\/es\/producte\/paseo-en-barca-medio-dia\/\" \/>\n<meta property=\"og:site_name\" content=\"Casa arena\" \/>\n<meta property=\"og:image\" content=\"https:\/\/casaarena.eu\/wp-content\/uploads\/2024\/06\/barca_1-scaled.jpg\" \/>\n\t<meta property=\"og:image:width\" content=\"2560\" \/>\n\t<meta property=\"og:image:height\" content=\"1920\" \/>\n\t<meta property=\"og:image:type\" content=\"image\/jpeg\" \/>\n<meta name=\"twitter:card\" content=\"summary_large_image\" \/>\n<meta name=\"twitter:label1\" content=\"Tiempo de lectura\" \/>\n\t<meta name=\"twitter:data1\" content=\"1 minuto\" \/>\n<script type=\"application\/ld+json\" class=\"yoast-schema-graph\">{\"@context\":\"https:\\\/\\\/schema.org\",\"@graph\":[{\"@type\":\"WebPage\",\"@id\":\"https:\\\/\\\/casaarena.eu\\\/es\\\/producte\\\/paseo-en-barca-medio-dia\\\/\",\"url\":\"https:\\\/\\\/casaarena.eu\\\/es\\\/producte\\\/paseo-en-barca-medio-dia\\\/\",\"name\":\"Paseo en barca (Medio d\u00eda) - Casa arena\",\"isPartOf\":{\"@id\":\"https:\\\/\\\/casaarena.eu\\\/es\\\/#website\"},\"primaryImageOfPage\":{\"@id\":\"https:\\\/\\\/casaarena.eu\\\/es\\\/producte\\\/paseo-en-barca-medio-dia\\\/#primaryimage\"},\"image\":{\"@id\":\"https:\\\/\\\/casaarena.eu\\\/es\\\/producte\\\/paseo-en-barca-medio-dia\\\/#primaryimage\"},\"thumbnailUrl\":\"https:\\\/\\\/casaarena.eu\\\/wp-content\\\/uploads\\\/2024\\\/06\\\/barca_1-scaled.jpg\",\"datePublished\":\"2024-07-30T13:11:12+00:00\",\"breadcrumb\":{\"@id\":\"https:\\\/\\\/casaarena.eu\\\/es\\\/producte\\\/paseo-en-barca-medio-dia\\\/#breadcrumb\"},\"inLanguage\":\"es\",\"potentialAction\":[{\"@type\":\"ReadAction\",\"target\":[\"https:\\\/\\\/casaarena.eu\\\/es\\\/producte\\\/paseo-en-barca-medio-dia\\\/\"]}]},{\"@type\":\"ImageObject\",\"inLanguage\":\"es\",\"@id\":\"https:\\\/\\\/casaarena.eu\\\/es\\\/producte\\\/paseo-en-barca-medio-dia\\\/#primaryimage\",\"url\":\"https:\\\/\\\/casaarena.eu\\\/wp-content\\\/uploads\\\/2024\\\/06\\\/barca_1-scaled.jpg\",\"contentUrl\":\"https:\\\/\\\/casaarena.eu\\\/wp-content\\\/uploads\\\/2024\\\/06\\\/barca_1-scaled.jpg\",\"width\":2560,\"height\":1920},{\"@type\":\"BreadcrumbList\",\"@id\":\"https:\\\/\\\/casaarena.eu\\\/es\\\/producte\\\/paseo-en-barca-medio-dia\\\/#breadcrumb\",\"itemListElement\":[{\"@type\":\"ListItem\",\"position\":1,\"name\":\"Portada\",\"item\":\"https:\\\/\\\/casaarena.eu\\\/\"},{\"@type\":\"ListItem\",\"position\":2,\"name\":\"Products\",\"item\":\"https:\\\/\\\/casaarena.eu\\\/en\\\/shop\\\/\"},{\"@type\":\"ListItem\",\"position\":3,\"name\":\"Paseo en barca (Medio d\u00eda)\"}]},{\"@type\":\"WebSite\",\"@id\":\"https:\\\/\\\/casaarena.eu\\\/es\\\/#website\",\"url\":\"https:\\\/\\\/casaarena.eu\\\/es\\\/\",\"name\":\"Casa arena\",\"description\":\"Casa Arena Wordpress Site\",\"publisher\":{\"@id\":\"https:\\\/\\\/casaarena.eu\\\/es\\\/#organization\"},\"potentialAction\":[{\"@type\":\"SearchAction\",\"target\":{\"@type\":\"EntryPoint\",\"urlTemplate\":\"https:\\\/\\\/casaarena.eu\\\/es\\\/?s={search_term_string}\"},\"query-input\":{\"@type\":\"PropertyValueSpecification\",\"valueRequired\":true,\"valueName\":\"search_term_string\"}}],\"inLanguage\":\"es\"},{\"@type\":\"Organization\",\"@id\":\"https:\\\/\\\/casaarena.eu\\\/es\\\/#organization\",\"name\":\"Casa arena\",\"url\":\"https:\\\/\\\/casaarena.eu\\\/es\\\/\",\"logo\":{\"@type\":\"ImageObject\",\"inLanguage\":\"es\",\"@id\":\"https:\\\/\\\/casaarena.eu\\\/es\\\/#\\\/schema\\\/logo\\\/image\\\/\",\"url\":\"https:\\\/\\\/casaarena.eu\\\/wp-content\\\/uploads\\\/2020\\\/06\\\/cropped-CasaArena_Logotip_Web-2.png\",\"contentUrl\":\"https:\\\/\\\/casaarena.eu\\\/wp-content\\\/uploads\\\/2020\\\/06\\\/cropped-CasaArena_Logotip_Web-2.png\",\"width\":997,\"height\":613,\"caption\":\"Casa arena\"},\"image\":{\"@id\":\"https:\\\/\\\/casaarena.eu\\\/es\\\/#\\\/schema\\\/logo\\\/image\\\/\"},\"sameAs\":[\"https:\\\/\\\/www.instagram.com\\\/casaarena_eu\\\/\"]}]}<\/script>\n<!-- \/ Yoast SEO plugin. -->","yoast_head_json":{"title":"Paseo en barca (Medio d\u00eda) - Casa arena","robots":{"index":"index","follow":"follow","max-snippet":"max-snippet:-1","max-image-preview":"max-image-preview:large","max-video-preview":"max-video-preview:-1"},"canonical":"https:\/\/casaarena.eu\/es\/producte\/paseo-en-barca-medio-dia\/","og_locale":"es_ES","og_type":"article","og_title":"Paseo en barca (Medio d\u00eda) - Casa arena","og_description":"Paseo en barca en marinero con aperitivo incluido Salida: Port de Llan\u00e7\u00e0 Tiempo: 3\/4 horas Aviso: sobre el tiempo","og_url":"https:\/\/casaarena.eu\/es\/producte\/paseo-en-barca-medio-dia\/","og_site_name":"Casa arena","og_image":[{"width":2560,"height":1920,"url":"https:\/\/casaarena.eu\/wp-content\/uploads\/2024\/06\/barca_1-scaled.jpg","type":"image\/jpeg"}],"twitter_card":"summary_large_image","twitter_misc":{"Tiempo de lectura":"1 minuto"},"schema":{"@context":"https:\/\/schema.org","@graph":[{"@type":"WebPage","@id":"https:\/\/casaarena.eu\/es\/producte\/paseo-en-barca-medio-dia\/","url":"https:\/\/casaarena.eu\/es\/producte\/paseo-en-barca-medio-dia\/","name":"Paseo en barca (Medio d\u00eda) - Casa arena","isPartOf":{"@id":"https:\/\/casaarena.eu\/es\/#website"},"primaryImageOfPage":{"@id":"https:\/\/casaarena.eu\/es\/producte\/paseo-en-barca-medio-dia\/#primaryimage"},"image":{"@id":"https:\/\/casaarena.eu\/es\/producte\/paseo-en-barca-medio-dia\/#primaryimage"},"thumbnailUrl":"https:\/\/casaarena.eu\/wp-content\/uploads\/2024\/06\/barca_1-scaled.jpg","datePublished":"2024-07-30T13:11:12+00:00","breadcrumb":{"@id":"https:\/\/casaarena.eu\/es\/producte\/paseo-en-barca-medio-dia\/#breadcrumb"},"inLanguage":"es","potentialAction":[{"@type":"ReadAction","target":["https:\/\/casaarena.eu\/es\/producte\/paseo-en-barca-medio-dia\/"]}]},{"@type":"ImageObject","inLanguage":"es","@id":"https:\/\/casaarena.eu\/es\/producte\/paseo-en-barca-medio-dia\/#primaryimage","url":"https:\/\/casaarena.eu\/wp-content\/uploads\/2024\/06\/barca_1-scaled.jpg","contentUrl":"https:\/\/casaarena.eu\/wp-content\/uploads\/2024\/06\/barca_1-scaled.jpg","width":2560,"height":1920},{"@type":"BreadcrumbList","@id":"https:\/\/casaarena.eu\/es\/producte\/paseo-en-barca-medio-dia\/#breadcrumb","itemListElement":[{"@type":"ListItem","position":1,"name":"Portada","item":"https:\/\/casaarena.eu\/"},{"@type":"ListItem","position":2,"name":"Products","item":"https:\/\/casaarena.eu\/en\/shop\/"},{"@type":"ListItem","position":3,"name":"Paseo en barca (Medio d\u00eda)"}]},{"@type":"WebSite","@id":"https:\/\/casaarena.eu\/es\/#website","url":"https:\/\/casaarena.eu\/es\/","name":"Casa arena","description":"Casa Arena Wordpress Site","publisher":{"@id":"https:\/\/casaarena.eu\/es\/#organization"},"potentialAction":[{"@type":"SearchAction","target":{"@type":"EntryPoint","urlTemplate":"https:\/\/casaarena.eu\/es\/?s={search_term_string}"},"query-input":{"@type":"PropertyValueSpecification","valueRequired":true,"valueName":"search_term_string"}}],"inLanguage":"es"},{"@type":"Organization","@id":"https:\/\/casaarena.eu\/es\/#organization","name":"Casa arena","url":"https:\/\/casaarena.eu\/es\/","logo":{"@type":"ImageObject","inLanguage":"es","@id":"https:\/\/casaarena.eu\/es\/#\/schema\/logo\/image\/","url":"https:\/\/casaarena.eu\/wp-content\/uploads\/2020\/06\/cropped-CasaArena_Logotip_Web-2.png","contentUrl":"https:\/\/casaarena.eu\/wp-content\/uploads\/2020\/06\/cropped-CasaArena_Logotip_Web-2.png","width":997,"height":613,"caption":"Casa arena"},"image":{"@id":"https:\/\/casaarena.eu\/es\/#\/schema\/logo\/image\/"},"sameAs":["https:\/\/www.instagram.com\/casaarena_eu\/"]}]}},"_links":{"self":[{"href":"https:\/\/casaarena.eu\/es\/wp-json\/wp\/v2\/product\/12917","targetHints":{"allow":["GET"]}}],"collection":[{"href":"https:\/\/casaarena.eu\/es\/wp-json\/wp\/v2\/product"}],"about":[{"href":"https:\/\/casaarena.eu\/es\/wp-json\/wp\/v2\/types\/product"}],"wp:featuredmedia":[{"embeddable":true,"href":"https:\/\/casaarena.eu\/es\/wp-json\/wp\/v2\/media\/12646"}],"wp:attachment":[{"href":"https:\/\/casaarena.eu\/es\/wp-json\/wp\/v2\/media?parent=12917"}],"wp:term":[{"taxonomy":"product_brand","embeddable":true,"href":"https:\/\/casaarena.eu\/es\/wp-json\/wp\/v2\/product_brand?post=12917"},{"taxonomy":"product_cat","embeddable":true,"href":"https:\/\/casaarena.eu\/es\/wp-json\/wp\/v2\/product_cat?post=12917"},{"taxonomy":"product_tag","embeddable":true,"href":"https:\/\/casaarena.eu\/es\/wp-json\/wp\/v2\/product_tag?post=12917"}],"curies":[{"name":"wp","href":"https:\/\/api.w.org\/{rel}","templated":true}]}}