{"id":5629,"date":"2021-07-07T11:17:11","date_gmt":"2021-07-07T11:17:11","guid":{"rendered":"https:\/\/www.casaarena.eu\/politica-de-cookies\/"},"modified":"2023-06-19T07:43:18","modified_gmt":"2023-06-19T07:43:18","slug":"politica-de-cookies","status":"publish","type":"page","link":"https:\/\/casaarena.eu\/es\/politica-de-cookies\/","title":{"rendered":"Pol\u00edtica de cookies"},"content":{"rendered":"\t\t<div data-elementor-type=\"wp-page\" data-elementor-id=\"5629\" class=\"elementor elementor-5629 elementor-3103\">\n\t\t\t\t\t\t<section class=\"elementor-section elementor-top-section elementor-element elementor-element-1120069c elementor-section-stretched elementor-section-full_width elementor-hidden-phone elementor-section-height-default elementor-section-height-default\" data-id=\"1120069c\" data-element_type=\"section\" data-e-type=\"section\" data-settings=\"{&quot;stretch_section&quot;:&quot;section-stretched&quot;}\">\n\t\t\t\t\t\t<div class=\"elementor-container elementor-column-gap-default\">\n\t\t\t\t\t<div class=\"elementor-column elementor-col-100 elementor-top-column elementor-element elementor-element-27cc9600\" data-id=\"27cc9600\" data-element_type=\"column\" data-e-type=\"column\">\n\t\t\t<div class=\"elementor-widget-wrap elementor-element-populated\">\n\t\t\t\t\t\t<div class=\"elementor-element elementor-element-4eb25a66 elementor-widget elementor-widget-image\" data-id=\"4eb25a66\" data-element_type=\"widget\" data-e-type=\"widget\" data-widget_type=\"image.default\">\n\t\t\t\t<div class=\"elementor-widget-container\">\n\t\t\t\t\t\t\t\t\t\t\t\t\t\t\t<img fetchpriority=\"high\" decoding=\"async\" width=\"3252\" height=\"504\" src=\"https:\/\/casaarena.eu\/wp-content\/uploads\/2020\/07\/Captura-de-pantalla-2020-07-22-a-las-9.40.00-e1600333340368.png\" class=\"attachment-full size-full wp-image-546\" alt=\"\" \/>\t\t\t\t\t\t\t\t\t\t\t\t\t\t\t<\/div>\n\t\t\t\t<\/div>\n\t\t\t\t\t<\/div>\n\t\t<\/div>\n\t\t\t\t\t<\/div>\n\t\t<\/section>\n\t\t\t\t<section class=\"elementor-section elementor-top-section elementor-element elementor-element-10809886 elementor-section-boxed elementor-section-height-default elementor-section-height-default\" data-id=\"10809886\" data-element_type=\"section\" data-e-type=\"section\">\n\t\t\t\t\t\t<div class=\"elementor-container elementor-column-gap-default\">\n\t\t\t\t\t<div class=\"elementor-column elementor-col-100 elementor-top-column elementor-element elementor-element-748a8cf\" data-id=\"748a8cf\" data-element_type=\"column\" data-e-type=\"column\">\n\t\t\t<div class=\"elementor-widget-wrap elementor-element-populated\">\n\t\t\t\t\t\t<div class=\"elementor-element elementor-element-44b368d elementor-widget elementor-widget-heading\" data-id=\"44b368d\" data-element_type=\"widget\" data-e-type=\"widget\" data-widget_type=\"heading.default\">\n\t\t\t\t<div class=\"elementor-widget-container\">\n\t\t\t\t\t<h2 class=\"elementor-heading-title elementor-size-default\">Pol\u00edtica de cookies<\/h2>\t\t\t\t<\/div>\n\t\t\t\t<\/div>\n\t\t\t\t<div class=\"elementor-element elementor-element-552a3aba elementor-widget elementor-widget-text-editor\" data-id=\"552a3aba\" data-element_type=\"widget\" data-e-type=\"widget\" data-widget_type=\"text-editor.default\">\n\t\t\t\t<div class=\"elementor-widget-container\">\n\t\t\t\t\t\t\t\t\t<h4>Sobre esta pol\u00edtica de cookies.<\/h4>\n\t\t\t\t\t\t\t\t<\/div>\n\t\t\t\t<\/div>\n\t\t\t\t<div class=\"elementor-element elementor-element-1113ae2 elementor-widget elementor-widget-text-editor\" data-id=\"1113ae2\" data-element_type=\"widget\" data-e-type=\"widget\" data-widget_type=\"text-editor.default\">\n\t\t\t\t<div class=\"elementor-widget-container\">\n\t\t\t\t\t\t\t\t\t<p>Esta pol\u00edtica de cookies explica qu\u00e9 son las cookies y c\u00f3mo las utilizamos. Debe leer esta pol\u00edtica para entender qu\u00e9 son las cookies, como las usamos y los tipos de cookies que utilizamos. Es decir, la informaci\u00f3n que recopilamos mediante cookies, c\u00f3mo se utiliza esta informaci\u00f3n y c\u00f3mo controlar las preferencias de cookies. Para obtener m\u00e1s informaci\u00f3n sobre c\u00f3mo utilizamos, almacenamos y mantenemos seguros sus datos personales, consulte nuestra Pol\u00edtica de privacidad.<\/p>\n<p>Puede cambiar o retirar su consentimiento en cualquier momento de la Declaraci\u00f3n de cookies de nuestro sitio web.<\/p>\n<p>Obtenga m\u00e1s informaci\u00f3n acerca de qui\u00e9nes somos, c\u00f3mo puede ponerse en contacto con nosotros y c\u00f3mo procesamos los datos personales en nuestra Pol\u00edtica de privacidad.<\/p>\n<p>Su consentimiento se aplica a los siguientes dominios: <a href=\"https:\/\/staging-casaarenanew.kinsta.cloud\/es\/\"> staging-casaarenanew.kinsta.cloud <\/a> <\/p>\n<p><div class=\"cli_user_consent_state\">Tu estado actual: No se ha dado el consentimiento. <a class=\"cli_manage_current_consent\" style=\"cursor:pointer;text-decoration:underline;\">Gestiona tu consentimiento.<\/a> <\/div><\/p>\n\t\t\t\t\t\t\t\t<\/div>\n\t\t\t\t<\/div>\n\t\t\t\t<div class=\"elementor-element elementor-element-9ca8937 elementor-widget elementor-widget-text-editor\" data-id=\"9ca8937\" data-element_type=\"widget\" data-e-type=\"widget\" data-widget_type=\"text-editor.default\">\n\t\t\t\t<div class=\"elementor-widget-container\">\n\t\t\t\t\t\t\t\t\t<h4>\u00bfQu\u00e9 son las cookies?<\/h4>\n\t\t\t\t\t\t\t\t<\/div>\n\t\t\t\t<\/div>\n\t\t\t\t<div class=\"elementor-element elementor-element-96650fe elementor-widget elementor-widget-text-editor\" data-id=\"96650fe\" data-element_type=\"widget\" data-e-type=\"widget\" data-widget_type=\"text-editor.default\">\n\t\t\t\t<div class=\"elementor-widget-container\">\n\t\t\t\t\t\t\t\t\t<p>Las cookies son peque\u00f1os archivos de texto que se utilizan para almacenar peque\u00f1os datos. Las cookies se almacenan en el dispositivo cuando se carga el sitio web en el navegador. Estas cookies nos ayudan a hacer que el sitio web funcione correctamente, hacer que el sitio web sea m\u00e1s seguro, proporcionar una mejor experiencia de usuario y entender el funcionamiento del sitio web y analizar qu\u00e9 no funciona y c\u00f3mo y donde mejorarlo.<\/p>\n\t\t\t\t\t\t\t\t<\/div>\n\t\t\t\t<\/div>\n\t\t\t\t<div class=\"elementor-element elementor-element-d9f5302 elementor-widget elementor-widget-text-editor\" data-id=\"d9f5302\" data-element_type=\"widget\" data-e-type=\"widget\" data-widget_type=\"text-editor.default\">\n\t\t\t\t<div class=\"elementor-widget-container\">\n\t\t\t\t\t\t\t\t\t<h4>\u00bfC\u00f3mo utilizamos las cookies?<\/h4>\n\t\t\t\t\t\t\t\t<\/div>\n\t\t\t\t<\/div>\n\t\t\t\t<div class=\"elementor-element elementor-element-f399797 elementor-widget elementor-widget-text-editor\" data-id=\"f399797\" data-element_type=\"widget\" data-e-type=\"widget\" data-widget_type=\"text-editor.default\">\n\t\t\t\t<div class=\"elementor-widget-container\">\n\t\t\t\t\t\t\t\t\t<p>Como la mayor\u00eda de los servicios en l\u00ednea, nuestro sitio web utiliza cookies propias y de terceros para diversas finalidades. Las cookies propias son b\u00e1sicamente necesarias para que el sitio web funcione correctamente y no recopilan ninguno de sus datos de identificaci\u00f3n personal.<\/p>\n<p>Las cookies de terceros que utilizan nuestros sitios web se utilizan principalmente para entender el funcionamiento del sitio web, como interact\u00faan los usuarios con nuestro sitio web, mantener nuestros servicios seguros, ofrecer anuncios relevantes para los usuarios y, en definitiva, proporcionar un experiencia de usuario mejorada y ayudar a acelerar las interacciones futuras con nuestro sitio web.<\/p>\n\t\t\t\t\t\t\t\t<\/div>\n\t\t\t\t<\/div>\n\t\t\t\t<div class=\"elementor-element elementor-element-b17019d elementor-widget elementor-widget-text-editor\" data-id=\"b17019d\" data-element_type=\"widget\" data-e-type=\"widget\" data-widget_type=\"text-editor.default\">\n\t\t\t\t<div class=\"elementor-widget-container\">\n\t\t\t\t\t\t\t\t\t<h4>\u00bfQu\u00e9 tipos de cookies utilizamos?<\/h4>\n\t\t\t\t\t\t\t\t<\/div>\n\t\t\t\t<\/div>\n\t\t\t\t<div class=\"elementor-element elementor-element-811c2ee elementor-widget elementor-widget-text-editor\" data-id=\"811c2ee\" data-element_type=\"widget\" data-e-type=\"widget\" data-widget_type=\"text-editor.default\">\n\t\t\t\t<div class=\"elementor-widget-container\">\n\t\t\t\t\t\t\t\t\t<p>Las cookies que se utilizan en nuestro sitio web se agrupan en las siguientes categor\u00edas.<\/p>\n<p>[cookie_category]<\/p>\n<p>En la lista siguiente se detallan las cookies utilizadas en nuestro sitio web.<\/p>\n\t\t\t\t\t\t\t\t<\/div>\n\t\t\t\t<\/div>\n\t\t\t\t<div class=\"elementor-element elementor-element-e828cdb elementor-widget elementor-widget-text-editor\" data-id=\"e828cdb\" data-element_type=\"widget\" data-e-type=\"widget\" data-widget_type=\"text-editor.default\">\n\t\t\t\t<div class=\"elementor-widget-container\">\n\t\t\t\t\t\t\t\t\t<table class=\"wt-cli-element cookielawinfo-classic cookielawinfo-row-cat-table\">\n<thead>\n<tr>\n<th scope=\"col\" class=\"cookielawinfo-column-1\">Cookie<\/th>\n<th scope=\"col\" class=\"cookielawinfo-column-3\">Duraci\u00f3n<\/th>\n<th scope=\"col\" class=\"cookielawinfo-column-5\">Tipo<\/th>\n<th scope=\"col\" class=\"cookielawinfo-column-6\">Dominio<\/th>\n<th scope=\"col\" class=\"cookielawinfo-column-4\">Descripci\u00f3n<\/th>\n<\/tr>\n<\/thead>\n<tbody>\n<tr class=\"cookielawinfo-row-cat-title\">\n<th colspan=\"5\" class=\"cookielawinfo-row-cat-title-head\">Cookies obligatorias<\/th>\n<\/tr>\n<tr class=\"cookielawinfo-row\">\n<td class=\"cookielawinfo-column-1\">viewed_cookie_policy<\/td>\n<td class=\"cookielawinfo-column-3\">11 meses<\/td>\n<td class=\"cookielawinfo-column-5\">Cookie propia<\/td>\n<td class=\"cookielawinfo-column-6\">staging-casaarenanew.kinsta.cloud<\/td>\n<td class=\"cookielawinfo-column-4\">La cookie la define el conector de consentimiento de cookies del RGPD y se utiliza para almacenar si el usuario ha aceptado o no el uso de cookies. No almacena ning\u00fan dato personal.<\/td>\n<\/tr>\n<tr class=\"cookielawinfo-row\">\n<td class=\"cookielawinfo-column-1\">cookielawinfo-checkbox-necessary<\/td>\n<td class=\"cookielawinfo-column-3\">11 meses<\/td>\n<td class=\"cookielawinfo-column-5\">Cookie propia<\/td>\n<td class=\"cookielawinfo-column-6\">staging-casaarenanew.kinsta.cloud<\/td>\n<td class=\"cookielawinfo-column-4\">Esta cookie la define el conector de consentimiento de cookies del RGPD. Las cookies se utilizan para almacenar el consentimiento del usuario para las cookies de la categor\u00eda \u00abNecesarias\u00bb.<\/td>\n<\/tr>\n<tr class=\"cookielawinfo-row\">\n<td class=\"cookielawinfo-column-1\">cookielawinfo-checkbox-non-necessary<\/td>\n<td class=\"cookielawinfo-column-3\">11 meses<\/td>\n<td class=\"cookielawinfo-column-5\">Cookie propia<\/td>\n<td class=\"cookielawinfo-column-6\">staging-casaarenanew.kinsta.cloud<\/td>\n<td class=\"cookielawinfo-column-4\">Esta cookie la define el conector de consentimiento de cookies del RGPD. Las cookies se utilizan para almacenar el consentimiento del usuario para las cookies de la categor\u00eda \u00abNo necesarias\u00bb.<\/td>\n<\/tr>\n<tr class=\"cookielawinfo-row-cat-title\">\n<th colspan=\"5\" class=\"cookielawinfo-row-cat-title-head\">Cookies no necesarias<\/th>\n<\/tr>\n<tr class=\"cookielawinfo-row\">\n<td class=\"cookielawinfo-column-1\">test_cookie<\/td>\n<td class=\"cookielawinfo-column-3\">11 meses<\/td>\n<td class=\"cookielawinfo-column-5\">Cookie propia<\/td>\n<td class=\"cookielawinfo-column-6\">staging-casaarenanew.kinsta.cloud<\/td>\n<td class=\"cookielawinfo-column-4\"><\/td>\n<\/tr>\n<tr class=\"cookielawinfo-row-cat-title\">\n<th colspan=\"5\" class=\"cookielawinfo-row-cat-title-head\">Cookies sin categorizar<\/th>\n<\/tr>\n<tr class=\"cookielawinfo-row\">\n<td class=\"cookielawinfo-column-1\">m<\/td>\n<td class=\"cookielawinfo-column-3\">2 a\u00f1os<\/td>\n<td class=\"cookielawinfo-column-5\">Cookie propia<\/td>\n<td class=\"cookielawinfo-column-6\">staging-casaarenanew.kinsta.cloud<\/td>\n<td class=\"cookielawinfo-column-4\"><\/td>\n<\/tr>\n<tr class=\"cookielawinfo-row\">\n<td class=\"cookielawinfo-column-1\">__stripe_mid<\/td>\n<td class=\"cookielawinfo-column-3\">1 a\u00f1o<\/td>\n<td class=\"cookielawinfo-column-5\">Cookie propia<\/td>\n<td class=\"cookielawinfo-column-6\">staging-casaarenanew.kinsta.cloud<\/td>\n<td class=\"cookielawinfo-column-4\"><\/td>\n<\/tr>\n<tr class=\"cookielawinfo-row\">\n<td class=\"cookielawinfo-column-1\">__stripe_sid<\/td>\n<td class=\"cookielawinfo-column-3\">30 minutos<\/td>\n<td class=\"cookielawinfo-column-5\">Cookie propia<\/td>\n<td class=\"cookielawinfo-column-6\">staging-casaarenanew.kinsta.cloud<\/td>\n<td class=\"cookielawinfo-column-4\"><\/td>\n<\/tr>\n<tr class=\"cookielawinfo-row\">\n<td class=\"cookielawinfo-column-1\">mphb_session<\/td>\n<td class=\"cookielawinfo-column-3\">30 minutos<\/td>\n<td class=\"cookielawinfo-column-5\">Cookie propia<\/td>\n<td class=\"cookielawinfo-column-6\">staging-casaarenanew.kinsta.cloud<\/td>\n<td class=\"cookielawinfo-column-4\"><\/td>\n<\/tr>\n<tr class=\"cookielawinfo-row-cat-title\">\n<th colspan=\"5\" class=\"cookielawinfo-row-cat-title-head\">Cookies anal\u00edticas<\/th>\n<\/tr>\n<tr class=\"cookielawinfo-row\">\n<td class=\"cookielawinfo-column-1\">_ga<\/td>\n<td class=\"cookielawinfo-column-3\">2 a\u00f1os<\/td>\n<td class=\"cookielawinfo-column-5\">Cookie de terceros<\/td>\n<td class=\"cookielawinfo-column-6\">.kinsta.cloud<\/td>\n<td class=\"cookielawinfo-column-4\">Esta cookie la instala Google Analytics. La cookie se utiliza para calcular datos de visitantes, sesiones, campa\u00f1as y hacer un seguimiento del uso del sitio para el informe de an\u00e1lisis del sitio. Las cookies almacenan informaci\u00f3n de forma an\u00f3nima y asignan un n\u00famero generado aleatoriamente para identificar visitantes \u00fanicos.<\/td>\n<\/tr>\n<tr class=\"cookielawinfo-row\">\n<td class=\"cookielawinfo-column-1\">_gid<\/td>\n<td class=\"cookielawinfo-column-3\">1 d\u00eda<\/td>\n<td class=\"cookielawinfo-column-5\">Cookie de terceros<\/td>\n<td class=\"cookielawinfo-column-6\">.kinsta.cloud<\/td>\n<td class=\"cookielawinfo-column-4\">Esta cookie la instala Google Analytics. La cookie se utiliza para almacenar informaci\u00f3n sobre c\u00f3mo utilizan los visitantes un sitio web y ayuda a crear un informe de an\u00e1lisis del funcionamiento del sitio web. Los datos recopilados, incluido el n\u00famero de visitantes, su origen y las p\u00e1ginas visitadas de forma an\u00f3nima.<\/td>\n<\/tr>\n<tr class=\"cookielawinfo-row-cat-title\">\n<th colspan=\"5\" class=\"cookielawinfo-row-cat-title-head\">Cookies de rendimiento<\/th>\n<\/tr>\n<tr class=\"cookielawinfo-row\">\n<td class=\"cookielawinfo-column-1\">_gat_UA-172762383-1<\/td>\n<td class=\"cookielawinfo-column-3\">1 minuto<\/td>\n<td class=\"cookielawinfo-column-5\">Cookie de terceros<\/td>\n<td class=\"cookielawinfo-column-6\">.kinsta.cloud<\/td>\n<td class=\"cookielawinfo-column-4\">Se trata de una cookie de tipo patr\u00f3n establecida por Google Analytics, donde el elemento de patr\u00f3n del nombre contiene el n\u00famero de identidad \u00fanico de la cuenta o sitio web con el que se relaciona. Parece ser una variaci\u00f3n de la cookie _gat que se utiliza para limitar la cantidad de datos registrados por Google en los sitios web con un volumen elevado de tr\u00e1fico.<\/td>\n<\/tr>\n<\/tbody>\n<\/table>\n\t\t\t\t\t\t\t\t<\/div>\n\t\t\t\t<\/div>\n\t\t\t\t<div class=\"elementor-element elementor-element-5f0c346 elementor-widget elementor-widget-text-editor\" data-id=\"5f0c346\" data-element_type=\"widget\" data-e-type=\"widget\" data-widget_type=\"text-editor.default\">\n\t\t\t\t<div class=\"elementor-widget-container\">\n\t\t\t\t\t\t\t\t\t<h4>\u00bfC\u00f3mo puedo controlar las preferencias de cookies?<\/h4>\n\t\t\t\t\t\t\t\t<\/div>\n\t\t\t\t<\/div>\n\t\t\t\t<div class=\"elementor-element elementor-element-7ae096e elementor-widget elementor-widget-text-editor\" data-id=\"7ae096e\" data-element_type=\"widget\" data-e-type=\"widget\" data-widget_type=\"text-editor.default\">\n\t\t\t\t<div class=\"elementor-widget-container\">\n\t\t\t\t\t\t\t\t\t<p>Puede gestionar sus preferencias de cookies haciendo clic en el bot\u00f3n \u00abConfiguraci\u00f3n\u00bb y activar o desactivar las categor\u00edas de cookies en la ventana emergente, seg\u00fan sus preferencias.<\/p>\n<p>Si decide cambiar sus preferencias m\u00e1s adelante a trav\u00e9s de la sesi\u00f3n de navegaci\u00f3n, puede hacer clic en la pesta\u00f1a \u00abPol\u00edtica de privacidad y cookies\u00bb de la pantalla. Se mostrar\u00e1 de nuevo el aviso de consentimiento que le permitir\u00e1 cambiar sus preferencias o retirar el consentimiento por completo.<\/p>\n<p>Adem\u00e1s, diferentes navegadores proporcionan m\u00e9todos diferentes para bloquear y eliminar las cookies que utilizan los sitios web. Puede cambiar la configuraci\u00f3n de su navegador para bloquear\/eliminar las cookies. Para obtener m\u00e1s informaci\u00f3n sobre c\u00f3mo gestionar y eliminar las cookies, visite <a href=\"https:\/\/en.wikipedia.org\/wiki\/HTTP_cookie\" target=\"_blank\" rel=\"nofollow noopener\">wikipedia.org<\/a>, <a href=\"http:\/\/www.allaboutcookies.org\/\" target=\"_blank\" rel=\"nofollow noopener\">www.allaboutcookies.org.<\/a><\/p>\n\t\t\t\t\t\t\t\t<\/div>\n\t\t\t\t<\/div>\n\t\t\t\t\t<\/div>\n\t\t<\/div>\n\t\t\t\t\t<\/div>\n\t\t<\/section>\n\t\t\t\t<\/div>\n\t\t","protected":false},"excerpt":{"rendered":"<p>Pol\u00edtica de cookies Sobre esta pol\u00edtica de cookies. Esta pol\u00edtica de cookies explica qu\u00e9 son las cookies y c\u00f3mo las utilizamos. Debe leer esta pol\u00edtica para entender qu\u00e9 son las cookies, como las usamos y los tipos de cookies que utilizamos. Es decir, la informaci\u00f3n que recopilamos mediante cookies, c\u00f3mo se utiliza esta informaci\u00f3n y [&hellip;]<\/p>\n","protected":false},"author":1,"featured_media":0,"parent":0,"menu_order":0,"comment_status":"closed","ping_status":"closed","template":"","meta":{"_acf_changed":false,"inline_featured_image":false,"footnotes":""},"class_list":["post-5629","page","type-page","status-publish","hentry"],"acf":[],"yoast_head":"<!-- This site is optimized with the Yoast SEO plugin v27.5 - https:\/\/yoast.com\/product\/yoast-seo-wordpress\/ -->\n<title>Pol\u00edtica de cookies - Casa arena<\/title>\n<meta name=\"robots\" content=\"index, follow, max-snippet:-1, max-image-preview:large, max-video-preview:-1\" \/>\n<link rel=\"canonical\" href=\"https:\/\/casaarena.eu\/es\/politica-de-cookies\/\" \/>\n<meta property=\"og:locale\" content=\"es_ES\" \/>\n<meta property=\"og:type\" content=\"article\" \/>\n<meta property=\"og:title\" content=\"Pol\u00edtica de cookies - Casa arena\" \/>\n<meta property=\"og:description\" content=\"Pol\u00edtica de cookies Sobre esta pol\u00edtica de cookies. Esta pol\u00edtica de cookies explica qu\u00e9 son las cookies y c\u00f3mo las utilizamos. Debe leer esta pol\u00edtica para entender qu\u00e9 son las cookies, como las usamos y los tipos de cookies que utilizamos. Es decir, la informaci\u00f3n que recopilamos mediante cookies, c\u00f3mo se utiliza esta informaci\u00f3n y [&hellip;]\" \/>\n<meta property=\"og:url\" content=\"https:\/\/casaarena.eu\/es\/politica-de-cookies\/\" \/>\n<meta property=\"og:site_name\" content=\"Casa arena\" \/>\n<meta property=\"article:modified_time\" content=\"2023-06-19T07:43:18+00:00\" \/>\n<meta property=\"og:image\" content=\"http:\/\/casaarena.eu\/wp-content\/uploads\/2020\/07\/Captura-de-pantalla-2020-07-22-a-las-9.40.00-e1600333340368.png\" \/>\n<meta name=\"twitter:card\" content=\"summary_large_image\" \/>\n<meta name=\"twitter:label1\" content=\"Tiempo de lectura\" \/>\n\t<meta name=\"twitter:data1\" content=\"5 minutos\" \/>\n<script type=\"application\/ld+json\" class=\"yoast-schema-graph\">{\"@context\":\"https:\\\/\\\/schema.org\",\"@graph\":[{\"@type\":\"WebPage\",\"@id\":\"https:\\\/\\\/casaarena.eu\\\/es\\\/politica-de-cookies\\\/\",\"url\":\"https:\\\/\\\/casaarena.eu\\\/es\\\/politica-de-cookies\\\/\",\"name\":\"Pol\u00edtica de cookies - Casa arena\",\"isPartOf\":{\"@id\":\"https:\\\/\\\/casaarena.eu\\\/es\\\/#website\"},\"primaryImageOfPage\":{\"@id\":\"https:\\\/\\\/casaarena.eu\\\/es\\\/politica-de-cookies\\\/#primaryimage\"},\"image\":{\"@id\":\"https:\\\/\\\/casaarena.eu\\\/es\\\/politica-de-cookies\\\/#primaryimage\"},\"thumbnailUrl\":\"http:\\\/\\\/casaarena.eu\\\/wp-content\\\/uploads\\\/2020\\\/07\\\/Captura-de-pantalla-2020-07-22-a-las-9.40.00-e1600333340368.png\",\"datePublished\":\"2021-07-07T11:17:11+00:00\",\"dateModified\":\"2023-06-19T07:43:18+00:00\",\"breadcrumb\":{\"@id\":\"https:\\\/\\\/casaarena.eu\\\/es\\\/politica-de-cookies\\\/#breadcrumb\"},\"inLanguage\":\"es\",\"potentialAction\":[{\"@type\":\"ReadAction\",\"target\":[\"https:\\\/\\\/casaarena.eu\\\/es\\\/politica-de-cookies\\\/\"]}]},{\"@type\":\"ImageObject\",\"inLanguage\":\"es\",\"@id\":\"https:\\\/\\\/casaarena.eu\\\/es\\\/politica-de-cookies\\\/#primaryimage\",\"url\":\"http:\\\/\\\/casaarena.eu\\\/wp-content\\\/uploads\\\/2020\\\/07\\\/Captura-de-pantalla-2020-07-22-a-las-9.40.00-e1600333340368.png\",\"contentUrl\":\"http:\\\/\\\/casaarena.eu\\\/wp-content\\\/uploads\\\/2020\\\/07\\\/Captura-de-pantalla-2020-07-22-a-las-9.40.00-e1600333340368.png\"},{\"@type\":\"BreadcrumbList\",\"@id\":\"https:\\\/\\\/casaarena.eu\\\/es\\\/politica-de-cookies\\\/#breadcrumb\",\"itemListElement\":[{\"@type\":\"ListItem\",\"position\":1,\"name\":\"Portada\",\"item\":\"https:\\\/\\\/casaarena.eu\\\/\"},{\"@type\":\"ListItem\",\"position\":2,\"name\":\"Pol\u00edtica de cookies\"}]},{\"@type\":\"WebSite\",\"@id\":\"https:\\\/\\\/casaarena.eu\\\/es\\\/#website\",\"url\":\"https:\\\/\\\/casaarena.eu\\\/es\\\/\",\"name\":\"Casa arena\",\"description\":\"Casa Arena Wordpress Site\",\"publisher\":{\"@id\":\"https:\\\/\\\/casaarena.eu\\\/es\\\/#organization\"},\"potentialAction\":[{\"@type\":\"SearchAction\",\"target\":{\"@type\":\"EntryPoint\",\"urlTemplate\":\"https:\\\/\\\/casaarena.eu\\\/es\\\/?s={search_term_string}\"},\"query-input\":{\"@type\":\"PropertyValueSpecification\",\"valueRequired\":true,\"valueName\":\"search_term_string\"}}],\"inLanguage\":\"es\"},{\"@type\":\"Organization\",\"@id\":\"https:\\\/\\\/casaarena.eu\\\/es\\\/#organization\",\"name\":\"Casa arena\",\"url\":\"https:\\\/\\\/casaarena.eu\\\/es\\\/\",\"logo\":{\"@type\":\"ImageObject\",\"inLanguage\":\"es\",\"@id\":\"https:\\\/\\\/casaarena.eu\\\/es\\\/#\\\/schema\\\/logo\\\/image\\\/\",\"url\":\"https:\\\/\\\/casaarena.eu\\\/wp-content\\\/uploads\\\/2020\\\/06\\\/cropped-CasaArena_Logotip_Web-2.png\",\"contentUrl\":\"https:\\\/\\\/casaarena.eu\\\/wp-content\\\/uploads\\\/2020\\\/06\\\/cropped-CasaArena_Logotip_Web-2.png\",\"width\":997,\"height\":613,\"caption\":\"Casa arena\"},\"image\":{\"@id\":\"https:\\\/\\\/casaarena.eu\\\/es\\\/#\\\/schema\\\/logo\\\/image\\\/\"},\"sameAs\":[\"https:\\\/\\\/www.instagram.com\\\/casaarena_eu\\\/\"]}]}<\/script>\n<!-- \/ Yoast SEO plugin. -->","yoast_head_json":{"title":"Pol\u00edtica de cookies - Casa arena","robots":{"index":"index","follow":"follow","max-snippet":"max-snippet:-1","max-image-preview":"max-image-preview:large","max-video-preview":"max-video-preview:-1"},"canonical":"https:\/\/casaarena.eu\/es\/politica-de-cookies\/","og_locale":"es_ES","og_type":"article","og_title":"Pol\u00edtica de cookies - Casa arena","og_description":"Pol\u00edtica de cookies Sobre esta pol\u00edtica de cookies. Esta pol\u00edtica de cookies explica qu\u00e9 son las cookies y c\u00f3mo las utilizamos. Debe leer esta pol\u00edtica para entender qu\u00e9 son las cookies, como las usamos y los tipos de cookies que utilizamos. Es decir, la informaci\u00f3n que recopilamos mediante cookies, c\u00f3mo se utiliza esta informaci\u00f3n y [&hellip;]","og_url":"https:\/\/casaarena.eu\/es\/politica-de-cookies\/","og_site_name":"Casa arena","article_modified_time":"2023-06-19T07:43:18+00:00","og_image":[{"url":"http:\/\/casaarena.eu\/wp-content\/uploads\/2020\/07\/Captura-de-pantalla-2020-07-22-a-las-9.40.00-e1600333340368.png","type":"","width":"","height":""}],"twitter_card":"summary_large_image","twitter_misc":{"Tiempo de lectura":"5 minutos"},"schema":{"@context":"https:\/\/schema.org","@graph":[{"@type":"WebPage","@id":"https:\/\/casaarena.eu\/es\/politica-de-cookies\/","url":"https:\/\/casaarena.eu\/es\/politica-de-cookies\/","name":"Pol\u00edtica de cookies - Casa arena","isPartOf":{"@id":"https:\/\/casaarena.eu\/es\/#website"},"primaryImageOfPage":{"@id":"https:\/\/casaarena.eu\/es\/politica-de-cookies\/#primaryimage"},"image":{"@id":"https:\/\/casaarena.eu\/es\/politica-de-cookies\/#primaryimage"},"thumbnailUrl":"http:\/\/casaarena.eu\/wp-content\/uploads\/2020\/07\/Captura-de-pantalla-2020-07-22-a-las-9.40.00-e1600333340368.png","datePublished":"2021-07-07T11:17:11+00:00","dateModified":"2023-06-19T07:43:18+00:00","breadcrumb":{"@id":"https:\/\/casaarena.eu\/es\/politica-de-cookies\/#breadcrumb"},"inLanguage":"es","potentialAction":[{"@type":"ReadAction","target":["https:\/\/casaarena.eu\/es\/politica-de-cookies\/"]}]},{"@type":"ImageObject","inLanguage":"es","@id":"https:\/\/casaarena.eu\/es\/politica-de-cookies\/#primaryimage","url":"http:\/\/casaarena.eu\/wp-content\/uploads\/2020\/07\/Captura-de-pantalla-2020-07-22-a-las-9.40.00-e1600333340368.png","contentUrl":"http:\/\/casaarena.eu\/wp-content\/uploads\/2020\/07\/Captura-de-pantalla-2020-07-22-a-las-9.40.00-e1600333340368.png"},{"@type":"BreadcrumbList","@id":"https:\/\/casaarena.eu\/es\/politica-de-cookies\/#breadcrumb","itemListElement":[{"@type":"ListItem","position":1,"name":"Portada","item":"https:\/\/casaarena.eu\/"},{"@type":"ListItem","position":2,"name":"Pol\u00edtica de cookies"}]},{"@type":"WebSite","@id":"https:\/\/casaarena.eu\/es\/#website","url":"https:\/\/casaarena.eu\/es\/","name":"Casa arena","description":"Casa Arena Wordpress Site","publisher":{"@id":"https:\/\/casaarena.eu\/es\/#organization"},"potentialAction":[{"@type":"SearchAction","target":{"@type":"EntryPoint","urlTemplate":"https:\/\/casaarena.eu\/es\/?s={search_term_string}"},"query-input":{"@type":"PropertyValueSpecification","valueRequired":true,"valueName":"search_term_string"}}],"inLanguage":"es"},{"@type":"Organization","@id":"https:\/\/casaarena.eu\/es\/#organization","name":"Casa arena","url":"https:\/\/casaarena.eu\/es\/","logo":{"@type":"ImageObject","inLanguage":"es","@id":"https:\/\/casaarena.eu\/es\/#\/schema\/logo\/image\/","url":"https:\/\/casaarena.eu\/wp-content\/uploads\/2020\/06\/cropped-CasaArena_Logotip_Web-2.png","contentUrl":"https:\/\/casaarena.eu\/wp-content\/uploads\/2020\/06\/cropped-CasaArena_Logotip_Web-2.png","width":997,"height":613,"caption":"Casa arena"},"image":{"@id":"https:\/\/casaarena.eu\/es\/#\/schema\/logo\/image\/"},"sameAs":["https:\/\/www.instagram.com\/casaarena_eu\/"]}]}},"_links":{"self":[{"href":"https:\/\/casaarena.eu\/es\/wp-json\/wp\/v2\/pages\/5629","targetHints":{"allow":["GET"]}}],"collection":[{"href":"https:\/\/casaarena.eu\/es\/wp-json\/wp\/v2\/pages"}],"about":[{"href":"https:\/\/casaarena.eu\/es\/wp-json\/wp\/v2\/types\/page"}],"author":[{"embeddable":true,"href":"https:\/\/casaarena.eu\/es\/wp-json\/wp\/v2\/users\/1"}],"replies":[{"embeddable":true,"href":"https:\/\/casaarena.eu\/es\/wp-json\/wp\/v2\/comments?post=5629"}],"version-history":[{"count":4,"href":"https:\/\/casaarena.eu\/es\/wp-json\/wp\/v2\/pages\/5629\/revisions"}],"predecessor-version":[{"id":10941,"href":"https:\/\/casaarena.eu\/es\/wp-json\/wp\/v2\/pages\/5629\/revisions\/10941"}],"wp:attachment":[{"href":"https:\/\/casaarena.eu\/es\/wp-json\/wp\/v2\/media?parent=5629"}],"curies":[{"name":"wp","href":"https:\/\/api.w.org\/{rel}","templated":true}]}}