{"id":5565,"date":"2021-07-07T11:17:07","date_gmt":"2021-07-07T11:17:07","guid":{"rendered":"https:\/\/www.casaarena.eu\/nosotros\/"},"modified":"2024-03-04T11:30:46","modified_gmt":"2024-03-04T11:30:46","slug":"nosotros","status":"publish","type":"page","link":"https:\/\/casaarena.eu\/es\/nosotros\/","title":{"rendered":"Nosotros"},"content":{"rendered":"\t\t<div data-elementor-type=\"wp-page\" data-elementor-id=\"5565\" class=\"elementor elementor-5565 elementor-2181\">\n\t\t\t\t\t\t<section class=\"elementor-section elementor-top-section elementor-element elementor-element-ffa56c8 elementor-section-stretched elementor-section-full_width elementor-section-height-default elementor-section-height-default\" data-id=\"ffa56c8\" data-element_type=\"section\" data-e-type=\"section\" data-settings=\"{&quot;stretch_section&quot;:&quot;section-stretched&quot;}\">\n\t\t\t\t\t\t<div class=\"elementor-container elementor-column-gap-default\">\n\t\t\t\t\t<div class=\"elementor-column elementor-col-100 elementor-top-column elementor-element elementor-element-d1b9c5c\" data-id=\"d1b9c5c\" data-element_type=\"column\" data-e-type=\"column\">\n\t\t\t<div class=\"elementor-widget-wrap elementor-element-populated\">\n\t\t\t\t\t\t<div class=\"elementor-element elementor-element-5cd3601 elementor-widget elementor-widget-image\" data-id=\"5cd3601\" data-element_type=\"widget\" data-e-type=\"widget\" data-widget_type=\"image.default\">\n\t\t\t\t<div class=\"elementor-widget-container\">\n\t\t\t\t\t\t\t\t\t\t\t\t\t\t\t<img fetchpriority=\"high\" decoding=\"async\" width=\"746\" height=\"116\" src=\"https:\/\/casaarena.eu\/wp-content\/uploads\/2020\/12\/shutterstock_137475374-2-1.png\" class=\"attachment-large size-large wp-image-2824\" alt=\"\" \/>\t\t\t\t\t\t\t\t\t\t\t\t\t\t\t<\/div>\n\t\t\t\t<\/div>\n\t\t\t\t\t<\/div>\n\t\t<\/div>\n\t\t\t\t\t<\/div>\n\t\t<\/section>\n\t\t\t\t<section class=\"elementor-section elementor-top-section elementor-element elementor-element-6c9e5c21 elementor-section-boxed elementor-section-height-default elementor-section-height-default\" data-id=\"6c9e5c21\" data-element_type=\"section\" data-e-type=\"section\" data-settings=\"{&quot;background_background&quot;:&quot;classic&quot;}\">\n\t\t\t\t\t\t<div class=\"elementor-container elementor-column-gap-default\">\n\t\t\t\t\t<div class=\"elementor-column elementor-col-100 elementor-top-column elementor-element elementor-element-25a4954c\" data-id=\"25a4954c\" data-element_type=\"column\" data-e-type=\"column\">\n\t\t\t<div class=\"elementor-widget-wrap elementor-element-populated\">\n\t\t\t\t\t\t<div class=\"elementor-element elementor-element-17604878 elementor-widget elementor-widget-heading\" data-id=\"17604878\" data-element_type=\"widget\" data-e-type=\"widget\" data-widget_type=\"heading.default\">\n\t\t\t\t<div class=\"elementor-widget-container\">\n\t\t\t\t\t<h2 class=\"elementor-heading-title elementor-size-default\">Nosotros<\/h2>\t\t\t\t<\/div>\n\t\t\t\t<\/div>\n\t\t\t\t\t<\/div>\n\t\t<\/div>\n\t\t\t\t\t<\/div>\n\t\t<\/section>\n\t\t\t\t<section class=\"elementor-section elementor-top-section elementor-element elementor-element-7e784e76 elementor-section-stretched elementor-section-content-middle elementor-section-boxed elementor-section-height-default elementor-section-height-default\" data-id=\"7e784e76\" data-element_type=\"section\" data-e-type=\"section\" data-settings=\"{&quot;stretch_section&quot;:&quot;section-stretched&quot;,&quot;background_background&quot;:&quot;classic&quot;}\">\n\t\t\t\t\t\t<div class=\"elementor-container elementor-column-gap-default\">\n\t\t\t\t\t<div class=\"elementor-column elementor-col-50 elementor-top-column elementor-element elementor-element-33fbb5d0\" data-id=\"33fbb5d0\" data-element_type=\"column\" data-e-type=\"column\">\n\t\t\t<div class=\"elementor-widget-wrap elementor-element-populated\">\n\t\t\t\t\t\t<div class=\"elementor-element elementor-element-6d3419cc elementor-widget elementor-widget-image\" data-id=\"6d3419cc\" data-element_type=\"widget\" data-e-type=\"widget\" data-widget_type=\"image.default\">\n\t\t\t\t<div class=\"elementor-widget-container\">\n\t\t\t\t\t\t\t\t\t\t\t\t\t\t\t<img decoding=\"async\" width=\"746\" height=\"1082\" src=\"https:\/\/casaarena.eu\/wp-content\/uploads\/2020\/07\/Artboard-Copy.jpg\" class=\"attachment-medium_large size-medium_large wp-image-731\" alt=\"\" \/>\t\t\t\t\t\t\t\t\t\t\t\t\t\t\t<\/div>\n\t\t\t\t<\/div>\n\t\t\t\t\t<\/div>\n\t\t<\/div>\n\t\t\t\t<div class=\"elementor-column elementor-col-50 elementor-top-column elementor-element elementor-element-2ade1923\" data-id=\"2ade1923\" data-element_type=\"column\" data-e-type=\"column\" data-settings=\"{&quot;background_background&quot;:&quot;classic&quot;}\">\n\t\t\t<div class=\"elementor-widget-wrap elementor-element-populated\">\n\t\t\t\t\t\t<div class=\"elementor-element elementor-element-4f5ed2f7 elementor-widget elementor-widget-text-editor\" data-id=\"4f5ed2f7\" data-element_type=\"widget\" data-e-type=\"widget\" data-widget_type=\"text-editor.default\">\n\t\t\t\t<div class=\"elementor-widget-container\">\n\t\t\t\t\t\t\t\t\t<h4>Sea parte del sue\u00f1o<\/h4>\n\t\t\t\t\t\t\t\t<\/div>\n\t\t\t\t<\/div>\n\t\t\t\t<div class=\"elementor-element elementor-element-31245c4f elementor-widget elementor-widget-text-editor\" data-id=\"31245c4f\" data-element_type=\"widget\" data-e-type=\"widget\" data-widget_type=\"text-editor.default\">\n\t\t\t\t<div class=\"elementor-widget-container\">\n\t\t\t\t\t\t\t\t\t<p style=\"text-align: left;\">Hace m\u00e1s de 30 a\u00f1os que disfrutamos de la Costa Brava. A lo largo del tiempo, hemos visto crecer la familia y nuestro amor por esta tierra y por el mar que nos rodean.<\/p>\n<p>Hemos llegado al convencimiento y nos hemos animado a crear un conjunto \u00fanico de apartamentos y casas tur\u00edsticas donde otras personas puedan alojarse y disfrutar como lo hemos hecho nosotros. \u00abSo\u00f1ad y os quedar\u00e9is cortos\u00bb, como sol\u00edan decir&#8230; \u00a1Y qu\u00e9 cortos!<\/p>\n<p>Ofrecemos m\u00e1s que un alojamiento; proponemos experiencias locales, genuinas e inolvidables. Esto es lo que nos hace distintos: antes, durante y despu\u00e9s de la estancia, el visitante puede planear y disfrutar de muchos servicios que completar\u00e1n su experiencia.<\/p>\n<p>Reg\u00e1lese unos d\u00edas de descanso y desconexi\u00f3n en la Costa Brava. Venga con la familia. D\u00e9jese aconsejar por unos anfitriones expertos y a su disposici\u00f3n, que dar\u00e1n respuesta a todas las ideas que tenga en la cabeza.<\/p>\n<p>Los invitamos a seguirnos en <strong>Instagram<\/strong> y, si tienen alguna pregunta, no duden en ponerse en contacto con nosotros para hac\u00e9rnosla.<\/p>\n\t\t\t\t\t\t\t\t<\/div>\n\t\t\t\t<\/div>\n\t\t\t\t\t<\/div>\n\t\t<\/div>\n\t\t\t\t\t<\/div>\n\t\t<\/section>\n\t\t\t\t<section class=\"elementor-section elementor-top-section elementor-element elementor-element-d53162e elementor-section-stretched elementor-section-content-middle elementor-section-boxed elementor-section-height-default elementor-section-height-default\" data-id=\"d53162e\" data-element_type=\"section\" data-e-type=\"section\" data-settings=\"{&quot;stretch_section&quot;:&quot;section-stretched&quot;,&quot;background_background&quot;:&quot;classic&quot;}\">\n\t\t\t\t\t\t<div class=\"elementor-container elementor-column-gap-default\">\n\t\t\t\t\t<div class=\"elementor-column elementor-col-50 elementor-top-column elementor-element elementor-element-02d7fa9\" data-id=\"02d7fa9\" data-element_type=\"column\" data-e-type=\"column\">\n\t\t\t<div class=\"elementor-widget-wrap elementor-element-populated\">\n\t\t\t\t\t\t<div class=\"elementor-element elementor-element-20b36ab elementor-widget elementor-widget-text-editor\" data-id=\"20b36ab\" data-element_type=\"widget\" data-e-type=\"widget\" data-widget_type=\"text-editor.default\">\n\t\t\t\t<div class=\"elementor-widget-container\">\n\t\t\t\t\t\t\t\t\t<h4>Este es el origen y la historia de Casa Arena<\/h4>\n\t\t\t\t\t\t\t\t<\/div>\n\t\t\t\t<\/div>\n\t\t\t\t<div class=\"elementor-element elementor-element-e94bc61 elementor-widget elementor-widget-text-editor\" data-id=\"e94bc61\" data-element_type=\"widget\" data-e-type=\"widget\" data-widget_type=\"text-editor.default\">\n\t\t\t\t<div class=\"elementor-widget-container\">\n\t\t\t\t\t\t\t\t\t<p>Corr\u00eda el a\u00f1o 1997, en Cadaqu\u00e9s.<\/p>\n<p>La imagen que veis es la casa donde nuestros hijos iban a jugar. Un anexo de una casa abandonada que estaba m\u00e1s all\u00e1 de Ses Oliveres, en medio del camino que desemboca en la playa de S&#8217;aranella.<\/p>\n<p>La limpiaron, llevaron objetos de decoraci\u00f3n y entraban a escondidas cada d\u00eda para jugar un rato antes de volver a casa. En esta casa de pescadores es donde fundaron el <em>\u00abClub Secreto\u00bb<\/em> de Casa Arena.<\/p>\n<p>El esp\u00edritu era de total libertad y alegr\u00eda.<\/p>\n\t\t\t\t\t\t\t\t<\/div>\n\t\t\t\t<\/div>\n\t\t\t\t\t<\/div>\n\t\t<\/div>\n\t\t\t\t<div class=\"elementor-column elementor-col-50 elementor-top-column elementor-element elementor-element-c1fabaf\" data-id=\"c1fabaf\" data-element_type=\"column\" data-e-type=\"column\" data-settings=\"{&quot;background_background&quot;:&quot;classic&quot;}\">\n\t\t\t<div class=\"elementor-widget-wrap elementor-element-populated\">\n\t\t\t\t\t\t<div class=\"elementor-element elementor-element-1c014af elementor-widget elementor-widget-image\" data-id=\"1c014af\" data-element_type=\"widget\" data-e-type=\"widget\" data-widget_type=\"image.default\">\n\t\t\t\t<div class=\"elementor-widget-container\">\n\t\t\t\t\t\t\t\t\t\t\t\t\t\t\t<img decoding=\"async\" width=\"746\" height=\"761\" src=\"https:\/\/casaarena.eu\/wp-content\/uploads\/2021\/06\/WhatsApp-Image-2021-04-20-at-21.43.37-2.jpeg\" class=\"attachment-large size-large wp-image-4686\" alt=\"\" \/>\t\t\t\t\t\t\t\t\t\t\t\t\t\t\t<\/div>\n\t\t\t\t<\/div>\n\t\t\t\t\t<\/div>\n\t\t<\/div>\n\t\t\t\t\t<\/div>\n\t\t<\/section>\n\t\t\t\t<section class=\"elementor-section elementor-top-section elementor-element elementor-element-1f1932e elementor-section-stretched elementor-section-boxed elementor-section-height-default elementor-section-height-default\" data-id=\"1f1932e\" data-element_type=\"section\" data-e-type=\"section\" data-settings=\"{&quot;background_background&quot;:&quot;classic&quot;,&quot;stretch_section&quot;:&quot;section-stretched&quot;}\">\n\t\t\t\t\t\t\t<div class=\"elementor-background-overlay\"><\/div>\n\t\t\t\t\t\t\t<div class=\"elementor-container elementor-column-gap-default\">\n\t\t\t\t\t<div class=\"elementor-column elementor-col-100 elementor-top-column elementor-element elementor-element-d3e224f\" data-id=\"d3e224f\" data-element_type=\"column\" data-e-type=\"column\">\n\t\t\t<div class=\"elementor-widget-wrap elementor-element-populated\">\n\t\t\t\t\t\t<div class=\"elementor-element elementor-element-a9bdc4c elementor-hidden-phone elementor-widget elementor-widget-text-editor\" data-id=\"a9bdc4c\" data-element_type=\"widget\" data-e-type=\"widget\" data-widget_type=\"text-editor.default\">\n\t\t\t\t<div class=\"elementor-widget-container\">\n\t\t\t\t\t\t\t\t\t<h4><span style=\"color: #ffffff;\">Si tiene alguna duda o necesita aclaraci\u00f3n, p\u00f3ngase en contacto con nosotros. <br \/>Estaremos encantados de ayudarlo.<\/span><\/h4>\n\t\t\t\t\t\t\t\t<\/div>\n\t\t\t\t<\/div>\n\t\t\t\t<div class=\"elementor-element elementor-element-f6a8191 elementor-hidden-desktop elementor-hidden-tablet elementor-widget elementor-widget-text-editor\" data-id=\"f6a8191\" data-element_type=\"widget\" data-e-type=\"widget\" data-widget_type=\"text-editor.default\">\n\t\t\t\t<div class=\"elementor-widget-container\">\n\t\t\t\t\t\t\t\t\t<h4><span style=\"color: #ffffff;\">Si tiene alguna duda o necesita aclaraci\u00f3n, p\u00f3ngase en contacto con nosotros. Estaremos encantados de ayudarlo.<\/span><\/h4>\n\t\t\t\t\t\t\t\t<\/div>\n\t\t\t\t<\/div>\n\t\t\t\t<div class=\"elementor-element elementor-element-2251d8f elementor-align-center elementor-widget elementor-widget-button\" data-id=\"2251d8f\" data-element_type=\"widget\" data-e-type=\"widget\" data-widget_type=\"button.default\">\n\t\t\t\t<div class=\"elementor-widget-container\">\n\t\t\t\t\t\t\t\t\t<div class=\"elementor-button-wrapper\">\n\t\t\t\t\t<a class=\"elementor-button elementor-button-link elementor-size-sm\" href=\"\/es\/contacta-con-nosotros\/\">\n\t\t\t\t\t\t<span class=\"elementor-button-content-wrapper\">\n\t\t\t\t\t\t\t\t\t<span class=\"elementor-button-text\">Cons\u00faltenos<\/span>\n\t\t\t\t\t<\/span>\n\t\t\t\t\t<\/a>\n\t\t\t\t<\/div>\n\t\t\t\t\t\t\t\t<\/div>\n\t\t\t\t<\/div>\n\t\t\t\t\t<\/div>\n\t\t<\/div>\n\t\t\t\t\t<\/div>\n\t\t<\/section>\n\t\t\t\t<\/div>\n\t\t","protected":false},"excerpt":{"rendered":"<p>Nosotros Sea parte del sue\u00f1o Hace m\u00e1s de 30 a\u00f1os que disfrutamos de la Costa Brava. A lo largo del tiempo, hemos visto crecer la familia y nuestro amor por esta tierra y por el mar que nos rodean. Hemos llegado al convencimiento y nos hemos animado a crear un conjunto \u00fanico de apartamentos y [&hellip;]<\/p>\n","protected":false},"author":1,"featured_media":0,"parent":0,"menu_order":0,"comment_status":"closed","ping_status":"closed","template":"","meta":{"_acf_changed":false,"inline_featured_image":false,"footnotes":""},"class_list":["post-5565","page","type-page","status-publish","hentry"],"acf":[],"yoast_head":"<!-- This site is optimized with the Yoast SEO plugin v27.5 - https:\/\/yoast.com\/product\/yoast-seo-wordpress\/ -->\n<title>Alojamientos en la Costa Brava - Casa Arena<\/title>\n<meta name=\"description\" content=\"Reserva el apartamento que mejor se adapte a tus gustos. Disponemos de 6 apartamentos diferentes situados en la Costa Brava. \u00a1Entra ya!\" \/>\n<meta name=\"robots\" content=\"index, follow, max-snippet:-1, max-image-preview:large, max-video-preview:-1\" \/>\n<link rel=\"canonical\" href=\"https:\/\/casaarena.eu\/nosaltres\/\" \/>\n<meta property=\"og:locale\" content=\"es_ES\" \/>\n<meta property=\"og:type\" content=\"article\" \/>\n<meta property=\"og:title\" content=\"Alojamientos en la Costa Brava - Casa Arena\" \/>\n<meta property=\"og:description\" content=\"Reserva el apartamento que mejor se adapte a tus gustos. Disponemos de 6 apartamentos diferentes situados en la Costa Brava. \u00a1Entra ya!\" \/>\n<meta property=\"og:url\" content=\"https:\/\/casaarena.eu\/nosaltres\/\" \/>\n<meta property=\"og:site_name\" content=\"Casa arena\" \/>\n<meta property=\"article:modified_time\" content=\"2024-03-04T11:30:46+00:00\" \/>\n<meta property=\"og:image\" content=\"http:\/\/casaarena.eu\/wp-content\/uploads\/2020\/12\/shutterstock_137475374-2-1.png\" \/>\n<meta name=\"twitter:card\" content=\"summary_large_image\" \/>\n<meta name=\"twitter:label1\" content=\"Tiempo de lectura\" \/>\n\t<meta name=\"twitter:data1\" content=\"2 minutos\" \/>\n<script type=\"application\/ld+json\" class=\"yoast-schema-graph\">{\"@context\":\"https:\\\/\\\/schema.org\",\"@graph\":[{\"@type\":\"WebPage\",\"@id\":\"https:\\\/\\\/casaarena.eu\\\/nosaltres\\\/\",\"url\":\"https:\\\/\\\/casaarena.eu\\\/nosaltres\\\/\",\"name\":\"Alojamientos en la Costa Brava - Casa Arena\",\"isPartOf\":{\"@id\":\"https:\\\/\\\/casaarena.eu\\\/es\\\/#website\"},\"primaryImageOfPage\":{\"@id\":\"https:\\\/\\\/casaarena.eu\\\/nosaltres\\\/#primaryimage\"},\"image\":{\"@id\":\"https:\\\/\\\/casaarena.eu\\\/nosaltres\\\/#primaryimage\"},\"thumbnailUrl\":\"http:\\\/\\\/casaarena.eu\\\/wp-content\\\/uploads\\\/2020\\\/12\\\/shutterstock_137475374-2-1.png\",\"datePublished\":\"2021-07-07T11:17:07+00:00\",\"dateModified\":\"2024-03-04T11:30:46+00:00\",\"description\":\"Reserva el apartamento que mejor se adapte a tus gustos. Disponemos de 6 apartamentos diferentes situados en la Costa Brava. \u00a1Entra ya!\",\"breadcrumb\":{\"@id\":\"https:\\\/\\\/casaarena.eu\\\/nosaltres\\\/#breadcrumb\"},\"inLanguage\":\"es\",\"potentialAction\":[{\"@type\":\"ReadAction\",\"target\":[\"https:\\\/\\\/casaarena.eu\\\/nosaltres\\\/\"]}]},{\"@type\":\"ImageObject\",\"inLanguage\":\"es\",\"@id\":\"https:\\\/\\\/casaarena.eu\\\/nosaltres\\\/#primaryimage\",\"url\":\"http:\\\/\\\/casaarena.eu\\\/wp-content\\\/uploads\\\/2020\\\/12\\\/shutterstock_137475374-2-1.png\",\"contentUrl\":\"http:\\\/\\\/casaarena.eu\\\/wp-content\\\/uploads\\\/2020\\\/12\\\/shutterstock_137475374-2-1.png\"},{\"@type\":\"BreadcrumbList\",\"@id\":\"https:\\\/\\\/casaarena.eu\\\/nosaltres\\\/#breadcrumb\",\"itemListElement\":[{\"@type\":\"ListItem\",\"position\":1,\"name\":\"Portada\",\"item\":\"https:\\\/\\\/casaarena.eu\\\/\"},{\"@type\":\"ListItem\",\"position\":2,\"name\":\"Nosotros\"}]},{\"@type\":\"WebSite\",\"@id\":\"https:\\\/\\\/casaarena.eu\\\/es\\\/#website\",\"url\":\"https:\\\/\\\/casaarena.eu\\\/es\\\/\",\"name\":\"Casa arena\",\"description\":\"Casa Arena Wordpress Site\",\"publisher\":{\"@id\":\"https:\\\/\\\/casaarena.eu\\\/es\\\/#organization\"},\"potentialAction\":[{\"@type\":\"SearchAction\",\"target\":{\"@type\":\"EntryPoint\",\"urlTemplate\":\"https:\\\/\\\/casaarena.eu\\\/es\\\/?s={search_term_string}\"},\"query-input\":{\"@type\":\"PropertyValueSpecification\",\"valueRequired\":true,\"valueName\":\"search_term_string\"}}],\"inLanguage\":\"es\"},{\"@type\":\"Organization\",\"@id\":\"https:\\\/\\\/casaarena.eu\\\/es\\\/#organization\",\"name\":\"Casa arena\",\"url\":\"https:\\\/\\\/casaarena.eu\\\/es\\\/\",\"logo\":{\"@type\":\"ImageObject\",\"inLanguage\":\"es\",\"@id\":\"https:\\\/\\\/casaarena.eu\\\/es\\\/#\\\/schema\\\/logo\\\/image\\\/\",\"url\":\"https:\\\/\\\/casaarena.eu\\\/wp-content\\\/uploads\\\/2020\\\/06\\\/cropped-CasaArena_Logotip_Web-2.png\",\"contentUrl\":\"https:\\\/\\\/casaarena.eu\\\/wp-content\\\/uploads\\\/2020\\\/06\\\/cropped-CasaArena_Logotip_Web-2.png\",\"width\":997,\"height\":613,\"caption\":\"Casa arena\"},\"image\":{\"@id\":\"https:\\\/\\\/casaarena.eu\\\/es\\\/#\\\/schema\\\/logo\\\/image\\\/\"},\"sameAs\":[\"https:\\\/\\\/www.instagram.com\\\/casaarena_eu\\\/\"]}]}<\/script>\n<!-- \/ Yoast SEO plugin. -->","yoast_head_json":{"title":"Alojamientos en la Costa Brava - Casa Arena","description":"Reserva el apartamento que mejor se adapte a tus gustos. Disponemos de 6 apartamentos diferentes situados en la Costa Brava. \u00a1Entra ya!","robots":{"index":"index","follow":"follow","max-snippet":"max-snippet:-1","max-image-preview":"max-image-preview:large","max-video-preview":"max-video-preview:-1"},"canonical":"https:\/\/casaarena.eu\/nosaltres\/","og_locale":"es_ES","og_type":"article","og_title":"Alojamientos en la Costa Brava - Casa Arena","og_description":"Reserva el apartamento que mejor se adapte a tus gustos. Disponemos de 6 apartamentos diferentes situados en la Costa Brava. \u00a1Entra ya!","og_url":"https:\/\/casaarena.eu\/nosaltres\/","og_site_name":"Casa arena","article_modified_time":"2024-03-04T11:30:46+00:00","og_image":[{"url":"http:\/\/casaarena.eu\/wp-content\/uploads\/2020\/12\/shutterstock_137475374-2-1.png","type":"","width":"","height":""}],"twitter_card":"summary_large_image","twitter_misc":{"Tiempo de lectura":"2 minutos"},"schema":{"@context":"https:\/\/schema.org","@graph":[{"@type":"WebPage","@id":"https:\/\/casaarena.eu\/nosaltres\/","url":"https:\/\/casaarena.eu\/nosaltres\/","name":"Alojamientos en la Costa Brava - Casa Arena","isPartOf":{"@id":"https:\/\/casaarena.eu\/es\/#website"},"primaryImageOfPage":{"@id":"https:\/\/casaarena.eu\/nosaltres\/#primaryimage"},"image":{"@id":"https:\/\/casaarena.eu\/nosaltres\/#primaryimage"},"thumbnailUrl":"http:\/\/casaarena.eu\/wp-content\/uploads\/2020\/12\/shutterstock_137475374-2-1.png","datePublished":"2021-07-07T11:17:07+00:00","dateModified":"2024-03-04T11:30:46+00:00","description":"Reserva el apartamento que mejor se adapte a tus gustos. Disponemos de 6 apartamentos diferentes situados en la Costa Brava. \u00a1Entra ya!","breadcrumb":{"@id":"https:\/\/casaarena.eu\/nosaltres\/#breadcrumb"},"inLanguage":"es","potentialAction":[{"@type":"ReadAction","target":["https:\/\/casaarena.eu\/nosaltres\/"]}]},{"@type":"ImageObject","inLanguage":"es","@id":"https:\/\/casaarena.eu\/nosaltres\/#primaryimage","url":"http:\/\/casaarena.eu\/wp-content\/uploads\/2020\/12\/shutterstock_137475374-2-1.png","contentUrl":"http:\/\/casaarena.eu\/wp-content\/uploads\/2020\/12\/shutterstock_137475374-2-1.png"},{"@type":"BreadcrumbList","@id":"https:\/\/casaarena.eu\/nosaltres\/#breadcrumb","itemListElement":[{"@type":"ListItem","position":1,"name":"Portada","item":"https:\/\/casaarena.eu\/"},{"@type":"ListItem","position":2,"name":"Nosotros"}]},{"@type":"WebSite","@id":"https:\/\/casaarena.eu\/es\/#website","url":"https:\/\/casaarena.eu\/es\/","name":"Casa arena","description":"Casa Arena Wordpress Site","publisher":{"@id":"https:\/\/casaarena.eu\/es\/#organization"},"potentialAction":[{"@type":"SearchAction","target":{"@type":"EntryPoint","urlTemplate":"https:\/\/casaarena.eu\/es\/?s={search_term_string}"},"query-input":{"@type":"PropertyValueSpecification","valueRequired":true,"valueName":"search_term_string"}}],"inLanguage":"es"},{"@type":"Organization","@id":"https:\/\/casaarena.eu\/es\/#organization","name":"Casa arena","url":"https:\/\/casaarena.eu\/es\/","logo":{"@type":"ImageObject","inLanguage":"es","@id":"https:\/\/casaarena.eu\/es\/#\/schema\/logo\/image\/","url":"https:\/\/casaarena.eu\/wp-content\/uploads\/2020\/06\/cropped-CasaArena_Logotip_Web-2.png","contentUrl":"https:\/\/casaarena.eu\/wp-content\/uploads\/2020\/06\/cropped-CasaArena_Logotip_Web-2.png","width":997,"height":613,"caption":"Casa arena"},"image":{"@id":"https:\/\/casaarena.eu\/es\/#\/schema\/logo\/image\/"},"sameAs":["https:\/\/www.instagram.com\/casaarena_eu\/"]}]}},"_links":{"self":[{"href":"https:\/\/casaarena.eu\/es\/wp-json\/wp\/v2\/pages\/5565","targetHints":{"allow":["GET"]}}],"collection":[{"href":"https:\/\/casaarena.eu\/es\/wp-json\/wp\/v2\/pages"}],"about":[{"href":"https:\/\/casaarena.eu\/es\/wp-json\/wp\/v2\/types\/page"}],"author":[{"embeddable":true,"href":"https:\/\/casaarena.eu\/es\/wp-json\/wp\/v2\/users\/1"}],"replies":[{"embeddable":true,"href":"https:\/\/casaarena.eu\/es\/wp-json\/wp\/v2\/comments?post=5565"}],"version-history":[{"count":10,"href":"https:\/\/casaarena.eu\/es\/wp-json\/wp\/v2\/pages\/5565\/revisions"}],"predecessor-version":[{"id":11945,"href":"https:\/\/casaarena.eu\/es\/wp-json\/wp\/v2\/pages\/5565\/revisions\/11945"}],"wp:attachment":[{"href":"https:\/\/casaarena.eu\/es\/wp-json\/wp\/v2\/media?parent=5565"}],"curies":[{"name":"wp","href":"https:\/\/api.w.org\/{rel}","templated":true}]}}