{"id":5155,"date":"2021-07-07T11:16:36","date_gmt":"2021-07-07T11:16:36","guid":{"rendered":"https:\/\/www.casaarena.eu\/opiniones\/"},"modified":"2023-06-19T07:14:43","modified_gmt":"2023-06-19T07:14:43","slug":"opiniones","status":"publish","type":"page","link":"https:\/\/casaarena.eu\/es\/opiniones\/","title":{"rendered":"Opiniones"},"content":{"rendered":"\t\t<div data-elementor-type=\"wp-page\" data-elementor-id=\"5155\" class=\"elementor elementor-5155 elementor-73\">\n\t\t\t\t\t\t<section class=\"elementor-section elementor-top-section elementor-element elementor-element-6ee6711e elementor-section-stretched elementor-section-full_width elementor-section-height-default elementor-section-height-default\" data-id=\"6ee6711e\" data-element_type=\"section\" data-e-type=\"section\" data-settings=\"{&quot;stretch_section&quot;:&quot;section-stretched&quot;}\">\n\t\t\t\t\t\t<div class=\"elementor-container elementor-column-gap-default\">\n\t\t\t\t\t<div class=\"elementor-column elementor-col-100 elementor-top-column elementor-element elementor-element-3a6ab9e2\" data-id=\"3a6ab9e2\" data-element_type=\"column\" data-e-type=\"column\">\n\t\t\t<div class=\"elementor-widget-wrap elementor-element-populated\">\n\t\t\t\t\t\t<div class=\"elementor-element elementor-element-41b9f3f2 elementor-widget elementor-widget-image\" data-id=\"41b9f3f2\" data-element_type=\"widget\" data-e-type=\"widget\" data-widget_type=\"image.default\">\n\t\t\t\t<div class=\"elementor-widget-container\">\n\t\t\t\t\t\t\t\t\t\t\t\t\t\t\t<img fetchpriority=\"high\" decoding=\"async\" width=\"3252\" height=\"504\" src=\"https:\/\/casaarena.eu\/wp-content\/uploads\/2020\/07\/Captura-de-pantalla-2020-07-22-a-las-9.40.00-e1600333340368.png\" class=\"attachment-full size-full wp-image-546\" alt=\"\" \/>\t\t\t\t\t\t\t\t\t\t\t\t\t\t\t<\/div>\n\t\t\t\t<\/div>\n\t\t\t\t\t<\/div>\n\t\t<\/div>\n\t\t\t\t\t<\/div>\n\t\t<\/section>\n\t\t\t\t<section class=\"elementor-section elementor-top-section elementor-element elementor-element-4aff8727 elementor-section-stretched elementor-section-boxed elementor-section-height-default elementor-section-height-default\" data-id=\"4aff8727\" data-element_type=\"section\" data-e-type=\"section\" data-settings=\"{&quot;stretch_section&quot;:&quot;section-stretched&quot;}\">\n\t\t\t\t\t\t<div class=\"elementor-container elementor-column-gap-default\">\n\t\t\t\t\t<div class=\"elementor-column elementor-col-100 elementor-top-column elementor-element elementor-element-74cb0ebd\" data-id=\"74cb0ebd\" data-element_type=\"column\" data-e-type=\"column\">\n\t\t\t<div class=\"elementor-widget-wrap elementor-element-populated\">\n\t\t\t\t\t\t<div class=\"elementor-element elementor-element-7634055 elementor-widget elementor-widget-heading\" data-id=\"7634055\" data-element_type=\"widget\" data-e-type=\"widget\" data-widget_type=\"heading.default\">\n\t\t\t\t<div class=\"elementor-widget-container\">\n\t\t\t\t\t<h2 class=\"elementor-heading-title elementor-size-default\">Opiniones<\/h2>\t\t\t\t<\/div>\n\t\t\t\t<\/div>\n\t\t\t\t<div class=\"elementor-element elementor-element-30a0eeb0 elementor-widget elementor-widget-shortcode\" data-id=\"30a0eeb0\" data-element_type=\"widget\" data-e-type=\"widget\" data-widget_type=\"shortcode.default\">\n\t\t\t\t<div class=\"elementor-widget-container\">\n\t\t\t\t\t\t\t<div class=\"elementor-shortcode\">\t\t<div class=\"testimonials-wrapper columns-1\">\r\n\t\t\n<article id=\"post-6897\" class=\"post-6897 cptp-testimonial type-cptp-testimonial status-publish hentry cptp-testimonial-category-llanca-grifeu-es\">\n    <div class=\"testimonial-wrapper\">\n        <div class=\"entry-content\">\n            <p>Un apartamento genial, con todas las comodidades y una decoraci\u00f3n con un gusto exquisito. Te sentir\u00e1s como en casa. Con detalles de hotel 5 estrellas. La zona es muy tranquila, ideal para descansar.<\/p>\n        <\/div><!-- .entry-content -->\n        <header class=\"entry-header\">\n            <h2 class=\"entry-title\"><a href=\"https:\/\/casaarena.eu\/es\/testimonial\/vivi-barcelona-detalles-de-hotel-5-estrellas\/\" rel=\"bookmark\">Vivi, Barcelona &#8211; Detalles de Hotel 5 estrellas<\/a><\/h2>        <\/header><!-- .entry-header -->\n\n    <\/div>\n<\/article><!-- #post-6897 -->\n\n<article id=\"post-6896\" class=\"post-6896 cptp-testimonial type-cptp-testimonial status-publish hentry cptp-testimonial-category-llanca-grifeu-2-es\">\n    <div class=\"testimonial-wrapper\">\n        <div class=\"entry-content\">\n            <p>Hemos pasado las vacaciones en el apartamento Bramant y ha sido una gran experiencia. El apartamento est\u00e1 muy bien equipado y es muy acogedor, al lado mismo de la playa. Con vistas al mar y con una terraza muy agradable. Por la noche es tranquilo y silencioso. \u00a1Repetiremos seguro!<\/p>\n        <\/div><!-- .entry-content -->\n        <header class=\"entry-header\">\n            <h2 class=\"entry-title\"><a href=\"https:\/\/casaarena.eu\/es\/testimonial\/ester-barcelona-repetiremos-seguro\/\" rel=\"bookmark\">Ester, Barcelona &#8211; \u00a1Repetiremos seguro!<\/a><\/h2>        <\/header><!-- .entry-header -->\n\n    <\/div>\n<\/article><!-- #post-6896 -->\n\n<article id=\"post-6895\" class=\"post-6895 cptp-testimonial type-cptp-testimonial status-publish hentry cptp-testimonial-category-llanca-grifeu-2-es\">\n    <div class=\"testimonial-wrapper\">\n        <div class=\"entry-content\">\n            <p>Este fin de semana nos hemos alojado en el apartamento Bramant, en Llan\u00e7\u00e0, un caramelito de apartamento con toda clase de detalles, una buena ubicaci\u00f3n y, lo mejor, un trato inmejorable. \u00a1\u00a1\u00a1Felicidades por el gran trabajo!!! Repetiremos seguro. Hasta pronto. M\u00edriam y familia.<\/p>\n        <\/div><!-- .entry-content -->\n        <header class=\"entry-header\">\n            <h2 class=\"entry-title\"><a href=\"https:\/\/casaarena.eu\/es\/testimonial\/miriam-y-familia-barcelona-un-caramelito-de-apartamento\/\" rel=\"bookmark\">M\u00edriam y familia, Barcelona &#8211; Un caramelito de apartamento<\/a><\/h2>        <\/header><!-- .entry-header -->\n\n    <\/div>\n<\/article><!-- #post-6895 -->\n\n<article id=\"post-6894\" class=\"post-6894 cptp-testimonial type-cptp-testimonial status-publish hentry cptp-testimonial-category-llanca-port-es\">\n    <div class=\"testimonial-wrapper\">\n        <div class=\"entry-content\">\n            <p>Hemos pasado una semana en el apartamento Port y ha sido una experiencia buen\u00edsima. Cien por cien de confort y de atenci\u00f3n en todos los detalles, como en un buen hotel, pero con la comodidad de estar en casa. Una vista estupenda del puerto y a un minuto de la playa. Muchas gracias por todo.<\/p>\n        <\/div><!-- .entry-content -->\n        <header class=\"entry-header\">\n            <h2 class=\"entry-title\"><a href=\"https:\/\/casaarena.eu\/es\/testimonial\/ana-sant-cugat-del-valles-experiencia-buenisima\/\" rel=\"bookmark\">Ana, Sant Cugat del Vall\u00e9s &#8211; Experiencia buen\u00edsima<\/a><\/h2>        <\/header><!-- .entry-header -->\n\n    <\/div>\n<\/article><!-- #post-6894 -->\n\n<article id=\"post-6889\" class=\"post-6889 cptp-testimonial type-cptp-testimonial status-publish hentry cptp-testimonial-category-llanca-grifeu-es\">\n    <div class=\"testimonial-wrapper\">\n        <div class=\"entry-content\">\n            <p>Nos hemos alojado tres d\u00edas en el apartamento Querman\u00e7\u00f3 y la experiencia ha sido inmejorable. Todo est\u00e1 decorado con muy buen gusto. \u00a1El trato en el proceso de la reserva es fant\u00e1stico! En el apartamento no falta de nada. Te sientes como en tu casa. Lo recomendamos a cualquier pareja que quiera desconectar unos d\u00edas [&hellip;]<\/p>\n        <\/div><!-- .entry-content -->\n        <header class=\"entry-header\">\n            <h2 class=\"entry-title\"><a href=\"https:\/\/casaarena.eu\/es\/testimonial\/irene-barcelona-experiencia-inmejorable\/\" rel=\"bookmark\">Irene, Barcelona &#8211; \u00a1Experiencia inmejorable!<\/a><\/h2>        <\/header><!-- .entry-header -->\n\n    <\/div>\n<\/article><!-- #post-6889 -->\n\n<article id=\"post-6890\" class=\"post-6890 cptp-testimonial type-cptp-testimonial status-publish hentry cptp-testimonial-category-llanca-port-es\">\n    <div class=\"testimonial-wrapper\">\n        <div class=\"entry-content\">\n            <p>Un apartamento muy bonito por dentro, \u00a1con todo tipo de detalles que te dan ganas de quedarte a vivir en \u00e9l! Ubicaci\u00f3n ideal. A\u00fan estando en el centro, es una zona muy tranquila. El trato de Casa Arena \u00a1Excelente! \u00a1\u00a1\u00a1Seguro que volvemos!!!<\/p>\n        <\/div><!-- .entry-content -->\n        <header class=\"entry-header\">\n            <h2 class=\"entry-title\"><a href=\"https:\/\/casaarena.eu\/es\/testimonial\/isabel-barcelona-seguro-que-volvemos\/\" rel=\"bookmark\">Isabel, Barcelona &#8211; \u00a1Seguro que volvemos!<\/a><\/h2>        <\/header><!-- .entry-header -->\n\n    <\/div>\n<\/article><!-- #post-6890 -->\n\n<article id=\"post-6828\" class=\"post-6828 cptp-testimonial type-cptp-testimonial status-publish hentry cptp-testimonial-category-cadaques-petit-es\">\n    <div class=\"testimonial-wrapper\">\n        <div class=\"entry-content\">\n            <p>Este elegante apartamento ha sido el mejor lugar en el que quedarse en Cadaqu\u00e9s. La ubicaci\u00f3n es ideal: cerca del mar y del casco antiguo. El loft se encuentra en una calle muy tranquila y cerca de buenos restaurantes, panader\u00edas locales y helader\u00edas. Los propietarios han creado un lugar muy acogedor y lo han decorado [&hellip;]<\/p>\n        <\/div><!-- .entry-content -->\n        <header class=\"entry-header\">\n            <h2 class=\"entry-title\"><a href=\"https:\/\/casaarena.eu\/es\/testimonial\/thomas-reino-unido-loft-acogedor-y-con-gusto\/\" rel=\"bookmark\">Thomas, Reino Unido &#8211; Loft acogedor y con gusto<\/a><\/h2>        <\/header><!-- .entry-header -->\n\n    <\/div>\n<\/article><!-- #post-6828 -->\n\n<article id=\"post-6829\" class=\"post-6829 cptp-testimonial type-cptp-testimonial status-publish hentry cptp-testimonial-category-cadaques-gran-es\">\n    <div class=\"testimonial-wrapper\">\n        <div class=\"entry-content\">\n            <p>Ha sido una muy buena experiencia. La casa est\u00e1 muy limpia y muy buen situada. Todo est\u00e1 nuevo y cuidado. \u00a1Muchas gracias Anna y Xavier!<\/p>\n        <\/div><!-- .entry-content -->\n        <header class=\"entry-header\">\n            <h2 class=\"entry-title\"><a href=\"https:\/\/casaarena.eu\/es\/testimonial\/antoine-francia-todo-perfecto\/\" rel=\"bookmark\">Antoine, Francia &#8211; Todo perfecto<\/a><\/h2>        <\/header><!-- .entry-header -->\n\n    <\/div>\n<\/article><!-- #post-6829 -->\n\n<article id=\"post-6830\" class=\"post-6830 cptp-testimonial type-cptp-testimonial status-publish hentry cptp-testimonial-category-cadaques-gran-es\">\n    <div class=\"testimonial-wrapper\">\n        <div class=\"entry-content\">\n            <p>Apartamento log\u00edsticamente buen situado respecto al centro de Cadaqu\u00e9s. Est\u00e1 bien equipado y cuenta con todo tipo de enseres para poder cocinar. Lo hemos escogido para una escapada de fin de semana en familia y dir\u00eda que lo hemos disfrutado al m\u00e1ximo. Es mucho m\u00e1s que un apartamento de alquiler: ofrecen servicios exclusivos que te [&hellip;]<\/p>\n        <\/div><!-- .entry-content -->\n        <header class=\"entry-header\">\n            <h2 class=\"entry-title\"><a href=\"https:\/\/casaarena.eu\/es\/testimonial\/johann-alemania-apartamentos-y-servicios-de-gran-cualidad\/\" rel=\"bookmark\">Johann, Alemania &#8211; Apartamentos y servicios de gran cualidad<\/a><\/h2>        <\/header><!-- .entry-header -->\n\n    <\/div>\n<\/article><!-- #post-6830 -->\n\n<article id=\"post-6831\" class=\"post-6831 cptp-testimonial type-cptp-testimonial status-publish hentry cptp-testimonial-category-llanca-port-es\">\n    <div class=\"testimonial-wrapper\">\n        <div class=\"entry-content\">\n            <p>Apartamento muy c\u00e9ntrico y acogedor. Anfitriones muy cercanos. Responden r\u00e1pido a cualquier duda Desde el jard\u00edn del apartamento vemos el mar el cual se encuentra a menos de dos minutos andando, ideal para ir a nadar a primera hora de la ma\u00f1ana. Lo hemos disfrutado un mogoll\u00f3n.<\/p>\n        <\/div><!-- .entry-content -->\n        <header class=\"entry-header\">\n            <h2 class=\"entry-title\"><a href=\"https:\/\/casaarena.eu\/es\/testimonial\/colette-francia-a-primera-linea-de-mar\/\" rel=\"bookmark\">Colette, Francia &#8211; A primera l\u00ednea de mar<\/a><\/h2>        <\/header><!-- .entry-header -->\n\n    <\/div>\n<\/article><!-- #post-6831 -->\n<nav class=\"navigation pagination\" role=\"navigation\">\r\n\t\t\t<h2 class=\"screen-reader-text\">Pagination<\/h2>\r\n\t\t\t<div class=\"nav-links\"><span aria-label=\"P\u00e1gina 1\" aria-current=\"page\" class=\"page-numbers current\">1<\/span>\n<a aria-label=\"P\u00e1gina 2\" class=\"page-numbers\" href=\"https:\/\/casaarena.eu\/es\/wp-json\/wp\/v2\/pages\/5155\/page\/2\/\">2<\/a>\n<a class=\"next page-numbers\" href=\"https:\/\/casaarena.eu\/es\/wp-json\/wp\/v2\/pages\/5155\/page\/2\/\">Siguiente &raquo;<\/a><\/div>\r\n\t\t<\/nav>\t\t<\/div>\r\n\t\t<\/div>\n\t\t\t\t\t\t<\/div>\n\t\t\t\t<\/div>\n\t\t\t\t\t<\/div>\n\t\t<\/div>\n\t\t\t\t\t<\/div>\n\t\t<\/section>\n\t\t\t\t<\/div>\n\t\t","protected":false},"excerpt":{"rendered":"<p>Opiniones<\/p>\n","protected":false},"author":1,"featured_media":0,"parent":0,"menu_order":0,"comment_status":"closed","ping_status":"closed","template":"","meta":{"_acf_changed":false,"inline_featured_image":false,"footnotes":""},"class_list":["post-5155","page","type-page","status-publish","hentry"],"acf":[],"yoast_head":"<!-- This site is optimized with the Yoast SEO plugin v27.5 - https:\/\/yoast.com\/product\/yoast-seo-wordpress\/ -->\n<title>Opiniones - Casa arena<\/title>\n<meta name=\"robots\" content=\"index, follow, max-snippet:-1, max-image-preview:large, max-video-preview:-1\" \/>\n<link rel=\"canonical\" href=\"https:\/\/casaarena.eu\/es\/opiniones\/\" \/>\n<meta property=\"og:locale\" content=\"es_ES\" \/>\n<meta property=\"og:type\" content=\"article\" \/>\n<meta property=\"og:title\" content=\"Opiniones - Casa arena\" \/>\n<meta property=\"og:description\" content=\"Opiniones\" \/>\n<meta property=\"og:url\" content=\"https:\/\/casaarena.eu\/es\/opiniones\/\" \/>\n<meta property=\"og:site_name\" content=\"Casa arena\" \/>\n<meta property=\"article:modified_time\" content=\"2023-06-19T07:14:43+00:00\" \/>\n<meta property=\"og:image\" content=\"http:\/\/casaarena.eu\/wp-content\/uploads\/2020\/07\/Captura-de-pantalla-2020-07-22-a-las-9.40.00-e1600333340368.png\" \/>\n<meta name=\"twitter:card\" content=\"summary_large_image\" \/>\n<meta name=\"twitter:label1\" content=\"Tiempo de lectura\" \/>\n\t<meta name=\"twitter:data1\" content=\"3 minutos\" \/>\n<script type=\"application\/ld+json\" class=\"yoast-schema-graph\">{\"@context\":\"https:\\\/\\\/schema.org\",\"@graph\":[{\"@type\":\"WebPage\",\"@id\":\"https:\\\/\\\/casaarena.eu\\\/es\\\/opiniones\\\/\",\"url\":\"https:\\\/\\\/casaarena.eu\\\/es\\\/opiniones\\\/\",\"name\":\"Opiniones - Casa arena\",\"isPartOf\":{\"@id\":\"https:\\\/\\\/casaarena.eu\\\/es\\\/#website\"},\"primaryImageOfPage\":{\"@id\":\"https:\\\/\\\/casaarena.eu\\\/es\\\/opiniones\\\/#primaryimage\"},\"image\":{\"@id\":\"https:\\\/\\\/casaarena.eu\\\/es\\\/opiniones\\\/#primaryimage\"},\"thumbnailUrl\":\"http:\\\/\\\/casaarena.eu\\\/wp-content\\\/uploads\\\/2020\\\/07\\\/Captura-de-pantalla-2020-07-22-a-las-9.40.00-e1600333340368.png\",\"datePublished\":\"2021-07-07T11:16:36+00:00\",\"dateModified\":\"2023-06-19T07:14:43+00:00\",\"breadcrumb\":{\"@id\":\"https:\\\/\\\/casaarena.eu\\\/es\\\/opiniones\\\/#breadcrumb\"},\"inLanguage\":\"es\",\"potentialAction\":[{\"@type\":\"ReadAction\",\"target\":[\"https:\\\/\\\/casaarena.eu\\\/es\\\/opiniones\\\/\"]}]},{\"@type\":\"ImageObject\",\"inLanguage\":\"es\",\"@id\":\"https:\\\/\\\/casaarena.eu\\\/es\\\/opiniones\\\/#primaryimage\",\"url\":\"http:\\\/\\\/casaarena.eu\\\/wp-content\\\/uploads\\\/2020\\\/07\\\/Captura-de-pantalla-2020-07-22-a-las-9.40.00-e1600333340368.png\",\"contentUrl\":\"http:\\\/\\\/casaarena.eu\\\/wp-content\\\/uploads\\\/2020\\\/07\\\/Captura-de-pantalla-2020-07-22-a-las-9.40.00-e1600333340368.png\"},{\"@type\":\"BreadcrumbList\",\"@id\":\"https:\\\/\\\/casaarena.eu\\\/es\\\/opiniones\\\/#breadcrumb\",\"itemListElement\":[{\"@type\":\"ListItem\",\"position\":1,\"name\":\"Portada\",\"item\":\"https:\\\/\\\/casaarena.eu\\\/\"},{\"@type\":\"ListItem\",\"position\":2,\"name\":\"Opiniones\"}]},{\"@type\":\"WebSite\",\"@id\":\"https:\\\/\\\/casaarena.eu\\\/es\\\/#website\",\"url\":\"https:\\\/\\\/casaarena.eu\\\/es\\\/\",\"name\":\"Casa arena\",\"description\":\"Casa Arena Wordpress Site\",\"publisher\":{\"@id\":\"https:\\\/\\\/casaarena.eu\\\/es\\\/#organization\"},\"potentialAction\":[{\"@type\":\"SearchAction\",\"target\":{\"@type\":\"EntryPoint\",\"urlTemplate\":\"https:\\\/\\\/casaarena.eu\\\/es\\\/?s={search_term_string}\"},\"query-input\":{\"@type\":\"PropertyValueSpecification\",\"valueRequired\":true,\"valueName\":\"search_term_string\"}}],\"inLanguage\":\"es\"},{\"@type\":\"Organization\",\"@id\":\"https:\\\/\\\/casaarena.eu\\\/es\\\/#organization\",\"name\":\"Casa arena\",\"url\":\"https:\\\/\\\/casaarena.eu\\\/es\\\/\",\"logo\":{\"@type\":\"ImageObject\",\"inLanguage\":\"es\",\"@id\":\"https:\\\/\\\/casaarena.eu\\\/es\\\/#\\\/schema\\\/logo\\\/image\\\/\",\"url\":\"https:\\\/\\\/casaarena.eu\\\/wp-content\\\/uploads\\\/2020\\\/06\\\/cropped-CasaArena_Logotip_Web-2.png\",\"contentUrl\":\"https:\\\/\\\/casaarena.eu\\\/wp-content\\\/uploads\\\/2020\\\/06\\\/cropped-CasaArena_Logotip_Web-2.png\",\"width\":997,\"height\":613,\"caption\":\"Casa arena\"},\"image\":{\"@id\":\"https:\\\/\\\/casaarena.eu\\\/es\\\/#\\\/schema\\\/logo\\\/image\\\/\"},\"sameAs\":[\"https:\\\/\\\/www.instagram.com\\\/casaarena_eu\\\/\"]}]}<\/script>\n<!-- \/ Yoast SEO plugin. -->","yoast_head_json":{"title":"Opiniones - Casa arena","robots":{"index":"index","follow":"follow","max-snippet":"max-snippet:-1","max-image-preview":"max-image-preview:large","max-video-preview":"max-video-preview:-1"},"canonical":"https:\/\/casaarena.eu\/es\/opiniones\/","og_locale":"es_ES","og_type":"article","og_title":"Opiniones - Casa arena","og_description":"Opiniones","og_url":"https:\/\/casaarena.eu\/es\/opiniones\/","og_site_name":"Casa arena","article_modified_time":"2023-06-19T07:14:43+00:00","og_image":[{"url":"http:\/\/casaarena.eu\/wp-content\/uploads\/2020\/07\/Captura-de-pantalla-2020-07-22-a-las-9.40.00-e1600333340368.png","type":"","width":"","height":""}],"twitter_card":"summary_large_image","twitter_misc":{"Tiempo de lectura":"3 minutos"},"schema":{"@context":"https:\/\/schema.org","@graph":[{"@type":"WebPage","@id":"https:\/\/casaarena.eu\/es\/opiniones\/","url":"https:\/\/casaarena.eu\/es\/opiniones\/","name":"Opiniones - Casa arena","isPartOf":{"@id":"https:\/\/casaarena.eu\/es\/#website"},"primaryImageOfPage":{"@id":"https:\/\/casaarena.eu\/es\/opiniones\/#primaryimage"},"image":{"@id":"https:\/\/casaarena.eu\/es\/opiniones\/#primaryimage"},"thumbnailUrl":"http:\/\/casaarena.eu\/wp-content\/uploads\/2020\/07\/Captura-de-pantalla-2020-07-22-a-las-9.40.00-e1600333340368.png","datePublished":"2021-07-07T11:16:36+00:00","dateModified":"2023-06-19T07:14:43+00:00","breadcrumb":{"@id":"https:\/\/casaarena.eu\/es\/opiniones\/#breadcrumb"},"inLanguage":"es","potentialAction":[{"@type":"ReadAction","target":["https:\/\/casaarena.eu\/es\/opiniones\/"]}]},{"@type":"ImageObject","inLanguage":"es","@id":"https:\/\/casaarena.eu\/es\/opiniones\/#primaryimage","url":"http:\/\/casaarena.eu\/wp-content\/uploads\/2020\/07\/Captura-de-pantalla-2020-07-22-a-las-9.40.00-e1600333340368.png","contentUrl":"http:\/\/casaarena.eu\/wp-content\/uploads\/2020\/07\/Captura-de-pantalla-2020-07-22-a-las-9.40.00-e1600333340368.png"},{"@type":"BreadcrumbList","@id":"https:\/\/casaarena.eu\/es\/opiniones\/#breadcrumb","itemListElement":[{"@type":"ListItem","position":1,"name":"Portada","item":"https:\/\/casaarena.eu\/"},{"@type":"ListItem","position":2,"name":"Opiniones"}]},{"@type":"WebSite","@id":"https:\/\/casaarena.eu\/es\/#website","url":"https:\/\/casaarena.eu\/es\/","name":"Casa arena","description":"Casa Arena Wordpress Site","publisher":{"@id":"https:\/\/casaarena.eu\/es\/#organization"},"potentialAction":[{"@type":"SearchAction","target":{"@type":"EntryPoint","urlTemplate":"https:\/\/casaarena.eu\/es\/?s={search_term_string}"},"query-input":{"@type":"PropertyValueSpecification","valueRequired":true,"valueName":"search_term_string"}}],"inLanguage":"es"},{"@type":"Organization","@id":"https:\/\/casaarena.eu\/es\/#organization","name":"Casa arena","url":"https:\/\/casaarena.eu\/es\/","logo":{"@type":"ImageObject","inLanguage":"es","@id":"https:\/\/casaarena.eu\/es\/#\/schema\/logo\/image\/","url":"https:\/\/casaarena.eu\/wp-content\/uploads\/2020\/06\/cropped-CasaArena_Logotip_Web-2.png","contentUrl":"https:\/\/casaarena.eu\/wp-content\/uploads\/2020\/06\/cropped-CasaArena_Logotip_Web-2.png","width":997,"height":613,"caption":"Casa arena"},"image":{"@id":"https:\/\/casaarena.eu\/es\/#\/schema\/logo\/image\/"},"sameAs":["https:\/\/www.instagram.com\/casaarena_eu\/"]}]}},"_links":{"self":[{"href":"https:\/\/casaarena.eu\/es\/wp-json\/wp\/v2\/pages\/5155","targetHints":{"allow":["GET"]}}],"collection":[{"href":"https:\/\/casaarena.eu\/es\/wp-json\/wp\/v2\/pages"}],"about":[{"href":"https:\/\/casaarena.eu\/es\/wp-json\/wp\/v2\/types\/page"}],"author":[{"embeddable":true,"href":"https:\/\/casaarena.eu\/es\/wp-json\/wp\/v2\/users\/1"}],"replies":[{"embeddable":true,"href":"https:\/\/casaarena.eu\/es\/wp-json\/wp\/v2\/comments?post=5155"}],"version-history":[{"count":4,"href":"https:\/\/casaarena.eu\/es\/wp-json\/wp\/v2\/pages\/5155\/revisions"}],"predecessor-version":[{"id":10892,"href":"https:\/\/casaarena.eu\/es\/wp-json\/wp\/v2\/pages\/5155\/revisions\/10892"}],"wp:attachment":[{"href":"https:\/\/casaarena.eu\/es\/wp-json\/wp\/v2\/media?parent=5155"}],"curies":[{"name":"wp","href":"https:\/\/api.w.org\/{rel}","templated":true}]}}