{"id":5141,"date":"2021-07-07T11:16:35","date_gmt":"2021-07-07T11:16:35","guid":{"rendered":"https:\/\/www.casaarena.eu\/reserva\/"},"modified":"2023-06-16T08:18:32","modified_gmt":"2023-06-16T08:18:32","slug":"reserva","status":"publish","type":"page","link":"https:\/\/casaarena.eu\/es\/reserva\/","title":{"rendered":"Reserva"},"content":{"rendered":"\t\t<div data-elementor-type=\"wp-page\" data-elementor-id=\"5141\" class=\"elementor elementor-5141 elementor-253\">\n\t\t\t\t\t\t<section class=\"elementor-section elementor-top-section elementor-element elementor-element-5066ddcb elementor-section-stretched elementor-section-full_width elementor-hidden-phone elementor-section-height-default elementor-section-height-default\" data-id=\"5066ddcb\" data-element_type=\"section\" data-e-type=\"section\" data-settings=\"{&quot;stretch_section&quot;:&quot;section-stretched&quot;}\">\n\t\t\t\t\t\t<div class=\"elementor-container elementor-column-gap-default\">\n\t\t\t\t\t<div class=\"elementor-column elementor-col-100 elementor-top-column elementor-element elementor-element-3ce26057\" data-id=\"3ce26057\" data-element_type=\"column\" data-e-type=\"column\">\n\t\t\t<div class=\"elementor-widget-wrap elementor-element-populated\">\n\t\t\t\t\t\t<div class=\"elementor-element elementor-element-735087c4 elementor-widget elementor-widget-image\" data-id=\"735087c4\" data-element_type=\"widget\" data-e-type=\"widget\" data-widget_type=\"image.default\">\n\t\t\t\t<div class=\"elementor-widget-container\">\n\t\t\t\t\t\t\t\t\t\t\t\t\t\t\t<img fetchpriority=\"high\" decoding=\"async\" width=\"3252\" height=\"504\" src=\"https:\/\/casaarena.eu\/wp-content\/uploads\/2020\/07\/Captura-de-pantalla-2020-07-22-a-las-9.40.00-e1600333340368.png\" class=\"attachment-full size-full wp-image-546\" alt=\"\" \/>\t\t\t\t\t\t\t\t\t\t\t\t\t\t\t<\/div>\n\t\t\t\t<\/div>\n\t\t\t\t\t<\/div>\n\t\t<\/div>\n\t\t\t\t\t<\/div>\n\t\t<\/section>\n\t\t\t\t<section class=\"elementor-section elementor-top-section elementor-element elementor-element-300b004e elementor-section-stretched elementor-section-boxed elementor-section-height-default elementor-section-height-default\" data-id=\"300b004e\" data-element_type=\"section\" data-e-type=\"section\" data-settings=\"{&quot;stretch_section&quot;:&quot;section-stretched&quot;}\">\n\t\t\t\t\t\t<div class=\"elementor-container elementor-column-gap-default\">\n\t\t\t\t\t<div class=\"elementor-column elementor-col-100 elementor-top-column elementor-element elementor-element-601eba1b\" data-id=\"601eba1b\" data-element_type=\"column\" data-e-type=\"column\">\n\t\t\t<div class=\"elementor-widget-wrap elementor-element-populated\">\n\t\t\t\t\t\t<div class=\"elementor-element elementor-element-48bcbaa elementor-widget elementor-widget-heading\" data-id=\"48bcbaa\" data-element_type=\"widget\" data-e-type=\"widget\" data-widget_type=\"heading.default\">\n\t\t\t\t<div class=\"elementor-widget-container\">\n\t\t\t\t\t<h2 class=\"elementor-heading-title elementor-size-default\">Reservar<\/h2>\t\t\t\t<\/div>\n\t\t\t\t<\/div>\n\t\t\t\t<div class=\"elementor-element elementor-element-17949972 elementor-widget elementor-widget-text-editor\" data-id=\"17949972\" data-element_type=\"widget\" data-e-type=\"widget\" data-widget_type=\"text-editor.default\">\n\t\t\t\t<div class=\"elementor-widget-container\">\n\t\t\t\t\t\t\t\t\t<p>Especifique las fechas de entrada y de salida y el n\u00famero de personas: busque el mejor precio de la habitaci\u00f3n y res\u00e9rvelo online f\u00e1cilmente.<\/p>\n<p><div class=\"mphb_sc_search-wrapper \"><form method=\"GET\" class=\"mphb_sc_search-form\" action=\"https:\/\/casaarena.eu\/es\/resultados-de-la-busqueda\/\">\n\n\t<p class = \"mphb-required-fields-tip\">\n\t<small>\n\t\tLos campos obligatorios est\u00e1n indicados con\t\t<abbr title=\"required\">*<\/abbr>\n\t<\/small>\n<\/p>\n\t<p class=\"mphb_sc_search-check-in-date\">\n\t\t<label for=\"mphb_check_in_date-mphb-search-form-69f5cd984696f\">\n\t\t\tD\u00eda de llegada\t\t\t<abbr title=\"Formato dd\/mm\/yyyy\">*<\/abbr>\n\t\t<\/label>\n\t\t<br \/>\n\t\t<input\n\t\t\tid=\"mphb_check_in_date-mphb-search-form-69f5cd984696f\"\n\t\t\tdata-datepick-group=\"mphb-search-form-69f5cd984696f\"\n\t\t\tvalue=\"\"\n\t\t\tplaceholder=\"Entrada\"\n\t\t\trequired=\"required\"\n\t\t\ttype=\"text\"\n\t\t\tinputmode=\"none\"\n\t\t\tname=\"mphb_check_in_date\"\n\t\t\tclass=\"mphb-datepick\"\n\t\t\tautocomplete=\"off\"\n\t\t\t\/>\n\t<\/p>\n\n\t<p class=\"mphb_sc_search-check-out-date\">\n\t\t<label for=\"mphb_check_out_date-mphb-search-form-69f5cd984696f\">\n\t\t\tD\u00eda de salida\t\t\t<abbr title=\"Formato dd\/mm\/yyyy\">*<\/abbr>\n\t\t<\/label>\n\t\t<br \/>\n\t\t<input\n\t\t\tid=\"mphb_check_out_date-mphb-search-form-69f5cd984696f\"\n\t\t\tdata-datepick-group=\"mphb-search-form-69f5cd984696f\"\n\t\t\tvalue=\"\"\n\t\t\tplaceholder=\"Salida\"\n\t\t\trequired=\"required\"\n\t\t\ttype=\"text\"\n\t\t\tinputmode=\"none\"\n\t\t\tname=\"mphb_check_out_date\"\n\t\t\tclass=\"mphb-datepick\"\n\t\t\tautocomplete=\"off\"\n\t\t\t\/>\n\t<\/p>\n\n\t\t\t<p class=\"mphb_sc_search-adults\">\n\t\t\t<label for=\"mphb_adults-mphb-search-form-69f5cd984696f\">\n\t\t\t\tAdultos\t\t\t<\/label>\n\t\t\t<br \/>\n\t\t\t<select id=\"mphb_adults-mphb-search-form-69f5cd984696f\" name=\"mphb_adults\" >\n\t\t\t\t\t\t\t\t\t<option value=\"1\"  selected='selected'>1<\/option>\n\t\t\t\t\t\t\t\t\t<option value=\"2\" >2<\/option>\n\t\t\t\t\t\t\t\t\t<option value=\"3\" >3<\/option>\n\t\t\t\t\t\t\t\t\t<option value=\"4\" >4<\/option>\n\t\t\t\t\t\t\t\t\t<option value=\"5\" >5<\/option>\n\t\t\t\t\t\t\t\t\t<option value=\"6\" >6<\/option>\n\t\t\t\t\t\t\t\t\t<option value=\"7\" >7<\/option>\n\t\t\t\t\t\t\t\t\t<option value=\"8\" >8<\/option>\n\t\t\t\t\t\t\t\t\t<option value=\"9\" >9<\/option>\n\t\t\t\t\t\t\t\t\t<option value=\"10\" >10<\/option>\n\t\t\t\t\t\t\t<\/select>\n\t\t<\/p>\n\t\n\t\t\t<p class=\"mphb_sc_search-children\">\n\t\t\t<label for=\"mphb_children-mphb-search-form-69f5cd984696f\">\n\t\t\t\tNi\u00f1os (menor de 16 a\u00f1os)\t\t\t<\/label>\n\t\t\t<br \/>\n\t\t\t<select id=\"mphb_children-mphb-search-form-69f5cd984696f\" name=\"mphb_children\">\n\t\t\t\t\t\t\t\t\t<option value=\"0\"  selected='selected'>0<\/option>\n\t\t\t\t\t\t\t\t\t<option value=\"1\" >1<\/option>\n\t\t\t\t\t\t\t\t\t<option value=\"2\" >2<\/option>\n\t\t\t\t\t\t\t\t\t<option value=\"3\" >3<\/option>\n\t\t\t\t\t\t\t\t\t<option value=\"4\" >4<\/option>\n\t\t\t\t\t\t\t\t\t<option value=\"5\" >5<\/option>\n\t\t\t\t\t\t\t\t\t<option value=\"6\" >6<\/option>\n\t\t\t\t\t\t\t\t\t<option value=\"7\" >7<\/option>\n\t\t\t\t\t\t\t\t\t<option value=\"8\" >8<\/option>\n\t\t\t\t\t\t\t\t\t<option value=\"9\" >9<\/option>\n\t\t\t\t\t\t\t\t\t<option value=\"10\" >10<\/option>\n\t\t\t\t\t\t\t<\/select>\n\t\t<\/p>\n\t\n\t\n\t\n\t<input id=\"mphb_check_in_date-mphb-search-form-69f5cd984696f-hidden\" value=\"\" type=\"hidden\" name=\"mphb_check_in_date\" \/><input id=\"mphb_check_out_date-mphb-search-form-69f5cd984696f-hidden\" value=\"\" type=\"hidden\" name=\"mphb_check_out_date\" \/>\n\t<p class=\"mphb_sc_search-submit-button-wrapper\">\n\t\t<input type=\"submit\" class=\"button\" value=\"Buscar\"\/>\n\t<\/p>\n\n\t\n<\/form>\n<\/div><\/p>\n\t\t\t\t\t\t\t\t<\/div>\n\t\t\t\t<\/div>\n\t\t\t\t\t<\/div>\n\t\t<\/div>\n\t\t\t\t\t<\/div>\n\t\t<\/section>\n\t\t\t\t<\/div>\n\t\t","protected":false},"excerpt":{"rendered":"<p>Reservar Especifique las fechas de entrada y de salida y el n\u00famero de personas: busque el mejor precio de la habitaci\u00f3n y res\u00e9rvelo online f\u00e1cilmente.<\/p>\n","protected":false},"author":1,"featured_media":0,"parent":0,"menu_order":0,"comment_status":"closed","ping_status":"closed","template":"","meta":{"_acf_changed":false,"inline_featured_image":false,"footnotes":""},"class_list":["post-5141","page","type-page","status-publish","hentry"],"acf":[],"yoast_head":"<!-- This site is optimized with the Yoast SEO plugin v27.5 - https:\/\/yoast.com\/product\/yoast-seo-wordpress\/ -->\n<title>Reserva - Casa arena<\/title>\n<meta name=\"robots\" content=\"index, follow, max-snippet:-1, max-image-preview:large, max-video-preview:-1\" \/>\n<link rel=\"canonical\" href=\"https:\/\/casaarena.eu\/es\/reserva\/\" \/>\n<meta property=\"og:locale\" content=\"es_ES\" \/>\n<meta property=\"og:type\" content=\"article\" \/>\n<meta property=\"og:title\" content=\"Reserva - Casa arena\" \/>\n<meta property=\"og:description\" content=\"Reservar Especifique las fechas de entrada y de salida y el n\u00famero de personas: busque el mejor precio de la habitaci\u00f3n y res\u00e9rvelo online f\u00e1cilmente.\" \/>\n<meta property=\"og:url\" content=\"https:\/\/casaarena.eu\/es\/reserva\/\" \/>\n<meta property=\"og:site_name\" content=\"Casa arena\" \/>\n<meta property=\"article:modified_time\" content=\"2023-06-16T08:18:32+00:00\" \/>\n<meta property=\"og:image\" content=\"http:\/\/casaarena.eu\/wp-content\/uploads\/2020\/07\/Captura-de-pantalla-2020-07-22-a-las-9.40.00-e1600333340368.png\" \/>\n<meta name=\"twitter:card\" content=\"summary_large_image\" \/>\n<meta name=\"twitter:label1\" content=\"Tiempo de lectura\" \/>\n\t<meta name=\"twitter:data1\" content=\"1 minuto\" \/>\n<script type=\"application\/ld+json\" class=\"yoast-schema-graph\">{\"@context\":\"https:\\\/\\\/schema.org\",\"@graph\":[{\"@type\":\"WebPage\",\"@id\":\"https:\\\/\\\/casaarena.eu\\\/es\\\/reserva\\\/\",\"url\":\"https:\\\/\\\/casaarena.eu\\\/es\\\/reserva\\\/\",\"name\":\"Reserva - Casa arena\",\"isPartOf\":{\"@id\":\"https:\\\/\\\/casaarena.eu\\\/es\\\/#website\"},\"primaryImageOfPage\":{\"@id\":\"https:\\\/\\\/casaarena.eu\\\/es\\\/reserva\\\/#primaryimage\"},\"image\":{\"@id\":\"https:\\\/\\\/casaarena.eu\\\/es\\\/reserva\\\/#primaryimage\"},\"thumbnailUrl\":\"http:\\\/\\\/casaarena.eu\\\/wp-content\\\/uploads\\\/2020\\\/07\\\/Captura-de-pantalla-2020-07-22-a-las-9.40.00-e1600333340368.png\",\"datePublished\":\"2021-07-07T11:16:35+00:00\",\"dateModified\":\"2023-06-16T08:18:32+00:00\",\"breadcrumb\":{\"@id\":\"https:\\\/\\\/casaarena.eu\\\/es\\\/reserva\\\/#breadcrumb\"},\"inLanguage\":\"es\",\"potentialAction\":[{\"@type\":\"ReadAction\",\"target\":[\"https:\\\/\\\/casaarena.eu\\\/es\\\/reserva\\\/\"]}]},{\"@type\":\"ImageObject\",\"inLanguage\":\"es\",\"@id\":\"https:\\\/\\\/casaarena.eu\\\/es\\\/reserva\\\/#primaryimage\",\"url\":\"http:\\\/\\\/casaarena.eu\\\/wp-content\\\/uploads\\\/2020\\\/07\\\/Captura-de-pantalla-2020-07-22-a-las-9.40.00-e1600333340368.png\",\"contentUrl\":\"http:\\\/\\\/casaarena.eu\\\/wp-content\\\/uploads\\\/2020\\\/07\\\/Captura-de-pantalla-2020-07-22-a-las-9.40.00-e1600333340368.png\"},{\"@type\":\"BreadcrumbList\",\"@id\":\"https:\\\/\\\/casaarena.eu\\\/es\\\/reserva\\\/#breadcrumb\",\"itemListElement\":[{\"@type\":\"ListItem\",\"position\":1,\"name\":\"Portada\",\"item\":\"https:\\\/\\\/casaarena.eu\\\/\"},{\"@type\":\"ListItem\",\"position\":2,\"name\":\"Reserva\"}]},{\"@type\":\"WebSite\",\"@id\":\"https:\\\/\\\/casaarena.eu\\\/es\\\/#website\",\"url\":\"https:\\\/\\\/casaarena.eu\\\/es\\\/\",\"name\":\"Casa arena\",\"description\":\"Casa Arena Wordpress Site\",\"publisher\":{\"@id\":\"https:\\\/\\\/casaarena.eu\\\/es\\\/#organization\"},\"potentialAction\":[{\"@type\":\"SearchAction\",\"target\":{\"@type\":\"EntryPoint\",\"urlTemplate\":\"https:\\\/\\\/casaarena.eu\\\/es\\\/?s={search_term_string}\"},\"query-input\":{\"@type\":\"PropertyValueSpecification\",\"valueRequired\":true,\"valueName\":\"search_term_string\"}}],\"inLanguage\":\"es\"},{\"@type\":\"Organization\",\"@id\":\"https:\\\/\\\/casaarena.eu\\\/es\\\/#organization\",\"name\":\"Casa arena\",\"url\":\"https:\\\/\\\/casaarena.eu\\\/es\\\/\",\"logo\":{\"@type\":\"ImageObject\",\"inLanguage\":\"es\",\"@id\":\"https:\\\/\\\/casaarena.eu\\\/es\\\/#\\\/schema\\\/logo\\\/image\\\/\",\"url\":\"https:\\\/\\\/casaarena.eu\\\/wp-content\\\/uploads\\\/2020\\\/06\\\/cropped-CasaArena_Logotip_Web-2.png\",\"contentUrl\":\"https:\\\/\\\/casaarena.eu\\\/wp-content\\\/uploads\\\/2020\\\/06\\\/cropped-CasaArena_Logotip_Web-2.png\",\"width\":997,\"height\":613,\"caption\":\"Casa arena\"},\"image\":{\"@id\":\"https:\\\/\\\/casaarena.eu\\\/es\\\/#\\\/schema\\\/logo\\\/image\\\/\"},\"sameAs\":[\"https:\\\/\\\/www.instagram.com\\\/casaarena_eu\\\/\"]}]}<\/script>\n<!-- \/ Yoast SEO plugin. -->","yoast_head_json":{"title":"Reserva - Casa arena","robots":{"index":"index","follow":"follow","max-snippet":"max-snippet:-1","max-image-preview":"max-image-preview:large","max-video-preview":"max-video-preview:-1"},"canonical":"https:\/\/casaarena.eu\/es\/reserva\/","og_locale":"es_ES","og_type":"article","og_title":"Reserva - Casa arena","og_description":"Reservar Especifique las fechas de entrada y de salida y el n\u00famero de personas: busque el mejor precio de la habitaci\u00f3n y res\u00e9rvelo online f\u00e1cilmente.","og_url":"https:\/\/casaarena.eu\/es\/reserva\/","og_site_name":"Casa arena","article_modified_time":"2023-06-16T08:18:32+00:00","og_image":[{"url":"http:\/\/casaarena.eu\/wp-content\/uploads\/2020\/07\/Captura-de-pantalla-2020-07-22-a-las-9.40.00-e1600333340368.png","type":"","width":"","height":""}],"twitter_card":"summary_large_image","twitter_misc":{"Tiempo de lectura":"1 minuto"},"schema":{"@context":"https:\/\/schema.org","@graph":[{"@type":"WebPage","@id":"https:\/\/casaarena.eu\/es\/reserva\/","url":"https:\/\/casaarena.eu\/es\/reserva\/","name":"Reserva - Casa arena","isPartOf":{"@id":"https:\/\/casaarena.eu\/es\/#website"},"primaryImageOfPage":{"@id":"https:\/\/casaarena.eu\/es\/reserva\/#primaryimage"},"image":{"@id":"https:\/\/casaarena.eu\/es\/reserva\/#primaryimage"},"thumbnailUrl":"http:\/\/casaarena.eu\/wp-content\/uploads\/2020\/07\/Captura-de-pantalla-2020-07-22-a-las-9.40.00-e1600333340368.png","datePublished":"2021-07-07T11:16:35+00:00","dateModified":"2023-06-16T08:18:32+00:00","breadcrumb":{"@id":"https:\/\/casaarena.eu\/es\/reserva\/#breadcrumb"},"inLanguage":"es","potentialAction":[{"@type":"ReadAction","target":["https:\/\/casaarena.eu\/es\/reserva\/"]}]},{"@type":"ImageObject","inLanguage":"es","@id":"https:\/\/casaarena.eu\/es\/reserva\/#primaryimage","url":"http:\/\/casaarena.eu\/wp-content\/uploads\/2020\/07\/Captura-de-pantalla-2020-07-22-a-las-9.40.00-e1600333340368.png","contentUrl":"http:\/\/casaarena.eu\/wp-content\/uploads\/2020\/07\/Captura-de-pantalla-2020-07-22-a-las-9.40.00-e1600333340368.png"},{"@type":"BreadcrumbList","@id":"https:\/\/casaarena.eu\/es\/reserva\/#breadcrumb","itemListElement":[{"@type":"ListItem","position":1,"name":"Portada","item":"https:\/\/casaarena.eu\/"},{"@type":"ListItem","position":2,"name":"Reserva"}]},{"@type":"WebSite","@id":"https:\/\/casaarena.eu\/es\/#website","url":"https:\/\/casaarena.eu\/es\/","name":"Casa arena","description":"Casa Arena Wordpress Site","publisher":{"@id":"https:\/\/casaarena.eu\/es\/#organization"},"potentialAction":[{"@type":"SearchAction","target":{"@type":"EntryPoint","urlTemplate":"https:\/\/casaarena.eu\/es\/?s={search_term_string}"},"query-input":{"@type":"PropertyValueSpecification","valueRequired":true,"valueName":"search_term_string"}}],"inLanguage":"es"},{"@type":"Organization","@id":"https:\/\/casaarena.eu\/es\/#organization","name":"Casa arena","url":"https:\/\/casaarena.eu\/es\/","logo":{"@type":"ImageObject","inLanguage":"es","@id":"https:\/\/casaarena.eu\/es\/#\/schema\/logo\/image\/","url":"https:\/\/casaarena.eu\/wp-content\/uploads\/2020\/06\/cropped-CasaArena_Logotip_Web-2.png","contentUrl":"https:\/\/casaarena.eu\/wp-content\/uploads\/2020\/06\/cropped-CasaArena_Logotip_Web-2.png","width":997,"height":613,"caption":"Casa arena"},"image":{"@id":"https:\/\/casaarena.eu\/es\/#\/schema\/logo\/image\/"},"sameAs":["https:\/\/www.instagram.com\/casaarena_eu\/"]}]}},"_links":{"self":[{"href":"https:\/\/casaarena.eu\/es\/wp-json\/wp\/v2\/pages\/5141","targetHints":{"allow":["GET"]}}],"collection":[{"href":"https:\/\/casaarena.eu\/es\/wp-json\/wp\/v2\/pages"}],"about":[{"href":"https:\/\/casaarena.eu\/es\/wp-json\/wp\/v2\/types\/page"}],"author":[{"embeddable":true,"href":"https:\/\/casaarena.eu\/es\/wp-json\/wp\/v2\/users\/1"}],"replies":[{"embeddable":true,"href":"https:\/\/casaarena.eu\/es\/wp-json\/wp\/v2\/comments?post=5141"}],"version-history":[{"count":4,"href":"https:\/\/casaarena.eu\/es\/wp-json\/wp\/v2\/pages\/5141\/revisions"}],"predecessor-version":[{"id":10609,"href":"https:\/\/casaarena.eu\/es\/wp-json\/wp\/v2\/pages\/5141\/revisions\/10609"}],"wp:attachment":[{"href":"https:\/\/casaarena.eu\/es\/wp-json\/wp\/v2\/media?parent=5141"}],"curies":[{"name":"wp","href":"https:\/\/api.w.org\/{rel}","templated":true}]}}