{"id":14196,"date":"2025-03-16T09:21:07","date_gmt":"2025-03-16T09:21:07","guid":{"rendered":"https:\/\/casaarena.eu\/?page_id=14196"},"modified":"2025-03-16T09:28:29","modified_gmt":"2025-03-16T09:28:29","slug":"boat","status":"publish","type":"page","link":"https:\/\/casaarena.eu\/en\/customer-services\/experiences\/boat\/","title":{"rendered":"Boat rental"},"content":{"rendered":"\t\t<div data-elementor-type=\"wp-page\" data-elementor-id=\"14196\" class=\"elementor elementor-14196 elementor-14195\">\n\t\t\t\t\t\t<section class=\"elementor-section elementor-top-section elementor-element elementor-element-ffa56c8 elementor-section-stretched elementor-section-full_width elementor-section-height-default elementor-section-height-default\" data-id=\"ffa56c8\" data-element_type=\"section\" data-e-type=\"section\" data-settings=\"{&quot;stretch_section&quot;:&quot;section-stretched&quot;}\">\n\t\t\t\t\t\t<div class=\"elementor-container elementor-column-gap-default\">\n\t\t\t\t\t<div class=\"elementor-column elementor-col-100 elementor-top-column elementor-element elementor-element-d1b9c5c\" data-id=\"d1b9c5c\" data-element_type=\"column\" data-e-type=\"column\">\n\t\t\t<div class=\"elementor-widget-wrap elementor-element-populated\">\n\t\t\t\t\t\t<div class=\"elementor-element elementor-element-5cd3601 elementor-widget elementor-widget-image\" data-id=\"5cd3601\" data-element_type=\"widget\" data-e-type=\"widget\" data-widget_type=\"image.default\">\n\t\t\t\t<div class=\"elementor-widget-container\">\n\t\t\t\t\t\t\t\t\t\t\t\t<figure class=\"wp-caption\">\n\t\t\t\t\t\t\t\t\t\t<img fetchpriority=\"high\" decoding=\"async\" width=\"1304\" height=\"201\" src=\"https:\/\/casaarena.eu\/wp-content\/uploads\/2025\/03\/passeig_barca_home.jpg\" class=\"attachment-full size-full wp-image-14234\" alt=\"\" \/>\t\t\t\t\t\t\t\t\t\t\t<figcaption class=\"widget-image-caption wp-caption-text\"><\/figcaption>\n\t\t\t\t\t\t\t\t\t\t<\/figure>\n\t\t\t\t\t\t\t\t\t<\/div>\n\t\t\t\t<\/div>\n\t\t\t\t\t<\/div>\n\t\t<\/div>\n\t\t\t\t\t<\/div>\n\t\t<\/section>\n\t\t\t\t<section class=\"elementor-section elementor-top-section elementor-element elementor-element-36a30e26 elementor-section-stretched elementor-section-boxed elementor-section-height-default elementor-section-height-default\" data-id=\"36a30e26\" data-element_type=\"section\" data-e-type=\"section\" data-settings=\"{&quot;background_background&quot;:&quot;classic&quot;,&quot;stretch_section&quot;:&quot;section-stretched&quot;}\">\n\t\t\t\t\t\t<div class=\"elementor-container elementor-column-gap-default\">\n\t\t\t\t\t<div class=\"elementor-column elementor-col-100 elementor-top-column elementor-element elementor-element-7b90b74\" data-id=\"7b90b74\" data-element_type=\"column\" data-e-type=\"column\">\n\t\t\t<div class=\"elementor-widget-wrap elementor-element-populated\">\n\t\t\t\t\t\t<div class=\"elementor-element elementor-element-5c0dabea elementor-widget elementor-widget-heading\" data-id=\"5c0dabea\" data-element_type=\"widget\" data-e-type=\"widget\" data-widget_type=\"heading.default\">\n\t\t\t\t<div class=\"elementor-widget-container\">\n\t\t\t\t\t<h2 class=\"elementor-heading-title elementor-size-default\">Boat ride<\/h2>\t\t\t\t<\/div>\n\t\t\t\t<\/div>\n\t\t\t\t<div class=\"elementor-element elementor-element-4ab78ee1 elementor-widget elementor-widget-text-editor\" data-id=\"4ab78ee1\" data-element_type=\"widget\" data-e-type=\"widget\" data-widget_type=\"text-editor.default\">\n\t\t\t\t<div class=\"elementor-widget-container\">\n\t\t\t\t\t\t\t\t\t<p style=\"text-align: center;\">A boat trip around Cap de Creus is a magical experience among crystal clear waters, steep cliffs and hidden coves surrounded by wild nature.<\/p>\n<p style=\"text-align: center;\"><strong>We offer you the following possibilities:<\/strong><\/p>\n\t\t\t\t\t\t\t\t<\/div>\n\t\t\t\t<\/div>\n\t\t\t\t\t<\/div>\n\t\t<\/div>\n\t\t\t\t\t<\/div>\n\t\t<\/section>\n\t\t\t\t<section class=\"elementor-section elementor-top-section elementor-element elementor-element-cd5d0fd elementor-section-stretched elementor-section-boxed elementor-section-height-default elementor-section-height-default\" data-id=\"cd5d0fd\" data-element_type=\"section\" data-e-type=\"section\" data-settings=\"{&quot;stretch_section&quot;:&quot;section-stretched&quot;}\">\n\t\t\t\t\t\t<div class=\"elementor-container elementor-column-gap-default\">\n\t\t\t\t\t<div class=\"elementor-column elementor-col-50 elementor-top-column elementor-element elementor-element-429b020\" data-id=\"429b020\" data-element_type=\"column\" data-e-type=\"column\">\n\t\t\t<div class=\"elementor-widget-wrap elementor-element-populated\">\n\t\t\t\t\t\t<div class=\"elementor-element elementor-element-6607cb0 elementor-widget__width-initial elementor-widget elementor-widget-image\" data-id=\"6607cb0\" data-element_type=\"widget\" data-e-type=\"widget\" data-widget_type=\"image.default\">\n\t\t\t\t<div class=\"elementor-widget-container\">\n\t\t\t\t\t\t\t\t\t\t\t\t\t\t\t\t<a href=\"https:\/\/casaarena.eu\/producte\/passeig-en-barca\/\">\n\t\t\t\t\t\t\t<img decoding=\"async\" width=\"746\" height=\"497\" src=\"https:\/\/casaarena.eu\/wp-content\/uploads\/2025\/03\/barca_migdia.jpg\" class=\"attachment-large size-large wp-image-14238\" alt=\"\" \/>\t\t\t\t\t\t\t\t<\/a>\n\t\t\t\t\t\t\t\t\t\t\t\t\t\t\t<\/div>\n\t\t\t\t<\/div>\n\t\t\t\t<div class=\"elementor-element elementor-element-b825537 elementor-widget elementor-widget-text-editor\" data-id=\"b825537\" data-element_type=\"widget\" data-e-type=\"widget\" data-widget_type=\"text-editor.default\">\n\t\t\t\t<div class=\"elementor-widget-container\">\n\t\t\t\t\t\t\t\t\t<h5 style=\"text-align: center;\">Boat ride<br \/> LUNCH: \u20ac400<\/h5>\n<h6>Half-day excursion with aperitif<\/h6>\n\t\t\t\t\t\t\t\t<\/div>\n\t\t\t\t<\/div>\n\t\t\t\t<div class=\"elementor-element elementor-element-37e5e93 elementor-align-center elementor-widget__width-initial e-transform elementor-widget elementor-widget-button\" data-id=\"37e5e93\" data-element_type=\"widget\" data-e-type=\"widget\" data-settings=\"{&quot;_transform_scale_effect&quot;:{&quot;unit&quot;:&quot;px&quot;,&quot;size&quot;:0.80000000000000004,&quot;sizes&quot;:[]},&quot;_transform_scale_effect_tablet&quot;:{&quot;unit&quot;:&quot;px&quot;,&quot;size&quot;:&quot;&quot;,&quot;sizes&quot;:[]},&quot;_transform_scale_effect_mobile&quot;:{&quot;unit&quot;:&quot;px&quot;,&quot;size&quot;:&quot;&quot;,&quot;sizes&quot;:[]}}\" data-widget_type=\"button.default\">\n\t\t\t\t<div class=\"elementor-widget-container\">\n\t\t\t\t\t\t\t\t\t<div class=\"elementor-button-wrapper\">\n\t\t\t\t\t<a class=\"elementor-button elementor-button-link elementor-size-sm\" href=\"https:\/\/casaarena.eu\/producte\/passeig-en-barca\/\">\n\t\t\t\t\t\t<span class=\"elementor-button-content-wrapper\">\n\t\t\t\t\t\t\t\t\t<span class=\"elementor-button-text\">Configure details<\/span>\n\t\t\t\t\t<\/span>\n\t\t\t\t\t<\/a>\n\t\t\t\t<\/div>\n\t\t\t\t\t\t\t\t<\/div>\n\t\t\t\t<\/div>\n\t\t\t\t\t<\/div>\n\t\t<\/div>\n\t\t\t\t<div class=\"elementor-column elementor-col-50 elementor-top-column elementor-element elementor-element-387af7c\" data-id=\"387af7c\" data-element_type=\"column\" data-e-type=\"column\">\n\t\t\t<div class=\"elementor-widget-wrap elementor-element-populated\">\n\t\t\t\t\t\t<div class=\"elementor-element elementor-element-898984e elementor-widget__width-initial elementor-widget elementor-widget-image\" data-id=\"898984e\" data-element_type=\"widget\" data-e-type=\"widget\" data-widget_type=\"image.default\">\n\t\t\t\t<div class=\"elementor-widget-container\">\n\t\t\t\t\t\t\t\t\t\t\t\t\t\t\t\t<a href=\"https:\/\/casaarena.eu\/producte\/passeig-en-barca-dia\/\">\n\t\t\t\t\t\t\t<img decoding=\"async\" width=\"746\" height=\"497\" src=\"https:\/\/casaarena.eu\/wp-content\/uploads\/2025\/03\/medes.jpg\" class=\"attachment-large size-large wp-image-14242\" alt=\"\" \/>\t\t\t\t\t\t\t\t<\/a>\n\t\t\t\t\t\t\t\t\t\t\t\t\t\t\t<\/div>\n\t\t\t\t<\/div>\n\t\t\t\t<div class=\"elementor-element elementor-element-5ea0cd1 elementor-widget elementor-widget-text-editor\" data-id=\"5ea0cd1\" data-element_type=\"widget\" data-e-type=\"widget\" data-widget_type=\"text-editor.default\">\n\t\t\t\t<div class=\"elementor-widget-container\">\n\t\t\t\t\t\t\t\t\t<h5 style=\"text-align: center;\">Boat ride<br \/> DAY: \u20ac600<\/h5>\n<h6>Day trip with appetizer &#8211; lunch with reservation<\/h6>\n\t\t\t\t\t\t\t\t<\/div>\n\t\t\t\t<\/div>\n\t\t\t\t<div class=\"elementor-element elementor-element-b888051 elementor-align-center elementor-widget__width-initial e-transform elementor-widget elementor-widget-button\" data-id=\"b888051\" data-element_type=\"widget\" data-e-type=\"widget\" data-settings=\"{&quot;_transform_scale_effect&quot;:{&quot;unit&quot;:&quot;px&quot;,&quot;size&quot;:0.80000000000000004,&quot;sizes&quot;:[]},&quot;_transform_scale_effect_tablet&quot;:{&quot;unit&quot;:&quot;px&quot;,&quot;size&quot;:&quot;&quot;,&quot;sizes&quot;:[]},&quot;_transform_scale_effect_mobile&quot;:{&quot;unit&quot;:&quot;px&quot;,&quot;size&quot;:&quot;&quot;,&quot;sizes&quot;:[]}}\" data-widget_type=\"button.default\">\n\t\t\t\t<div class=\"elementor-widget-container\">\n\t\t\t\t\t\t\t\t\t<div class=\"elementor-button-wrapper\">\n\t\t\t\t\t<a class=\"elementor-button elementor-button-link elementor-size-sm\" href=\"https:\/\/casaarena.eu\/producte\/passeig-en-barca-dia\/\">\n\t\t\t\t\t\t<span class=\"elementor-button-content-wrapper\">\n\t\t\t\t\t\t\t\t\t<span class=\"elementor-button-text\">Configure details<\/span>\n\t\t\t\t\t<\/span>\n\t\t\t\t\t<\/a>\n\t\t\t\t<\/div>\n\t\t\t\t\t\t\t\t<\/div>\n\t\t\t\t<\/div>\n\t\t\t\t\t<\/div>\n\t\t<\/div>\n\t\t\t\t\t<\/div>\n\t\t<\/section>\n\t\t\t\t<section class=\"elementor-section elementor-top-section elementor-element elementor-element-552f596 elementor-section-stretched elementor-section-boxed elementor-section-height-default elementor-section-height-default\" data-id=\"552f596\" data-element_type=\"section\" data-e-type=\"section\" id=\"sectionBottom\" data-settings=\"{&quot;background_background&quot;:&quot;classic&quot;,&quot;stretch_section&quot;:&quot;section-stretched&quot;}\">\n\t\t\t\t\t\t\t<div class=\"elementor-background-overlay\"><\/div>\n\t\t\t\t\t\t\t<div class=\"elementor-container elementor-column-gap-default\">\n\t\t\t\t\t<div class=\"elementor-column elementor-col-100 elementor-top-column elementor-element elementor-element-43b6862\" data-id=\"43b6862\" data-element_type=\"column\" data-e-type=\"column\">\n\t\t\t<div class=\"elementor-widget-wrap elementor-element-populated\">\n\t\t\t\t\t\t<div class=\"elementor-element elementor-element-05c5daa elementor-hidden-phone elementor-widget elementor-widget-text-editor\" data-id=\"05c5daa\" data-element_type=\"widget\" data-e-type=\"widget\" data-widget_type=\"text-editor.default\">\n\t\t\t\t<div class=\"elementor-widget-container\">\n\t\t\t\t\t\t\t\t\t<h4><span style=\"color: #ffffff;\">If you have any questions or need clarification, contact us.  <br \/>We will be happy to help you.<\/span><\/h4>\n\t\t\t\t\t\t\t\t<\/div>\n\t\t\t\t<\/div>\n\t\t\t\t<div class=\"elementor-element elementor-element-9c818e4 elementor-hidden-desktop elementor-hidden-tablet elementor-widget elementor-widget-text-editor\" data-id=\"9c818e4\" data-element_type=\"widget\" data-e-type=\"widget\" data-widget_type=\"text-editor.default\">\n\t\t\t\t<div class=\"elementor-widget-container\">\n\t\t\t\t\t\t\t\t\t<h5><strong><span style=\"color: #ffffff;\">If you have any questions or need clarification, contact us. We will be happy to help you.<\/span><\/strong><\/h5>\n\t\t\t\t\t\t\t\t<\/div>\n\t\t\t\t<\/div>\n\t\t\t\t<div class=\"elementor-element elementor-element-2fa21f6 elementor-align-center elementor-widget elementor-widget-button\" data-id=\"2fa21f6\" data-element_type=\"widget\" data-e-type=\"widget\" data-widget_type=\"button.default\">\n\t\t\t\t<div class=\"elementor-widget-container\">\n\t\t\t\t\t\t\t\t\t<div class=\"elementor-button-wrapper\">\n\t\t\t\t\t<a class=\"elementor-button elementor-button-link elementor-size-sm\" href=\"https:\/\/casaarena.eu\/en\/contact-us\/\">\n\t\t\t\t\t\t<span class=\"elementor-button-content-wrapper\">\n\t\t\t\t\t\t\t\t\t<span class=\"elementor-button-text\">Consult us<\/span>\n\t\t\t\t\t<\/span>\n\t\t\t\t\t<\/a>\n\t\t\t\t<\/div>\n\t\t\t\t\t\t\t\t<\/div>\n\t\t\t\t<\/div>\n\t\t\t\t\t<\/div>\n\t\t<\/div>\n\t\t\t\t\t<\/div>\n\t\t<\/section>\n\t\t\t\t<\/div>\n\t\t","protected":false},"excerpt":{"rendered":"<p>Passeig en barca Un passeig en barca pel Cap de Creus \u00e9s una experi\u00e8ncia m\u00e0gica entre aig\u00fces cristal\u00b7lines, penya-segats escarpats i cales amagades envoltades de natura salvatge. We offer you the following possibilities: Passeig en barca MIGDIA: 400 \u20ac Excursi\u00f3 de mig dia amb aperitiu Configurar detalls Passeig en barca DIA: 600 \u20ac Excursi\u00f3 d&#8217;un [&hellip;]<\/p>\n","protected":false},"author":7,"featured_media":0,"parent":5491,"menu_order":0,"comment_status":"closed","ping_status":"closed","template":"","meta":{"_acf_changed":false,"inline_featured_image":false,"footnotes":""},"class_list":["post-14196","page","type-page","status-publish","hentry"],"acf":[],"yoast_head":"<!-- This site is optimized with the Yoast SEO plugin v27.5 - https:\/\/yoast.com\/product\/yoast-seo-wordpress\/ -->\n<title>Accommodation in the Costa Brava - Casa Arena<\/title>\n<meta name=\"description\" content=\"Book the apartment that best suits your tastes. We offer 6 different apartments located in the Costa Brava. Come in now!\" \/>\n<meta name=\"robots\" content=\"index, follow, max-snippet:-1, max-image-preview:large, max-video-preview:-1\" \/>\n<link rel=\"canonical\" href=\"https:\/\/casaarena.eu\/en\/customer-services\/experiences\/boat\/\" \/>\n<meta property=\"og:locale\" content=\"en_US\" \/>\n<meta property=\"og:type\" content=\"article\" \/>\n<meta property=\"og:title\" content=\"Accommodation in the Costa Brava - Casa Arena\" \/>\n<meta property=\"og:description\" content=\"Book the apartment that best suits your tastes. We offer 6 different apartments located in the Costa Brava. Come in now!\" \/>\n<meta property=\"og:url\" content=\"https:\/\/casaarena.eu\/en\/customer-services\/experiences\/boat\/\" \/>\n<meta property=\"og:site_name\" content=\"Casa arena\" \/>\n<meta property=\"article:modified_time\" content=\"2025-03-16T09:28:29+00:00\" \/>\n<meta property=\"og:image\" content=\"https:\/\/casaarena.eu\/wp-content\/uploads\/2025\/03\/passeig_barca_home.jpg\" \/>\n<meta name=\"twitter:card\" content=\"summary_large_image\" \/>\n<meta name=\"twitter:label1\" content=\"Est. reading time\" \/>\n\t<meta name=\"twitter:data1\" content=\"2 minutes\" \/>\n<script type=\"application\/ld+json\" class=\"yoast-schema-graph\">{\"@context\":\"https:\\\/\\\/schema.org\",\"@graph\":[{\"@type\":\"WebPage\",\"@id\":\"https:\\\/\\\/casaarena.eu\\\/en\\\/customer-services\\\/experiences\\\/boat\\\/\",\"url\":\"https:\\\/\\\/casaarena.eu\\\/en\\\/customer-services\\\/experiences\\\/boat\\\/\",\"name\":\"Accommodation in the Costa Brava - Casa Arena\",\"isPartOf\":{\"@id\":\"https:\\\/\\\/casaarena.eu\\\/es\\\/#website\"},\"primaryImageOfPage\":{\"@id\":\"https:\\\/\\\/casaarena.eu\\\/en\\\/customer-services\\\/experiences\\\/boat\\\/#primaryimage\"},\"image\":{\"@id\":\"https:\\\/\\\/casaarena.eu\\\/en\\\/customer-services\\\/experiences\\\/boat\\\/#primaryimage\"},\"thumbnailUrl\":\"https:\\\/\\\/casaarena.eu\\\/wp-content\\\/uploads\\\/2025\\\/03\\\/passeig_barca_home.jpg\",\"datePublished\":\"2025-03-16T09:21:07+00:00\",\"dateModified\":\"2025-03-16T09:28:29+00:00\",\"description\":\"Book the apartment that best suits your tastes. We offer 6 different apartments located in the Costa Brava. Come in now!\",\"breadcrumb\":{\"@id\":\"https:\\\/\\\/casaarena.eu\\\/en\\\/customer-services\\\/experiences\\\/boat\\\/#breadcrumb\"},\"inLanguage\":\"en-US\",\"potentialAction\":[{\"@type\":\"ReadAction\",\"target\":[\"https:\\\/\\\/casaarena.eu\\\/en\\\/customer-services\\\/experiences\\\/boat\\\/\"]}]},{\"@type\":\"ImageObject\",\"inLanguage\":\"en-US\",\"@id\":\"https:\\\/\\\/casaarena.eu\\\/en\\\/customer-services\\\/experiences\\\/boat\\\/#primaryimage\",\"url\":\"https:\\\/\\\/casaarena.eu\\\/wp-content\\\/uploads\\\/2025\\\/03\\\/passeig_barca_home.jpg\",\"contentUrl\":\"https:\\\/\\\/casaarena.eu\\\/wp-content\\\/uploads\\\/2025\\\/03\\\/passeig_barca_home.jpg\"},{\"@type\":\"BreadcrumbList\",\"@id\":\"https:\\\/\\\/casaarena.eu\\\/en\\\/customer-services\\\/experiences\\\/boat\\\/#breadcrumb\",\"itemListElement\":[{\"@type\":\"ListItem\",\"position\":1,\"name\":\"Portada\",\"item\":\"https:\\\/\\\/casaarena.eu\\\/\"},{\"@type\":\"ListItem\",\"position\":2,\"name\":\"Services\",\"item\":\"https:\\\/\\\/casaarena.eu\\\/en\\\/customer-services\\\/\"},{\"@type\":\"ListItem\",\"position\":3,\"name\":\"Experiences\",\"item\":\"https:\\\/\\\/casaarena.eu\\\/en\\\/customer-services\\\/experiences\\\/\"},{\"@type\":\"ListItem\",\"position\":4,\"name\":\"Boat rental\"}]},{\"@type\":\"WebSite\",\"@id\":\"https:\\\/\\\/casaarena.eu\\\/es\\\/#website\",\"url\":\"https:\\\/\\\/casaarena.eu\\\/es\\\/\",\"name\":\"Casa arena\",\"description\":\"Casa Arena Wordpress Site\",\"publisher\":{\"@id\":\"https:\\\/\\\/casaarena.eu\\\/es\\\/#organization\"},\"potentialAction\":[{\"@type\":\"SearchAction\",\"target\":{\"@type\":\"EntryPoint\",\"urlTemplate\":\"https:\\\/\\\/casaarena.eu\\\/es\\\/?s={search_term_string}\"},\"query-input\":{\"@type\":\"PropertyValueSpecification\",\"valueRequired\":true,\"valueName\":\"search_term_string\"}}],\"inLanguage\":\"en-US\"},{\"@type\":\"Organization\",\"@id\":\"https:\\\/\\\/casaarena.eu\\\/es\\\/#organization\",\"name\":\"Casa arena\",\"url\":\"https:\\\/\\\/casaarena.eu\\\/es\\\/\",\"logo\":{\"@type\":\"ImageObject\",\"inLanguage\":\"en-US\",\"@id\":\"https:\\\/\\\/casaarena.eu\\\/es\\\/#\\\/schema\\\/logo\\\/image\\\/\",\"url\":\"https:\\\/\\\/casaarena.eu\\\/wp-content\\\/uploads\\\/2020\\\/06\\\/cropped-CasaArena_Logotip_Web-2.png\",\"contentUrl\":\"https:\\\/\\\/casaarena.eu\\\/wp-content\\\/uploads\\\/2020\\\/06\\\/cropped-CasaArena_Logotip_Web-2.png\",\"width\":997,\"height\":613,\"caption\":\"Casa arena\"},\"image\":{\"@id\":\"https:\\\/\\\/casaarena.eu\\\/es\\\/#\\\/schema\\\/logo\\\/image\\\/\"},\"sameAs\":[\"https:\\\/\\\/www.instagram.com\\\/casaarena_eu\\\/\"]}]}<\/script>\n<!-- \/ Yoast SEO plugin. -->","yoast_head_json":{"title":"Accommodation in the Costa Brava - Casa Arena","description":"Book the apartment that best suits your tastes. We offer 6 different apartments located in the Costa Brava. Come in now!","robots":{"index":"index","follow":"follow","max-snippet":"max-snippet:-1","max-image-preview":"max-image-preview:large","max-video-preview":"max-video-preview:-1"},"canonical":"https:\/\/casaarena.eu\/en\/customer-services\/experiences\/boat\/","og_locale":"en_US","og_type":"article","og_title":"Accommodation in the Costa Brava - Casa Arena","og_description":"Book the apartment that best suits your tastes. We offer 6 different apartments located in the Costa Brava. Come in now!","og_url":"https:\/\/casaarena.eu\/en\/customer-services\/experiences\/boat\/","og_site_name":"Casa arena","article_modified_time":"2025-03-16T09:28:29+00:00","og_image":[{"url":"https:\/\/casaarena.eu\/wp-content\/uploads\/2025\/03\/passeig_barca_home.jpg","type":"","width":"","height":""}],"twitter_card":"summary_large_image","twitter_misc":{"Est. reading time":"2 minutes"},"schema":{"@context":"https:\/\/schema.org","@graph":[{"@type":"WebPage","@id":"https:\/\/casaarena.eu\/en\/customer-services\/experiences\/boat\/","url":"https:\/\/casaarena.eu\/en\/customer-services\/experiences\/boat\/","name":"Accommodation in the Costa Brava - Casa Arena","isPartOf":{"@id":"https:\/\/casaarena.eu\/es\/#website"},"primaryImageOfPage":{"@id":"https:\/\/casaarena.eu\/en\/customer-services\/experiences\/boat\/#primaryimage"},"image":{"@id":"https:\/\/casaarena.eu\/en\/customer-services\/experiences\/boat\/#primaryimage"},"thumbnailUrl":"https:\/\/casaarena.eu\/wp-content\/uploads\/2025\/03\/passeig_barca_home.jpg","datePublished":"2025-03-16T09:21:07+00:00","dateModified":"2025-03-16T09:28:29+00:00","description":"Book the apartment that best suits your tastes. We offer 6 different apartments located in the Costa Brava. Come in now!","breadcrumb":{"@id":"https:\/\/casaarena.eu\/en\/customer-services\/experiences\/boat\/#breadcrumb"},"inLanguage":"en-US","potentialAction":[{"@type":"ReadAction","target":["https:\/\/casaarena.eu\/en\/customer-services\/experiences\/boat\/"]}]},{"@type":"ImageObject","inLanguage":"en-US","@id":"https:\/\/casaarena.eu\/en\/customer-services\/experiences\/boat\/#primaryimage","url":"https:\/\/casaarena.eu\/wp-content\/uploads\/2025\/03\/passeig_barca_home.jpg","contentUrl":"https:\/\/casaarena.eu\/wp-content\/uploads\/2025\/03\/passeig_barca_home.jpg"},{"@type":"BreadcrumbList","@id":"https:\/\/casaarena.eu\/en\/customer-services\/experiences\/boat\/#breadcrumb","itemListElement":[{"@type":"ListItem","position":1,"name":"Portada","item":"https:\/\/casaarena.eu\/"},{"@type":"ListItem","position":2,"name":"Services","item":"https:\/\/casaarena.eu\/en\/customer-services\/"},{"@type":"ListItem","position":3,"name":"Experiences","item":"https:\/\/casaarena.eu\/en\/customer-services\/experiences\/"},{"@type":"ListItem","position":4,"name":"Boat rental"}]},{"@type":"WebSite","@id":"https:\/\/casaarena.eu\/es\/#website","url":"https:\/\/casaarena.eu\/es\/","name":"Casa arena","description":"Casa Arena Wordpress Site","publisher":{"@id":"https:\/\/casaarena.eu\/es\/#organization"},"potentialAction":[{"@type":"SearchAction","target":{"@type":"EntryPoint","urlTemplate":"https:\/\/casaarena.eu\/es\/?s={search_term_string}"},"query-input":{"@type":"PropertyValueSpecification","valueRequired":true,"valueName":"search_term_string"}}],"inLanguage":"en-US"},{"@type":"Organization","@id":"https:\/\/casaarena.eu\/es\/#organization","name":"Casa arena","url":"https:\/\/casaarena.eu\/es\/","logo":{"@type":"ImageObject","inLanguage":"en-US","@id":"https:\/\/casaarena.eu\/es\/#\/schema\/logo\/image\/","url":"https:\/\/casaarena.eu\/wp-content\/uploads\/2020\/06\/cropped-CasaArena_Logotip_Web-2.png","contentUrl":"https:\/\/casaarena.eu\/wp-content\/uploads\/2020\/06\/cropped-CasaArena_Logotip_Web-2.png","width":997,"height":613,"caption":"Casa arena"},"image":{"@id":"https:\/\/casaarena.eu\/es\/#\/schema\/logo\/image\/"},"sameAs":["https:\/\/www.instagram.com\/casaarena_eu\/"]}]}},"_links":{"self":[{"href":"https:\/\/casaarena.eu\/en\/wp-json\/wp\/v2\/pages\/14196","targetHints":{"allow":["GET"]}}],"collection":[{"href":"https:\/\/casaarena.eu\/en\/wp-json\/wp\/v2\/pages"}],"about":[{"href":"https:\/\/casaarena.eu\/en\/wp-json\/wp\/v2\/types\/page"}],"author":[{"embeddable":true,"href":"https:\/\/casaarena.eu\/en\/wp-json\/wp\/v2\/users\/7"}],"replies":[{"embeddable":true,"href":"https:\/\/casaarena.eu\/en\/wp-json\/wp\/v2\/comments?post=14196"}],"version-history":[{"count":13,"href":"https:\/\/casaarena.eu\/en\/wp-json\/wp\/v2\/pages\/14196\/revisions"}],"predecessor-version":[{"id":14270,"href":"https:\/\/casaarena.eu\/en\/wp-json\/wp\/v2\/pages\/14196\/revisions\/14270"}],"up":[{"embeddable":true,"href":"https:\/\/casaarena.eu\/en\/wp-json\/wp\/v2\/pages\/5491"}],"wp:attachment":[{"href":"https:\/\/casaarena.eu\/en\/wp-json\/wp\/v2\/media?parent=14196"}],"curies":[{"name":"wp","href":"https:\/\/api.w.org\/{rel}","templated":true}]}}